{"id":154821,"date":"2022-01-18T00:08:51","date_gmt":"2022-01-17T22:08:51","guid":{"rendered":"https:\/\/aednik24.ee\/toode\/redis-riesen-von-aspen-raphanus-sativus\/"},"modified":"2026-04-24T03:11:50","modified_gmt":"2026-04-24T00:11:50","slug":"redis-riesen-von-aspen-raphanus-sativus","status":"publish","type":"product","link":"https:\/\/horticom.ee\/e-pood\/ru\/toode\/redis-riesen-von-aspen-raphanus-sativus\/","title":{"rendered":"Redis Riesen von Aspen Raphanus sativus"},"content":{"rendered":"<p>Redis Riesen von Aspen on keskhiline sort avamaal kasvatamiseks. Suured, tumepunased juurikad, mis ei oma kalduvust deformatsioonideks ja puitumiseks. Vahetuks tarbimiseks, lisandina toorsalatite, salatite juurde, dekoratsiooniks. Seemnete k\u00fclvamine varakevadel, kohe kui pinnas on soenenud. K\u00fclvi korrata iga kahe n\u00e4dala tagant kuni mai l\u00f5puni, et saada pidevat saaki. Saak \u00f5nnestub kerge, viljaka, toitaineterikka pinnase puhul.<\/p>\n","protected":false},"excerpt":{"rendered":"<p>Redis Riesen von Aspen on keskhiline sort avamaal kasvatamiseks. Suured, tumepunased juurikad, mis ei oma kalduvust deformatsioonideks ja puitumiseks. Vahetuks tarbimiseks, lisandina toorsalatite, salatite juurde, dekoratsiooniks. Seemnete k\u00fclvamine varakevadel, kohe kui pinnas on soenenud. K\u00fclvi korrata iga kahe n\u00e4dala tagant kuni mai l\u00f5puni, et saada pidevat saaki. Saak \u00f5nnestub kerge, viljaka, toitaineterikka pinnase puhul.<\/p>\n","protected":false},"featured_media":162090,"comment_status":"closed","ping_status":"closed","template":"","meta":{"_themeisle_gutenberg_block_has_review":false},"product_cat":[13485],"product_tag":[],"class_list":{"0":"post-154821","1":"product","2":"type-product","3":"status-publish","4":"has-post-thumbnail","6":"product_cat-redis-roigas","8":"first","9":"outofstock","10":"shipping-taxable","11":"purchasable","12":"product-type-simple"},"yoast_head":"<!-- This site is optimized with the Yoast SEO plugin v24.0 - https:\/\/yoast.com\/wordpress\/plugins\/seo\/ -->\n<title>Redis Riesen von Aspen Raphanus sativus - Horticom.ee<\/title>\n<meta name=\"description\" content=\"Redis Riesen von Aspen \u2013 keskhiline sort. Suured, tumepunased viljad, ei puitu ega deformeeru. Sobib salatiteks ja v\u00e4rskeks tarbimiseks.\" \/>\n<meta name=\"robots\" content=\"index, follow, max-snippet:-1, max-image-preview:large, max-video-preview:-1\" \/>\n<link rel=\"canonical\" href=\"https:\/\/horticom.ee\/e-pood\/toode\/redis-riesen-von-aspen-raphanus-sativus\/\" \/>\n<meta property=\"og:locale\" content=\"ru_RU\" \/>\n<meta property=\"og:type\" content=\"article\" \/>\n<meta property=\"og:title\" content=\"Redis Riesen von Aspen Raphanus sativus - Horticom.ee\" \/>\n<meta property=\"og:description\" content=\"Redis Riesen von Aspen \u2013 keskhiline sort. Suured, tumepunased viljad, ei puitu ega deformeeru. Sobib salatiteks ja v\u00e4rskeks tarbimiseks.\" \/>\n<meta property=\"og:url\" content=\"https:\/\/horticom.ee\/e-pood\/toode\/redis-riesen-von-aspen-raphanus-sativus\/\" \/>\n<meta property=\"og:site_name\" content=\"Horticom.ee\" \/>\n<meta property=\"article:publisher\" content=\"https:\/\/www.facebook.com\/horticom.ee\/e-pood\" \/>\n<meta property=\"article:modified_time\" content=\"2026-04-24T00:11:50+00:00\" \/>\n<meta property=\"og:image\" content=\"https:\/\/horticom.ee\/e-pood\/wp-content\/uploads\/importedmedia\/product-154821_0-VC676-546x1024.jpg\" \/>\n\t<meta property=\"og:image:width\" content=\"546\" \/>\n\t<meta property=\"og:image:height\" content=\"1024\" \/>\n\t<meta property=\"og:image:type\" content=\"image\/jpeg\" \/>\n<meta name=\"twitter:card\" content=\"summary_large_image\" \/>\n<script type=\"application\/ld+json\" class=\"yoast-schema-graph\">{\"@context\":\"https:\/\/schema.org\",\"@graph\":[{\"@type\":\"WebPage\",\"@id\":\"https:\/\/horticom.ee\/e-pood\/toode\/redis-riesen-von-aspen-raphanus-sativus\/\",\"url\":\"https:\/\/horticom.ee\/e-pood\/toode\/redis-riesen-von-aspen-raphanus-sativus\/\",\"name\":\"Redis Riesen von Aspen Raphanus sativus - Horticom.ee\",\"isPartOf\":{\"@id\":\"https:\/\/horticom.ee\/e-pood\/#website\"},\"primaryImageOfPage\":{\"@id\":\"https:\/\/horticom.ee\/e-pood\/toode\/redis-riesen-von-aspen-raphanus-sativus\/#primaryimage\"},\"image\":{\"@id\":\"https:\/\/horticom.ee\/e-pood\/toode\/redis-riesen-von-aspen-raphanus-sativus\/#primaryimage\"},\"thumbnailUrl\":\"https:\/\/horticom.ee\/e-pood\/wp-content\/uploads\/importedmedia\/product-154821_0-VC676.jpg\",\"datePublished\":\"2022-01-17T22:08:51+00:00\",\"dateModified\":\"2026-04-24T00:11:50+00:00\",\"description\":\"Redis Riesen von Aspen \u2013 keskhiline sort. Suured, tumepunased viljad, ei puitu ega deformeeru. Sobib salatiteks ja v\u00e4rskeks tarbimiseks.\",\"breadcrumb\":{\"@id\":\"https:\/\/horticom.ee\/e-pood\/toode\/redis-riesen-von-aspen-raphanus-sativus\/#breadcrumb\"},\"inLanguage\":\"ru-RU\",\"potentialAction\":[{\"@type\":\"ReadAction\",\"target\":[\"https:\/\/horticom.ee\/e-pood\/toode\/redis-riesen-von-aspen-raphanus-sativus\/\"]}]},{\"@type\":\"ImageObject\",\"inLanguage\":\"ru-RU\",\"@id\":\"https:\/\/horticom.ee\/e-pood\/toode\/redis-riesen-von-aspen-raphanus-sativus\/#primaryimage\",\"url\":\"https:\/\/horticom.ee\/e-pood\/wp-content\/uploads\/importedmedia\/product-154821_0-VC676.jpg\",\"contentUrl\":\"https:\/\/horticom.ee\/e-pood\/wp-content\/uploads\/importedmedia\/product-154821_0-VC676.jpg\",\"width\":1000,\"height\":1874,\"caption\":\"Redis Riesen von Aspen Raphanus sativus\"},{\"@type\":\"BreadcrumbList\",\"@id\":\"https:\/\/horticom.ee\/e-pood\/toode\/redis-riesen-von-aspen-raphanus-sativus\/#breadcrumb\",\"itemListElement\":[{\"@type\":\"ListItem\",\"position\":1,\"name\":\"Home\",\"item\":\"https:\/\/horticom.ee\/e-pood\/\"},{\"@type\":\"ListItem\",\"position\":2,\"name\":\"Pood\",\"item\":\"https:\/\/horticom.ee\/e-pood\/pood\/\"},{\"@type\":\"ListItem\",\"position\":3,\"name\":\"Redis Riesen von Aspen Raphanus sativus\"}]},{\"@type\":\"WebSite\",\"@id\":\"https:\/\/horticom.ee\/e-pood\/#website\",\"url\":\"https:\/\/horticom.ee\/e-pood\/\",\"name\":\"Horticom.ee\",\"description\":\"Aianduskaubad ja kodukaubad nii harrastajatele kui professionaalidele\",\"potentialAction\":[{\"@type\":\"SearchAction\",\"target\":{\"@type\":\"EntryPoint\",\"urlTemplate\":\"https:\/\/horticom.ee\/e-pood\/?s={search_term_string}\"},\"query-input\":{\"@type\":\"PropertyValueSpecification\",\"valueRequired\":true,\"valueName\":\"search_term_string\"}}],\"inLanguage\":\"ru-RU\"}]}<\/script>\n<!-- \/ Yoast SEO plugin. -->","yoast_head_json":{"title":"Redis Riesen von Aspen Raphanus sativus - Horticom.ee","description":"Redis Riesen von Aspen \u2013 keskhiline sort. Suured, tumepunased viljad, ei puitu ega deformeeru. Sobib salatiteks ja v\u00e4rskeks tarbimiseks.","robots":{"index":"index","follow":"follow","max-snippet":"max-snippet:-1","max-image-preview":"max-image-preview:large","max-video-preview":"max-video-preview:-1"},"canonical":"https:\/\/horticom.ee\/e-pood\/toode\/redis-riesen-von-aspen-raphanus-sativus\/","og_locale":"ru_RU","og_type":"article","og_title":"Redis Riesen von Aspen Raphanus sativus - Horticom.ee","og_description":"Redis Riesen von Aspen \u2013 keskhiline sort. Suured, tumepunased viljad, ei puitu ega deformeeru. Sobib salatiteks ja v\u00e4rskeks tarbimiseks.","og_url":"https:\/\/horticom.ee\/e-pood\/toode\/redis-riesen-von-aspen-raphanus-sativus\/","og_site_name":"Horticom.ee","article_publisher":"https:\/\/www.facebook.com\/horticom.ee\/e-pood","article_modified_time":"2026-04-24T00:11:50+00:00","og_image":[{"width":546,"height":1024,"url":"https:\/\/horticom.ee\/e-pood\/wp-content\/uploads\/importedmedia\/product-154821_0-VC676-546x1024.jpg","type":"image\/jpeg"}],"twitter_card":"summary_large_image","schema":{"@context":"https:\/\/schema.org","@graph":[{"@type":"WebPage","@id":"https:\/\/horticom.ee\/e-pood\/toode\/redis-riesen-von-aspen-raphanus-sativus\/","url":"https:\/\/horticom.ee\/e-pood\/toode\/redis-riesen-von-aspen-raphanus-sativus\/","name":"Redis Riesen von Aspen Raphanus sativus - Horticom.ee","isPartOf":{"@id":"https:\/\/horticom.ee\/e-pood\/#website"},"primaryImageOfPage":{"@id":"https:\/\/horticom.ee\/e-pood\/toode\/redis-riesen-von-aspen-raphanus-sativus\/#primaryimage"},"image":{"@id":"https:\/\/horticom.ee\/e-pood\/toode\/redis-riesen-von-aspen-raphanus-sativus\/#primaryimage"},"thumbnailUrl":"https:\/\/horticom.ee\/e-pood\/wp-content\/uploads\/importedmedia\/product-154821_0-VC676.jpg","datePublished":"2022-01-17T22:08:51+00:00","dateModified":"2026-04-24T00:11:50+00:00","description":"Redis Riesen von Aspen \u2013 keskhiline sort. Suured, tumepunased viljad, ei puitu ega deformeeru. Sobib salatiteks ja v\u00e4rskeks tarbimiseks.","breadcrumb":{"@id":"https:\/\/horticom.ee\/e-pood\/toode\/redis-riesen-von-aspen-raphanus-sativus\/#breadcrumb"},"inLanguage":"ru-RU","potentialAction":[{"@type":"ReadAction","target":["https:\/\/horticom.ee\/e-pood\/toode\/redis-riesen-von-aspen-raphanus-sativus\/"]}]},{"@type":"ImageObject","inLanguage":"ru-RU","@id":"https:\/\/horticom.ee\/e-pood\/toode\/redis-riesen-von-aspen-raphanus-sativus\/#primaryimage","url":"https:\/\/horticom.ee\/e-pood\/wp-content\/uploads\/importedmedia\/product-154821_0-VC676.jpg","contentUrl":"https:\/\/horticom.ee\/e-pood\/wp-content\/uploads\/importedmedia\/product-154821_0-VC676.jpg","width":1000,"height":1874,"caption":"Redis Riesen von Aspen Raphanus sativus"},{"@type":"BreadcrumbList","@id":"https:\/\/horticom.ee\/e-pood\/toode\/redis-riesen-von-aspen-raphanus-sativus\/#breadcrumb","itemListElement":[{"@type":"ListItem","position":1,"name":"Home","item":"https:\/\/horticom.ee\/e-pood\/"},{"@type":"ListItem","position":2,"name":"Pood","item":"https:\/\/horticom.ee\/e-pood\/pood\/"},{"@type":"ListItem","position":3,"name":"Redis Riesen von Aspen Raphanus sativus"}]},{"@type":"WebSite","@id":"https:\/\/horticom.ee\/e-pood\/#website","url":"https:\/\/horticom.ee\/e-pood\/","name":"Horticom.ee","description":"Aianduskaubad ja kodukaubad nii harrastajatele kui professionaalidele","potentialAction":[{"@type":"SearchAction","target":{"@type":"EntryPoint","urlTemplate":"https:\/\/horticom.ee\/e-pood\/?s={search_term_string}"},"query-input":{"@type":"PropertyValueSpecification","valueRequired":true,"valueName":"search_term_string"}}],"inLanguage":"ru-RU"}]}},"_links":{"self":[{"href":"https:\/\/horticom.ee\/e-pood\/ru\/wp-json\/wp\/v2\/product\/154821","targetHints":{"allow":["GET"]}}],"collection":[{"href":"https:\/\/horticom.ee\/e-pood\/ru\/wp-json\/wp\/v2\/product"}],"about":[{"href":"https:\/\/horticom.ee\/e-pood\/ru\/wp-json\/wp\/v2\/types\/product"}],"replies":[{"embeddable":true,"href":"https:\/\/horticom.ee\/e-pood\/ru\/wp-json\/wp\/v2\/comments?post=154821"}],"wp:featuredmedia":[{"embeddable":true,"href":"https:\/\/horticom.ee\/e-pood\/ru\/wp-json\/wp\/v2\/media\/162090"}],"wp:attachment":[{"href":"https:\/\/horticom.ee\/e-pood\/ru\/wp-json\/wp\/v2\/media?parent=154821"}],"wp:term":[{"taxonomy":"product_cat","embeddable":true,"href":"https:\/\/horticom.ee\/e-pood\/ru\/wp-json\/wp\/v2\/product_cat?post=154821"},{"taxonomy":"product_tag","embeddable":true,"href":"https:\/\/horticom.ee\/e-pood\/ru\/wp-json\/wp\/v2\/product_tag?post=154821"}],"curies":[{"name":"wp","href":"https:\/\/api.w.org\/{rel}","templated":true}]}}