{"id":154829,"date":"2022-01-18T00:08:56","date_gmt":"2022-01-17T22:08:56","guid":{"rendered":"https:\/\/aednik24.ee\/toode\/madalad-kummikud-naistele-active-style-must-sp\/"},"modified":"2026-04-23T03:17:22","modified_gmt":"2026-04-23T00:17:22","slug":"madalad-kummikud-naistele-active-style-must-sp","status":"publish","type":"product","link":"https:\/\/horticom.ee\/e-pood\/ru\/toode\/madalad-kummikud-naistele-active-style-must-sp\/","title":{"rendered":"Madalad kummikud naistele Active Style must"},"content":{"rendered":"<p>Madalad kummikud naistele Active Style. Active sari &#8211; Naturaalsest kaut\u0161ukist vastupidavate jalan\u00f5ude v\u00e4listald on hea painduvusega ja libisemiskindel. Jala soojusega vormuv sisetald tagab mugavuse igal sammul. Puuvillane vooder on hingav ja mugav jalale. K\u00fclje peal kaunistusena nahast rihm. NB! Active sarja mudel on kitsama liistuga.<\/p>\n","protected":false},"excerpt":{"rendered":"<p>Madalad kummikud naistele Active Style. Active sari &#8211; Naturaalsest kaut\u0161ukist vastupidavate jalan\u00f5ude v\u00e4listald on hea painduvusega ja libisemiskindel. Jala soojusega vormuv sisetald tagab mugavuse igal sammul. Puuvillane vooder on hingav ja mugav jalale. K\u00fclje peal kaunistusena nahast rihm. NB! Active sarja mudel on kitsama liistuga.<\/p>\n","protected":false},"featured_media":2377146,"comment_status":"closed","ping_status":"closed","template":"","meta":{"_themeisle_gutenberg_block_has_review":false},"product_cat":[18563,13418],"product_tag":[],"class_list":{"0":"post-154829","1":"product","2":"type-product","3":"status-publish","4":"has-post-thumbnail","6":"product_cat-lopumuugitooted","7":"product_cat-jalanoud","9":"first","10":"outofstock","11":"sale","12":"shipping-taxable","13":"purchasable","14":"product-type-variable"},"yoast_head":"<!-- This site is optimized with the Yoast SEO plugin v24.0 - https:\/\/yoast.com\/wordpress\/plugins\/seo\/ -->\n<title>Madalad kummikud naistele Active Style S 37 must<\/title>\n<meta name=\"description\" content=\"Active sarja kummikud on naturaalsest kaut\u0161ukist, painduvad ja libisemiskindlad jalan\u00f5ud. Puuvillane vooder hingab ja sisetald vormub jala soojusega.\" \/>\n<meta name=\"robots\" content=\"index, follow, max-snippet:-1, max-image-preview:large, max-video-preview:-1\" \/>\n<link rel=\"canonical\" href=\"https:\/\/horticom.ee\/e-pood\/toode\/madalad-kummikud-naistele-active-style-must-sp\/\" \/>\n<meta property=\"og:locale\" content=\"ru_RU\" \/>\n<meta property=\"og:type\" content=\"article\" \/>\n<meta property=\"og:title\" content=\"Madalad kummikud naistele Active Style S 37 must\" \/>\n<meta property=\"og:description\" content=\"Active sarja kummikud on naturaalsest kaut\u0161ukist, painduvad ja libisemiskindlad jalan\u00f5ud. Puuvillane vooder hingab ja sisetald vormub jala soojusega.\" \/>\n<meta property=\"og:url\" content=\"https:\/\/horticom.ee\/e-pood\/toode\/madalad-kummikud-naistele-active-style-must-sp\/\" \/>\n<meta property=\"og:site_name\" content=\"Horticom.ee\" \/>\n<meta property=\"article:publisher\" content=\"https:\/\/www.facebook.com\/horticom.ee\/e-pood\" \/>\n<meta property=\"article:modified_time\" content=\"2026-04-23T00:17:22+00:00\" \/>\n<meta property=\"og:image\" content=\"https:\/\/horticom.ee\/e-pood\/wp-content\/uploads\/importedmedia\/product-154829_0-203RCMKASTYLE.jpg\" \/>\n\t<meta property=\"og:image:width\" content=\"1000\" \/>\n\t<meta property=\"og:image:height\" content=\"745\" \/>\n\t<meta property=\"og:image:type\" content=\"image\/jpeg\" \/>\n<meta name=\"twitter:card\" content=\"summary_large_image\" \/>\n<script type=\"application\/ld+json\" class=\"yoast-schema-graph\">{\"@context\":\"https:\/\/schema.org\",\"@graph\":[{\"@type\":\"WebPage\",\"@id\":\"https:\/\/horticom.ee\/e-pood\/toode\/madalad-kummikud-naistele-active-style-must-sp\/\",\"url\":\"https:\/\/horticom.ee\/e-pood\/toode\/madalad-kummikud-naistele-active-style-must-sp\/\",\"name\":\"Madalad kummikud naistele Active Style S 37 must\",\"isPartOf\":{\"@id\":\"https:\/\/horticom.ee\/e-pood\/#website\"},\"primaryImageOfPage\":{\"@id\":\"https:\/\/horticom.ee\/e-pood\/toode\/madalad-kummikud-naistele-active-style-must-sp\/#primaryimage\"},\"image\":{\"@id\":\"https:\/\/horticom.ee\/e-pood\/toode\/madalad-kummikud-naistele-active-style-must-sp\/#primaryimage\"},\"thumbnailUrl\":\"https:\/\/horticom.ee\/e-pood\/wp-content\/uploads\/importedmedia\/product-154829_0-203RCMKASTYLE.jpg\",\"datePublished\":\"2022-01-17T22:08:56+00:00\",\"dateModified\":\"2026-04-23T00:17:22+00:00\",\"description\":\"Active sarja kummikud on naturaalsest kaut\u0161ukist, painduvad ja libisemiskindlad jalan\u00f5ud. Puuvillane vooder hingab ja sisetald vormub jala soojusega.\",\"breadcrumb\":{\"@id\":\"https:\/\/horticom.ee\/e-pood\/toode\/madalad-kummikud-naistele-active-style-must-sp\/#breadcrumb\"},\"inLanguage\":\"ru-RU\",\"potentialAction\":[{\"@type\":\"ReadAction\",\"target\":[\"https:\/\/horticom.ee\/e-pood\/toode\/madalad-kummikud-naistele-active-style-must-sp\/\"]}]},{\"@type\":\"ImageObject\",\"inLanguage\":\"ru-RU\",\"@id\":\"https:\/\/horticom.ee\/e-pood\/toode\/madalad-kummikud-naistele-active-style-must-sp\/#primaryimage\",\"url\":\"https:\/\/horticom.ee\/e-pood\/wp-content\/uploads\/importedmedia\/product-154829_0-203RCMKASTYLE.jpg\",\"contentUrl\":\"https:\/\/horticom.ee\/e-pood\/wp-content\/uploads\/importedmedia\/product-154829_0-203RCMKASTYLE.jpg\",\"width\":1000,\"height\":745},{\"@type\":\"BreadcrumbList\",\"@id\":\"https:\/\/horticom.ee\/e-pood\/toode\/madalad-kummikud-naistele-active-style-must-sp\/#breadcrumb\",\"itemListElement\":[{\"@type\":\"ListItem\",\"position\":1,\"name\":\"Home\",\"item\":\"https:\/\/horticom.ee\/e-pood\/\"},{\"@type\":\"ListItem\",\"position\":2,\"name\":\"Pood\",\"item\":\"https:\/\/horticom.ee\/e-pood\/pood\/\"},{\"@type\":\"ListItem\",\"position\":3,\"name\":\"Madalad kummikud naistele Active Style must\"}]},{\"@type\":\"WebSite\",\"@id\":\"https:\/\/horticom.ee\/e-pood\/#website\",\"url\":\"https:\/\/horticom.ee\/e-pood\/\",\"name\":\"Horticom.ee\",\"description\":\"Aianduskaubad ja kodukaubad nii harrastajatele kui professionaalidele\",\"potentialAction\":[{\"@type\":\"SearchAction\",\"target\":{\"@type\":\"EntryPoint\",\"urlTemplate\":\"https:\/\/horticom.ee\/e-pood\/?s={search_term_string}\"},\"query-input\":{\"@type\":\"PropertyValueSpecification\",\"valueRequired\":true,\"valueName\":\"search_term_string\"}}],\"inLanguage\":\"ru-RU\"}]}<\/script>\n<!-- \/ Yoast SEO plugin. -->","yoast_head_json":{"title":"Madalad kummikud naistele Active Style S 37 must","description":"Active sarja kummikud on naturaalsest kaut\u0161ukist, painduvad ja libisemiskindlad jalan\u00f5ud. Puuvillane vooder hingab ja sisetald vormub jala soojusega.","robots":{"index":"index","follow":"follow","max-snippet":"max-snippet:-1","max-image-preview":"max-image-preview:large","max-video-preview":"max-video-preview:-1"},"canonical":"https:\/\/horticom.ee\/e-pood\/toode\/madalad-kummikud-naistele-active-style-must-sp\/","og_locale":"ru_RU","og_type":"article","og_title":"Madalad kummikud naistele Active Style S 37 must","og_description":"Active sarja kummikud on naturaalsest kaut\u0161ukist, painduvad ja libisemiskindlad jalan\u00f5ud. Puuvillane vooder hingab ja sisetald vormub jala soojusega.","og_url":"https:\/\/horticom.ee\/e-pood\/toode\/madalad-kummikud-naistele-active-style-must-sp\/","og_site_name":"Horticom.ee","article_publisher":"https:\/\/www.facebook.com\/horticom.ee\/e-pood","article_modified_time":"2026-04-23T00:17:22+00:00","og_image":[{"width":1000,"height":745,"url":"https:\/\/horticom.ee\/e-pood\/wp-content\/uploads\/importedmedia\/product-154829_0-203RCMKASTYLE.jpg","type":"image\/jpeg"}],"twitter_card":"summary_large_image","schema":{"@context":"https:\/\/schema.org","@graph":[{"@type":"WebPage","@id":"https:\/\/horticom.ee\/e-pood\/toode\/madalad-kummikud-naistele-active-style-must-sp\/","url":"https:\/\/horticom.ee\/e-pood\/toode\/madalad-kummikud-naistele-active-style-must-sp\/","name":"Madalad kummikud naistele Active Style S 37 must","isPartOf":{"@id":"https:\/\/horticom.ee\/e-pood\/#website"},"primaryImageOfPage":{"@id":"https:\/\/horticom.ee\/e-pood\/toode\/madalad-kummikud-naistele-active-style-must-sp\/#primaryimage"},"image":{"@id":"https:\/\/horticom.ee\/e-pood\/toode\/madalad-kummikud-naistele-active-style-must-sp\/#primaryimage"},"thumbnailUrl":"https:\/\/horticom.ee\/e-pood\/wp-content\/uploads\/importedmedia\/product-154829_0-203RCMKASTYLE.jpg","datePublished":"2022-01-17T22:08:56+00:00","dateModified":"2026-04-23T00:17:22+00:00","description":"Active sarja kummikud on naturaalsest kaut\u0161ukist, painduvad ja libisemiskindlad jalan\u00f5ud. Puuvillane vooder hingab ja sisetald vormub jala soojusega.","breadcrumb":{"@id":"https:\/\/horticom.ee\/e-pood\/toode\/madalad-kummikud-naistele-active-style-must-sp\/#breadcrumb"},"inLanguage":"ru-RU","potentialAction":[{"@type":"ReadAction","target":["https:\/\/horticom.ee\/e-pood\/toode\/madalad-kummikud-naistele-active-style-must-sp\/"]}]},{"@type":"ImageObject","inLanguage":"ru-RU","@id":"https:\/\/horticom.ee\/e-pood\/toode\/madalad-kummikud-naistele-active-style-must-sp\/#primaryimage","url":"https:\/\/horticom.ee\/e-pood\/wp-content\/uploads\/importedmedia\/product-154829_0-203RCMKASTYLE.jpg","contentUrl":"https:\/\/horticom.ee\/e-pood\/wp-content\/uploads\/importedmedia\/product-154829_0-203RCMKASTYLE.jpg","width":1000,"height":745},{"@type":"BreadcrumbList","@id":"https:\/\/horticom.ee\/e-pood\/toode\/madalad-kummikud-naistele-active-style-must-sp\/#breadcrumb","itemListElement":[{"@type":"ListItem","position":1,"name":"Home","item":"https:\/\/horticom.ee\/e-pood\/"},{"@type":"ListItem","position":2,"name":"Pood","item":"https:\/\/horticom.ee\/e-pood\/pood\/"},{"@type":"ListItem","position":3,"name":"Madalad kummikud naistele Active Style must"}]},{"@type":"WebSite","@id":"https:\/\/horticom.ee\/e-pood\/#website","url":"https:\/\/horticom.ee\/e-pood\/","name":"Horticom.ee","description":"Aianduskaubad ja kodukaubad nii harrastajatele kui professionaalidele","potentialAction":[{"@type":"SearchAction","target":{"@type":"EntryPoint","urlTemplate":"https:\/\/horticom.ee\/e-pood\/?s={search_term_string}"},"query-input":{"@type":"PropertyValueSpecification","valueRequired":true,"valueName":"search_term_string"}}],"inLanguage":"ru-RU"}]}},"_links":{"self":[{"href":"https:\/\/horticom.ee\/e-pood\/ru\/wp-json\/wp\/v2\/product\/154829","targetHints":{"allow":["GET"]}}],"collection":[{"href":"https:\/\/horticom.ee\/e-pood\/ru\/wp-json\/wp\/v2\/product"}],"about":[{"href":"https:\/\/horticom.ee\/e-pood\/ru\/wp-json\/wp\/v2\/types\/product"}],"replies":[{"embeddable":true,"href":"https:\/\/horticom.ee\/e-pood\/ru\/wp-json\/wp\/v2\/comments?post=154829"}],"wp:featuredmedia":[{"embeddable":true,"href":"https:\/\/horticom.ee\/e-pood\/ru\/wp-json\/wp\/v2\/media\/2377146"}],"wp:attachment":[{"href":"https:\/\/horticom.ee\/e-pood\/ru\/wp-json\/wp\/v2\/media?parent=154829"}],"wp:term":[{"taxonomy":"product_cat","embeddable":true,"href":"https:\/\/horticom.ee\/e-pood\/ru\/wp-json\/wp\/v2\/product_cat?post=154829"},{"taxonomy":"product_tag","embeddable":true,"href":"https:\/\/horticom.ee\/e-pood\/ru\/wp-json\/wp\/v2\/product_tag?post=154829"}],"curies":[{"name":"wp","href":"https:\/\/api.w.org\/{rel}","templated":true}]}}