{"id":154832,"date":"2022-01-18T00:08:58","date_gmt":"2022-01-17T22:08:58","guid":{"rendered":"https:\/\/aednik24.ee\/toode\/madalad-kummikud-naistele-neopreen-clean-lady\/"},"modified":"2026-05-04T03:08:59","modified_gmt":"2026-05-04T00:08:59","slug":"madalad-kummikud-naistele-neopreen-clean-lady","status":"publish","type":"product","link":"https:\/\/horticom.ee\/e-pood\/ru\/toode\/madalad-kummikud-naistele-neopreen-clean-lady\/","title":{"rendered":"Madalad kummikud naistele neopreen Clean Lady"},"content":{"rendered":"<p>Madalad kummikud naistele neopreen Clean Lady. Naturaalsest kaut\u0161ukist vastupidavate jalan\u00f5ude v\u00e4listald on hea painduvusega, kergesti puhastatav ja libisemiskindel. Jala soojusega vormuv ja eemaldatav sisetald tagab mugavuse igal sammul. Neopreenist vooder (3,6mm) salvestab sooja, mida keha ise toodab ja hoiab jalad pidevalt soojas. \u00dclaservas on v\u00e4ike aasake, et jalan\u00f5ud oleks mugav jalga panna.NB! Antud mudel sobib laiema liistuga jalale ning kitsama liistuga jalale soovitame valida nr v\u00e4iksem.<\/p>\n","protected":false},"excerpt":{"rendered":"<p>Madalad kummikud naistele neopreen Clean Lady. Naturaalsest kaut\u0161ukist vastupidavate jalan\u00f5ude v\u00e4listald on hea painduvusega, kergesti puhastatav ja libisemiskindel. Jala soojusega vormuv ja eemaldatav sisetald tagab mugavuse igal sammul. Neopreenist vooder (3,6mm) salvestab sooja, mida keha ise toodab ja hoiab jalad pidevalt soojas. \u00dclaservas on v\u00e4ike aasake, et jalan\u00f5ud oleks mugav jalga panna.NB! Antud mudel sobib [&hellip;]<\/p>\n","protected":false},"featured_media":2377148,"comment_status":"closed","ping_status":"closed","template":"","meta":{"_themeisle_gutenberg_block_has_review":false},"product_cat":[18563,13418],"product_tag":[],"class_list":{"0":"post-154832","1":"product","2":"type-product","3":"status-publish","4":"has-post-thumbnail","6":"product_cat-lopumuugitooted","7":"product_cat-jalanoud","9":"first","10":"outofstock","11":"sale","12":"shipping-taxable","13":"purchasable","14":"product-type-variable"},"yoast_head":"<!-- This site is optimized with the Yoast SEO plugin v24.0 - https:\/\/yoast.com\/wordpress\/plugins\/seo\/ -->\n<title>Madalad kummikud naistele neopreen Clean Lady punane\/must<\/title>\n<meta name=\"description\" content=\"Naturaalsest kaut\u0161ukist kummikud, painduv ja libisemiskindel tald. Jala soojusega vormuv sisetald ja 3,6mm neopreenvooder hoiavad jalad mugavalt soojas.\" \/>\n<meta name=\"robots\" content=\"index, follow, max-snippet:-1, max-image-preview:large, max-video-preview:-1\" \/>\n<link rel=\"canonical\" href=\"https:\/\/horticom.ee\/e-pood\/toode\/madalad-kummikud-naistele-neopreen-clean-lady\/\" \/>\n<meta property=\"og:locale\" content=\"ru_RU\" \/>\n<meta property=\"og:type\" content=\"article\" \/>\n<meta property=\"og:title\" content=\"Madalad kummikud naistele neopreen Clean Lady punane\/must\" \/>\n<meta property=\"og:description\" content=\"Naturaalsest kaut\u0161ukist kummikud, painduv ja libisemiskindel tald. Jala soojusega vormuv sisetald ja 3,6mm neopreenvooder hoiavad jalad mugavalt soojas.\" \/>\n<meta property=\"og:url\" content=\"https:\/\/horticom.ee\/e-pood\/toode\/madalad-kummikud-naistele-neopreen-clean-lady\/\" \/>\n<meta property=\"og:site_name\" content=\"Horticom.ee\" \/>\n<meta property=\"article:publisher\" content=\"https:\/\/www.facebook.com\/horticom.ee\/e-pood\" \/>\n<meta property=\"article:modified_time\" content=\"2026-05-04T00:08:59+00:00\" \/>\n<meta property=\"og:image\" content=\"https:\/\/horticom.ee\/e-pood\/wp-content\/uploads\/importedmedia\/product-154832_0-203RCMKCLEANLADY.jpg\" \/>\n\t<meta property=\"og:image:width\" content=\"1000\" \/>\n\t<meta property=\"og:image:height\" content=\"750\" \/>\n\t<meta property=\"og:image:type\" content=\"image\/jpeg\" \/>\n<meta name=\"twitter:card\" content=\"summary_large_image\" \/>\n<script type=\"application\/ld+json\" class=\"yoast-schema-graph\">{\"@context\":\"https:\/\/schema.org\",\"@graph\":[{\"@type\":\"WebPage\",\"@id\":\"https:\/\/horticom.ee\/e-pood\/toode\/madalad-kummikud-naistele-neopreen-clean-lady\/\",\"url\":\"https:\/\/horticom.ee\/e-pood\/toode\/madalad-kummikud-naistele-neopreen-clean-lady\/\",\"name\":\"Madalad kummikud naistele neopreen Clean Lady punane\/must\",\"isPartOf\":{\"@id\":\"https:\/\/horticom.ee\/e-pood\/#website\"},\"primaryImageOfPage\":{\"@id\":\"https:\/\/horticom.ee\/e-pood\/toode\/madalad-kummikud-naistele-neopreen-clean-lady\/#primaryimage\"},\"image\":{\"@id\":\"https:\/\/horticom.ee\/e-pood\/toode\/madalad-kummikud-naistele-neopreen-clean-lady\/#primaryimage\"},\"thumbnailUrl\":\"https:\/\/horticom.ee\/e-pood\/wp-content\/uploads\/importedmedia\/product-154832_0-203RCMKCLEANLADY.jpg\",\"datePublished\":\"2022-01-17T22:08:58+00:00\",\"dateModified\":\"2026-05-04T00:08:59+00:00\",\"description\":\"Naturaalsest kaut\u0161ukist kummikud, painduv ja libisemiskindel tald. Jala soojusega vormuv sisetald ja 3,6mm neopreenvooder hoiavad jalad mugavalt soojas.\",\"breadcrumb\":{\"@id\":\"https:\/\/horticom.ee\/e-pood\/toode\/madalad-kummikud-naistele-neopreen-clean-lady\/#breadcrumb\"},\"inLanguage\":\"ru-RU\",\"potentialAction\":[{\"@type\":\"ReadAction\",\"target\":[\"https:\/\/horticom.ee\/e-pood\/toode\/madalad-kummikud-naistele-neopreen-clean-lady\/\"]}]},{\"@type\":\"ImageObject\",\"inLanguage\":\"ru-RU\",\"@id\":\"https:\/\/horticom.ee\/e-pood\/toode\/madalad-kummikud-naistele-neopreen-clean-lady\/#primaryimage\",\"url\":\"https:\/\/horticom.ee\/e-pood\/wp-content\/uploads\/importedmedia\/product-154832_0-203RCMKCLEANLADY.jpg\",\"contentUrl\":\"https:\/\/horticom.ee\/e-pood\/wp-content\/uploads\/importedmedia\/product-154832_0-203RCMKCLEANLADY.jpg\",\"width\":1000,\"height\":750},{\"@type\":\"BreadcrumbList\",\"@id\":\"https:\/\/horticom.ee\/e-pood\/toode\/madalad-kummikud-naistele-neopreen-clean-lady\/#breadcrumb\",\"itemListElement\":[{\"@type\":\"ListItem\",\"position\":1,\"name\":\"Home\",\"item\":\"https:\/\/horticom.ee\/e-pood\/\"},{\"@type\":\"ListItem\",\"position\":2,\"name\":\"Pood\",\"item\":\"https:\/\/horticom.ee\/e-pood\/pood\/\"},{\"@type\":\"ListItem\",\"position\":3,\"name\":\"Madalad kummikud naistele neopreen Clean Lady\"}]},{\"@type\":\"WebSite\",\"@id\":\"https:\/\/horticom.ee\/e-pood\/#website\",\"url\":\"https:\/\/horticom.ee\/e-pood\/\",\"name\":\"Horticom.ee\",\"description\":\"Aianduskaubad ja kodukaubad nii harrastajatele kui professionaalidele\",\"potentialAction\":[{\"@type\":\"SearchAction\",\"target\":{\"@type\":\"EntryPoint\",\"urlTemplate\":\"https:\/\/horticom.ee\/e-pood\/?s={search_term_string}\"},\"query-input\":{\"@type\":\"PropertyValueSpecification\",\"valueRequired\":true,\"valueName\":\"search_term_string\"}}],\"inLanguage\":\"ru-RU\"}]}<\/script>\n<!-- \/ Yoast SEO plugin. -->","yoast_head_json":{"title":"Madalad kummikud naistele neopreen Clean Lady punane\/must","description":"Naturaalsest kaut\u0161ukist kummikud, painduv ja libisemiskindel tald. Jala soojusega vormuv sisetald ja 3,6mm neopreenvooder hoiavad jalad mugavalt soojas.","robots":{"index":"index","follow":"follow","max-snippet":"max-snippet:-1","max-image-preview":"max-image-preview:large","max-video-preview":"max-video-preview:-1"},"canonical":"https:\/\/horticom.ee\/e-pood\/toode\/madalad-kummikud-naistele-neopreen-clean-lady\/","og_locale":"ru_RU","og_type":"article","og_title":"Madalad kummikud naistele neopreen Clean Lady punane\/must","og_description":"Naturaalsest kaut\u0161ukist kummikud, painduv ja libisemiskindel tald. Jala soojusega vormuv sisetald ja 3,6mm neopreenvooder hoiavad jalad mugavalt soojas.","og_url":"https:\/\/horticom.ee\/e-pood\/toode\/madalad-kummikud-naistele-neopreen-clean-lady\/","og_site_name":"Horticom.ee","article_publisher":"https:\/\/www.facebook.com\/horticom.ee\/e-pood","article_modified_time":"2026-05-04T00:08:59+00:00","og_image":[{"width":1000,"height":750,"url":"https:\/\/horticom.ee\/e-pood\/wp-content\/uploads\/importedmedia\/product-154832_0-203RCMKCLEANLADY.jpg","type":"image\/jpeg"}],"twitter_card":"summary_large_image","schema":{"@context":"https:\/\/schema.org","@graph":[{"@type":"WebPage","@id":"https:\/\/horticom.ee\/e-pood\/toode\/madalad-kummikud-naistele-neopreen-clean-lady\/","url":"https:\/\/horticom.ee\/e-pood\/toode\/madalad-kummikud-naistele-neopreen-clean-lady\/","name":"Madalad kummikud naistele neopreen Clean Lady punane\/must","isPartOf":{"@id":"https:\/\/horticom.ee\/e-pood\/#website"},"primaryImageOfPage":{"@id":"https:\/\/horticom.ee\/e-pood\/toode\/madalad-kummikud-naistele-neopreen-clean-lady\/#primaryimage"},"image":{"@id":"https:\/\/horticom.ee\/e-pood\/toode\/madalad-kummikud-naistele-neopreen-clean-lady\/#primaryimage"},"thumbnailUrl":"https:\/\/horticom.ee\/e-pood\/wp-content\/uploads\/importedmedia\/product-154832_0-203RCMKCLEANLADY.jpg","datePublished":"2022-01-17T22:08:58+00:00","dateModified":"2026-05-04T00:08:59+00:00","description":"Naturaalsest kaut\u0161ukist kummikud, painduv ja libisemiskindel tald. Jala soojusega vormuv sisetald ja 3,6mm neopreenvooder hoiavad jalad mugavalt soojas.","breadcrumb":{"@id":"https:\/\/horticom.ee\/e-pood\/toode\/madalad-kummikud-naistele-neopreen-clean-lady\/#breadcrumb"},"inLanguage":"ru-RU","potentialAction":[{"@type":"ReadAction","target":["https:\/\/horticom.ee\/e-pood\/toode\/madalad-kummikud-naistele-neopreen-clean-lady\/"]}]},{"@type":"ImageObject","inLanguage":"ru-RU","@id":"https:\/\/horticom.ee\/e-pood\/toode\/madalad-kummikud-naistele-neopreen-clean-lady\/#primaryimage","url":"https:\/\/horticom.ee\/e-pood\/wp-content\/uploads\/importedmedia\/product-154832_0-203RCMKCLEANLADY.jpg","contentUrl":"https:\/\/horticom.ee\/e-pood\/wp-content\/uploads\/importedmedia\/product-154832_0-203RCMKCLEANLADY.jpg","width":1000,"height":750},{"@type":"BreadcrumbList","@id":"https:\/\/horticom.ee\/e-pood\/toode\/madalad-kummikud-naistele-neopreen-clean-lady\/#breadcrumb","itemListElement":[{"@type":"ListItem","position":1,"name":"Home","item":"https:\/\/horticom.ee\/e-pood\/"},{"@type":"ListItem","position":2,"name":"Pood","item":"https:\/\/horticom.ee\/e-pood\/pood\/"},{"@type":"ListItem","position":3,"name":"Madalad kummikud naistele neopreen Clean Lady"}]},{"@type":"WebSite","@id":"https:\/\/horticom.ee\/e-pood\/#website","url":"https:\/\/horticom.ee\/e-pood\/","name":"Horticom.ee","description":"Aianduskaubad ja kodukaubad nii harrastajatele kui professionaalidele","potentialAction":[{"@type":"SearchAction","target":{"@type":"EntryPoint","urlTemplate":"https:\/\/horticom.ee\/e-pood\/?s={search_term_string}"},"query-input":{"@type":"PropertyValueSpecification","valueRequired":true,"valueName":"search_term_string"}}],"inLanguage":"ru-RU"}]}},"_links":{"self":[{"href":"https:\/\/horticom.ee\/e-pood\/ru\/wp-json\/wp\/v2\/product\/154832","targetHints":{"allow":["GET"]}}],"collection":[{"href":"https:\/\/horticom.ee\/e-pood\/ru\/wp-json\/wp\/v2\/product"}],"about":[{"href":"https:\/\/horticom.ee\/e-pood\/ru\/wp-json\/wp\/v2\/types\/product"}],"replies":[{"embeddable":true,"href":"https:\/\/horticom.ee\/e-pood\/ru\/wp-json\/wp\/v2\/comments?post=154832"}],"wp:featuredmedia":[{"embeddable":true,"href":"https:\/\/horticom.ee\/e-pood\/ru\/wp-json\/wp\/v2\/media\/2377148"}],"wp:attachment":[{"href":"https:\/\/horticom.ee\/e-pood\/ru\/wp-json\/wp\/v2\/media?parent=154832"}],"wp:term":[{"taxonomy":"product_cat","embeddable":true,"href":"https:\/\/horticom.ee\/e-pood\/ru\/wp-json\/wp\/v2\/product_cat?post=154832"},{"taxonomy":"product_tag","embeddable":true,"href":"https:\/\/horticom.ee\/e-pood\/ru\/wp-json\/wp\/v2\/product_tag?post=154832"}],"curies":[{"name":"wp","href":"https:\/\/api.w.org\/{rel}","templated":true}]}}