{"id":154856,"date":"2022-01-18T00:09:11","date_gmt":"2022-01-17T22:09:11","guid":{"rendered":"https:\/\/aednik24.ee\/toode\/valge-ristik-rivendel-500g-2\/"},"modified":"2026-04-14T11:17:52","modified_gmt":"2026-04-14T08:17:52","slug":"valge-ristik-rivendel-500g-2","status":"publish","type":"product","link":"https:\/\/horticom.ee\/e-pood\/ru\/toode\/valge-ristik-rivendel-500g-2\/","title":{"rendered":"Valge ristik Rivendel 500g"},"content":{"rendered":"<p>Mitmeaastane liblik\u00f5ieline taim. Pinnase suhtes v\u00e4hen\u00f5udlik, kasvab h\u00e4sti niiskes ja happelises pinnases. Haljasaladel, millel kasvab valge ristik on soovitatavad v\u00e4iksemad l\u00e4mmastikv\u00e4etise normid. Seemned k\u00fclvatakse 0,5cm s\u00fcgavusele, v\u00f5ib k\u00fclvata varakevadest s\u00fcgiseni. V\u00e4ikeseleheline sort, kasvab peale loomade poolt \u00e4ra s\u00f6\u00f6mist kiiresti. Talvitub h\u00e4sti ja on vastupidav haiguste suhtes ning on viljakas.<\/p>\n","protected":false},"excerpt":{"rendered":"<p>Mitmeaastane liblik\u00f5ieline taim. Pinnase suhtes v\u00e4hen\u00f5udlik, kasvab h\u00e4sti niiskes ja happelises pinnases. Haljasaladel, millel kasvab valge ristik on soovitatavad v\u00e4iksemad l\u00e4mmastikv\u00e4etise normid. Seemned k\u00fclvatakse 0,5cm s\u00fcgavusele, v\u00f5ib k\u00fclvata varakevadest s\u00fcgiseni. V\u00e4ikeseleheline sort, kasvab peale loomade poolt \u00e4ra s\u00f6\u00f6mist kiiresti. Talvitub h\u00e4sti ja on vastupidav haiguste suhtes ning on viljakas.<\/p>\n","protected":false},"featured_media":2379730,"comment_status":"closed","ping_status":"closed","template":"","meta":{"_themeisle_gutenberg_block_has_review":false},"product_cat":[18563,13539],"product_tag":[],"class_list":{"0":"post-154856","1":"product","2":"type-product","3":"status-publish","4":"has-post-thumbnail","6":"product_cat-lopumuugitooted","7":"product_cat-koduaiamurud","9":"first","10":"outofstock","11":"sale","12":"shipping-taxable","13":"purchasable","14":"product-type-simple"},"yoast_head":"<!-- This site is optimized with the Yoast SEO plugin v24.0 - https:\/\/yoast.com\/wordpress\/plugins\/seo\/ -->\n<title>Valge ristik Rivendel 500g - Horticom<\/title>\n<meta name=\"robots\" content=\"index, follow, max-snippet:-1, max-image-preview:large, max-video-preview:-1\" \/>\n<link rel=\"canonical\" href=\"https:\/\/horticom.ee\/e-pood\/toode\/valge-ristik-rivendel-500g-2\/\" \/>\n<meta property=\"og:locale\" content=\"ru_RU\" \/>\n<meta property=\"og:type\" content=\"article\" \/>\n<meta property=\"og:title\" content=\"Valge ristik Rivendel 500g - Horticom\" \/>\n<meta property=\"og:description\" content=\"Mitmeaastane liblik\u00f5ieline taim. Pinnase suhtes v\u00e4hen\u00f5udlik, kasvab h\u00e4sti niiskes ja happelises pinnases. Haljasaladel, millel kasvab valge ristik on soovitatavad v\u00e4iksemad l\u00e4mmastikv\u00e4etise normid. Seemned k\u00fclvatakse 0,5cm s\u00fcgavusele, v\u00f5ib k\u00fclvata varakevadest s\u00fcgiseni. V\u00e4ikeseleheline sort, kasvab peale loomade poolt \u00e4ra s\u00f6\u00f6mist kiiresti. Talvitub h\u00e4sti ja on vastupidav haiguste suhtes ning on viljakas.\" \/>\n<meta property=\"og:url\" content=\"https:\/\/horticom.ee\/e-pood\/toode\/valge-ristik-rivendel-500g-2\/\" \/>\n<meta property=\"og:site_name\" content=\"Horticom.ee\" \/>\n<meta property=\"article:publisher\" content=\"https:\/\/www.facebook.com\/horticom.ee\/e-pood\" \/>\n<meta property=\"article:modified_time\" content=\"2026-04-14T08:17:52+00:00\" \/>\n<meta property=\"og:image\" content=\"https:\/\/horticom.ee\/e-pood\/wp-content\/uploads\/importedmedia\/product-154856_0-6073.jpg\" \/>\n\t<meta property=\"og:image:width\" content=\"1000\" \/>\n\t<meta property=\"og:image:height\" content=\"1501\" \/>\n\t<meta property=\"og:image:type\" content=\"image\/jpeg\" \/>\n<meta name=\"twitter:card\" content=\"summary_large_image\" \/>\n<meta name=\"twitter:label1\" content=\"\u041f\u0440\u0438\u043c\u0435\u0440\u043d\u043e\u0435 \u0432\u0440\u0435\u043c\u044f \u0434\u043b\u044f \u0447\u0442\u0435\u043d\u0438\u044f\" \/>\n\t<meta name=\"twitter:data1\" content=\"1 \u043c\u0438\u043d\u0443\u0442\u0430\" \/>\n<script type=\"application\/ld+json\" class=\"yoast-schema-graph\">{\"@context\":\"https:\/\/schema.org\",\"@graph\":[{\"@type\":\"WebPage\",\"@id\":\"https:\/\/horticom.ee\/e-pood\/toode\/valge-ristik-rivendel-500g-2\/\",\"url\":\"https:\/\/horticom.ee\/e-pood\/toode\/valge-ristik-rivendel-500g-2\/\",\"name\":\"Valge ristik Rivendel 500g - Horticom\",\"isPartOf\":{\"@id\":\"https:\/\/horticom.ee\/e-pood\/#website\"},\"primaryImageOfPage\":{\"@id\":\"https:\/\/horticom.ee\/e-pood\/toode\/valge-ristik-rivendel-500g-2\/#primaryimage\"},\"image\":{\"@id\":\"https:\/\/horticom.ee\/e-pood\/toode\/valge-ristik-rivendel-500g-2\/#primaryimage\"},\"thumbnailUrl\":\"https:\/\/horticom.ee\/e-pood\/wp-content\/uploads\/importedmedia\/product-154856_0-6073.jpg\",\"datePublished\":\"2022-01-17T22:09:11+00:00\",\"dateModified\":\"2026-04-14T08:17:52+00:00\",\"breadcrumb\":{\"@id\":\"https:\/\/horticom.ee\/e-pood\/toode\/valge-ristik-rivendel-500g-2\/#breadcrumb\"},\"inLanguage\":\"ru-RU\",\"potentialAction\":[{\"@type\":\"ReadAction\",\"target\":[\"https:\/\/horticom.ee\/e-pood\/toode\/valge-ristik-rivendel-500g-2\/\"]}]},{\"@type\":\"ImageObject\",\"inLanguage\":\"ru-RU\",\"@id\":\"https:\/\/horticom.ee\/e-pood\/toode\/valge-ristik-rivendel-500g-2\/#primaryimage\",\"url\":\"https:\/\/horticom.ee\/e-pood\/wp-content\/uploads\/importedmedia\/product-154856_0-6073.jpg\",\"contentUrl\":\"https:\/\/horticom.ee\/e-pood\/wp-content\/uploads\/importedmedia\/product-154856_0-6073.jpg\",\"width\":1000,\"height\":1501},{\"@type\":\"BreadcrumbList\",\"@id\":\"https:\/\/horticom.ee\/e-pood\/toode\/valge-ristik-rivendel-500g-2\/#breadcrumb\",\"itemListElement\":[{\"@type\":\"ListItem\",\"position\":1,\"name\":\"Home\",\"item\":\"https:\/\/horticom.ee\/e-pood\/\"},{\"@type\":\"ListItem\",\"position\":2,\"name\":\"Pood\",\"item\":\"https:\/\/horticom.ee\/e-pood\/pood\/\"},{\"@type\":\"ListItem\",\"position\":3,\"name\":\"Valge ristik Rivendel 500g\"}]},{\"@type\":\"WebSite\",\"@id\":\"https:\/\/horticom.ee\/e-pood\/#website\",\"url\":\"https:\/\/horticom.ee\/e-pood\/\",\"name\":\"Horticom.ee\",\"description\":\"Aianduskaubad ja kodukaubad nii harrastajatele kui professionaalidele\",\"potentialAction\":[{\"@type\":\"SearchAction\",\"target\":{\"@type\":\"EntryPoint\",\"urlTemplate\":\"https:\/\/horticom.ee\/e-pood\/?s={search_term_string}\"},\"query-input\":{\"@type\":\"PropertyValueSpecification\",\"valueRequired\":true,\"valueName\":\"search_term_string\"}}],\"inLanguage\":\"ru-RU\"}]}<\/script>\n<!-- \/ Yoast SEO plugin. -->","yoast_head_json":{"title":"Valge ristik Rivendel 500g - Horticom","robots":{"index":"index","follow":"follow","max-snippet":"max-snippet:-1","max-image-preview":"max-image-preview:large","max-video-preview":"max-video-preview:-1"},"canonical":"https:\/\/horticom.ee\/e-pood\/toode\/valge-ristik-rivendel-500g-2\/","og_locale":"ru_RU","og_type":"article","og_title":"Valge ristik Rivendel 500g - Horticom","og_description":"Mitmeaastane liblik\u00f5ieline taim. Pinnase suhtes v\u00e4hen\u00f5udlik, kasvab h\u00e4sti niiskes ja happelises pinnases. Haljasaladel, millel kasvab valge ristik on soovitatavad v\u00e4iksemad l\u00e4mmastikv\u00e4etise normid. Seemned k\u00fclvatakse 0,5cm s\u00fcgavusele, v\u00f5ib k\u00fclvata varakevadest s\u00fcgiseni. V\u00e4ikeseleheline sort, kasvab peale loomade poolt \u00e4ra s\u00f6\u00f6mist kiiresti. Talvitub h\u00e4sti ja on vastupidav haiguste suhtes ning on viljakas.","og_url":"https:\/\/horticom.ee\/e-pood\/toode\/valge-ristik-rivendel-500g-2\/","og_site_name":"Horticom.ee","article_publisher":"https:\/\/www.facebook.com\/horticom.ee\/e-pood","article_modified_time":"2026-04-14T08:17:52+00:00","og_image":[{"width":1000,"height":1501,"url":"https:\/\/horticom.ee\/e-pood\/wp-content\/uploads\/importedmedia\/product-154856_0-6073.jpg","type":"image\/jpeg"}],"twitter_card":"summary_large_image","twitter_misc":{"\u041f\u0440\u0438\u043c\u0435\u0440\u043d\u043e\u0435 \u0432\u0440\u0435\u043c\u044f \u0434\u043b\u044f \u0447\u0442\u0435\u043d\u0438\u044f":"1 \u043c\u0438\u043d\u0443\u0442\u0430"},"schema":{"@context":"https:\/\/schema.org","@graph":[{"@type":"WebPage","@id":"https:\/\/horticom.ee\/e-pood\/toode\/valge-ristik-rivendel-500g-2\/","url":"https:\/\/horticom.ee\/e-pood\/toode\/valge-ristik-rivendel-500g-2\/","name":"Valge ristik Rivendel 500g - Horticom","isPartOf":{"@id":"https:\/\/horticom.ee\/e-pood\/#website"},"primaryImageOfPage":{"@id":"https:\/\/horticom.ee\/e-pood\/toode\/valge-ristik-rivendel-500g-2\/#primaryimage"},"image":{"@id":"https:\/\/horticom.ee\/e-pood\/toode\/valge-ristik-rivendel-500g-2\/#primaryimage"},"thumbnailUrl":"https:\/\/horticom.ee\/e-pood\/wp-content\/uploads\/importedmedia\/product-154856_0-6073.jpg","datePublished":"2022-01-17T22:09:11+00:00","dateModified":"2026-04-14T08:17:52+00:00","breadcrumb":{"@id":"https:\/\/horticom.ee\/e-pood\/toode\/valge-ristik-rivendel-500g-2\/#breadcrumb"},"inLanguage":"ru-RU","potentialAction":[{"@type":"ReadAction","target":["https:\/\/horticom.ee\/e-pood\/toode\/valge-ristik-rivendel-500g-2\/"]}]},{"@type":"ImageObject","inLanguage":"ru-RU","@id":"https:\/\/horticom.ee\/e-pood\/toode\/valge-ristik-rivendel-500g-2\/#primaryimage","url":"https:\/\/horticom.ee\/e-pood\/wp-content\/uploads\/importedmedia\/product-154856_0-6073.jpg","contentUrl":"https:\/\/horticom.ee\/e-pood\/wp-content\/uploads\/importedmedia\/product-154856_0-6073.jpg","width":1000,"height":1501},{"@type":"BreadcrumbList","@id":"https:\/\/horticom.ee\/e-pood\/toode\/valge-ristik-rivendel-500g-2\/#breadcrumb","itemListElement":[{"@type":"ListItem","position":1,"name":"Home","item":"https:\/\/horticom.ee\/e-pood\/"},{"@type":"ListItem","position":2,"name":"Pood","item":"https:\/\/horticom.ee\/e-pood\/pood\/"},{"@type":"ListItem","position":3,"name":"Valge ristik Rivendel 500g"}]},{"@type":"WebSite","@id":"https:\/\/horticom.ee\/e-pood\/#website","url":"https:\/\/horticom.ee\/e-pood\/","name":"Horticom.ee","description":"Aianduskaubad ja kodukaubad nii harrastajatele kui professionaalidele","potentialAction":[{"@type":"SearchAction","target":{"@type":"EntryPoint","urlTemplate":"https:\/\/horticom.ee\/e-pood\/?s={search_term_string}"},"query-input":{"@type":"PropertyValueSpecification","valueRequired":true,"valueName":"search_term_string"}}],"inLanguage":"ru-RU"}]}},"_links":{"self":[{"href":"https:\/\/horticom.ee\/e-pood\/ru\/wp-json\/wp\/v2\/product\/154856","targetHints":{"allow":["GET"]}}],"collection":[{"href":"https:\/\/horticom.ee\/e-pood\/ru\/wp-json\/wp\/v2\/product"}],"about":[{"href":"https:\/\/horticom.ee\/e-pood\/ru\/wp-json\/wp\/v2\/types\/product"}],"replies":[{"embeddable":true,"href":"https:\/\/horticom.ee\/e-pood\/ru\/wp-json\/wp\/v2\/comments?post=154856"}],"wp:featuredmedia":[{"embeddable":true,"href":"https:\/\/horticom.ee\/e-pood\/ru\/wp-json\/wp\/v2\/media\/2379730"}],"wp:attachment":[{"href":"https:\/\/horticom.ee\/e-pood\/ru\/wp-json\/wp\/v2\/media?parent=154856"}],"wp:term":[{"taxonomy":"product_cat","embeddable":true,"href":"https:\/\/horticom.ee\/e-pood\/ru\/wp-json\/wp\/v2\/product_cat?post=154856"},{"taxonomy":"product_tag","embeddable":true,"href":"https:\/\/horticom.ee\/e-pood\/ru\/wp-json\/wp\/v2\/product_tag?post=154856"}],"curies":[{"name":"wp","href":"https:\/\/api.w.org\/{rel}","templated":true}]}}