{"id":154864,"date":"2022-01-18T00:09:15","date_gmt":"2022-01-17T22:09:15","guid":{"rendered":"https:\/\/aednik24.ee\/toode\/geotekstiil-5-x-10m-50m2-tihedus-90g-m2\/"},"modified":"2026-05-13T03:09:34","modified_gmt":"2026-05-13T00:09:34","slug":"geotekstiil-5-x-10m-50m2-tihedus-90g-m2","status":"publish","type":"product","link":"https:\/\/horticom.ee\/e-pood\/ru\/toode\/geotekstiil-5-x-10m-50m2-tihedus-90g-m2\/","title":{"rendered":"Geotekstiil 5 x 10m 50m2 tihedus 90g\/m2"},"content":{"rendered":"<p>Filterkangas on pol\u00fcprop\u00fcleenkiududest valmistatud kiudkangas, mida kasutatakse nii haljastuses, kui teedeehitusel pinnase tugevdamiseks, k\u00fclmakaitseks ja umbrohu t\u00f5kestamiseks. Kangas on viltjas, vett l\u00e4bilaskev ja keemiliselt neutraalne ning vastupidav maapinnas esinevate hapete ning aluste suhtes. Kaal 90 gr\/ m\u00b2. Filterkangas eraldab erinevd mullakihid \u00fcksteisest, takistab nende segunemist, tugevdab struktuuri ja t\u00f5kestab k\u00fclmunud maapinnast tulenevaid kahjustusi. Filterkanga kasutamine s\u00e4\u00e4stab kulutusi, kuna mulla parandamiseks kulutatakse v\u00e4hem materjali ja aega ning hooldamine on lihtsam. Erosiooniohu korral kaitseb filterkangas erodeeruva kihi alla asetatuna selle kihi kadumist voolava vee, n\u00e4iteks sademete m\u00f5jul, samuti tugevdab varisemisohtlikke piirkondi. Filterkangas laseb l\u00e4bi vett ja \u00f5hku, hoiab lahus maapinna- ja ehituskihid, filtreerib sademeid ning takistab mittevajaliku pinnasekihi sattumist ehituslikku kihti.<\/p>\n","protected":false},"excerpt":{"rendered":"<p>Filterkangas on pol\u00fcprop\u00fcleenkiududest valmistatud kiudkangas, mida kasutatakse nii haljastuses, kui teedeehitusel pinnase tugevdamiseks, k\u00fclmakaitseks ja umbrohu t\u00f5kestamiseks. Kangas on viltjas, vett l\u00e4bilaskev ja keemiliselt neutraalne ning vastupidav maapinnas esinevate hapete ning aluste suhtes. Kaal 90 gr\/ m\u00b2. Filterkangas eraldab erinevd mullakihid \u00fcksteisest, takistab nende segunemist, tugevdab struktuuri ja t\u00f5kestab k\u00fclmunud maapinnast tulenevaid kahjustusi. Filterkanga kasutamine [&hellip;]<\/p>\n","protected":false},"featured_media":2381400,"comment_status":"closed","ping_status":"closed","template":"","meta":{"_themeisle_gutenberg_block_has_review":false},"product_cat":[13385,13637],"product_tag":[],"class_list":{"0":"post-154864","1":"product","2":"type-product","3":"status-publish","4":"has-post-thumbnail","6":"product_cat-geotekstiilid","7":"product_cat-geotekstiil-tootjale","9":"first","10":"instock","11":"shipping-taxable","12":"purchasable","13":"product-type-simple"},"yoast_head":"<!-- This site is optimized with the Yoast SEO plugin v24.0 - https:\/\/yoast.com\/wordpress\/plugins\/seo\/ -->\n<title>Geotekstiil 5 x 10m 50m2 tihedus 90g\/m2 - Horticom<\/title>\n<meta name=\"robots\" content=\"index, follow, max-snippet:-1, max-image-preview:large, max-video-preview:-1\" \/>\n<link rel=\"canonical\" href=\"https:\/\/horticom.ee\/e-pood\/toode\/geotekstiil-5-x-10m-50m2-tihedus-90g-m2\/\" \/>\n<meta property=\"og:locale\" content=\"ru_RU\" \/>\n<meta property=\"og:type\" content=\"article\" \/>\n<meta property=\"og:title\" content=\"Geotekstiil 5 x 10m 50m2 tihedus 90g\/m2 - Horticom\" \/>\n<meta property=\"og:description\" content=\"Filterkangas on pol\u00fcprop\u00fcleenkiududest valmistatud kiudkangas, mida kasutatakse nii haljastuses, kui teedeehitusel pinnase tugevdamiseks, k\u00fclmakaitseks ja umbrohu t\u00f5kestamiseks. Kangas on viltjas, vett l\u00e4bilaskev ja keemiliselt neutraalne ning vastupidav maapinnas esinevate hapete ning aluste suhtes. Kaal 90 gr\/ m\u00b2. Filterkangas eraldab erinevd mullakihid \u00fcksteisest, takistab nende segunemist, tugevdab struktuuri ja t\u00f5kestab k\u00fclmunud maapinnast tulenevaid kahjustusi. Filterkanga kasutamine [&hellip;]\" \/>\n<meta property=\"og:url\" content=\"https:\/\/horticom.ee\/e-pood\/toode\/geotekstiil-5-x-10m-50m2-tihedus-90g-m2\/\" \/>\n<meta property=\"og:site_name\" content=\"Horticom.ee\" \/>\n<meta property=\"article:publisher\" content=\"https:\/\/www.facebook.com\/horticom.ee\/e-pood\" \/>\n<meta property=\"article:modified_time\" content=\"2026-05-13T00:09:34+00:00\" \/>\n<meta property=\"og:image\" content=\"https:\/\/horticom.ee\/e-pood\/wp-content\/uploads\/importedmedia\/product-154864_0-672267.jpg\" \/>\n\t<meta property=\"og:image:width\" content=\"999\" \/>\n\t<meta property=\"og:image:height\" content=\"666\" \/>\n\t<meta property=\"og:image:type\" content=\"image\/jpeg\" \/>\n<meta name=\"twitter:card\" content=\"summary_large_image\" \/>\n<meta name=\"twitter:label1\" content=\"\u041f\u0440\u0438\u043c\u0435\u0440\u043d\u043e\u0435 \u0432\u0440\u0435\u043c\u044f \u0434\u043b\u044f \u0447\u0442\u0435\u043d\u0438\u044f\" \/>\n\t<meta name=\"twitter:data1\" content=\"1 \u043c\u0438\u043d\u0443\u0442\u0430\" \/>\n<script type=\"application\/ld+json\" class=\"yoast-schema-graph\">{\"@context\":\"https:\/\/schema.org\",\"@graph\":[{\"@type\":\"WebPage\",\"@id\":\"https:\/\/horticom.ee\/e-pood\/toode\/geotekstiil-5-x-10m-50m2-tihedus-90g-m2\/\",\"url\":\"https:\/\/horticom.ee\/e-pood\/toode\/geotekstiil-5-x-10m-50m2-tihedus-90g-m2\/\",\"name\":\"Geotekstiil 5 x 10m 50m2 tihedus 90g\/m2 - Horticom\",\"isPartOf\":{\"@id\":\"https:\/\/horticom.ee\/e-pood\/#website\"},\"primaryImageOfPage\":{\"@id\":\"https:\/\/horticom.ee\/e-pood\/toode\/geotekstiil-5-x-10m-50m2-tihedus-90g-m2\/#primaryimage\"},\"image\":{\"@id\":\"https:\/\/horticom.ee\/e-pood\/toode\/geotekstiil-5-x-10m-50m2-tihedus-90g-m2\/#primaryimage\"},\"thumbnailUrl\":\"https:\/\/horticom.ee\/e-pood\/wp-content\/uploads\/importedmedia\/product-154864_0-672267.jpg\",\"datePublished\":\"2022-01-17T22:09:15+00:00\",\"dateModified\":\"2026-05-13T00:09:34+00:00\",\"breadcrumb\":{\"@id\":\"https:\/\/horticom.ee\/e-pood\/toode\/geotekstiil-5-x-10m-50m2-tihedus-90g-m2\/#breadcrumb\"},\"inLanguage\":\"ru-RU\",\"potentialAction\":[{\"@type\":\"ReadAction\",\"target\":[\"https:\/\/horticom.ee\/e-pood\/toode\/geotekstiil-5-x-10m-50m2-tihedus-90g-m2\/\"]}]},{\"@type\":\"ImageObject\",\"inLanguage\":\"ru-RU\",\"@id\":\"https:\/\/horticom.ee\/e-pood\/toode\/geotekstiil-5-x-10m-50m2-tihedus-90g-m2\/#primaryimage\",\"url\":\"https:\/\/horticom.ee\/e-pood\/wp-content\/uploads\/importedmedia\/product-154864_0-672267.jpg\",\"contentUrl\":\"https:\/\/horticom.ee\/e-pood\/wp-content\/uploads\/importedmedia\/product-154864_0-672267.jpg\",\"width\":999,\"height\":666},{\"@type\":\"BreadcrumbList\",\"@id\":\"https:\/\/horticom.ee\/e-pood\/toode\/geotekstiil-5-x-10m-50m2-tihedus-90g-m2\/#breadcrumb\",\"itemListElement\":[{\"@type\":\"ListItem\",\"position\":1,\"name\":\"Home\",\"item\":\"https:\/\/horticom.ee\/e-pood\/\"},{\"@type\":\"ListItem\",\"position\":2,\"name\":\"Pood\",\"item\":\"https:\/\/horticom.ee\/e-pood\/pood\/\"},{\"@type\":\"ListItem\",\"position\":3,\"name\":\"Geotekstiil 5 x 10m 50m2 tihedus 90g\/m2\"}]},{\"@type\":\"WebSite\",\"@id\":\"https:\/\/horticom.ee\/e-pood\/#website\",\"url\":\"https:\/\/horticom.ee\/e-pood\/\",\"name\":\"Horticom.ee\",\"description\":\"Aianduskaubad ja kodukaubad nii harrastajatele kui professionaalidele\",\"potentialAction\":[{\"@type\":\"SearchAction\",\"target\":{\"@type\":\"EntryPoint\",\"urlTemplate\":\"https:\/\/horticom.ee\/e-pood\/?s={search_term_string}\"},\"query-input\":{\"@type\":\"PropertyValueSpecification\",\"valueRequired\":true,\"valueName\":\"search_term_string\"}}],\"inLanguage\":\"ru-RU\"}]}<\/script>\n<!-- \/ Yoast SEO plugin. -->","yoast_head_json":{"title":"Geotekstiil 5 x 10m 50m2 tihedus 90g\/m2 - Horticom","robots":{"index":"index","follow":"follow","max-snippet":"max-snippet:-1","max-image-preview":"max-image-preview:large","max-video-preview":"max-video-preview:-1"},"canonical":"https:\/\/horticom.ee\/e-pood\/toode\/geotekstiil-5-x-10m-50m2-tihedus-90g-m2\/","og_locale":"ru_RU","og_type":"article","og_title":"Geotekstiil 5 x 10m 50m2 tihedus 90g\/m2 - Horticom","og_description":"Filterkangas on pol\u00fcprop\u00fcleenkiududest valmistatud kiudkangas, mida kasutatakse nii haljastuses, kui teedeehitusel pinnase tugevdamiseks, k\u00fclmakaitseks ja umbrohu t\u00f5kestamiseks. Kangas on viltjas, vett l\u00e4bilaskev ja keemiliselt neutraalne ning vastupidav maapinnas esinevate hapete ning aluste suhtes. Kaal 90 gr\/ m\u00b2. Filterkangas eraldab erinevd mullakihid \u00fcksteisest, takistab nende segunemist, tugevdab struktuuri ja t\u00f5kestab k\u00fclmunud maapinnast tulenevaid kahjustusi. Filterkanga kasutamine [&hellip;]","og_url":"https:\/\/horticom.ee\/e-pood\/toode\/geotekstiil-5-x-10m-50m2-tihedus-90g-m2\/","og_site_name":"Horticom.ee","article_publisher":"https:\/\/www.facebook.com\/horticom.ee\/e-pood","article_modified_time":"2026-05-13T00:09:34+00:00","og_image":[{"width":999,"height":666,"url":"https:\/\/horticom.ee\/e-pood\/wp-content\/uploads\/importedmedia\/product-154864_0-672267.jpg","type":"image\/jpeg"}],"twitter_card":"summary_large_image","twitter_misc":{"\u041f\u0440\u0438\u043c\u0435\u0440\u043d\u043e\u0435 \u0432\u0440\u0435\u043c\u044f \u0434\u043b\u044f \u0447\u0442\u0435\u043d\u0438\u044f":"1 \u043c\u0438\u043d\u0443\u0442\u0430"},"schema":{"@context":"https:\/\/schema.org","@graph":[{"@type":"WebPage","@id":"https:\/\/horticom.ee\/e-pood\/toode\/geotekstiil-5-x-10m-50m2-tihedus-90g-m2\/","url":"https:\/\/horticom.ee\/e-pood\/toode\/geotekstiil-5-x-10m-50m2-tihedus-90g-m2\/","name":"Geotekstiil 5 x 10m 50m2 tihedus 90g\/m2 - Horticom","isPartOf":{"@id":"https:\/\/horticom.ee\/e-pood\/#website"},"primaryImageOfPage":{"@id":"https:\/\/horticom.ee\/e-pood\/toode\/geotekstiil-5-x-10m-50m2-tihedus-90g-m2\/#primaryimage"},"image":{"@id":"https:\/\/horticom.ee\/e-pood\/toode\/geotekstiil-5-x-10m-50m2-tihedus-90g-m2\/#primaryimage"},"thumbnailUrl":"https:\/\/horticom.ee\/e-pood\/wp-content\/uploads\/importedmedia\/product-154864_0-672267.jpg","datePublished":"2022-01-17T22:09:15+00:00","dateModified":"2026-05-13T00:09:34+00:00","breadcrumb":{"@id":"https:\/\/horticom.ee\/e-pood\/toode\/geotekstiil-5-x-10m-50m2-tihedus-90g-m2\/#breadcrumb"},"inLanguage":"ru-RU","potentialAction":[{"@type":"ReadAction","target":["https:\/\/horticom.ee\/e-pood\/toode\/geotekstiil-5-x-10m-50m2-tihedus-90g-m2\/"]}]},{"@type":"ImageObject","inLanguage":"ru-RU","@id":"https:\/\/horticom.ee\/e-pood\/toode\/geotekstiil-5-x-10m-50m2-tihedus-90g-m2\/#primaryimage","url":"https:\/\/horticom.ee\/e-pood\/wp-content\/uploads\/importedmedia\/product-154864_0-672267.jpg","contentUrl":"https:\/\/horticom.ee\/e-pood\/wp-content\/uploads\/importedmedia\/product-154864_0-672267.jpg","width":999,"height":666},{"@type":"BreadcrumbList","@id":"https:\/\/horticom.ee\/e-pood\/toode\/geotekstiil-5-x-10m-50m2-tihedus-90g-m2\/#breadcrumb","itemListElement":[{"@type":"ListItem","position":1,"name":"Home","item":"https:\/\/horticom.ee\/e-pood\/"},{"@type":"ListItem","position":2,"name":"Pood","item":"https:\/\/horticom.ee\/e-pood\/pood\/"},{"@type":"ListItem","position":3,"name":"Geotekstiil 5 x 10m 50m2 tihedus 90g\/m2"}]},{"@type":"WebSite","@id":"https:\/\/horticom.ee\/e-pood\/#website","url":"https:\/\/horticom.ee\/e-pood\/","name":"Horticom.ee","description":"Aianduskaubad ja kodukaubad nii harrastajatele kui professionaalidele","potentialAction":[{"@type":"SearchAction","target":{"@type":"EntryPoint","urlTemplate":"https:\/\/horticom.ee\/e-pood\/?s={search_term_string}"},"query-input":{"@type":"PropertyValueSpecification","valueRequired":true,"valueName":"search_term_string"}}],"inLanguage":"ru-RU"}]}},"_links":{"self":[{"href":"https:\/\/horticom.ee\/e-pood\/ru\/wp-json\/wp\/v2\/product\/154864","targetHints":{"allow":["GET"]}}],"collection":[{"href":"https:\/\/horticom.ee\/e-pood\/ru\/wp-json\/wp\/v2\/product"}],"about":[{"href":"https:\/\/horticom.ee\/e-pood\/ru\/wp-json\/wp\/v2\/types\/product"}],"replies":[{"embeddable":true,"href":"https:\/\/horticom.ee\/e-pood\/ru\/wp-json\/wp\/v2\/comments?post=154864"}],"wp:featuredmedia":[{"embeddable":true,"href":"https:\/\/horticom.ee\/e-pood\/ru\/wp-json\/wp\/v2\/media\/2381400"}],"wp:attachment":[{"href":"https:\/\/horticom.ee\/e-pood\/ru\/wp-json\/wp\/v2\/media?parent=154864"}],"wp:term":[{"taxonomy":"product_cat","embeddable":true,"href":"https:\/\/horticom.ee\/e-pood\/ru\/wp-json\/wp\/v2\/product_cat?post=154864"},{"taxonomy":"product_tag","embeddable":true,"href":"https:\/\/horticom.ee\/e-pood\/ru\/wp-json\/wp\/v2\/product_tag?post=154864"}],"curies":[{"name":"wp","href":"https:\/\/api.w.org\/{rel}","templated":true}]}}