{"id":155015,"date":"2022-01-18T00:10:41","date_gmt":"2022-01-17T22:10:41","guid":{"rendered":"https:\/\/aednik24.ee\/toode\/toitelahus-tsitruselistele-agrecol-30ml\/"},"modified":"2026-05-02T03:09:16","modified_gmt":"2026-05-02T00:09:16","slug":"toitelahus-tsitruselistele-agrecol-30ml","status":"publish","type":"product","link":"https:\/\/horticom.ee\/e-pood\/ru\/toode\/toitelahus-tsitruselistele-agrecol-30ml\/","title":{"rendered":"Toitelahus tsitruselistele Agrecol 30ml"},"content":{"rendered":"<p>Toitelahus, mida on lihtne ja mugav kasutada. V\u00e4etis on loodud just tsitruselistele ja teistele eksootilistele taimedele ning tagab erksa v\u00e4rvi taime lehtedes ja parema viljumise. Toitelahus on erilise, v\u00e4ga innovatiivse koostisega k\u00f5ikide tsitruseliste v\u00e4etamiseks. Asjatundlik, esteetiline ja kasutusvalmis pakend lihtsustab toote kasutamist. Toitelahus toimib kuni 4 n\u00e4dalat.<\/p>\n","protected":false},"excerpt":{"rendered":"<p>Toitelahus, mida on lihtne ja mugav kasutada. V\u00e4etis on loodud just tsitruselistele ja teistele eksootilistele taimedele ning tagab erksa v\u00e4rvi taime lehtedes ja parema viljumise. Toitelahus on erilise, v\u00e4ga innovatiivse koostisega k\u00f5ikide tsitruseliste v\u00e4etamiseks. Asjatundlik, esteetiline ja kasutusvalmis pakend lihtsustab toote kasutamist. Toitelahus toimib kuni 4 n\u00e4dalat.<\/p>\n","protected":false},"featured_media":2380898,"comment_status":"closed","ping_status":"closed","template":"","meta":{"_themeisle_gutenberg_block_has_review":false},"product_cat":[16968],"product_tag":[],"class_list":{"0":"post-155015","1":"product","2":"type-product","3":"status-publish","4":"has-post-thumbnail","6":"product_cat-toataimedele","8":"first","9":"instock","10":"shipping-taxable","11":"purchasable","12":"product-type-simple"},"yoast_head":"<!-- This site is optimized with the Yoast SEO plugin v24.0 - https:\/\/yoast.com\/wordpress\/plugins\/seo\/ -->\n<title>Toitelahus tsitruselistele Agrecol 30ml - Horticom<\/title>\n<meta name=\"robots\" content=\"index, follow, max-snippet:-1, max-image-preview:large, max-video-preview:-1\" \/>\n<link rel=\"canonical\" href=\"https:\/\/horticom.ee\/e-pood\/toode\/toitelahus-tsitruselistele-agrecol-30ml\/\" \/>\n<meta property=\"og:locale\" content=\"ru_RU\" \/>\n<meta property=\"og:type\" content=\"article\" \/>\n<meta property=\"og:title\" content=\"Toitelahus tsitruselistele Agrecol 30ml - Horticom\" \/>\n<meta property=\"og:description\" content=\"Toitelahus, mida on lihtne ja mugav kasutada. V\u00e4etis on loodud just tsitruselistele ja teistele eksootilistele taimedele ning tagab erksa v\u00e4rvi taime lehtedes ja parema viljumise. Toitelahus on erilise, v\u00e4ga innovatiivse koostisega k\u00f5ikide tsitruseliste v\u00e4etamiseks. Asjatundlik, esteetiline ja kasutusvalmis pakend lihtsustab toote kasutamist. Toitelahus toimib kuni 4 n\u00e4dalat.\" \/>\n<meta property=\"og:url\" content=\"https:\/\/horticom.ee\/e-pood\/toode\/toitelahus-tsitruselistele-agrecol-30ml\/\" \/>\n<meta property=\"og:site_name\" content=\"Horticom.ee\" \/>\n<meta property=\"article:publisher\" content=\"https:\/\/www.facebook.com\/horticom.ee\/e-pood\" \/>\n<meta property=\"article:modified_time\" content=\"2026-05-02T00:09:16+00:00\" \/>\n<meta property=\"og:image\" content=\"https:\/\/horticom.ee\/e-pood\/wp-content\/uploads\/importedmedia\/product-155015_0-1076541.jpg\" \/>\n\t<meta property=\"og:image:width\" content=\"1000\" \/>\n\t<meta property=\"og:image:height\" content=\"1977\" \/>\n\t<meta property=\"og:image:type\" content=\"image\/jpeg\" \/>\n<meta name=\"twitter:card\" content=\"summary_large_image\" \/>\n<script type=\"application\/ld+json\" class=\"yoast-schema-graph\">{\"@context\":\"https:\/\/schema.org\",\"@graph\":[{\"@type\":\"WebPage\",\"@id\":\"https:\/\/horticom.ee\/e-pood\/toode\/toitelahus-tsitruselistele-agrecol-30ml\/\",\"url\":\"https:\/\/horticom.ee\/e-pood\/toode\/toitelahus-tsitruselistele-agrecol-30ml\/\",\"name\":\"Toitelahus tsitruselistele Agrecol 30ml - Horticom\",\"isPartOf\":{\"@id\":\"https:\/\/horticom.ee\/e-pood\/#website\"},\"primaryImageOfPage\":{\"@id\":\"https:\/\/horticom.ee\/e-pood\/toode\/toitelahus-tsitruselistele-agrecol-30ml\/#primaryimage\"},\"image\":{\"@id\":\"https:\/\/horticom.ee\/e-pood\/toode\/toitelahus-tsitruselistele-agrecol-30ml\/#primaryimage\"},\"thumbnailUrl\":\"https:\/\/horticom.ee\/e-pood\/wp-content\/uploads\/importedmedia\/product-155015_0-1076541.jpg\",\"datePublished\":\"2022-01-17T22:10:41+00:00\",\"dateModified\":\"2026-05-02T00:09:16+00:00\",\"breadcrumb\":{\"@id\":\"https:\/\/horticom.ee\/e-pood\/toode\/toitelahus-tsitruselistele-agrecol-30ml\/#breadcrumb\"},\"inLanguage\":\"ru-RU\",\"potentialAction\":[{\"@type\":\"ReadAction\",\"target\":[\"https:\/\/horticom.ee\/e-pood\/toode\/toitelahus-tsitruselistele-agrecol-30ml\/\"]}]},{\"@type\":\"ImageObject\",\"inLanguage\":\"ru-RU\",\"@id\":\"https:\/\/horticom.ee\/e-pood\/toode\/toitelahus-tsitruselistele-agrecol-30ml\/#primaryimage\",\"url\":\"https:\/\/horticom.ee\/e-pood\/wp-content\/uploads\/importedmedia\/product-155015_0-1076541.jpg\",\"contentUrl\":\"https:\/\/horticom.ee\/e-pood\/wp-content\/uploads\/importedmedia\/product-155015_0-1076541.jpg\",\"width\":1000,\"height\":1977},{\"@type\":\"BreadcrumbList\",\"@id\":\"https:\/\/horticom.ee\/e-pood\/toode\/toitelahus-tsitruselistele-agrecol-30ml\/#breadcrumb\",\"itemListElement\":[{\"@type\":\"ListItem\",\"position\":1,\"name\":\"Home\",\"item\":\"https:\/\/horticom.ee\/e-pood\/\"},{\"@type\":\"ListItem\",\"position\":2,\"name\":\"Pood\",\"item\":\"https:\/\/horticom.ee\/e-pood\/pood\/\"},{\"@type\":\"ListItem\",\"position\":3,\"name\":\"Toitelahus tsitruselistele Agrecol 30ml\"}]},{\"@type\":\"WebSite\",\"@id\":\"https:\/\/horticom.ee\/e-pood\/#website\",\"url\":\"https:\/\/horticom.ee\/e-pood\/\",\"name\":\"Horticom.ee\",\"description\":\"Aianduskaubad ja kodukaubad nii harrastajatele kui professionaalidele\",\"potentialAction\":[{\"@type\":\"SearchAction\",\"target\":{\"@type\":\"EntryPoint\",\"urlTemplate\":\"https:\/\/horticom.ee\/e-pood\/?s={search_term_string}\"},\"query-input\":{\"@type\":\"PropertyValueSpecification\",\"valueRequired\":true,\"valueName\":\"search_term_string\"}}],\"inLanguage\":\"ru-RU\"}]}<\/script>\n<!-- \/ Yoast SEO plugin. -->","yoast_head_json":{"title":"Toitelahus tsitruselistele Agrecol 30ml - Horticom","robots":{"index":"index","follow":"follow","max-snippet":"max-snippet:-1","max-image-preview":"max-image-preview:large","max-video-preview":"max-video-preview:-1"},"canonical":"https:\/\/horticom.ee\/e-pood\/toode\/toitelahus-tsitruselistele-agrecol-30ml\/","og_locale":"ru_RU","og_type":"article","og_title":"Toitelahus tsitruselistele Agrecol 30ml - Horticom","og_description":"Toitelahus, mida on lihtne ja mugav kasutada. V\u00e4etis on loodud just tsitruselistele ja teistele eksootilistele taimedele ning tagab erksa v\u00e4rvi taime lehtedes ja parema viljumise. Toitelahus on erilise, v\u00e4ga innovatiivse koostisega k\u00f5ikide tsitruseliste v\u00e4etamiseks. Asjatundlik, esteetiline ja kasutusvalmis pakend lihtsustab toote kasutamist. Toitelahus toimib kuni 4 n\u00e4dalat.","og_url":"https:\/\/horticom.ee\/e-pood\/toode\/toitelahus-tsitruselistele-agrecol-30ml\/","og_site_name":"Horticom.ee","article_publisher":"https:\/\/www.facebook.com\/horticom.ee\/e-pood","article_modified_time":"2026-05-02T00:09:16+00:00","og_image":[{"width":1000,"height":1977,"url":"https:\/\/horticom.ee\/e-pood\/wp-content\/uploads\/importedmedia\/product-155015_0-1076541.jpg","type":"image\/jpeg"}],"twitter_card":"summary_large_image","schema":{"@context":"https:\/\/schema.org","@graph":[{"@type":"WebPage","@id":"https:\/\/horticom.ee\/e-pood\/toode\/toitelahus-tsitruselistele-agrecol-30ml\/","url":"https:\/\/horticom.ee\/e-pood\/toode\/toitelahus-tsitruselistele-agrecol-30ml\/","name":"Toitelahus tsitruselistele Agrecol 30ml - Horticom","isPartOf":{"@id":"https:\/\/horticom.ee\/e-pood\/#website"},"primaryImageOfPage":{"@id":"https:\/\/horticom.ee\/e-pood\/toode\/toitelahus-tsitruselistele-agrecol-30ml\/#primaryimage"},"image":{"@id":"https:\/\/horticom.ee\/e-pood\/toode\/toitelahus-tsitruselistele-agrecol-30ml\/#primaryimage"},"thumbnailUrl":"https:\/\/horticom.ee\/e-pood\/wp-content\/uploads\/importedmedia\/product-155015_0-1076541.jpg","datePublished":"2022-01-17T22:10:41+00:00","dateModified":"2026-05-02T00:09:16+00:00","breadcrumb":{"@id":"https:\/\/horticom.ee\/e-pood\/toode\/toitelahus-tsitruselistele-agrecol-30ml\/#breadcrumb"},"inLanguage":"ru-RU","potentialAction":[{"@type":"ReadAction","target":["https:\/\/horticom.ee\/e-pood\/toode\/toitelahus-tsitruselistele-agrecol-30ml\/"]}]},{"@type":"ImageObject","inLanguage":"ru-RU","@id":"https:\/\/horticom.ee\/e-pood\/toode\/toitelahus-tsitruselistele-agrecol-30ml\/#primaryimage","url":"https:\/\/horticom.ee\/e-pood\/wp-content\/uploads\/importedmedia\/product-155015_0-1076541.jpg","contentUrl":"https:\/\/horticom.ee\/e-pood\/wp-content\/uploads\/importedmedia\/product-155015_0-1076541.jpg","width":1000,"height":1977},{"@type":"BreadcrumbList","@id":"https:\/\/horticom.ee\/e-pood\/toode\/toitelahus-tsitruselistele-agrecol-30ml\/#breadcrumb","itemListElement":[{"@type":"ListItem","position":1,"name":"Home","item":"https:\/\/horticom.ee\/e-pood\/"},{"@type":"ListItem","position":2,"name":"Pood","item":"https:\/\/horticom.ee\/e-pood\/pood\/"},{"@type":"ListItem","position":3,"name":"Toitelahus tsitruselistele Agrecol 30ml"}]},{"@type":"WebSite","@id":"https:\/\/horticom.ee\/e-pood\/#website","url":"https:\/\/horticom.ee\/e-pood\/","name":"Horticom.ee","description":"Aianduskaubad ja kodukaubad nii harrastajatele kui professionaalidele","potentialAction":[{"@type":"SearchAction","target":{"@type":"EntryPoint","urlTemplate":"https:\/\/horticom.ee\/e-pood\/?s={search_term_string}"},"query-input":{"@type":"PropertyValueSpecification","valueRequired":true,"valueName":"search_term_string"}}],"inLanguage":"ru-RU"}]}},"_links":{"self":[{"href":"https:\/\/horticom.ee\/e-pood\/ru\/wp-json\/wp\/v2\/product\/155015","targetHints":{"allow":["GET"]}}],"collection":[{"href":"https:\/\/horticom.ee\/e-pood\/ru\/wp-json\/wp\/v2\/product"}],"about":[{"href":"https:\/\/horticom.ee\/e-pood\/ru\/wp-json\/wp\/v2\/types\/product"}],"replies":[{"embeddable":true,"href":"https:\/\/horticom.ee\/e-pood\/ru\/wp-json\/wp\/v2\/comments?post=155015"}],"wp:featuredmedia":[{"embeddable":true,"href":"https:\/\/horticom.ee\/e-pood\/ru\/wp-json\/wp\/v2\/media\/2380898"}],"wp:attachment":[{"href":"https:\/\/horticom.ee\/e-pood\/ru\/wp-json\/wp\/v2\/media?parent=155015"}],"wp:term":[{"taxonomy":"product_cat","embeddable":true,"href":"https:\/\/horticom.ee\/e-pood\/ru\/wp-json\/wp\/v2\/product_cat?post=155015"},{"taxonomy":"product_tag","embeddable":true,"href":"https:\/\/horticom.ee\/e-pood\/ru\/wp-json\/wp\/v2\/product_tag?post=155015"}],"curies":[{"name":"wp","href":"https:\/\/api.w.org\/{rel}","templated":true}]}}