{"id":155029,"date":"2022-01-18T00:10:49","date_gmt":"2022-01-17T22:10:49","guid":{"rendered":"https:\/\/aednik24.ee\/toode\/potiumbris-b-for-soft-umar-30cm-violetne-sp\/"},"modified":"2026-04-29T03:10:31","modified_gmt":"2026-04-29T00:10:31","slug":"potiumbris-b-for-soft-umar-30cm-violetne-sp","status":"publish","type":"product","link":"https:\/\/horticom.ee\/e-pood\/ru\/toode\/potiumbris-b-for-soft-umar-30cm-violetne-sp\/","title":{"rendered":"\u00dcmbrispott Elho B.for Soft d 30cm 16,5L violetne"},"content":{"rendered":"<p>\u00dcmbrispott B.for Soft on valmistatud kvaliteetsest ja vastupidavast plastikust ja on veekindel, mille t\u00f5ttu ei voola vesi v\u00e4lja lauale, ega tekita veeloike. Toote valmistamisel kasutatakse erilisi  erilisi v\u00e4rvipigmente, mist\u00f5ttu toodetel p\u00fcsib originaalv\u00e4rv kauem.<\/p>\n","protected":false},"excerpt":{"rendered":"<p>\u00dcmbrispott B.for Soft on valmistatud kvaliteetsest ja vastupidavast plastikust ja on veekindel, mille t\u00f5ttu ei voola vesi v\u00e4lja lauale, ega tekita veeloike. Toote valmistamisel kasutatakse erilisi erilisi v\u00e4rvipigmente, mist\u00f5ttu toodetel p\u00fcsib originaalv\u00e4rv kauem.<\/p>\n","protected":false},"featured_media":160422,"comment_status":"closed","ping_status":"closed","template":"","meta":{"_themeisle_gutenberg_block_has_review":false},"product_cat":[18563,14994],"product_tag":[],"class_list":{"0":"post-155029","1":"product","2":"type-product","3":"status-publish","4":"has-post-thumbnail","6":"product_cat-lopumuugitooted","7":"product_cat-plastikust-umbrispotid","9":"first","10":"instock","11":"sale","12":"shipping-taxable","13":"purchasable","14":"product-type-simple"},"yoast_head":"<!-- This site is optimized with the Yoast SEO plugin v24.0 - https:\/\/yoast.com\/wordpress\/plugins\/seo\/ -->\n<title>\u00dcmbrispott Elho B.for Soft d 30cm 16,5L violetne<\/title>\n<meta name=\"description\" content=\"Poti\u00fcmbris B.for Soft on valmistatud kvaliteetsest ja vastupidavast plastikust ja on veekindel.\" \/>\n<meta name=\"robots\" content=\"index, follow, max-snippet:-1, max-image-preview:large, max-video-preview:-1\" \/>\n<link rel=\"canonical\" href=\"https:\/\/horticom.ee\/e-pood\/toode\/potiumbris-b-for-soft-umar-30cm-violetne-sp\/\" \/>\n<meta property=\"og:locale\" content=\"ru_RU\" \/>\n<meta property=\"og:type\" content=\"article\" \/>\n<meta property=\"og:title\" content=\"\u00dcmbrispott Elho B.for Soft d 30cm 16,5L violetne\" \/>\n<meta property=\"og:description\" content=\"Poti\u00fcmbris B.for Soft on valmistatud kvaliteetsest ja vastupidavast plastikust ja on veekindel.\" \/>\n<meta property=\"og:url\" content=\"https:\/\/horticom.ee\/e-pood\/toode\/potiumbris-b-for-soft-umar-30cm-violetne-sp\/\" \/>\n<meta property=\"og:site_name\" content=\"Horticom.ee\" \/>\n<meta property=\"article:publisher\" content=\"https:\/\/www.facebook.com\/horticom.ee\/e-pood\" \/>\n<meta property=\"article:modified_time\" content=\"2026-04-29T00:10:31+00:00\" \/>\n<meta property=\"og:image\" content=\"https:\/\/horticom.ee\/e-pood\/wp-content\/uploads\/importedmedia\/product-155029_0-640503_513.jpg\" \/>\n\t<meta property=\"og:image:width\" content=\"1000\" \/>\n\t<meta property=\"og:image:height\" content=\"1000\" \/>\n\t<meta property=\"og:image:type\" content=\"image\/jpeg\" \/>\n<meta name=\"twitter:card\" content=\"summary_large_image\" \/>\n<script type=\"application\/ld+json\" class=\"yoast-schema-graph\">{\"@context\":\"https:\/\/schema.org\",\"@graph\":[{\"@type\":\"WebPage\",\"@id\":\"https:\/\/horticom.ee\/e-pood\/toode\/potiumbris-b-for-soft-umar-30cm-violetne-sp\/\",\"url\":\"https:\/\/horticom.ee\/e-pood\/toode\/potiumbris-b-for-soft-umar-30cm-violetne-sp\/\",\"name\":\"\u00dcmbrispott Elho B.for Soft d 30cm 16,5L violetne\",\"isPartOf\":{\"@id\":\"https:\/\/horticom.ee\/e-pood\/#website\"},\"primaryImageOfPage\":{\"@id\":\"https:\/\/horticom.ee\/e-pood\/toode\/potiumbris-b-for-soft-umar-30cm-violetne-sp\/#primaryimage\"},\"image\":{\"@id\":\"https:\/\/horticom.ee\/e-pood\/toode\/potiumbris-b-for-soft-umar-30cm-violetne-sp\/#primaryimage\"},\"thumbnailUrl\":\"https:\/\/horticom.ee\/e-pood\/wp-content\/uploads\/importedmedia\/product-155029_0-640503_513.jpg\",\"datePublished\":\"2022-01-17T22:10:49+00:00\",\"dateModified\":\"2026-04-29T00:10:31+00:00\",\"description\":\"Poti\u00fcmbris B.for Soft on valmistatud kvaliteetsest ja vastupidavast plastikust ja on veekindel.\",\"breadcrumb\":{\"@id\":\"https:\/\/horticom.ee\/e-pood\/toode\/potiumbris-b-for-soft-umar-30cm-violetne-sp\/#breadcrumb\"},\"inLanguage\":\"ru-RU\",\"potentialAction\":[{\"@type\":\"ReadAction\",\"target\":[\"https:\/\/horticom.ee\/e-pood\/toode\/potiumbris-b-for-soft-umar-30cm-violetne-sp\/\"]}]},{\"@type\":\"ImageObject\",\"inLanguage\":\"ru-RU\",\"@id\":\"https:\/\/horticom.ee\/e-pood\/toode\/potiumbris-b-for-soft-umar-30cm-violetne-sp\/#primaryimage\",\"url\":\"https:\/\/horticom.ee\/e-pood\/wp-content\/uploads\/importedmedia\/product-155029_0-640503_513.jpg\",\"contentUrl\":\"https:\/\/horticom.ee\/e-pood\/wp-content\/uploads\/importedmedia\/product-155029_0-640503_513.jpg\",\"width\":1000,\"height\":1000,\"caption\":\"\u00dcmbrispott Elho B.for Soft d 30cm 16,5L violetne\"},{\"@type\":\"BreadcrumbList\",\"@id\":\"https:\/\/horticom.ee\/e-pood\/toode\/potiumbris-b-for-soft-umar-30cm-violetne-sp\/#breadcrumb\",\"itemListElement\":[{\"@type\":\"ListItem\",\"position\":1,\"name\":\"Home\",\"item\":\"https:\/\/horticom.ee\/e-pood\/\"},{\"@type\":\"ListItem\",\"position\":2,\"name\":\"Pood\",\"item\":\"https:\/\/horticom.ee\/e-pood\/pood\/\"},{\"@type\":\"ListItem\",\"position\":3,\"name\":\"\u00dcmbrispott Elho B.for Soft d 30cm 16,5L violetne\"}]},{\"@type\":\"WebSite\",\"@id\":\"https:\/\/horticom.ee\/e-pood\/#website\",\"url\":\"https:\/\/horticom.ee\/e-pood\/\",\"name\":\"Horticom.ee\",\"description\":\"Aianduskaubad ja kodukaubad nii harrastajatele kui professionaalidele\",\"potentialAction\":[{\"@type\":\"SearchAction\",\"target\":{\"@type\":\"EntryPoint\",\"urlTemplate\":\"https:\/\/horticom.ee\/e-pood\/?s={search_term_string}\"},\"query-input\":{\"@type\":\"PropertyValueSpecification\",\"valueRequired\":true,\"valueName\":\"search_term_string\"}}],\"inLanguage\":\"ru-RU\"}]}<\/script>\n<!-- \/ Yoast SEO plugin. -->","yoast_head_json":{"title":"\u00dcmbrispott Elho B.for Soft d 30cm 16,5L violetne","description":"Poti\u00fcmbris B.for Soft on valmistatud kvaliteetsest ja vastupidavast plastikust ja on veekindel.","robots":{"index":"index","follow":"follow","max-snippet":"max-snippet:-1","max-image-preview":"max-image-preview:large","max-video-preview":"max-video-preview:-1"},"canonical":"https:\/\/horticom.ee\/e-pood\/toode\/potiumbris-b-for-soft-umar-30cm-violetne-sp\/","og_locale":"ru_RU","og_type":"article","og_title":"\u00dcmbrispott Elho B.for Soft d 30cm 16,5L violetne","og_description":"Poti\u00fcmbris B.for Soft on valmistatud kvaliteetsest ja vastupidavast plastikust ja on veekindel.","og_url":"https:\/\/horticom.ee\/e-pood\/toode\/potiumbris-b-for-soft-umar-30cm-violetne-sp\/","og_site_name":"Horticom.ee","article_publisher":"https:\/\/www.facebook.com\/horticom.ee\/e-pood","article_modified_time":"2026-04-29T00:10:31+00:00","og_image":[{"width":1000,"height":1000,"url":"https:\/\/horticom.ee\/e-pood\/wp-content\/uploads\/importedmedia\/product-155029_0-640503_513.jpg","type":"image\/jpeg"}],"twitter_card":"summary_large_image","schema":{"@context":"https:\/\/schema.org","@graph":[{"@type":"WebPage","@id":"https:\/\/horticom.ee\/e-pood\/toode\/potiumbris-b-for-soft-umar-30cm-violetne-sp\/","url":"https:\/\/horticom.ee\/e-pood\/toode\/potiumbris-b-for-soft-umar-30cm-violetne-sp\/","name":"\u00dcmbrispott Elho B.for Soft d 30cm 16,5L violetne","isPartOf":{"@id":"https:\/\/horticom.ee\/e-pood\/#website"},"primaryImageOfPage":{"@id":"https:\/\/horticom.ee\/e-pood\/toode\/potiumbris-b-for-soft-umar-30cm-violetne-sp\/#primaryimage"},"image":{"@id":"https:\/\/horticom.ee\/e-pood\/toode\/potiumbris-b-for-soft-umar-30cm-violetne-sp\/#primaryimage"},"thumbnailUrl":"https:\/\/horticom.ee\/e-pood\/wp-content\/uploads\/importedmedia\/product-155029_0-640503_513.jpg","datePublished":"2022-01-17T22:10:49+00:00","dateModified":"2026-04-29T00:10:31+00:00","description":"Poti\u00fcmbris B.for Soft on valmistatud kvaliteetsest ja vastupidavast plastikust ja on veekindel.","breadcrumb":{"@id":"https:\/\/horticom.ee\/e-pood\/toode\/potiumbris-b-for-soft-umar-30cm-violetne-sp\/#breadcrumb"},"inLanguage":"ru-RU","potentialAction":[{"@type":"ReadAction","target":["https:\/\/horticom.ee\/e-pood\/toode\/potiumbris-b-for-soft-umar-30cm-violetne-sp\/"]}]},{"@type":"ImageObject","inLanguage":"ru-RU","@id":"https:\/\/horticom.ee\/e-pood\/toode\/potiumbris-b-for-soft-umar-30cm-violetne-sp\/#primaryimage","url":"https:\/\/horticom.ee\/e-pood\/wp-content\/uploads\/importedmedia\/product-155029_0-640503_513.jpg","contentUrl":"https:\/\/horticom.ee\/e-pood\/wp-content\/uploads\/importedmedia\/product-155029_0-640503_513.jpg","width":1000,"height":1000,"caption":"\u00dcmbrispott Elho B.for Soft d 30cm 16,5L violetne"},{"@type":"BreadcrumbList","@id":"https:\/\/horticom.ee\/e-pood\/toode\/potiumbris-b-for-soft-umar-30cm-violetne-sp\/#breadcrumb","itemListElement":[{"@type":"ListItem","position":1,"name":"Home","item":"https:\/\/horticom.ee\/e-pood\/"},{"@type":"ListItem","position":2,"name":"Pood","item":"https:\/\/horticom.ee\/e-pood\/pood\/"},{"@type":"ListItem","position":3,"name":"\u00dcmbrispott Elho B.for Soft d 30cm 16,5L violetne"}]},{"@type":"WebSite","@id":"https:\/\/horticom.ee\/e-pood\/#website","url":"https:\/\/horticom.ee\/e-pood\/","name":"Horticom.ee","description":"Aianduskaubad ja kodukaubad nii harrastajatele kui professionaalidele","potentialAction":[{"@type":"SearchAction","target":{"@type":"EntryPoint","urlTemplate":"https:\/\/horticom.ee\/e-pood\/?s={search_term_string}"},"query-input":{"@type":"PropertyValueSpecification","valueRequired":true,"valueName":"search_term_string"}}],"inLanguage":"ru-RU"}]}},"_links":{"self":[{"href":"https:\/\/horticom.ee\/e-pood\/ru\/wp-json\/wp\/v2\/product\/155029","targetHints":{"allow":["GET"]}}],"collection":[{"href":"https:\/\/horticom.ee\/e-pood\/ru\/wp-json\/wp\/v2\/product"}],"about":[{"href":"https:\/\/horticom.ee\/e-pood\/ru\/wp-json\/wp\/v2\/types\/product"}],"replies":[{"embeddable":true,"href":"https:\/\/horticom.ee\/e-pood\/ru\/wp-json\/wp\/v2\/comments?post=155029"}],"wp:featuredmedia":[{"embeddable":true,"href":"https:\/\/horticom.ee\/e-pood\/ru\/wp-json\/wp\/v2\/media\/160422"}],"wp:attachment":[{"href":"https:\/\/horticom.ee\/e-pood\/ru\/wp-json\/wp\/v2\/media?parent=155029"}],"wp:term":[{"taxonomy":"product_cat","embeddable":true,"href":"https:\/\/horticom.ee\/e-pood\/ru\/wp-json\/wp\/v2\/product_cat?post=155029"},{"taxonomy":"product_tag","embeddable":true,"href":"https:\/\/horticom.ee\/e-pood\/ru\/wp-json\/wp\/v2\/product_tag?post=155029"}],"curies":[{"name":"wp","href":"https:\/\/api.w.org\/{rel}","templated":true}]}}