{"id":155160,"date":"2022-01-18T00:12:00","date_gmt":"2022-01-17T22:12:00","guid":{"rendered":"https:\/\/aednik24.ee\/toode\/aadikakarbse-puunis-arox-oun\/"},"modified":"2026-04-18T03:16:23","modified_gmt":"2026-04-18T00:16:23","slug":"aadikakarbse-puunis-arox-oun","status":"publish","type":"product","link":"https:\/\/horticom.ee\/e-pood\/ru\/toode\/aadikakarbse-puunis-arox-oun\/","title":{"rendered":"\u00c4\u00e4dikak\u00e4rbse p\u00fc\u00fcnis Arox \u00f5un"},"content":{"rendered":"<p>Looduslikud toimeained. Toimib 4 n\u00e4dalat, t\u00f5hus ja efektiivne. Ainult looduslikel toimeainetel p\u00f5hinev p\u00fc\u00fcnis \u00e4\u00e4dikak\u00e4rbeste (Drosophila melanogaster) seireks elamutes, pagari\u00e4rides, kiirtoidukohtades, valminud puuvilju t\u00f6\u00f6tlevas t\u00f6\u00f6stuses, restoranides, kauplustes ja muudes avalikes kohtades. T\u00f5hus vahend \u00e4\u00e4dikak\u00e4rbeste t\u00f5rjeks t\u00e4nu unikaalsele atraktandile ja p\u00fc\u00fcnise otstarbekale ehitusele.<\/p>\n","protected":false},"excerpt":{"rendered":"<p>Looduslikud toimeained. Toimib 4 n\u00e4dalat, t\u00f5hus ja efektiivne. Ainult looduslikel toimeainetel p\u00f5hinev p\u00fc\u00fcnis \u00e4\u00e4dikak\u00e4rbeste (Drosophila melanogaster) seireks elamutes, pagari\u00e4rides, kiirtoidukohtades, valminud puuvilju t\u00f6\u00f6tlevas t\u00f6\u00f6stuses, restoranides, kauplustes ja muudes avalikes kohtades. T\u00f5hus vahend \u00e4\u00e4dikak\u00e4rbeste t\u00f5rjeks t\u00e4nu unikaalsele atraktandile ja p\u00fc\u00fcnise otstarbekale ehitusele.<\/p>\n","protected":false},"featured_media":159498,"comment_status":"closed","ping_status":"closed","template":"","meta":{"_themeisle_gutenberg_block_has_review":false},"product_cat":[13597],"product_tag":[],"class_list":{"0":"post-155160","1":"product","2":"type-product","3":"status-publish","4":"has-post-thumbnail","6":"product_cat-karbsed","8":"first","9":"instock","10":"shipping-taxable","11":"purchasable","12":"product-type-simple"},"yoast_head":"<!-- This site is optimized with the Yoast SEO plugin v24.0 - https:\/\/yoast.com\/wordpress\/plugins\/seo\/ -->\n<title>\u00c4\u00e4dikak\u00e4rbse p\u00fc\u00fcnis Arox \u00f5un - Horticom.ee\/e-pood<\/title>\n<meta name=\"description\" content=\"T\u00f5hus vahend \u00e4\u00e4dikak\u00e4rbeste t\u00f5rjeks t\u00e4nu unikaalsele atraktandile ja p\u00fc\u00fcnise otstarbekale ehitusele.\" \/>\n<meta name=\"robots\" content=\"index, follow, max-snippet:-1, max-image-preview:large, max-video-preview:-1\" \/>\n<link rel=\"canonical\" href=\"https:\/\/horticom.ee\/e-pood\/toode\/aadikakarbse-puunis-arox-oun\/\" \/>\n<meta property=\"og:locale\" content=\"ru_RU\" \/>\n<meta property=\"og:type\" content=\"article\" \/>\n<meta property=\"og:title\" content=\"\u00c4\u00e4dikak\u00e4rbse p\u00fc\u00fcnis Arox \u00f5un - Horticom.ee\/e-pood\" \/>\n<meta property=\"og:description\" content=\"T\u00f5hus vahend \u00e4\u00e4dikak\u00e4rbeste t\u00f5rjeks t\u00e4nu unikaalsele atraktandile ja p\u00fc\u00fcnise otstarbekale ehitusele.\" \/>\n<meta property=\"og:url\" content=\"https:\/\/horticom.ee\/e-pood\/toode\/aadikakarbse-puunis-arox-oun\/\" \/>\n<meta property=\"og:site_name\" content=\"Horticom.ee\" \/>\n<meta property=\"article:publisher\" content=\"https:\/\/www.facebook.com\/horticom.ee\/e-pood\" \/>\n<meta property=\"article:modified_time\" content=\"2026-04-18T00:16:23+00:00\" \/>\n<meta property=\"og:image\" content=\"https:\/\/horticom.ee\/e-pood\/wp-content\/uploads\/importedmedia\/product-155160_0-P04041.jpg\" \/>\n\t<meta property=\"og:image:width\" content=\"1000\" \/>\n\t<meta property=\"og:image:height\" content=\"1208\" \/>\n\t<meta property=\"og:image:type\" content=\"image\/jpeg\" \/>\n<meta name=\"twitter:card\" content=\"summary_large_image\" \/>\n<script type=\"application\/ld+json\" class=\"yoast-schema-graph\">{\"@context\":\"https:\/\/schema.org\",\"@graph\":[{\"@type\":\"WebPage\",\"@id\":\"https:\/\/horticom.ee\/e-pood\/toode\/aadikakarbse-puunis-arox-oun\/\",\"url\":\"https:\/\/horticom.ee\/e-pood\/toode\/aadikakarbse-puunis-arox-oun\/\",\"name\":\"\u00c4\u00e4dikak\u00e4rbse p\u00fc\u00fcnis Arox \u00f5un - Horticom.ee\/e-pood\",\"isPartOf\":{\"@id\":\"https:\/\/horticom.ee\/e-pood\/#website\"},\"primaryImageOfPage\":{\"@id\":\"https:\/\/horticom.ee\/e-pood\/toode\/aadikakarbse-puunis-arox-oun\/#primaryimage\"},\"image\":{\"@id\":\"https:\/\/horticom.ee\/e-pood\/toode\/aadikakarbse-puunis-arox-oun\/#primaryimage\"},\"thumbnailUrl\":\"https:\/\/horticom.ee\/e-pood\/wp-content\/uploads\/importedmedia\/product-155160_0-P04041.jpg\",\"datePublished\":\"2022-01-17T22:12:00+00:00\",\"dateModified\":\"2026-04-18T00:16:23+00:00\",\"description\":\"T\u00f5hus vahend \u00e4\u00e4dikak\u00e4rbeste t\u00f5rjeks t\u00e4nu unikaalsele atraktandile ja p\u00fc\u00fcnise otstarbekale ehitusele.\",\"breadcrumb\":{\"@id\":\"https:\/\/horticom.ee\/e-pood\/toode\/aadikakarbse-puunis-arox-oun\/#breadcrumb\"},\"inLanguage\":\"ru-RU\",\"potentialAction\":[{\"@type\":\"ReadAction\",\"target\":[\"https:\/\/horticom.ee\/e-pood\/toode\/aadikakarbse-puunis-arox-oun\/\"]}]},{\"@type\":\"ImageObject\",\"inLanguage\":\"ru-RU\",\"@id\":\"https:\/\/horticom.ee\/e-pood\/toode\/aadikakarbse-puunis-arox-oun\/#primaryimage\",\"url\":\"https:\/\/horticom.ee\/e-pood\/wp-content\/uploads\/importedmedia\/product-155160_0-P04041.jpg\",\"contentUrl\":\"https:\/\/horticom.ee\/e-pood\/wp-content\/uploads\/importedmedia\/product-155160_0-P04041.jpg\",\"width\":1000,\"height\":1208,\"caption\":\"\u00c4\u00e4dikak\u00e4rbse p\u00fc\u00fcnis Arox \u00f5un\"},{\"@type\":\"BreadcrumbList\",\"@id\":\"https:\/\/horticom.ee\/e-pood\/toode\/aadikakarbse-puunis-arox-oun\/#breadcrumb\",\"itemListElement\":[{\"@type\":\"ListItem\",\"position\":1,\"name\":\"Home\",\"item\":\"https:\/\/horticom.ee\/e-pood\/\"},{\"@type\":\"ListItem\",\"position\":2,\"name\":\"Pood\",\"item\":\"https:\/\/horticom.ee\/e-pood\/pood\/\"},{\"@type\":\"ListItem\",\"position\":3,\"name\":\"\u00c4\u00e4dikak\u00e4rbse p\u00fc\u00fcnis Arox \u00f5un\"}]},{\"@type\":\"WebSite\",\"@id\":\"https:\/\/horticom.ee\/e-pood\/#website\",\"url\":\"https:\/\/horticom.ee\/e-pood\/\",\"name\":\"Horticom.ee\",\"description\":\"Aianduskaubad ja kodukaubad nii harrastajatele kui professionaalidele\",\"potentialAction\":[{\"@type\":\"SearchAction\",\"target\":{\"@type\":\"EntryPoint\",\"urlTemplate\":\"https:\/\/horticom.ee\/e-pood\/?s={search_term_string}\"},\"query-input\":{\"@type\":\"PropertyValueSpecification\",\"valueRequired\":true,\"valueName\":\"search_term_string\"}}],\"inLanguage\":\"ru-RU\"}]}<\/script>\n<!-- \/ Yoast SEO plugin. -->","yoast_head_json":{"title":"\u00c4\u00e4dikak\u00e4rbse p\u00fc\u00fcnis Arox \u00f5un - Horticom.ee\/e-pood","description":"T\u00f5hus vahend \u00e4\u00e4dikak\u00e4rbeste t\u00f5rjeks t\u00e4nu unikaalsele atraktandile ja p\u00fc\u00fcnise otstarbekale ehitusele.","robots":{"index":"index","follow":"follow","max-snippet":"max-snippet:-1","max-image-preview":"max-image-preview:large","max-video-preview":"max-video-preview:-1"},"canonical":"https:\/\/horticom.ee\/e-pood\/toode\/aadikakarbse-puunis-arox-oun\/","og_locale":"ru_RU","og_type":"article","og_title":"\u00c4\u00e4dikak\u00e4rbse p\u00fc\u00fcnis Arox \u00f5un - Horticom.ee\/e-pood","og_description":"T\u00f5hus vahend \u00e4\u00e4dikak\u00e4rbeste t\u00f5rjeks t\u00e4nu unikaalsele atraktandile ja p\u00fc\u00fcnise otstarbekale ehitusele.","og_url":"https:\/\/horticom.ee\/e-pood\/toode\/aadikakarbse-puunis-arox-oun\/","og_site_name":"Horticom.ee","article_publisher":"https:\/\/www.facebook.com\/horticom.ee\/e-pood","article_modified_time":"2026-04-18T00:16:23+00:00","og_image":[{"width":1000,"height":1208,"url":"https:\/\/horticom.ee\/e-pood\/wp-content\/uploads\/importedmedia\/product-155160_0-P04041.jpg","type":"image\/jpeg"}],"twitter_card":"summary_large_image","schema":{"@context":"https:\/\/schema.org","@graph":[{"@type":"WebPage","@id":"https:\/\/horticom.ee\/e-pood\/toode\/aadikakarbse-puunis-arox-oun\/","url":"https:\/\/horticom.ee\/e-pood\/toode\/aadikakarbse-puunis-arox-oun\/","name":"\u00c4\u00e4dikak\u00e4rbse p\u00fc\u00fcnis Arox \u00f5un - Horticom.ee\/e-pood","isPartOf":{"@id":"https:\/\/horticom.ee\/e-pood\/#website"},"primaryImageOfPage":{"@id":"https:\/\/horticom.ee\/e-pood\/toode\/aadikakarbse-puunis-arox-oun\/#primaryimage"},"image":{"@id":"https:\/\/horticom.ee\/e-pood\/toode\/aadikakarbse-puunis-arox-oun\/#primaryimage"},"thumbnailUrl":"https:\/\/horticom.ee\/e-pood\/wp-content\/uploads\/importedmedia\/product-155160_0-P04041.jpg","datePublished":"2022-01-17T22:12:00+00:00","dateModified":"2026-04-18T00:16:23+00:00","description":"T\u00f5hus vahend \u00e4\u00e4dikak\u00e4rbeste t\u00f5rjeks t\u00e4nu unikaalsele atraktandile ja p\u00fc\u00fcnise otstarbekale ehitusele.","breadcrumb":{"@id":"https:\/\/horticom.ee\/e-pood\/toode\/aadikakarbse-puunis-arox-oun\/#breadcrumb"},"inLanguage":"ru-RU","potentialAction":[{"@type":"ReadAction","target":["https:\/\/horticom.ee\/e-pood\/toode\/aadikakarbse-puunis-arox-oun\/"]}]},{"@type":"ImageObject","inLanguage":"ru-RU","@id":"https:\/\/horticom.ee\/e-pood\/toode\/aadikakarbse-puunis-arox-oun\/#primaryimage","url":"https:\/\/horticom.ee\/e-pood\/wp-content\/uploads\/importedmedia\/product-155160_0-P04041.jpg","contentUrl":"https:\/\/horticom.ee\/e-pood\/wp-content\/uploads\/importedmedia\/product-155160_0-P04041.jpg","width":1000,"height":1208,"caption":"\u00c4\u00e4dikak\u00e4rbse p\u00fc\u00fcnis Arox \u00f5un"},{"@type":"BreadcrumbList","@id":"https:\/\/horticom.ee\/e-pood\/toode\/aadikakarbse-puunis-arox-oun\/#breadcrumb","itemListElement":[{"@type":"ListItem","position":1,"name":"Home","item":"https:\/\/horticom.ee\/e-pood\/"},{"@type":"ListItem","position":2,"name":"Pood","item":"https:\/\/horticom.ee\/e-pood\/pood\/"},{"@type":"ListItem","position":3,"name":"\u00c4\u00e4dikak\u00e4rbse p\u00fc\u00fcnis Arox \u00f5un"}]},{"@type":"WebSite","@id":"https:\/\/horticom.ee\/e-pood\/#website","url":"https:\/\/horticom.ee\/e-pood\/","name":"Horticom.ee","description":"Aianduskaubad ja kodukaubad nii harrastajatele kui professionaalidele","potentialAction":[{"@type":"SearchAction","target":{"@type":"EntryPoint","urlTemplate":"https:\/\/horticom.ee\/e-pood\/?s={search_term_string}"},"query-input":{"@type":"PropertyValueSpecification","valueRequired":true,"valueName":"search_term_string"}}],"inLanguage":"ru-RU"}]}},"_links":{"self":[{"href":"https:\/\/horticom.ee\/e-pood\/ru\/wp-json\/wp\/v2\/product\/155160","targetHints":{"allow":["GET"]}}],"collection":[{"href":"https:\/\/horticom.ee\/e-pood\/ru\/wp-json\/wp\/v2\/product"}],"about":[{"href":"https:\/\/horticom.ee\/e-pood\/ru\/wp-json\/wp\/v2\/types\/product"}],"replies":[{"embeddable":true,"href":"https:\/\/horticom.ee\/e-pood\/ru\/wp-json\/wp\/v2\/comments?post=155160"}],"wp:featuredmedia":[{"embeddable":true,"href":"https:\/\/horticom.ee\/e-pood\/ru\/wp-json\/wp\/v2\/media\/159498"}],"wp:attachment":[{"href":"https:\/\/horticom.ee\/e-pood\/ru\/wp-json\/wp\/v2\/media?parent=155160"}],"wp:term":[{"taxonomy":"product_cat","embeddable":true,"href":"https:\/\/horticom.ee\/e-pood\/ru\/wp-json\/wp\/v2\/product_cat?post=155160"},{"taxonomy":"product_tag","embeddable":true,"href":"https:\/\/horticom.ee\/e-pood\/ru\/wp-json\/wp\/v2\/product_tag?post=155160"}],"curies":[{"name":"wp","href":"https:\/\/api.w.org\/{rel}","templated":true}]}}