{"id":155163,"date":"2022-01-18T00:12:01","date_gmt":"2022-01-17T22:12:01","guid":{"rendered":"https:\/\/aednik24.ee\/toode\/orhidee-power-toitelahus-compo-5-x-30ml\/"},"modified":"2026-05-02T03:09:56","modified_gmt":"2026-05-02T00:09:56","slug":"orhidee-power-toitelahus-compo-5-x-30ml","status":"publish","type":"product","link":"https:\/\/horticom.ee\/e-pood\/ru\/toode\/orhidee-power-toitelahus-compo-5-x-30ml\/","title":{"rendered":"Orhidee Power toitelahus Compo 5 x 30ml"},"content":{"rendered":"<p>Toitelahus, mida on lihtne ja mugav kasutada. V\u00e4etis tugevdab orhideede lehti ja tekitab rohkem \u00f5isi ning pikendab \u00f5itsemist. Orchid Power on erilise, v\u00e4ga innovatiivse koostisega toitelahus k\u00f5ikide orhidee liikide kosutamiseks ja taastamiseks. Spetsiaalne koostis stimuleerib, tugevdab ja pikendab \u00f5itsemisperioodi. Esteetiline ja kasutamisvalmis pakend lihtsustab toote kasutamist. Toitelahus toimib kuni 4 n\u00e4dalat.<\/p>\n","protected":false},"excerpt":{"rendered":"<p>Toitelahus, mida on lihtne ja mugav kasutada. V\u00e4etis tugevdab orhideede lehti ja tekitab rohkem \u00f5isi ning pikendab \u00f5itsemist. Orchid Power on erilise, v\u00e4ga innovatiivse koostisega toitelahus k\u00f5ikide orhidee liikide kosutamiseks ja taastamiseks. Spetsiaalne koostis stimuleerib, tugevdab ja pikendab \u00f5itsemisperioodi. Esteetiline ja kasutamisvalmis pakend lihtsustab toote kasutamist. Toitelahus toimib kuni 4 n\u00e4dalat.<\/p>\n","protected":false},"featured_media":159494,"comment_status":"closed","ping_status":"closed","template":"","meta":{"_themeisle_gutenberg_block_has_review":false},"product_cat":[18563,16971],"product_tag":[],"class_list":{"0":"post-155163","1":"product","2":"type-product","3":"status-publish","4":"has-post-thumbnail","6":"product_cat-lopumuugitooted","7":"product_cat-orhideedele","9":"first","10":"instock","11":"sale","12":"shipping-taxable","13":"purchasable","14":"product-type-simple"},"yoast_head":"<!-- This site is optimized with the Yoast SEO plugin v24.0 - https:\/\/yoast.com\/wordpress\/plugins\/seo\/ -->\n<title>Orhidee Power toitelahus Compo 5 x 30ml - Horticom<\/title>\n<meta name=\"robots\" content=\"index, follow, max-snippet:-1, max-image-preview:large, max-video-preview:-1\" \/>\n<link rel=\"canonical\" href=\"https:\/\/horticom.ee\/e-pood\/toode\/orhidee-power-toitelahus-compo-5-x-30ml\/\" \/>\n<meta property=\"og:locale\" content=\"ru_RU\" \/>\n<meta property=\"og:type\" content=\"article\" \/>\n<meta property=\"og:title\" content=\"Orhidee Power toitelahus Compo 5 x 30ml - Horticom\" \/>\n<meta property=\"og:description\" content=\"Toitelahus, mida on lihtne ja mugav kasutada. V\u00e4etis tugevdab orhideede lehti ja tekitab rohkem \u00f5isi ning pikendab \u00f5itsemist. Orchid Power on erilise, v\u00e4ga innovatiivse koostisega toitelahus k\u00f5ikide orhidee liikide kosutamiseks ja taastamiseks. Spetsiaalne koostis stimuleerib, tugevdab ja pikendab \u00f5itsemisperioodi. Esteetiline ja kasutamisvalmis pakend lihtsustab toote kasutamist. Toitelahus toimib kuni 4 n\u00e4dalat.\" \/>\n<meta property=\"og:url\" content=\"https:\/\/horticom.ee\/e-pood\/toode\/orhidee-power-toitelahus-compo-5-x-30ml\/\" \/>\n<meta property=\"og:site_name\" content=\"Horticom.ee\" \/>\n<meta property=\"article:publisher\" content=\"https:\/\/www.facebook.com\/horticom.ee\/e-pood\" \/>\n<meta property=\"article:modified_time\" content=\"2026-05-02T00:09:56+00:00\" \/>\n<meta property=\"og:image\" content=\"https:\/\/horticom.ee\/e-pood\/wp-content\/uploads\/importedmedia\/product-155163_0-6702454.jpg\" \/>\n\t<meta property=\"og:image:width\" content=\"1000\" \/>\n\t<meta property=\"og:image:height\" content=\"1414\" \/>\n\t<meta property=\"og:image:type\" content=\"image\/jpeg\" \/>\n<meta name=\"twitter:card\" content=\"summary_large_image\" \/>\n<script type=\"application\/ld+json\" class=\"yoast-schema-graph\">{\"@context\":\"https:\/\/schema.org\",\"@graph\":[{\"@type\":\"WebPage\",\"@id\":\"https:\/\/horticom.ee\/e-pood\/toode\/orhidee-power-toitelahus-compo-5-x-30ml\/\",\"url\":\"https:\/\/horticom.ee\/e-pood\/toode\/orhidee-power-toitelahus-compo-5-x-30ml\/\",\"name\":\"Orhidee Power toitelahus Compo 5 x 30ml - Horticom\",\"isPartOf\":{\"@id\":\"https:\/\/horticom.ee\/e-pood\/#website\"},\"primaryImageOfPage\":{\"@id\":\"https:\/\/horticom.ee\/e-pood\/toode\/orhidee-power-toitelahus-compo-5-x-30ml\/#primaryimage\"},\"image\":{\"@id\":\"https:\/\/horticom.ee\/e-pood\/toode\/orhidee-power-toitelahus-compo-5-x-30ml\/#primaryimage\"},\"thumbnailUrl\":\"https:\/\/horticom.ee\/e-pood\/wp-content\/uploads\/importedmedia\/product-155163_0-6702454.jpg\",\"datePublished\":\"2022-01-17T22:12:01+00:00\",\"dateModified\":\"2026-05-02T00:09:56+00:00\",\"breadcrumb\":{\"@id\":\"https:\/\/horticom.ee\/e-pood\/toode\/orhidee-power-toitelahus-compo-5-x-30ml\/#breadcrumb\"},\"inLanguage\":\"ru-RU\",\"potentialAction\":[{\"@type\":\"ReadAction\",\"target\":[\"https:\/\/horticom.ee\/e-pood\/toode\/orhidee-power-toitelahus-compo-5-x-30ml\/\"]}]},{\"@type\":\"ImageObject\",\"inLanguage\":\"ru-RU\",\"@id\":\"https:\/\/horticom.ee\/e-pood\/toode\/orhidee-power-toitelahus-compo-5-x-30ml\/#primaryimage\",\"url\":\"https:\/\/horticom.ee\/e-pood\/wp-content\/uploads\/importedmedia\/product-155163_0-6702454.jpg\",\"contentUrl\":\"https:\/\/horticom.ee\/e-pood\/wp-content\/uploads\/importedmedia\/product-155163_0-6702454.jpg\",\"width\":1000,\"height\":1414},{\"@type\":\"BreadcrumbList\",\"@id\":\"https:\/\/horticom.ee\/e-pood\/toode\/orhidee-power-toitelahus-compo-5-x-30ml\/#breadcrumb\",\"itemListElement\":[{\"@type\":\"ListItem\",\"position\":1,\"name\":\"Home\",\"item\":\"https:\/\/horticom.ee\/e-pood\/\"},{\"@type\":\"ListItem\",\"position\":2,\"name\":\"Pood\",\"item\":\"https:\/\/horticom.ee\/e-pood\/pood\/\"},{\"@type\":\"ListItem\",\"position\":3,\"name\":\"Orhidee Power toitelahus Compo 5 x 30ml\"}]},{\"@type\":\"WebSite\",\"@id\":\"https:\/\/horticom.ee\/e-pood\/#website\",\"url\":\"https:\/\/horticom.ee\/e-pood\/\",\"name\":\"Horticom.ee\",\"description\":\"Aianduskaubad ja kodukaubad nii harrastajatele kui professionaalidele\",\"potentialAction\":[{\"@type\":\"SearchAction\",\"target\":{\"@type\":\"EntryPoint\",\"urlTemplate\":\"https:\/\/horticom.ee\/e-pood\/?s={search_term_string}\"},\"query-input\":{\"@type\":\"PropertyValueSpecification\",\"valueRequired\":true,\"valueName\":\"search_term_string\"}}],\"inLanguage\":\"ru-RU\"}]}<\/script>\n<!-- \/ Yoast SEO plugin. -->","yoast_head_json":{"title":"Orhidee Power toitelahus Compo 5 x 30ml - Horticom","robots":{"index":"index","follow":"follow","max-snippet":"max-snippet:-1","max-image-preview":"max-image-preview:large","max-video-preview":"max-video-preview:-1"},"canonical":"https:\/\/horticom.ee\/e-pood\/toode\/orhidee-power-toitelahus-compo-5-x-30ml\/","og_locale":"ru_RU","og_type":"article","og_title":"Orhidee Power toitelahus Compo 5 x 30ml - Horticom","og_description":"Toitelahus, mida on lihtne ja mugav kasutada. V\u00e4etis tugevdab orhideede lehti ja tekitab rohkem \u00f5isi ning pikendab \u00f5itsemist. Orchid Power on erilise, v\u00e4ga innovatiivse koostisega toitelahus k\u00f5ikide orhidee liikide kosutamiseks ja taastamiseks. Spetsiaalne koostis stimuleerib, tugevdab ja pikendab \u00f5itsemisperioodi. Esteetiline ja kasutamisvalmis pakend lihtsustab toote kasutamist. Toitelahus toimib kuni 4 n\u00e4dalat.","og_url":"https:\/\/horticom.ee\/e-pood\/toode\/orhidee-power-toitelahus-compo-5-x-30ml\/","og_site_name":"Horticom.ee","article_publisher":"https:\/\/www.facebook.com\/horticom.ee\/e-pood","article_modified_time":"2026-05-02T00:09:56+00:00","og_image":[{"width":1000,"height":1414,"url":"https:\/\/horticom.ee\/e-pood\/wp-content\/uploads\/importedmedia\/product-155163_0-6702454.jpg","type":"image\/jpeg"}],"twitter_card":"summary_large_image","schema":{"@context":"https:\/\/schema.org","@graph":[{"@type":"WebPage","@id":"https:\/\/horticom.ee\/e-pood\/toode\/orhidee-power-toitelahus-compo-5-x-30ml\/","url":"https:\/\/horticom.ee\/e-pood\/toode\/orhidee-power-toitelahus-compo-5-x-30ml\/","name":"Orhidee Power toitelahus Compo 5 x 30ml - Horticom","isPartOf":{"@id":"https:\/\/horticom.ee\/e-pood\/#website"},"primaryImageOfPage":{"@id":"https:\/\/horticom.ee\/e-pood\/toode\/orhidee-power-toitelahus-compo-5-x-30ml\/#primaryimage"},"image":{"@id":"https:\/\/horticom.ee\/e-pood\/toode\/orhidee-power-toitelahus-compo-5-x-30ml\/#primaryimage"},"thumbnailUrl":"https:\/\/horticom.ee\/e-pood\/wp-content\/uploads\/importedmedia\/product-155163_0-6702454.jpg","datePublished":"2022-01-17T22:12:01+00:00","dateModified":"2026-05-02T00:09:56+00:00","breadcrumb":{"@id":"https:\/\/horticom.ee\/e-pood\/toode\/orhidee-power-toitelahus-compo-5-x-30ml\/#breadcrumb"},"inLanguage":"ru-RU","potentialAction":[{"@type":"ReadAction","target":["https:\/\/horticom.ee\/e-pood\/toode\/orhidee-power-toitelahus-compo-5-x-30ml\/"]}]},{"@type":"ImageObject","inLanguage":"ru-RU","@id":"https:\/\/horticom.ee\/e-pood\/toode\/orhidee-power-toitelahus-compo-5-x-30ml\/#primaryimage","url":"https:\/\/horticom.ee\/e-pood\/wp-content\/uploads\/importedmedia\/product-155163_0-6702454.jpg","contentUrl":"https:\/\/horticom.ee\/e-pood\/wp-content\/uploads\/importedmedia\/product-155163_0-6702454.jpg","width":1000,"height":1414},{"@type":"BreadcrumbList","@id":"https:\/\/horticom.ee\/e-pood\/toode\/orhidee-power-toitelahus-compo-5-x-30ml\/#breadcrumb","itemListElement":[{"@type":"ListItem","position":1,"name":"Home","item":"https:\/\/horticom.ee\/e-pood\/"},{"@type":"ListItem","position":2,"name":"Pood","item":"https:\/\/horticom.ee\/e-pood\/pood\/"},{"@type":"ListItem","position":3,"name":"Orhidee Power toitelahus Compo 5 x 30ml"}]},{"@type":"WebSite","@id":"https:\/\/horticom.ee\/e-pood\/#website","url":"https:\/\/horticom.ee\/e-pood\/","name":"Horticom.ee","description":"Aianduskaubad ja kodukaubad nii harrastajatele kui professionaalidele","potentialAction":[{"@type":"SearchAction","target":{"@type":"EntryPoint","urlTemplate":"https:\/\/horticom.ee\/e-pood\/?s={search_term_string}"},"query-input":{"@type":"PropertyValueSpecification","valueRequired":true,"valueName":"search_term_string"}}],"inLanguage":"ru-RU"}]}},"_links":{"self":[{"href":"https:\/\/horticom.ee\/e-pood\/ru\/wp-json\/wp\/v2\/product\/155163","targetHints":{"allow":["GET"]}}],"collection":[{"href":"https:\/\/horticom.ee\/e-pood\/ru\/wp-json\/wp\/v2\/product"}],"about":[{"href":"https:\/\/horticom.ee\/e-pood\/ru\/wp-json\/wp\/v2\/types\/product"}],"replies":[{"embeddable":true,"href":"https:\/\/horticom.ee\/e-pood\/ru\/wp-json\/wp\/v2\/comments?post=155163"}],"wp:featuredmedia":[{"embeddable":true,"href":"https:\/\/horticom.ee\/e-pood\/ru\/wp-json\/wp\/v2\/media\/159494"}],"wp:attachment":[{"href":"https:\/\/horticom.ee\/e-pood\/ru\/wp-json\/wp\/v2\/media?parent=155163"}],"wp:term":[{"taxonomy":"product_cat","embeddable":true,"href":"https:\/\/horticom.ee\/e-pood\/ru\/wp-json\/wp\/v2\/product_cat?post=155163"},{"taxonomy":"product_tag","embeddable":true,"href":"https:\/\/horticom.ee\/e-pood\/ru\/wp-json\/wp\/v2\/product_tag?post=155163"}],"curies":[{"name":"wp","href":"https:\/\/api.w.org\/{rel}","templated":true}]}}