{"id":155194,"date":"2022-01-18T00:12:19","date_gmt":"2022-01-17T22:12:19","guid":{"rendered":"https:\/\/aednik24.ee\/toode\/varjutuskangas-horticom-varjutus-42-15-x-3m-45m2\/"},"modified":"2026-04-29T03:10:40","modified_gmt":"2026-04-29T00:10:40","slug":"varjutuskangas-horticom-varjutus-42-15-x-3m-45m2","status":"publish","type":"product","link":"https:\/\/horticom.ee\/e-pood\/ru\/toode\/varjutuskangas-horticom-varjutus-42-15-x-3m-45m2\/","title":{"rendered":"Varjutuskangas Horticom varjutus 42% 1,5 x 3m 4,5m2"},"content":{"rendered":"<p>Varjutuskangaid kasutatakse okaspuude istutusj\u00e4rgseks varjutamiseks ja varakevadise p\u00e4ikesep\u00f5letuse kaitseks. Varjutamise korral v\u00e4heneb vee aurustumine ja taimed juurduvad kiiremini, ka okaste kuivamise oht on v\u00e4iksem. Sobib kasutada ka k\u00f5igi teiste aiakultuuride istutusj\u00e4rgseks varjutamiseks nii avamaal, kui kasvuhoones. Ideaalne tuule\u00f5rnade taimede kaitseks. Varjutuskangas on UV-kindel. Kasutusaeg v\u00e4hemalt 4 hooaega. Tugev kootud materjal kannatab ka tugevamaid tormituuli. Varjutuskangas paigaldada taimedele m\u00f5\u00f5dukalt pinguldatuna, kangast ei tohi liiga tugevalt ega l\u00f5dvalt pingutada. V\u00f5imalusel paigaldada tugiraamidele. Kangast tuleb eemaldada peale lume ja maa sulamist pilves ilmaga. Varjutusv\u00f5ime 42%.<\/p>\n","protected":false},"excerpt":{"rendered":"<p>Varjutuskangaid kasutatakse okaspuude istutusj\u00e4rgseks varjutamiseks ja varakevadise p\u00e4ikesep\u00f5letuse kaitseks. Varjutamise korral v\u00e4heneb vee aurustumine ja taimed juurduvad kiiremini, ka okaste kuivamise oht on v\u00e4iksem. Sobib kasutada ka k\u00f5igi teiste aiakultuuride istutusj\u00e4rgseks varjutamiseks nii avamaal, kui kasvuhoones. Ideaalne tuule\u00f5rnade taimede kaitseks. Varjutuskangas on UV-kindel. Kasutusaeg v\u00e4hemalt 4 hooaega. Tugev kootud materjal kannatab ka tugevamaid tormituuli. Varjutuskangas [&hellip;]<\/p>\n","protected":false},"featured_media":159434,"comment_status":"closed","ping_status":"closed","template":"","meta":{"_themeisle_gutenberg_block_has_review":false},"product_cat":[13380,13642],"product_tag":[],"class_list":{"0":"post-155194","1":"product","2":"type-product","3":"status-publish","4":"has-post-thumbnail","6":"product_cat-varjutuskangad","7":"product_cat-varjutuskangad-tootjale","9":"first","10":"instock","11":"shipping-taxable","12":"purchasable","13":"product-type-simple"},"yoast_head":"<!-- This site is optimized with the Yoast SEO plugin v24.0 - https:\/\/yoast.com\/wordpress\/plugins\/seo\/ -->\n<title>Varjutuskangas Horticom varjutus 42% 1,5 x 3m 4,5m2<\/title>\n<meta name=\"description\" content=\"Varjutuskangas UV-kindel ja vastupidav. Kaitseb taimi varakevadise p\u00e4ikesep\u00f5letuse ja tuule eest, sobib istutusj\u00e4rgseks varjutamiseks.\" \/>\n<meta name=\"robots\" content=\"index, follow, max-snippet:-1, max-image-preview:large, max-video-preview:-1\" \/>\n<link rel=\"canonical\" href=\"https:\/\/horticom.ee\/e-pood\/toode\/varjutuskangas-horticom-varjutus-42-15-x-3m-45m2\/\" \/>\n<meta property=\"og:locale\" content=\"ru_RU\" \/>\n<meta property=\"og:type\" content=\"article\" \/>\n<meta property=\"og:title\" content=\"Varjutuskangas Horticom varjutus 42% 1,5 x 3m 4,5m2\" \/>\n<meta property=\"og:description\" content=\"Varjutuskangas UV-kindel ja vastupidav. Kaitseb taimi varakevadise p\u00e4ikesep\u00f5letuse ja tuule eest, sobib istutusj\u00e4rgseks varjutamiseks.\" \/>\n<meta property=\"og:url\" content=\"https:\/\/horticom.ee\/e-pood\/toode\/varjutuskangas-horticom-varjutus-42-15-x-3m-45m2\/\" \/>\n<meta property=\"og:site_name\" content=\"Horticom.ee\" \/>\n<meta property=\"article:publisher\" content=\"https:\/\/www.facebook.com\/horticom.ee\/e-pood\" \/>\n<meta property=\"article:modified_time\" content=\"2026-04-29T00:10:40+00:00\" \/>\n<meta property=\"og:image\" content=\"https:\/\/horticom.ee\/e-pood\/wp-content\/uploads\/importedmedia\/product-155194_0-86AL88.jpg\" \/>\n\t<meta property=\"og:image:width\" content=\"1000\" \/>\n\t<meta property=\"og:image:height\" content=\"1498\" \/>\n\t<meta property=\"og:image:type\" content=\"image\/jpeg\" \/>\n<meta name=\"twitter:card\" content=\"summary_large_image\" \/>\n<script type=\"application\/ld+json\" class=\"yoast-schema-graph\">{\"@context\":\"https:\/\/schema.org\",\"@graph\":[{\"@type\":\"WebPage\",\"@id\":\"https:\/\/horticom.ee\/e-pood\/toode\/varjutuskangas-horticom-varjutus-42-15-x-3m-45m2\/\",\"url\":\"https:\/\/horticom.ee\/e-pood\/toode\/varjutuskangas-horticom-varjutus-42-15-x-3m-45m2\/\",\"name\":\"Varjutuskangas Horticom varjutus 42% 1,5 x 3m 4,5m2\",\"isPartOf\":{\"@id\":\"https:\/\/horticom.ee\/e-pood\/#website\"},\"primaryImageOfPage\":{\"@id\":\"https:\/\/horticom.ee\/e-pood\/toode\/varjutuskangas-horticom-varjutus-42-15-x-3m-45m2\/#primaryimage\"},\"image\":{\"@id\":\"https:\/\/horticom.ee\/e-pood\/toode\/varjutuskangas-horticom-varjutus-42-15-x-3m-45m2\/#primaryimage\"},\"thumbnailUrl\":\"https:\/\/horticom.ee\/e-pood\/wp-content\/uploads\/importedmedia\/product-155194_0-86AL88.jpg\",\"datePublished\":\"2022-01-17T22:12:19+00:00\",\"dateModified\":\"2026-04-29T00:10:40+00:00\",\"description\":\"Varjutuskangas UV-kindel ja vastupidav. Kaitseb taimi varakevadise p\u00e4ikesep\u00f5letuse ja tuule eest, sobib istutusj\u00e4rgseks varjutamiseks.\",\"breadcrumb\":{\"@id\":\"https:\/\/horticom.ee\/e-pood\/toode\/varjutuskangas-horticom-varjutus-42-15-x-3m-45m2\/#breadcrumb\"},\"inLanguage\":\"ru-RU\",\"potentialAction\":[{\"@type\":\"ReadAction\",\"target\":[\"https:\/\/horticom.ee\/e-pood\/toode\/varjutuskangas-horticom-varjutus-42-15-x-3m-45m2\/\"]}]},{\"@type\":\"ImageObject\",\"inLanguage\":\"ru-RU\",\"@id\":\"https:\/\/horticom.ee\/e-pood\/toode\/varjutuskangas-horticom-varjutus-42-15-x-3m-45m2\/#primaryimage\",\"url\":\"https:\/\/horticom.ee\/e-pood\/wp-content\/uploads\/importedmedia\/product-155194_0-86AL88.jpg\",\"contentUrl\":\"https:\/\/horticom.ee\/e-pood\/wp-content\/uploads\/importedmedia\/product-155194_0-86AL88.jpg\",\"width\":1000,\"height\":1498,\"caption\":\"Varjutuskangas Horticom varjutus 42% 1,5 x 3m 4,5m2\"},{\"@type\":\"BreadcrumbList\",\"@id\":\"https:\/\/horticom.ee\/e-pood\/toode\/varjutuskangas-horticom-varjutus-42-15-x-3m-45m2\/#breadcrumb\",\"itemListElement\":[{\"@type\":\"ListItem\",\"position\":1,\"name\":\"Home\",\"item\":\"https:\/\/horticom.ee\/e-pood\/\"},{\"@type\":\"ListItem\",\"position\":2,\"name\":\"Pood\",\"item\":\"https:\/\/horticom.ee\/e-pood\/pood\/\"},{\"@type\":\"ListItem\",\"position\":3,\"name\":\"Varjutuskangas Horticom varjutus 42% 1,5 x 3m 4,5m2\"}]},{\"@type\":\"WebSite\",\"@id\":\"https:\/\/horticom.ee\/e-pood\/#website\",\"url\":\"https:\/\/horticom.ee\/e-pood\/\",\"name\":\"Horticom.ee\",\"description\":\"Aianduskaubad ja kodukaubad nii harrastajatele kui professionaalidele\",\"potentialAction\":[{\"@type\":\"SearchAction\",\"target\":{\"@type\":\"EntryPoint\",\"urlTemplate\":\"https:\/\/horticom.ee\/e-pood\/?s={search_term_string}\"},\"query-input\":{\"@type\":\"PropertyValueSpecification\",\"valueRequired\":true,\"valueName\":\"search_term_string\"}}],\"inLanguage\":\"ru-RU\"}]}<\/script>\n<!-- \/ Yoast SEO plugin. -->","yoast_head_json":{"title":"Varjutuskangas Horticom varjutus 42% 1,5 x 3m 4,5m2","description":"Varjutuskangas UV-kindel ja vastupidav. Kaitseb taimi varakevadise p\u00e4ikesep\u00f5letuse ja tuule eest, sobib istutusj\u00e4rgseks varjutamiseks.","robots":{"index":"index","follow":"follow","max-snippet":"max-snippet:-1","max-image-preview":"max-image-preview:large","max-video-preview":"max-video-preview:-1"},"canonical":"https:\/\/horticom.ee\/e-pood\/toode\/varjutuskangas-horticom-varjutus-42-15-x-3m-45m2\/","og_locale":"ru_RU","og_type":"article","og_title":"Varjutuskangas Horticom varjutus 42% 1,5 x 3m 4,5m2","og_description":"Varjutuskangas UV-kindel ja vastupidav. Kaitseb taimi varakevadise p\u00e4ikesep\u00f5letuse ja tuule eest, sobib istutusj\u00e4rgseks varjutamiseks.","og_url":"https:\/\/horticom.ee\/e-pood\/toode\/varjutuskangas-horticom-varjutus-42-15-x-3m-45m2\/","og_site_name":"Horticom.ee","article_publisher":"https:\/\/www.facebook.com\/horticom.ee\/e-pood","article_modified_time":"2026-04-29T00:10:40+00:00","og_image":[{"width":1000,"height":1498,"url":"https:\/\/horticom.ee\/e-pood\/wp-content\/uploads\/importedmedia\/product-155194_0-86AL88.jpg","type":"image\/jpeg"}],"twitter_card":"summary_large_image","schema":{"@context":"https:\/\/schema.org","@graph":[{"@type":"WebPage","@id":"https:\/\/horticom.ee\/e-pood\/toode\/varjutuskangas-horticom-varjutus-42-15-x-3m-45m2\/","url":"https:\/\/horticom.ee\/e-pood\/toode\/varjutuskangas-horticom-varjutus-42-15-x-3m-45m2\/","name":"Varjutuskangas Horticom varjutus 42% 1,5 x 3m 4,5m2","isPartOf":{"@id":"https:\/\/horticom.ee\/e-pood\/#website"},"primaryImageOfPage":{"@id":"https:\/\/horticom.ee\/e-pood\/toode\/varjutuskangas-horticom-varjutus-42-15-x-3m-45m2\/#primaryimage"},"image":{"@id":"https:\/\/horticom.ee\/e-pood\/toode\/varjutuskangas-horticom-varjutus-42-15-x-3m-45m2\/#primaryimage"},"thumbnailUrl":"https:\/\/horticom.ee\/e-pood\/wp-content\/uploads\/importedmedia\/product-155194_0-86AL88.jpg","datePublished":"2022-01-17T22:12:19+00:00","dateModified":"2026-04-29T00:10:40+00:00","description":"Varjutuskangas UV-kindel ja vastupidav. Kaitseb taimi varakevadise p\u00e4ikesep\u00f5letuse ja tuule eest, sobib istutusj\u00e4rgseks varjutamiseks.","breadcrumb":{"@id":"https:\/\/horticom.ee\/e-pood\/toode\/varjutuskangas-horticom-varjutus-42-15-x-3m-45m2\/#breadcrumb"},"inLanguage":"ru-RU","potentialAction":[{"@type":"ReadAction","target":["https:\/\/horticom.ee\/e-pood\/toode\/varjutuskangas-horticom-varjutus-42-15-x-3m-45m2\/"]}]},{"@type":"ImageObject","inLanguage":"ru-RU","@id":"https:\/\/horticom.ee\/e-pood\/toode\/varjutuskangas-horticom-varjutus-42-15-x-3m-45m2\/#primaryimage","url":"https:\/\/horticom.ee\/e-pood\/wp-content\/uploads\/importedmedia\/product-155194_0-86AL88.jpg","contentUrl":"https:\/\/horticom.ee\/e-pood\/wp-content\/uploads\/importedmedia\/product-155194_0-86AL88.jpg","width":1000,"height":1498,"caption":"Varjutuskangas Horticom varjutus 42% 1,5 x 3m 4,5m2"},{"@type":"BreadcrumbList","@id":"https:\/\/horticom.ee\/e-pood\/toode\/varjutuskangas-horticom-varjutus-42-15-x-3m-45m2\/#breadcrumb","itemListElement":[{"@type":"ListItem","position":1,"name":"Home","item":"https:\/\/horticom.ee\/e-pood\/"},{"@type":"ListItem","position":2,"name":"Pood","item":"https:\/\/horticom.ee\/e-pood\/pood\/"},{"@type":"ListItem","position":3,"name":"Varjutuskangas Horticom varjutus 42% 1,5 x 3m 4,5m2"}]},{"@type":"WebSite","@id":"https:\/\/horticom.ee\/e-pood\/#website","url":"https:\/\/horticom.ee\/e-pood\/","name":"Horticom.ee","description":"Aianduskaubad ja kodukaubad nii harrastajatele kui professionaalidele","potentialAction":[{"@type":"SearchAction","target":{"@type":"EntryPoint","urlTemplate":"https:\/\/horticom.ee\/e-pood\/?s={search_term_string}"},"query-input":{"@type":"PropertyValueSpecification","valueRequired":true,"valueName":"search_term_string"}}],"inLanguage":"ru-RU"}]}},"_links":{"self":[{"href":"https:\/\/horticom.ee\/e-pood\/ru\/wp-json\/wp\/v2\/product\/155194","targetHints":{"allow":["GET"]}}],"collection":[{"href":"https:\/\/horticom.ee\/e-pood\/ru\/wp-json\/wp\/v2\/product"}],"about":[{"href":"https:\/\/horticom.ee\/e-pood\/ru\/wp-json\/wp\/v2\/types\/product"}],"replies":[{"embeddable":true,"href":"https:\/\/horticom.ee\/e-pood\/ru\/wp-json\/wp\/v2\/comments?post=155194"}],"wp:featuredmedia":[{"embeddable":true,"href":"https:\/\/horticom.ee\/e-pood\/ru\/wp-json\/wp\/v2\/media\/159434"}],"wp:attachment":[{"href":"https:\/\/horticom.ee\/e-pood\/ru\/wp-json\/wp\/v2\/media?parent=155194"}],"wp:term":[{"taxonomy":"product_cat","embeddable":true,"href":"https:\/\/horticom.ee\/e-pood\/ru\/wp-json\/wp\/v2\/product_cat?post=155194"},{"taxonomy":"product_tag","embeddable":true,"href":"https:\/\/horticom.ee\/e-pood\/ru\/wp-json\/wp\/v2\/product_tag?post=155194"}],"curies":[{"name":"wp","href":"https:\/\/api.w.org\/{rel}","templated":true}]}}