{"id":155198,"date":"2022-01-18T00:12:22","date_gmt":"2022-01-17T22:12:22","guid":{"rendered":"https:\/\/aednik24.ee\/toode\/toitelahus-orhideedele-duo-agrecol-2-x-20ml\/"},"modified":"2026-05-02T03:10:10","modified_gmt":"2026-05-02T00:10:10","slug":"toitelahus-orhideedele-duo-agrecol-2-x-20ml","status":"publish","type":"product","link":"https:\/\/horticom.ee\/e-pood\/ru\/toode\/toitelahus-orhideedele-duo-agrecol-2-x-20ml\/","title":{"rendered":"Toitelahus orhideedele Duo Agrecol 2 x 20ml"},"content":{"rendered":"<p>Spetsiaalselt v\u00e4ljat\u00f6\u00f6tatud ja eriti uudne preparaat, mis on ette n\u00e4htud k\u00f5ikide orhideeliikide kosutamiseks ja taastamiseks. Soovituslik kasutada \u00f5itsemise j\u00e4rel, et tugevdada taimi ja valmistada nad ette j\u00e4rgmiseks \u00f5itsemiseks. V\u00e4etises sisalduvad huumusainete ekstraktid kiirendavad substraadi regeneratsiooni ja m\u00f5juvad orhideede juurestikule positiivselt. Need ekstraktid on identsed looduses puude okstes ja troopiliste puude koores esinevatele ainetele. Profesionaalne, esteetiline ja kasutamiseks valmis pakend.<\/p>\n","protected":false},"excerpt":{"rendered":"<p>Spetsiaalselt v\u00e4ljat\u00f6\u00f6tatud ja eriti uudne preparaat, mis on ette n\u00e4htud k\u00f5ikide orhideeliikide kosutamiseks ja taastamiseks. Soovituslik kasutada \u00f5itsemise j\u00e4rel, et tugevdada taimi ja valmistada nad ette j\u00e4rgmiseks \u00f5itsemiseks. V\u00e4etises sisalduvad huumusainete ekstraktid kiirendavad substraadi regeneratsiooni ja m\u00f5juvad orhideede juurestikule positiivselt. Need ekstraktid on identsed looduses puude okstes ja troopiliste puude koores esinevatele ainetele. Profesionaalne, esteetiline [&hellip;]<\/p>\n","protected":false},"featured_media":159428,"comment_status":"closed","ping_status":"closed","template":"","meta":{"_themeisle_gutenberg_block_has_review":false},"product_cat":[16971],"product_tag":[],"class_list":{"0":"post-155198","1":"product","2":"type-product","3":"status-publish","4":"has-post-thumbnail","6":"product_cat-orhideedele","8":"first","9":"instock","10":"shipping-taxable","11":"purchasable","12":"product-type-simple"},"yoast_head":"<!-- This site is optimized with the Yoast SEO plugin v24.0 - https:\/\/yoast.com\/wordpress\/plugins\/seo\/ -->\n<title>Toitelahus orhideedele Duo Agrecol 2 x 20ml - Horticom<\/title>\n<meta name=\"robots\" content=\"index, follow, max-snippet:-1, max-image-preview:large, max-video-preview:-1\" \/>\n<link rel=\"canonical\" href=\"https:\/\/horticom.ee\/e-pood\/toode\/toitelahus-orhideedele-duo-agrecol-2-x-20ml\/\" \/>\n<meta property=\"og:locale\" content=\"ru_RU\" \/>\n<meta property=\"og:type\" content=\"article\" \/>\n<meta property=\"og:title\" content=\"Toitelahus orhideedele Duo Agrecol 2 x 20ml - Horticom\" \/>\n<meta property=\"og:description\" content=\"Spetsiaalselt v\u00e4ljat\u00f6\u00f6tatud ja eriti uudne preparaat, mis on ette n\u00e4htud k\u00f5ikide orhideeliikide kosutamiseks ja taastamiseks. Soovituslik kasutada \u00f5itsemise j\u00e4rel, et tugevdada taimi ja valmistada nad ette j\u00e4rgmiseks \u00f5itsemiseks. V\u00e4etises sisalduvad huumusainete ekstraktid kiirendavad substraadi regeneratsiooni ja m\u00f5juvad orhideede juurestikule positiivselt. Need ekstraktid on identsed looduses puude okstes ja troopiliste puude koores esinevatele ainetele. Profesionaalne, esteetiline [&hellip;]\" \/>\n<meta property=\"og:url\" content=\"https:\/\/horticom.ee\/e-pood\/toode\/toitelahus-orhideedele-duo-agrecol-2-x-20ml\/\" \/>\n<meta property=\"og:site_name\" content=\"Horticom.ee\" \/>\n<meta property=\"article:publisher\" content=\"https:\/\/www.facebook.com\/horticom.ee\/e-pood\" \/>\n<meta property=\"article:modified_time\" content=\"2026-05-02T00:10:10+00:00\" \/>\n<meta property=\"og:image\" content=\"https:\/\/horticom.ee\/e-pood\/wp-content\/uploads\/importedmedia\/product-155198_0-1078941.jpg\" \/>\n\t<meta property=\"og:image:width\" content=\"1000\" \/>\n\t<meta property=\"og:image:height\" content=\"1582\" \/>\n\t<meta property=\"og:image:type\" content=\"image\/jpeg\" \/>\n<meta name=\"twitter:card\" content=\"summary_large_image\" \/>\n<script type=\"application\/ld+json\" class=\"yoast-schema-graph\">{\"@context\":\"https:\/\/schema.org\",\"@graph\":[{\"@type\":\"WebPage\",\"@id\":\"https:\/\/horticom.ee\/e-pood\/toode\/toitelahus-orhideedele-duo-agrecol-2-x-20ml\/\",\"url\":\"https:\/\/horticom.ee\/e-pood\/toode\/toitelahus-orhideedele-duo-agrecol-2-x-20ml\/\",\"name\":\"Toitelahus orhideedele Duo Agrecol 2 x 20ml - Horticom\",\"isPartOf\":{\"@id\":\"https:\/\/horticom.ee\/e-pood\/#website\"},\"primaryImageOfPage\":{\"@id\":\"https:\/\/horticom.ee\/e-pood\/toode\/toitelahus-orhideedele-duo-agrecol-2-x-20ml\/#primaryimage\"},\"image\":{\"@id\":\"https:\/\/horticom.ee\/e-pood\/toode\/toitelahus-orhideedele-duo-agrecol-2-x-20ml\/#primaryimage\"},\"thumbnailUrl\":\"https:\/\/horticom.ee\/e-pood\/wp-content\/uploads\/importedmedia\/product-155198_0-1078941.jpg\",\"datePublished\":\"2022-01-17T22:12:22+00:00\",\"dateModified\":\"2026-05-02T00:10:10+00:00\",\"breadcrumb\":{\"@id\":\"https:\/\/horticom.ee\/e-pood\/toode\/toitelahus-orhideedele-duo-agrecol-2-x-20ml\/#breadcrumb\"},\"inLanguage\":\"ru-RU\",\"potentialAction\":[{\"@type\":\"ReadAction\",\"target\":[\"https:\/\/horticom.ee\/e-pood\/toode\/toitelahus-orhideedele-duo-agrecol-2-x-20ml\/\"]}]},{\"@type\":\"ImageObject\",\"inLanguage\":\"ru-RU\",\"@id\":\"https:\/\/horticom.ee\/e-pood\/toode\/toitelahus-orhideedele-duo-agrecol-2-x-20ml\/#primaryimage\",\"url\":\"https:\/\/horticom.ee\/e-pood\/wp-content\/uploads\/importedmedia\/product-155198_0-1078941.jpg\",\"contentUrl\":\"https:\/\/horticom.ee\/e-pood\/wp-content\/uploads\/importedmedia\/product-155198_0-1078941.jpg\",\"width\":1000,\"height\":1582},{\"@type\":\"BreadcrumbList\",\"@id\":\"https:\/\/horticom.ee\/e-pood\/toode\/toitelahus-orhideedele-duo-agrecol-2-x-20ml\/#breadcrumb\",\"itemListElement\":[{\"@type\":\"ListItem\",\"position\":1,\"name\":\"Home\",\"item\":\"https:\/\/horticom.ee\/e-pood\/\"},{\"@type\":\"ListItem\",\"position\":2,\"name\":\"Pood\",\"item\":\"https:\/\/horticom.ee\/e-pood\/pood\/\"},{\"@type\":\"ListItem\",\"position\":3,\"name\":\"Toitelahus orhideedele Duo Agrecol 2 x 20ml\"}]},{\"@type\":\"WebSite\",\"@id\":\"https:\/\/horticom.ee\/e-pood\/#website\",\"url\":\"https:\/\/horticom.ee\/e-pood\/\",\"name\":\"Horticom.ee\",\"description\":\"Aianduskaubad ja kodukaubad nii harrastajatele kui professionaalidele\",\"potentialAction\":[{\"@type\":\"SearchAction\",\"target\":{\"@type\":\"EntryPoint\",\"urlTemplate\":\"https:\/\/horticom.ee\/e-pood\/?s={search_term_string}\"},\"query-input\":{\"@type\":\"PropertyValueSpecification\",\"valueRequired\":true,\"valueName\":\"search_term_string\"}}],\"inLanguage\":\"ru-RU\"}]}<\/script>\n<!-- \/ Yoast SEO plugin. -->","yoast_head_json":{"title":"Toitelahus orhideedele Duo Agrecol 2 x 20ml - Horticom","robots":{"index":"index","follow":"follow","max-snippet":"max-snippet:-1","max-image-preview":"max-image-preview:large","max-video-preview":"max-video-preview:-1"},"canonical":"https:\/\/horticom.ee\/e-pood\/toode\/toitelahus-orhideedele-duo-agrecol-2-x-20ml\/","og_locale":"ru_RU","og_type":"article","og_title":"Toitelahus orhideedele Duo Agrecol 2 x 20ml - Horticom","og_description":"Spetsiaalselt v\u00e4ljat\u00f6\u00f6tatud ja eriti uudne preparaat, mis on ette n\u00e4htud k\u00f5ikide orhideeliikide kosutamiseks ja taastamiseks. Soovituslik kasutada \u00f5itsemise j\u00e4rel, et tugevdada taimi ja valmistada nad ette j\u00e4rgmiseks \u00f5itsemiseks. V\u00e4etises sisalduvad huumusainete ekstraktid kiirendavad substraadi regeneratsiooni ja m\u00f5juvad orhideede juurestikule positiivselt. Need ekstraktid on identsed looduses puude okstes ja troopiliste puude koores esinevatele ainetele. Profesionaalne, esteetiline [&hellip;]","og_url":"https:\/\/horticom.ee\/e-pood\/toode\/toitelahus-orhideedele-duo-agrecol-2-x-20ml\/","og_site_name":"Horticom.ee","article_publisher":"https:\/\/www.facebook.com\/horticom.ee\/e-pood","article_modified_time":"2026-05-02T00:10:10+00:00","og_image":[{"width":1000,"height":1582,"url":"https:\/\/horticom.ee\/e-pood\/wp-content\/uploads\/importedmedia\/product-155198_0-1078941.jpg","type":"image\/jpeg"}],"twitter_card":"summary_large_image","schema":{"@context":"https:\/\/schema.org","@graph":[{"@type":"WebPage","@id":"https:\/\/horticom.ee\/e-pood\/toode\/toitelahus-orhideedele-duo-agrecol-2-x-20ml\/","url":"https:\/\/horticom.ee\/e-pood\/toode\/toitelahus-orhideedele-duo-agrecol-2-x-20ml\/","name":"Toitelahus orhideedele Duo Agrecol 2 x 20ml - Horticom","isPartOf":{"@id":"https:\/\/horticom.ee\/e-pood\/#website"},"primaryImageOfPage":{"@id":"https:\/\/horticom.ee\/e-pood\/toode\/toitelahus-orhideedele-duo-agrecol-2-x-20ml\/#primaryimage"},"image":{"@id":"https:\/\/horticom.ee\/e-pood\/toode\/toitelahus-orhideedele-duo-agrecol-2-x-20ml\/#primaryimage"},"thumbnailUrl":"https:\/\/horticom.ee\/e-pood\/wp-content\/uploads\/importedmedia\/product-155198_0-1078941.jpg","datePublished":"2022-01-17T22:12:22+00:00","dateModified":"2026-05-02T00:10:10+00:00","breadcrumb":{"@id":"https:\/\/horticom.ee\/e-pood\/toode\/toitelahus-orhideedele-duo-agrecol-2-x-20ml\/#breadcrumb"},"inLanguage":"ru-RU","potentialAction":[{"@type":"ReadAction","target":["https:\/\/horticom.ee\/e-pood\/toode\/toitelahus-orhideedele-duo-agrecol-2-x-20ml\/"]}]},{"@type":"ImageObject","inLanguage":"ru-RU","@id":"https:\/\/horticom.ee\/e-pood\/toode\/toitelahus-orhideedele-duo-agrecol-2-x-20ml\/#primaryimage","url":"https:\/\/horticom.ee\/e-pood\/wp-content\/uploads\/importedmedia\/product-155198_0-1078941.jpg","contentUrl":"https:\/\/horticom.ee\/e-pood\/wp-content\/uploads\/importedmedia\/product-155198_0-1078941.jpg","width":1000,"height":1582},{"@type":"BreadcrumbList","@id":"https:\/\/horticom.ee\/e-pood\/toode\/toitelahus-orhideedele-duo-agrecol-2-x-20ml\/#breadcrumb","itemListElement":[{"@type":"ListItem","position":1,"name":"Home","item":"https:\/\/horticom.ee\/e-pood\/"},{"@type":"ListItem","position":2,"name":"Pood","item":"https:\/\/horticom.ee\/e-pood\/pood\/"},{"@type":"ListItem","position":3,"name":"Toitelahus orhideedele Duo Agrecol 2 x 20ml"}]},{"@type":"WebSite","@id":"https:\/\/horticom.ee\/e-pood\/#website","url":"https:\/\/horticom.ee\/e-pood\/","name":"Horticom.ee","description":"Aianduskaubad ja kodukaubad nii harrastajatele kui professionaalidele","potentialAction":[{"@type":"SearchAction","target":{"@type":"EntryPoint","urlTemplate":"https:\/\/horticom.ee\/e-pood\/?s={search_term_string}"},"query-input":{"@type":"PropertyValueSpecification","valueRequired":true,"valueName":"search_term_string"}}],"inLanguage":"ru-RU"}]}},"_links":{"self":[{"href":"https:\/\/horticom.ee\/e-pood\/ru\/wp-json\/wp\/v2\/product\/155198","targetHints":{"allow":["GET"]}}],"collection":[{"href":"https:\/\/horticom.ee\/e-pood\/ru\/wp-json\/wp\/v2\/product"}],"about":[{"href":"https:\/\/horticom.ee\/e-pood\/ru\/wp-json\/wp\/v2\/types\/product"}],"replies":[{"embeddable":true,"href":"https:\/\/horticom.ee\/e-pood\/ru\/wp-json\/wp\/v2\/comments?post=155198"}],"wp:featuredmedia":[{"embeddable":true,"href":"https:\/\/horticom.ee\/e-pood\/ru\/wp-json\/wp\/v2\/media\/159428"}],"wp:attachment":[{"href":"https:\/\/horticom.ee\/e-pood\/ru\/wp-json\/wp\/v2\/media?parent=155198"}],"wp:term":[{"taxonomy":"product_cat","embeddable":true,"href":"https:\/\/horticom.ee\/e-pood\/ru\/wp-json\/wp\/v2\/product_cat?post=155198"},{"taxonomy":"product_tag","embeddable":true,"href":"https:\/\/horticom.ee\/e-pood\/ru\/wp-json\/wp\/v2\/product_tag?post=155198"}],"curies":[{"name":"wp","href":"https:\/\/api.w.org\/{rel}","templated":true}]}}