{"id":155259,"date":"2022-01-18T00:12:56","date_gmt":"2022-01-17T22:12:56","guid":{"rendered":"https:\/\/aednik24.ee\/toode\/suvelillevaetis-kastmiseks-horticom-200g\/"},"modified":"2026-04-09T12:01:12","modified_gmt":"2026-04-09T09:01:12","slug":"suvelillevaetis-kastmiseks-horticom-200g","status":"publish","type":"product","link":"https:\/\/horticom.ee\/e-pood\/ru\/toode\/suvelillevaetis-kastmiseks-horticom-200g\/","title":{"rendered":"Suvelillev\u00e4etis kastmiseks Horticom 200g"},"content":{"rendered":"<p>100% veeslahustuv kompleksv\u00e4etis. Suvelillev\u00e4etis sobib k\u00f5ikide suvelillede ja p\u00fcsikute v\u00e4etamiseks, parandades taimede kasvu, kiirendades \u00f5itsemise algust ning tagades rikkaliku \u00f5itsemise kuni kasvuperioodi l\u00f5puni. Suur kaaliumisisaldus tagab eluj\u00f5ulised taimed ja erkasav\u00e4rvilised \u00f5ied.<\/p>\n","protected":false},"excerpt":{"rendered":"<p>100% veeslahustuv kompleksv\u00e4etis. Suvelillev\u00e4etis sobib k\u00f5ikide suvelillede ja p\u00fcsikute v\u00e4etamiseks, parandades taimede kasvu, kiirendades \u00f5itsemise algust ning tagades rikkaliku \u00f5itsemise kuni kasvuperioodi l\u00f5puni. Suur kaaliumisisaldus tagab eluj\u00f5ulised taimed ja erkasav\u00e4rvilised \u00f5ied.<\/p>\n","protected":false},"featured_media":2378438,"comment_status":"closed","ping_status":"closed","template":"","meta":{"_themeisle_gutenberg_block_has_review":false},"product_cat":[16962,16963,16964],"product_tag":[],"class_list":{"0":"post-155259","1":"product","2":"type-product","3":"status-publish","4":"has-post-thumbnail","6":"product_cat-ilupoosastele-ja-pusikutele","7":"product_cat-roosidele","8":"product_cat-suvelilledele-ja-rodutaimedele","10":"first","11":"instock","12":"shipping-taxable","13":"purchasable","14":"product-type-simple"},"yoast_head":"<!-- This site is optimized with the Yoast SEO plugin v24.0 - https:\/\/yoast.com\/wordpress\/plugins\/seo\/ -->\n<title>Suvelillev\u00e4etis kastmiseks Horticom 200g - Horticom<\/title>\n<meta name=\"robots\" content=\"index, follow, max-snippet:-1, max-image-preview:large, max-video-preview:-1\" \/>\n<link rel=\"canonical\" href=\"https:\/\/horticom.ee\/e-pood\/toode\/suvelillevaetis-kastmiseks-horticom-200g\/\" \/>\n<meta property=\"og:locale\" content=\"ru_RU\" \/>\n<meta property=\"og:type\" content=\"article\" \/>\n<meta property=\"og:title\" content=\"Suvelillev\u00e4etis kastmiseks Horticom 200g - Horticom\" \/>\n<meta property=\"og:description\" content=\"100% veeslahustuv kompleksv\u00e4etis. Suvelillev\u00e4etis sobib k\u00f5ikide suvelillede ja p\u00fcsikute v\u00e4etamiseks, parandades taimede kasvu, kiirendades \u00f5itsemise algust ning tagades rikkaliku \u00f5itsemise kuni kasvuperioodi l\u00f5puni. Suur kaaliumisisaldus tagab eluj\u00f5ulised taimed ja erkasav\u00e4rvilised \u00f5ied.\" \/>\n<meta property=\"og:url\" content=\"https:\/\/horticom.ee\/e-pood\/toode\/suvelillevaetis-kastmiseks-horticom-200g\/\" \/>\n<meta property=\"og:site_name\" content=\"Horticom.ee\" \/>\n<meta property=\"article:publisher\" content=\"https:\/\/www.facebook.com\/horticom.ee\/e-pood\" \/>\n<meta property=\"article:modified_time\" content=\"2026-04-09T09:01:12+00:00\" \/>\n<meta property=\"og:image\" content=\"https:\/\/horticom.ee\/e-pood\/wp-content\/uploads\/importedmedia\/product-155259_0-6700037.jpg\" \/>\n\t<meta property=\"og:image:width\" content=\"1000\" \/>\n\t<meta property=\"og:image:height\" content=\"1000\" \/>\n\t<meta property=\"og:image:type\" content=\"image\/jpeg\" \/>\n<meta name=\"twitter:card\" content=\"summary_large_image\" \/>\n<script type=\"application\/ld+json\" class=\"yoast-schema-graph\">{\"@context\":\"https:\/\/schema.org\",\"@graph\":[{\"@type\":\"WebPage\",\"@id\":\"https:\/\/horticom.ee\/e-pood\/toode\/suvelillevaetis-kastmiseks-horticom-200g\/\",\"url\":\"https:\/\/horticom.ee\/e-pood\/toode\/suvelillevaetis-kastmiseks-horticom-200g\/\",\"name\":\"Suvelillev\u00e4etis kastmiseks Horticom 200g - Horticom\",\"isPartOf\":{\"@id\":\"https:\/\/horticom.ee\/e-pood\/#website\"},\"primaryImageOfPage\":{\"@id\":\"https:\/\/horticom.ee\/e-pood\/toode\/suvelillevaetis-kastmiseks-horticom-200g\/#primaryimage\"},\"image\":{\"@id\":\"https:\/\/horticom.ee\/e-pood\/toode\/suvelillevaetis-kastmiseks-horticom-200g\/#primaryimage\"},\"thumbnailUrl\":\"https:\/\/horticom.ee\/e-pood\/wp-content\/uploads\/importedmedia\/product-155259_0-6700037.jpg\",\"datePublished\":\"2022-01-17T22:12:56+00:00\",\"dateModified\":\"2026-04-09T09:01:12+00:00\",\"breadcrumb\":{\"@id\":\"https:\/\/horticom.ee\/e-pood\/toode\/suvelillevaetis-kastmiseks-horticom-200g\/#breadcrumb\"},\"inLanguage\":\"ru-RU\",\"potentialAction\":[{\"@type\":\"ReadAction\",\"target\":[\"https:\/\/horticom.ee\/e-pood\/toode\/suvelillevaetis-kastmiseks-horticom-200g\/\"]}]},{\"@type\":\"ImageObject\",\"inLanguage\":\"ru-RU\",\"@id\":\"https:\/\/horticom.ee\/e-pood\/toode\/suvelillevaetis-kastmiseks-horticom-200g\/#primaryimage\",\"url\":\"https:\/\/horticom.ee\/e-pood\/wp-content\/uploads\/importedmedia\/product-155259_0-6700037.jpg\",\"contentUrl\":\"https:\/\/horticom.ee\/e-pood\/wp-content\/uploads\/importedmedia\/product-155259_0-6700037.jpg\",\"width\":1000,\"height\":1000},{\"@type\":\"BreadcrumbList\",\"@id\":\"https:\/\/horticom.ee\/e-pood\/toode\/suvelillevaetis-kastmiseks-horticom-200g\/#breadcrumb\",\"itemListElement\":[{\"@type\":\"ListItem\",\"position\":1,\"name\":\"Home\",\"item\":\"https:\/\/horticom.ee\/e-pood\/\"},{\"@type\":\"ListItem\",\"position\":2,\"name\":\"Pood\",\"item\":\"https:\/\/horticom.ee\/e-pood\/pood\/\"},{\"@type\":\"ListItem\",\"position\":3,\"name\":\"Suvelillev\u00e4etis kastmiseks Horticom 200g\"}]},{\"@type\":\"WebSite\",\"@id\":\"https:\/\/horticom.ee\/e-pood\/#website\",\"url\":\"https:\/\/horticom.ee\/e-pood\/\",\"name\":\"Horticom.ee\",\"description\":\"Aianduskaubad ja kodukaubad nii harrastajatele kui professionaalidele\",\"potentialAction\":[{\"@type\":\"SearchAction\",\"target\":{\"@type\":\"EntryPoint\",\"urlTemplate\":\"https:\/\/horticom.ee\/e-pood\/?s={search_term_string}\"},\"query-input\":{\"@type\":\"PropertyValueSpecification\",\"valueRequired\":true,\"valueName\":\"search_term_string\"}}],\"inLanguage\":\"ru-RU\"}]}<\/script>\n<!-- \/ Yoast SEO plugin. -->","yoast_head_json":{"title":"Suvelillev\u00e4etis kastmiseks Horticom 200g - Horticom","robots":{"index":"index","follow":"follow","max-snippet":"max-snippet:-1","max-image-preview":"max-image-preview:large","max-video-preview":"max-video-preview:-1"},"canonical":"https:\/\/horticom.ee\/e-pood\/toode\/suvelillevaetis-kastmiseks-horticom-200g\/","og_locale":"ru_RU","og_type":"article","og_title":"Suvelillev\u00e4etis kastmiseks Horticom 200g - Horticom","og_description":"100% veeslahustuv kompleksv\u00e4etis. Suvelillev\u00e4etis sobib k\u00f5ikide suvelillede ja p\u00fcsikute v\u00e4etamiseks, parandades taimede kasvu, kiirendades \u00f5itsemise algust ning tagades rikkaliku \u00f5itsemise kuni kasvuperioodi l\u00f5puni. Suur kaaliumisisaldus tagab eluj\u00f5ulised taimed ja erkasav\u00e4rvilised \u00f5ied.","og_url":"https:\/\/horticom.ee\/e-pood\/toode\/suvelillevaetis-kastmiseks-horticom-200g\/","og_site_name":"Horticom.ee","article_publisher":"https:\/\/www.facebook.com\/horticom.ee\/e-pood","article_modified_time":"2026-04-09T09:01:12+00:00","og_image":[{"width":1000,"height":1000,"url":"https:\/\/horticom.ee\/e-pood\/wp-content\/uploads\/importedmedia\/product-155259_0-6700037.jpg","type":"image\/jpeg"}],"twitter_card":"summary_large_image","schema":{"@context":"https:\/\/schema.org","@graph":[{"@type":"WebPage","@id":"https:\/\/horticom.ee\/e-pood\/toode\/suvelillevaetis-kastmiseks-horticom-200g\/","url":"https:\/\/horticom.ee\/e-pood\/toode\/suvelillevaetis-kastmiseks-horticom-200g\/","name":"Suvelillev\u00e4etis kastmiseks Horticom 200g - Horticom","isPartOf":{"@id":"https:\/\/horticom.ee\/e-pood\/#website"},"primaryImageOfPage":{"@id":"https:\/\/horticom.ee\/e-pood\/toode\/suvelillevaetis-kastmiseks-horticom-200g\/#primaryimage"},"image":{"@id":"https:\/\/horticom.ee\/e-pood\/toode\/suvelillevaetis-kastmiseks-horticom-200g\/#primaryimage"},"thumbnailUrl":"https:\/\/horticom.ee\/e-pood\/wp-content\/uploads\/importedmedia\/product-155259_0-6700037.jpg","datePublished":"2022-01-17T22:12:56+00:00","dateModified":"2026-04-09T09:01:12+00:00","breadcrumb":{"@id":"https:\/\/horticom.ee\/e-pood\/toode\/suvelillevaetis-kastmiseks-horticom-200g\/#breadcrumb"},"inLanguage":"ru-RU","potentialAction":[{"@type":"ReadAction","target":["https:\/\/horticom.ee\/e-pood\/toode\/suvelillevaetis-kastmiseks-horticom-200g\/"]}]},{"@type":"ImageObject","inLanguage":"ru-RU","@id":"https:\/\/horticom.ee\/e-pood\/toode\/suvelillevaetis-kastmiseks-horticom-200g\/#primaryimage","url":"https:\/\/horticom.ee\/e-pood\/wp-content\/uploads\/importedmedia\/product-155259_0-6700037.jpg","contentUrl":"https:\/\/horticom.ee\/e-pood\/wp-content\/uploads\/importedmedia\/product-155259_0-6700037.jpg","width":1000,"height":1000},{"@type":"BreadcrumbList","@id":"https:\/\/horticom.ee\/e-pood\/toode\/suvelillevaetis-kastmiseks-horticom-200g\/#breadcrumb","itemListElement":[{"@type":"ListItem","position":1,"name":"Home","item":"https:\/\/horticom.ee\/e-pood\/"},{"@type":"ListItem","position":2,"name":"Pood","item":"https:\/\/horticom.ee\/e-pood\/pood\/"},{"@type":"ListItem","position":3,"name":"Suvelillev\u00e4etis kastmiseks Horticom 200g"}]},{"@type":"WebSite","@id":"https:\/\/horticom.ee\/e-pood\/#website","url":"https:\/\/horticom.ee\/e-pood\/","name":"Horticom.ee","description":"Aianduskaubad ja kodukaubad nii harrastajatele kui professionaalidele","potentialAction":[{"@type":"SearchAction","target":{"@type":"EntryPoint","urlTemplate":"https:\/\/horticom.ee\/e-pood\/?s={search_term_string}"},"query-input":{"@type":"PropertyValueSpecification","valueRequired":true,"valueName":"search_term_string"}}],"inLanguage":"ru-RU"}]}},"_links":{"self":[{"href":"https:\/\/horticom.ee\/e-pood\/ru\/wp-json\/wp\/v2\/product\/155259","targetHints":{"allow":["GET"]}}],"collection":[{"href":"https:\/\/horticom.ee\/e-pood\/ru\/wp-json\/wp\/v2\/product"}],"about":[{"href":"https:\/\/horticom.ee\/e-pood\/ru\/wp-json\/wp\/v2\/types\/product"}],"replies":[{"embeddable":true,"href":"https:\/\/horticom.ee\/e-pood\/ru\/wp-json\/wp\/v2\/comments?post=155259"}],"wp:featuredmedia":[{"embeddable":true,"href":"https:\/\/horticom.ee\/e-pood\/ru\/wp-json\/wp\/v2\/media\/2378438"}],"wp:attachment":[{"href":"https:\/\/horticom.ee\/e-pood\/ru\/wp-json\/wp\/v2\/media?parent=155259"}],"wp:term":[{"taxonomy":"product_cat","embeddable":true,"href":"https:\/\/horticom.ee\/e-pood\/ru\/wp-json\/wp\/v2\/product_cat?post=155259"},{"taxonomy":"product_tag","embeddable":true,"href":"https:\/\/horticom.ee\/e-pood\/ru\/wp-json\/wp\/v2\/product_tag?post=155259"}],"curies":[{"name":"wp","href":"https:\/\/api.w.org\/{rel}","templated":true}]}}