{"id":155261,"date":"2022-01-18T00:12:57","date_gmt":"2022-01-17T22:12:57","guid":{"rendered":"https:\/\/aednik24.ee\/toode\/pikaajaliselt-toimiv-koogiviljavaetis-horticom-1kg\/"},"modified":"2026-04-24T03:12:23","modified_gmt":"2026-04-24T00:12:23","slug":"pikaajaliselt-toimiv-koogiviljavaetis-horticom-1kg","status":"publish","type":"product","link":"https:\/\/horticom.ee\/e-pood\/ru\/toode\/pikaajaliselt-toimiv-koogiviljavaetis-horticom-1kg\/","title":{"rendered":"Pikaajaliselt toimiv k\u00f6\u00f6giviljav\u00e4etis Horticom 1kg"},"content":{"rendered":"<p>Keskkonnas\u00f5bralik kompleksv\u00e4etis, mis toimib pikaajaliselt k\u00f5ikidele aiakultuuridele. Sisaldab k\u00f5iki p\u00f5hitoitaineid ja olulisi mikrotoitaineid. Taimi varustatakse optimaalselt toitainetega, sellega saame tervemad taimed ja parema saagi kvaliteedi. V\u00e4etis on looduskeskkonda s\u00e4\u00e4stev ja nitraadid ei satu p\u00f5hjavette.<\/p>\n","protected":false},"excerpt":{"rendered":"<p>Keskkonnas\u00f5bralik kompleksv\u00e4etis, mis toimib pikaajaliselt k\u00f5ikidele aiakultuuridele. Sisaldab k\u00f5iki p\u00f5hitoitaineid ja olulisi mikrotoitaineid. Taimi varustatakse optimaalselt toitainetega, sellega saame tervemad taimed ja parema saagi kvaliteedi. V\u00e4etis on looduskeskkonda s\u00e4\u00e4stev ja nitraadid ei satu p\u00f5hjavette.<\/p>\n","protected":false},"featured_media":2378442,"comment_status":"closed","ping_status":"closed","template":"","meta":{"_themeisle_gutenberg_block_has_review":false},"product_cat":[16965],"product_tag":[],"class_list":{"0":"post-155261","1":"product","2":"type-product","3":"status-publish","4":"has-post-thumbnail","6":"product_cat-koogiviljadele-ja-maitsetaimedele","8":"first","9":"outofstock","10":"shipping-taxable","11":"purchasable","12":"product-type-simple"},"yoast_head":"<!-- This site is optimized with the Yoast SEO plugin v24.0 - https:\/\/yoast.com\/wordpress\/plugins\/seo\/ -->\n<title>Pikaajaliselt toimiv k\u00f6\u00f6giviljav\u00e4etis Horticom 1kg - Horticom<\/title>\n<meta name=\"robots\" content=\"index, follow, max-snippet:-1, max-image-preview:large, max-video-preview:-1\" \/>\n<link rel=\"canonical\" href=\"https:\/\/horticom.ee\/e-pood\/toode\/pikaajaliselt-toimiv-koogiviljavaetis-horticom-1kg\/\" \/>\n<meta property=\"og:locale\" content=\"ru_RU\" \/>\n<meta property=\"og:type\" content=\"article\" \/>\n<meta property=\"og:title\" content=\"Pikaajaliselt toimiv k\u00f6\u00f6giviljav\u00e4etis Horticom 1kg - Horticom\" \/>\n<meta property=\"og:description\" content=\"Keskkonnas\u00f5bralik kompleksv\u00e4etis, mis toimib pikaajaliselt k\u00f5ikidele aiakultuuridele. Sisaldab k\u00f5iki p\u00f5hitoitaineid ja olulisi mikrotoitaineid. Taimi varustatakse optimaalselt toitainetega, sellega saame tervemad taimed ja parema saagi kvaliteedi. V\u00e4etis on looduskeskkonda s\u00e4\u00e4stev ja nitraadid ei satu p\u00f5hjavette.\" \/>\n<meta property=\"og:url\" content=\"https:\/\/horticom.ee\/e-pood\/toode\/pikaajaliselt-toimiv-koogiviljavaetis-horticom-1kg\/\" \/>\n<meta property=\"og:site_name\" content=\"Horticom.ee\" \/>\n<meta property=\"article:publisher\" content=\"https:\/\/www.facebook.com\/horticom.ee\/e-pood\" \/>\n<meta property=\"article:modified_time\" content=\"2026-04-24T00:12:23+00:00\" \/>\n<meta property=\"og:image\" content=\"https:\/\/horticom.ee\/e-pood\/wp-content\/uploads\/importedmedia\/product-155261_0-6700039.jpg\" \/>\n\t<meta property=\"og:image:width\" content=\"1000\" \/>\n\t<meta property=\"og:image:height\" content=\"1000\" \/>\n\t<meta property=\"og:image:type\" content=\"image\/jpeg\" \/>\n<meta name=\"twitter:card\" content=\"summary_large_image\" \/>\n<script type=\"application\/ld+json\" class=\"yoast-schema-graph\">{\"@context\":\"https:\/\/schema.org\",\"@graph\":[{\"@type\":\"WebPage\",\"@id\":\"https:\/\/horticom.ee\/e-pood\/toode\/pikaajaliselt-toimiv-koogiviljavaetis-horticom-1kg\/\",\"url\":\"https:\/\/horticom.ee\/e-pood\/toode\/pikaajaliselt-toimiv-koogiviljavaetis-horticom-1kg\/\",\"name\":\"Pikaajaliselt toimiv k\u00f6\u00f6giviljav\u00e4etis Horticom 1kg - Horticom\",\"isPartOf\":{\"@id\":\"https:\/\/horticom.ee\/e-pood\/#website\"},\"primaryImageOfPage\":{\"@id\":\"https:\/\/horticom.ee\/e-pood\/toode\/pikaajaliselt-toimiv-koogiviljavaetis-horticom-1kg\/#primaryimage\"},\"image\":{\"@id\":\"https:\/\/horticom.ee\/e-pood\/toode\/pikaajaliselt-toimiv-koogiviljavaetis-horticom-1kg\/#primaryimage\"},\"thumbnailUrl\":\"https:\/\/horticom.ee\/e-pood\/wp-content\/uploads\/importedmedia\/product-155261_0-6700039.jpg\",\"datePublished\":\"2022-01-17T22:12:57+00:00\",\"dateModified\":\"2026-04-24T00:12:23+00:00\",\"breadcrumb\":{\"@id\":\"https:\/\/horticom.ee\/e-pood\/toode\/pikaajaliselt-toimiv-koogiviljavaetis-horticom-1kg\/#breadcrumb\"},\"inLanguage\":\"ru-RU\",\"potentialAction\":[{\"@type\":\"ReadAction\",\"target\":[\"https:\/\/horticom.ee\/e-pood\/toode\/pikaajaliselt-toimiv-koogiviljavaetis-horticom-1kg\/\"]}]},{\"@type\":\"ImageObject\",\"inLanguage\":\"ru-RU\",\"@id\":\"https:\/\/horticom.ee\/e-pood\/toode\/pikaajaliselt-toimiv-koogiviljavaetis-horticom-1kg\/#primaryimage\",\"url\":\"https:\/\/horticom.ee\/e-pood\/wp-content\/uploads\/importedmedia\/product-155261_0-6700039.jpg\",\"contentUrl\":\"https:\/\/horticom.ee\/e-pood\/wp-content\/uploads\/importedmedia\/product-155261_0-6700039.jpg\",\"width\":1000,\"height\":1000},{\"@type\":\"BreadcrumbList\",\"@id\":\"https:\/\/horticom.ee\/e-pood\/toode\/pikaajaliselt-toimiv-koogiviljavaetis-horticom-1kg\/#breadcrumb\",\"itemListElement\":[{\"@type\":\"ListItem\",\"position\":1,\"name\":\"Home\",\"item\":\"https:\/\/horticom.ee\/e-pood\/\"},{\"@type\":\"ListItem\",\"position\":2,\"name\":\"Pood\",\"item\":\"https:\/\/horticom.ee\/e-pood\/pood\/\"},{\"@type\":\"ListItem\",\"position\":3,\"name\":\"Pikaajaliselt toimiv k\u00f6\u00f6giviljav\u00e4etis Horticom 1kg\"}]},{\"@type\":\"WebSite\",\"@id\":\"https:\/\/horticom.ee\/e-pood\/#website\",\"url\":\"https:\/\/horticom.ee\/e-pood\/\",\"name\":\"Horticom.ee\",\"description\":\"Aianduskaubad ja kodukaubad nii harrastajatele kui professionaalidele\",\"potentialAction\":[{\"@type\":\"SearchAction\",\"target\":{\"@type\":\"EntryPoint\",\"urlTemplate\":\"https:\/\/horticom.ee\/e-pood\/?s={search_term_string}\"},\"query-input\":{\"@type\":\"PropertyValueSpecification\",\"valueRequired\":true,\"valueName\":\"search_term_string\"}}],\"inLanguage\":\"ru-RU\"}]}<\/script>\n<!-- \/ Yoast SEO plugin. -->","yoast_head_json":{"title":"Pikaajaliselt toimiv k\u00f6\u00f6giviljav\u00e4etis Horticom 1kg - Horticom","robots":{"index":"index","follow":"follow","max-snippet":"max-snippet:-1","max-image-preview":"max-image-preview:large","max-video-preview":"max-video-preview:-1"},"canonical":"https:\/\/horticom.ee\/e-pood\/toode\/pikaajaliselt-toimiv-koogiviljavaetis-horticom-1kg\/","og_locale":"ru_RU","og_type":"article","og_title":"Pikaajaliselt toimiv k\u00f6\u00f6giviljav\u00e4etis Horticom 1kg - Horticom","og_description":"Keskkonnas\u00f5bralik kompleksv\u00e4etis, mis toimib pikaajaliselt k\u00f5ikidele aiakultuuridele. Sisaldab k\u00f5iki p\u00f5hitoitaineid ja olulisi mikrotoitaineid. Taimi varustatakse optimaalselt toitainetega, sellega saame tervemad taimed ja parema saagi kvaliteedi. V\u00e4etis on looduskeskkonda s\u00e4\u00e4stev ja nitraadid ei satu p\u00f5hjavette.","og_url":"https:\/\/horticom.ee\/e-pood\/toode\/pikaajaliselt-toimiv-koogiviljavaetis-horticom-1kg\/","og_site_name":"Horticom.ee","article_publisher":"https:\/\/www.facebook.com\/horticom.ee\/e-pood","article_modified_time":"2026-04-24T00:12:23+00:00","og_image":[{"width":1000,"height":1000,"url":"https:\/\/horticom.ee\/e-pood\/wp-content\/uploads\/importedmedia\/product-155261_0-6700039.jpg","type":"image\/jpeg"}],"twitter_card":"summary_large_image","schema":{"@context":"https:\/\/schema.org","@graph":[{"@type":"WebPage","@id":"https:\/\/horticom.ee\/e-pood\/toode\/pikaajaliselt-toimiv-koogiviljavaetis-horticom-1kg\/","url":"https:\/\/horticom.ee\/e-pood\/toode\/pikaajaliselt-toimiv-koogiviljavaetis-horticom-1kg\/","name":"Pikaajaliselt toimiv k\u00f6\u00f6giviljav\u00e4etis Horticom 1kg - Horticom","isPartOf":{"@id":"https:\/\/horticom.ee\/e-pood\/#website"},"primaryImageOfPage":{"@id":"https:\/\/horticom.ee\/e-pood\/toode\/pikaajaliselt-toimiv-koogiviljavaetis-horticom-1kg\/#primaryimage"},"image":{"@id":"https:\/\/horticom.ee\/e-pood\/toode\/pikaajaliselt-toimiv-koogiviljavaetis-horticom-1kg\/#primaryimage"},"thumbnailUrl":"https:\/\/horticom.ee\/e-pood\/wp-content\/uploads\/importedmedia\/product-155261_0-6700039.jpg","datePublished":"2022-01-17T22:12:57+00:00","dateModified":"2026-04-24T00:12:23+00:00","breadcrumb":{"@id":"https:\/\/horticom.ee\/e-pood\/toode\/pikaajaliselt-toimiv-koogiviljavaetis-horticom-1kg\/#breadcrumb"},"inLanguage":"ru-RU","potentialAction":[{"@type":"ReadAction","target":["https:\/\/horticom.ee\/e-pood\/toode\/pikaajaliselt-toimiv-koogiviljavaetis-horticom-1kg\/"]}]},{"@type":"ImageObject","inLanguage":"ru-RU","@id":"https:\/\/horticom.ee\/e-pood\/toode\/pikaajaliselt-toimiv-koogiviljavaetis-horticom-1kg\/#primaryimage","url":"https:\/\/horticom.ee\/e-pood\/wp-content\/uploads\/importedmedia\/product-155261_0-6700039.jpg","contentUrl":"https:\/\/horticom.ee\/e-pood\/wp-content\/uploads\/importedmedia\/product-155261_0-6700039.jpg","width":1000,"height":1000},{"@type":"BreadcrumbList","@id":"https:\/\/horticom.ee\/e-pood\/toode\/pikaajaliselt-toimiv-koogiviljavaetis-horticom-1kg\/#breadcrumb","itemListElement":[{"@type":"ListItem","position":1,"name":"Home","item":"https:\/\/horticom.ee\/e-pood\/"},{"@type":"ListItem","position":2,"name":"Pood","item":"https:\/\/horticom.ee\/e-pood\/pood\/"},{"@type":"ListItem","position":3,"name":"Pikaajaliselt toimiv k\u00f6\u00f6giviljav\u00e4etis Horticom 1kg"}]},{"@type":"WebSite","@id":"https:\/\/horticom.ee\/e-pood\/#website","url":"https:\/\/horticom.ee\/e-pood\/","name":"Horticom.ee","description":"Aianduskaubad ja kodukaubad nii harrastajatele kui professionaalidele","potentialAction":[{"@type":"SearchAction","target":{"@type":"EntryPoint","urlTemplate":"https:\/\/horticom.ee\/e-pood\/?s={search_term_string}"},"query-input":{"@type":"PropertyValueSpecification","valueRequired":true,"valueName":"search_term_string"}}],"inLanguage":"ru-RU"}]}},"_links":{"self":[{"href":"https:\/\/horticom.ee\/e-pood\/ru\/wp-json\/wp\/v2\/product\/155261","targetHints":{"allow":["GET"]}}],"collection":[{"href":"https:\/\/horticom.ee\/e-pood\/ru\/wp-json\/wp\/v2\/product"}],"about":[{"href":"https:\/\/horticom.ee\/e-pood\/ru\/wp-json\/wp\/v2\/types\/product"}],"replies":[{"embeddable":true,"href":"https:\/\/horticom.ee\/e-pood\/ru\/wp-json\/wp\/v2\/comments?post=155261"}],"wp:featuredmedia":[{"embeddable":true,"href":"https:\/\/horticom.ee\/e-pood\/ru\/wp-json\/wp\/v2\/media\/2378442"}],"wp:attachment":[{"href":"https:\/\/horticom.ee\/e-pood\/ru\/wp-json\/wp\/v2\/media?parent=155261"}],"wp:term":[{"taxonomy":"product_cat","embeddable":true,"href":"https:\/\/horticom.ee\/e-pood\/ru\/wp-json\/wp\/v2\/product_cat?post=155261"},{"taxonomy":"product_tag","embeddable":true,"href":"https:\/\/horticom.ee\/e-pood\/ru\/wp-json\/wp\/v2\/product_tag?post=155261"}],"curies":[{"name":"wp","href":"https:\/\/api.w.org\/{rel}","templated":true}]}}