{"id":155284,"date":"2022-01-18T00:13:09","date_gmt":"2022-01-17T22:13:09","guid":{"rendered":"https:\/\/aednik24.ee\/toode\/bio-istutusmuld-compo-75l\/"},"modified":"2026-04-29T18:15:51","modified_gmt":"2026-04-29T15:15:51","slug":"bio-istutusmuld-compo-75l","status":"publish","type":"product","link":"https:\/\/horticom.ee\/e-pood\/ru\/toode\/bio-istutusmuld-compo-75l\/","title":{"rendered":"BIO istutusmuld Compo 7,5L"},"content":{"rendered":"<p>Turbavaba universaalselt kasutatav orgaaniline muld 100% looduslike koostisosadega. Sobib kasutamiseks ka mahep\u00f5llunduses. Sisaldab Guano linnus\u00f5nnikut, mille mahedad toitained hoolitsevad taimede terve kasvu, s\u00fcgavroheliste lehtede ja tervislike viljade eest. Muld sobib k\u00f5rgema toitainevajadusega taimedele. COMPO Guano on kvaliteetne, puhtalt orgaaniline looduslik v\u00e4etis merelindude s\u00f5nnikust. Selle ainulaadne koostis koos kontsentreeritud v\u00e4etisv\u00f5imsusega suurendab taimede eluj\u00f5udu ja toetab ka lille- ja lehtede moodustumist. Annab taimedele kasvustardi puuviljade, k\u00f6\u00f6giviljade ja \u00fcrtide rikkaliku ja maitsva saagi jaoks.<\/p>\n","protected":false},"excerpt":{"rendered":"<p>Turbavaba universaalselt kasutatav orgaaniline muld 100% looduslike koostisosadega. Sobib kasutamiseks ka mahep\u00f5llunduses. Sisaldab Guano linnus\u00f5nnikut, mille mahedad toitained hoolitsevad taimede terve kasvu, s\u00fcgavroheliste lehtede ja tervislike viljade eest. Muld sobib k\u00f5rgema toitainevajadusega taimedele. COMPO Guano on kvaliteetne, puhtalt orgaaniline looduslik v\u00e4etis merelindude s\u00f5nnikust. Selle ainulaadne koostis koos kontsentreeritud v\u00e4etisv\u00f5imsusega suurendab taimede eluj\u00f5udu ja toetab ka [&hellip;]<\/p>\n","protected":false},"featured_media":2377868,"comment_status":"closed","ping_status":"closed","template":"","meta":{"_themeisle_gutenberg_block_has_review":false},"product_cat":[13575],"product_tag":[],"class_list":{"0":"post-155284","1":"product","2":"type-product","3":"status-publish","4":"has-post-thumbnail","6":"product_cat-mullad-ja-turbad","8":"first","9":"instock","10":"shipping-taxable","11":"purchasable","12":"product-type-simple"},"yoast_head":"<!-- This site is optimized with the Yoast SEO plugin v24.0 - https:\/\/yoast.com\/wordpress\/plugins\/seo\/ -->\n<title>BIO istutusmuld Compo 7,5L - Horticom<\/title>\n<meta name=\"robots\" content=\"index, follow, max-snippet:-1, max-image-preview:large, max-video-preview:-1\" \/>\n<link rel=\"canonical\" href=\"https:\/\/horticom.ee\/e-pood\/toode\/bio-istutusmuld-compo-75l\/\" \/>\n<meta property=\"og:locale\" content=\"ru_RU\" \/>\n<meta property=\"og:type\" content=\"article\" \/>\n<meta property=\"og:title\" content=\"BIO istutusmuld Compo 7,5L - Horticom\" \/>\n<meta property=\"og:description\" content=\"Turbavaba universaalselt kasutatav orgaaniline muld 100% looduslike koostisosadega. Sobib kasutamiseks ka mahep\u00f5llunduses. Sisaldab Guano linnus\u00f5nnikut, mille mahedad toitained hoolitsevad taimede terve kasvu, s\u00fcgavroheliste lehtede ja tervislike viljade eest. Muld sobib k\u00f5rgema toitainevajadusega taimedele. COMPO Guano on kvaliteetne, puhtalt orgaaniline looduslik v\u00e4etis merelindude s\u00f5nnikust. Selle ainulaadne koostis koos kontsentreeritud v\u00e4etisv\u00f5imsusega suurendab taimede eluj\u00f5udu ja toetab ka [&hellip;]\" \/>\n<meta property=\"og:url\" content=\"https:\/\/horticom.ee\/e-pood\/toode\/bio-istutusmuld-compo-75l\/\" \/>\n<meta property=\"og:site_name\" content=\"Horticom.ee\" \/>\n<meta property=\"article:publisher\" content=\"https:\/\/www.facebook.com\/horticom.ee\/e-pood\" \/>\n<meta property=\"article:modified_time\" content=\"2026-04-29T15:15:51+00:00\" \/>\n<meta property=\"og:image\" content=\"https:\/\/horticom.ee\/e-pood\/wp-content\/uploads\/importedmedia\/product-155284_0-6701381.jpg\" \/>\n\t<meta property=\"og:image:width\" content=\"1000\" \/>\n\t<meta property=\"og:image:height\" content=\"1414\" \/>\n\t<meta property=\"og:image:type\" content=\"image\/jpeg\" \/>\n<meta name=\"twitter:card\" content=\"summary_large_image\" \/>\n<script type=\"application\/ld+json\" class=\"yoast-schema-graph\">{\"@context\":\"https:\/\/schema.org\",\"@graph\":[{\"@type\":\"WebPage\",\"@id\":\"https:\/\/horticom.ee\/e-pood\/toode\/bio-istutusmuld-compo-75l\/\",\"url\":\"https:\/\/horticom.ee\/e-pood\/toode\/bio-istutusmuld-compo-75l\/\",\"name\":\"BIO istutusmuld Compo 7,5L - Horticom\",\"isPartOf\":{\"@id\":\"https:\/\/horticom.ee\/e-pood\/#website\"},\"primaryImageOfPage\":{\"@id\":\"https:\/\/horticom.ee\/e-pood\/toode\/bio-istutusmuld-compo-75l\/#primaryimage\"},\"image\":{\"@id\":\"https:\/\/horticom.ee\/e-pood\/toode\/bio-istutusmuld-compo-75l\/#primaryimage\"},\"thumbnailUrl\":\"https:\/\/horticom.ee\/e-pood\/wp-content\/uploads\/importedmedia\/product-155284_0-6701381.jpg\",\"datePublished\":\"2022-01-17T22:13:09+00:00\",\"dateModified\":\"2026-04-29T15:15:51+00:00\",\"breadcrumb\":{\"@id\":\"https:\/\/horticom.ee\/e-pood\/toode\/bio-istutusmuld-compo-75l\/#breadcrumb\"},\"inLanguage\":\"ru-RU\",\"potentialAction\":[{\"@type\":\"ReadAction\",\"target\":[\"https:\/\/horticom.ee\/e-pood\/toode\/bio-istutusmuld-compo-75l\/\"]}]},{\"@type\":\"ImageObject\",\"inLanguage\":\"ru-RU\",\"@id\":\"https:\/\/horticom.ee\/e-pood\/toode\/bio-istutusmuld-compo-75l\/#primaryimage\",\"url\":\"https:\/\/horticom.ee\/e-pood\/wp-content\/uploads\/importedmedia\/product-155284_0-6701381.jpg\",\"contentUrl\":\"https:\/\/horticom.ee\/e-pood\/wp-content\/uploads\/importedmedia\/product-155284_0-6701381.jpg\",\"width\":1000,\"height\":1414},{\"@type\":\"BreadcrumbList\",\"@id\":\"https:\/\/horticom.ee\/e-pood\/toode\/bio-istutusmuld-compo-75l\/#breadcrumb\",\"itemListElement\":[{\"@type\":\"ListItem\",\"position\":1,\"name\":\"Home\",\"item\":\"https:\/\/horticom.ee\/e-pood\/\"},{\"@type\":\"ListItem\",\"position\":2,\"name\":\"Pood\",\"item\":\"https:\/\/horticom.ee\/e-pood\/pood\/\"},{\"@type\":\"ListItem\",\"position\":3,\"name\":\"BIO istutusmuld Compo 7,5L\"}]},{\"@type\":\"WebSite\",\"@id\":\"https:\/\/horticom.ee\/e-pood\/#website\",\"url\":\"https:\/\/horticom.ee\/e-pood\/\",\"name\":\"Horticom.ee\",\"description\":\"Aianduskaubad ja kodukaubad nii harrastajatele kui professionaalidele\",\"potentialAction\":[{\"@type\":\"SearchAction\",\"target\":{\"@type\":\"EntryPoint\",\"urlTemplate\":\"https:\/\/horticom.ee\/e-pood\/?s={search_term_string}\"},\"query-input\":{\"@type\":\"PropertyValueSpecification\",\"valueRequired\":true,\"valueName\":\"search_term_string\"}}],\"inLanguage\":\"ru-RU\"}]}<\/script>\n<!-- \/ Yoast SEO plugin. -->","yoast_head_json":{"title":"BIO istutusmuld Compo 7,5L - Horticom","robots":{"index":"index","follow":"follow","max-snippet":"max-snippet:-1","max-image-preview":"max-image-preview:large","max-video-preview":"max-video-preview:-1"},"canonical":"https:\/\/horticom.ee\/e-pood\/toode\/bio-istutusmuld-compo-75l\/","og_locale":"ru_RU","og_type":"article","og_title":"BIO istutusmuld Compo 7,5L - Horticom","og_description":"Turbavaba universaalselt kasutatav orgaaniline muld 100% looduslike koostisosadega. Sobib kasutamiseks ka mahep\u00f5llunduses. Sisaldab Guano linnus\u00f5nnikut, mille mahedad toitained hoolitsevad taimede terve kasvu, s\u00fcgavroheliste lehtede ja tervislike viljade eest. Muld sobib k\u00f5rgema toitainevajadusega taimedele. COMPO Guano on kvaliteetne, puhtalt orgaaniline looduslik v\u00e4etis merelindude s\u00f5nnikust. Selle ainulaadne koostis koos kontsentreeritud v\u00e4etisv\u00f5imsusega suurendab taimede eluj\u00f5udu ja toetab ka [&hellip;]","og_url":"https:\/\/horticom.ee\/e-pood\/toode\/bio-istutusmuld-compo-75l\/","og_site_name":"Horticom.ee","article_publisher":"https:\/\/www.facebook.com\/horticom.ee\/e-pood","article_modified_time":"2026-04-29T15:15:51+00:00","og_image":[{"width":1000,"height":1414,"url":"https:\/\/horticom.ee\/e-pood\/wp-content\/uploads\/importedmedia\/product-155284_0-6701381.jpg","type":"image\/jpeg"}],"twitter_card":"summary_large_image","schema":{"@context":"https:\/\/schema.org","@graph":[{"@type":"WebPage","@id":"https:\/\/horticom.ee\/e-pood\/toode\/bio-istutusmuld-compo-75l\/","url":"https:\/\/horticom.ee\/e-pood\/toode\/bio-istutusmuld-compo-75l\/","name":"BIO istutusmuld Compo 7,5L - Horticom","isPartOf":{"@id":"https:\/\/horticom.ee\/e-pood\/#website"},"primaryImageOfPage":{"@id":"https:\/\/horticom.ee\/e-pood\/toode\/bio-istutusmuld-compo-75l\/#primaryimage"},"image":{"@id":"https:\/\/horticom.ee\/e-pood\/toode\/bio-istutusmuld-compo-75l\/#primaryimage"},"thumbnailUrl":"https:\/\/horticom.ee\/e-pood\/wp-content\/uploads\/importedmedia\/product-155284_0-6701381.jpg","datePublished":"2022-01-17T22:13:09+00:00","dateModified":"2026-04-29T15:15:51+00:00","breadcrumb":{"@id":"https:\/\/horticom.ee\/e-pood\/toode\/bio-istutusmuld-compo-75l\/#breadcrumb"},"inLanguage":"ru-RU","potentialAction":[{"@type":"ReadAction","target":["https:\/\/horticom.ee\/e-pood\/toode\/bio-istutusmuld-compo-75l\/"]}]},{"@type":"ImageObject","inLanguage":"ru-RU","@id":"https:\/\/horticom.ee\/e-pood\/toode\/bio-istutusmuld-compo-75l\/#primaryimage","url":"https:\/\/horticom.ee\/e-pood\/wp-content\/uploads\/importedmedia\/product-155284_0-6701381.jpg","contentUrl":"https:\/\/horticom.ee\/e-pood\/wp-content\/uploads\/importedmedia\/product-155284_0-6701381.jpg","width":1000,"height":1414},{"@type":"BreadcrumbList","@id":"https:\/\/horticom.ee\/e-pood\/toode\/bio-istutusmuld-compo-75l\/#breadcrumb","itemListElement":[{"@type":"ListItem","position":1,"name":"Home","item":"https:\/\/horticom.ee\/e-pood\/"},{"@type":"ListItem","position":2,"name":"Pood","item":"https:\/\/horticom.ee\/e-pood\/pood\/"},{"@type":"ListItem","position":3,"name":"BIO istutusmuld Compo 7,5L"}]},{"@type":"WebSite","@id":"https:\/\/horticom.ee\/e-pood\/#website","url":"https:\/\/horticom.ee\/e-pood\/","name":"Horticom.ee","description":"Aianduskaubad ja kodukaubad nii harrastajatele kui professionaalidele","potentialAction":[{"@type":"SearchAction","target":{"@type":"EntryPoint","urlTemplate":"https:\/\/horticom.ee\/e-pood\/?s={search_term_string}"},"query-input":{"@type":"PropertyValueSpecification","valueRequired":true,"valueName":"search_term_string"}}],"inLanguage":"ru-RU"}]}},"_links":{"self":[{"href":"https:\/\/horticom.ee\/e-pood\/ru\/wp-json\/wp\/v2\/product\/155284","targetHints":{"allow":["GET"]}}],"collection":[{"href":"https:\/\/horticom.ee\/e-pood\/ru\/wp-json\/wp\/v2\/product"}],"about":[{"href":"https:\/\/horticom.ee\/e-pood\/ru\/wp-json\/wp\/v2\/types\/product"}],"replies":[{"embeddable":true,"href":"https:\/\/horticom.ee\/e-pood\/ru\/wp-json\/wp\/v2\/comments?post=155284"}],"wp:featuredmedia":[{"embeddable":true,"href":"https:\/\/horticom.ee\/e-pood\/ru\/wp-json\/wp\/v2\/media\/2377868"}],"wp:attachment":[{"href":"https:\/\/horticom.ee\/e-pood\/ru\/wp-json\/wp\/v2\/media?parent=155284"}],"wp:term":[{"taxonomy":"product_cat","embeddable":true,"href":"https:\/\/horticom.ee\/e-pood\/ru\/wp-json\/wp\/v2\/product_cat?post=155284"},{"taxonomy":"product_tag","embeddable":true,"href":"https:\/\/horticom.ee\/e-pood\/ru\/wp-json\/wp\/v2\/product_tag?post=155284"}],"curies":[{"name":"wp","href":"https:\/\/api.w.org\/{rel}","templated":true}]}}