{"id":155305,"date":"2022-01-18T00:13:20","date_gmt":"2022-01-17T22:13:20","guid":{"rendered":"https:\/\/aednik24.ee\/toode\/saasetorje-diffusil-basic-100ml\/"},"modified":"2026-05-02T03:10:23","modified_gmt":"2026-05-02T00:10:23","slug":"saasetorje-diffusil-basic-100ml","status":"publish","type":"product","link":"https:\/\/horticom.ee\/e-pood\/ru\/toode\/saasetorje-diffusil-basic-100ml\/","title":{"rendered":"S\u00e4\u00e4set\u00f5rje Diffusil basic s\u00e4\u00e4sed 100ml"},"content":{"rendered":"<p>Diffusil\u00ae Basic spray annab t\u00f5husa kaitse s\u00e4\u00e4skede vastu kuni 6 tunniks. Aerosool tavatarbijale kasutamiseks h\u00e4sti ventileeritavates siseruumides ja v\u00e4liskeskkonnas. See on ideaalne perekonnale igap\u00e4evaseks \u00f5ues kasutamiseks, samuti reisil olles.  NB! KASUTAGE  BIOTSIIDI  OHUTULT. ENNE KASUTAMIST LUGEGE ALATI L\u00c4BI M\u00c4RGISTUS JA TEAVE TOOTE KOHTA.<\/p>\n","protected":false},"excerpt":{"rendered":"<p>Diffusil\u00ae Basic spray annab t\u00f5husa kaitse s\u00e4\u00e4skede vastu kuni 6 tunniks. Aerosool tavatarbijale kasutamiseks h\u00e4sti ventileeritavates siseruumides ja v\u00e4liskeskkonnas. See on ideaalne perekonnale igap\u00e4evaseks \u00f5ues kasutamiseks, samuti reisil olles. NB! KASUTAGE BIOTSIIDI OHUTULT. ENNE KASUTAMIST LUGEGE ALATI L\u00c4BI M\u00c4RGISTUS JA TEAVE TOOTE KOHTA.<\/p>\n","protected":false},"featured_media":158536,"comment_status":"closed","ping_status":"closed","template":"","meta":{"_themeisle_gutenberg_block_has_review":false},"product_cat":[13598],"product_tag":[],"class_list":{"0":"post-155305","1":"product","2":"type-product","3":"status-publish","4":"has-post-thumbnail","6":"product_cat-saased-puugid-ja-parmud","8":"first","9":"instock","10":"shipping-taxable","11":"purchasable","12":"product-type-simple"},"yoast_head":"<!-- This site is optimized with the Yoast SEO plugin v24.0 - https:\/\/yoast.com\/wordpress\/plugins\/seo\/ -->\n<title>S\u00e4\u00e4set\u00f5rje Diffusil basic s\u00e4\u00e4sed 100ml - Horticom.ee<\/title>\n<meta name=\"description\" content=\"Diffusil\u00ae Basic spray annab t\u00f5husa kaitse s\u00e4\u00e4skede vastu kuni 6 tunniks.\" \/>\n<meta name=\"robots\" content=\"index, follow, max-snippet:-1, max-image-preview:large, max-video-preview:-1\" \/>\n<link rel=\"canonical\" href=\"https:\/\/horticom.ee\/e-pood\/toode\/saasetorje-diffusil-basic-100ml\/\" \/>\n<meta property=\"og:locale\" content=\"ru_RU\" \/>\n<meta property=\"og:type\" content=\"article\" \/>\n<meta property=\"og:title\" content=\"S\u00e4\u00e4set\u00f5rje Diffusil basic s\u00e4\u00e4sed 100ml - Horticom.ee\" \/>\n<meta property=\"og:description\" content=\"Diffusil\u00ae Basic spray annab t\u00f5husa kaitse s\u00e4\u00e4skede vastu kuni 6 tunniks.\" \/>\n<meta property=\"og:url\" content=\"https:\/\/horticom.ee\/e-pood\/toode\/saasetorje-diffusil-basic-100ml\/\" \/>\n<meta property=\"og:site_name\" content=\"Horticom.ee\" \/>\n<meta property=\"article:publisher\" content=\"https:\/\/www.facebook.com\/horticom.ee\/e-pood\" \/>\n<meta property=\"article:modified_time\" content=\"2026-05-02T00:10:23+00:00\" \/>\n<meta property=\"og:image\" content=\"https:\/\/horticom.ee\/e-pood\/wp-content\/uploads\/importedmedia\/product-155305_0-P7660-scaled.jpg\" \/>\n\t<meta property=\"og:image:width\" content=\"889\" \/>\n\t<meta property=\"og:image:height\" content=\"2560\" \/>\n\t<meta property=\"og:image:type\" content=\"image\/jpeg\" \/>\n<meta name=\"twitter:card\" content=\"summary_large_image\" \/>\n<script type=\"application\/ld+json\" class=\"yoast-schema-graph\">{\"@context\":\"https:\/\/schema.org\",\"@graph\":[{\"@type\":\"WebPage\",\"@id\":\"https:\/\/horticom.ee\/e-pood\/toode\/saasetorje-diffusil-basic-100ml\/\",\"url\":\"https:\/\/horticom.ee\/e-pood\/toode\/saasetorje-diffusil-basic-100ml\/\",\"name\":\"S\u00e4\u00e4set\u00f5rje Diffusil basic s\u00e4\u00e4sed 100ml - Horticom.ee\",\"isPartOf\":{\"@id\":\"https:\/\/horticom.ee\/e-pood\/#website\"},\"primaryImageOfPage\":{\"@id\":\"https:\/\/horticom.ee\/e-pood\/toode\/saasetorje-diffusil-basic-100ml\/#primaryimage\"},\"image\":{\"@id\":\"https:\/\/horticom.ee\/e-pood\/toode\/saasetorje-diffusil-basic-100ml\/#primaryimage\"},\"thumbnailUrl\":\"https:\/\/horticom.ee\/e-pood\/wp-content\/uploads\/importedmedia\/product-155305_0-P7660-scaled.jpg\",\"datePublished\":\"2022-01-17T22:13:20+00:00\",\"dateModified\":\"2026-05-02T00:10:23+00:00\",\"description\":\"Diffusil\u00ae Basic spray annab t\u00f5husa kaitse s\u00e4\u00e4skede vastu kuni 6 tunniks.\",\"breadcrumb\":{\"@id\":\"https:\/\/horticom.ee\/e-pood\/toode\/saasetorje-diffusil-basic-100ml\/#breadcrumb\"},\"inLanguage\":\"ru-RU\",\"potentialAction\":[{\"@type\":\"ReadAction\",\"target\":[\"https:\/\/horticom.ee\/e-pood\/toode\/saasetorje-diffusil-basic-100ml\/\"]}]},{\"@type\":\"ImageObject\",\"inLanguage\":\"ru-RU\",\"@id\":\"https:\/\/horticom.ee\/e-pood\/toode\/saasetorje-diffusil-basic-100ml\/#primaryimage\",\"url\":\"https:\/\/horticom.ee\/e-pood\/wp-content\/uploads\/importedmedia\/product-155305_0-P7660-scaled.jpg\",\"contentUrl\":\"https:\/\/horticom.ee\/e-pood\/wp-content\/uploads\/importedmedia\/product-155305_0-P7660-scaled.jpg\",\"width\":889,\"height\":2560,\"caption\":\"S\u00e4\u00e4set\u00f5rje Diffusil basic s\u00e4\u00e4sed 100ml\"},{\"@type\":\"BreadcrumbList\",\"@id\":\"https:\/\/horticom.ee\/e-pood\/toode\/saasetorje-diffusil-basic-100ml\/#breadcrumb\",\"itemListElement\":[{\"@type\":\"ListItem\",\"position\":1,\"name\":\"Home\",\"item\":\"https:\/\/horticom.ee\/e-pood\/\"},{\"@type\":\"ListItem\",\"position\":2,\"name\":\"Pood\",\"item\":\"https:\/\/horticom.ee\/e-pood\/pood\/\"},{\"@type\":\"ListItem\",\"position\":3,\"name\":\"S\u00e4\u00e4set\u00f5rje Diffusil basic s\u00e4\u00e4sed 100ml\"}]},{\"@type\":\"WebSite\",\"@id\":\"https:\/\/horticom.ee\/e-pood\/#website\",\"url\":\"https:\/\/horticom.ee\/e-pood\/\",\"name\":\"Horticom.ee\",\"description\":\"Aianduskaubad ja kodukaubad nii harrastajatele kui professionaalidele\",\"potentialAction\":[{\"@type\":\"SearchAction\",\"target\":{\"@type\":\"EntryPoint\",\"urlTemplate\":\"https:\/\/horticom.ee\/e-pood\/?s={search_term_string}\"},\"query-input\":{\"@type\":\"PropertyValueSpecification\",\"valueRequired\":true,\"valueName\":\"search_term_string\"}}],\"inLanguage\":\"ru-RU\"}]}<\/script>\n<!-- \/ Yoast SEO plugin. -->","yoast_head_json":{"title":"S\u00e4\u00e4set\u00f5rje Diffusil basic s\u00e4\u00e4sed 100ml - Horticom.ee","description":"Diffusil\u00ae Basic spray annab t\u00f5husa kaitse s\u00e4\u00e4skede vastu kuni 6 tunniks.","robots":{"index":"index","follow":"follow","max-snippet":"max-snippet:-1","max-image-preview":"max-image-preview:large","max-video-preview":"max-video-preview:-1"},"canonical":"https:\/\/horticom.ee\/e-pood\/toode\/saasetorje-diffusil-basic-100ml\/","og_locale":"ru_RU","og_type":"article","og_title":"S\u00e4\u00e4set\u00f5rje Diffusil basic s\u00e4\u00e4sed 100ml - Horticom.ee","og_description":"Diffusil\u00ae Basic spray annab t\u00f5husa kaitse s\u00e4\u00e4skede vastu kuni 6 tunniks.","og_url":"https:\/\/horticom.ee\/e-pood\/toode\/saasetorje-diffusil-basic-100ml\/","og_site_name":"Horticom.ee","article_publisher":"https:\/\/www.facebook.com\/horticom.ee\/e-pood","article_modified_time":"2026-05-02T00:10:23+00:00","og_image":[{"width":889,"height":2560,"url":"https:\/\/horticom.ee\/e-pood\/wp-content\/uploads\/importedmedia\/product-155305_0-P7660-scaled.jpg","type":"image\/jpeg"}],"twitter_card":"summary_large_image","schema":{"@context":"https:\/\/schema.org","@graph":[{"@type":"WebPage","@id":"https:\/\/horticom.ee\/e-pood\/toode\/saasetorje-diffusil-basic-100ml\/","url":"https:\/\/horticom.ee\/e-pood\/toode\/saasetorje-diffusil-basic-100ml\/","name":"S\u00e4\u00e4set\u00f5rje Diffusil basic s\u00e4\u00e4sed 100ml - Horticom.ee","isPartOf":{"@id":"https:\/\/horticom.ee\/e-pood\/#website"},"primaryImageOfPage":{"@id":"https:\/\/horticom.ee\/e-pood\/toode\/saasetorje-diffusil-basic-100ml\/#primaryimage"},"image":{"@id":"https:\/\/horticom.ee\/e-pood\/toode\/saasetorje-diffusil-basic-100ml\/#primaryimage"},"thumbnailUrl":"https:\/\/horticom.ee\/e-pood\/wp-content\/uploads\/importedmedia\/product-155305_0-P7660-scaled.jpg","datePublished":"2022-01-17T22:13:20+00:00","dateModified":"2026-05-02T00:10:23+00:00","description":"Diffusil\u00ae Basic spray annab t\u00f5husa kaitse s\u00e4\u00e4skede vastu kuni 6 tunniks.","breadcrumb":{"@id":"https:\/\/horticom.ee\/e-pood\/toode\/saasetorje-diffusil-basic-100ml\/#breadcrumb"},"inLanguage":"ru-RU","potentialAction":[{"@type":"ReadAction","target":["https:\/\/horticom.ee\/e-pood\/toode\/saasetorje-diffusil-basic-100ml\/"]}]},{"@type":"ImageObject","inLanguage":"ru-RU","@id":"https:\/\/horticom.ee\/e-pood\/toode\/saasetorje-diffusil-basic-100ml\/#primaryimage","url":"https:\/\/horticom.ee\/e-pood\/wp-content\/uploads\/importedmedia\/product-155305_0-P7660-scaled.jpg","contentUrl":"https:\/\/horticom.ee\/e-pood\/wp-content\/uploads\/importedmedia\/product-155305_0-P7660-scaled.jpg","width":889,"height":2560,"caption":"S\u00e4\u00e4set\u00f5rje Diffusil basic s\u00e4\u00e4sed 100ml"},{"@type":"BreadcrumbList","@id":"https:\/\/horticom.ee\/e-pood\/toode\/saasetorje-diffusil-basic-100ml\/#breadcrumb","itemListElement":[{"@type":"ListItem","position":1,"name":"Home","item":"https:\/\/horticom.ee\/e-pood\/"},{"@type":"ListItem","position":2,"name":"Pood","item":"https:\/\/horticom.ee\/e-pood\/pood\/"},{"@type":"ListItem","position":3,"name":"S\u00e4\u00e4set\u00f5rje Diffusil basic s\u00e4\u00e4sed 100ml"}]},{"@type":"WebSite","@id":"https:\/\/horticom.ee\/e-pood\/#website","url":"https:\/\/horticom.ee\/e-pood\/","name":"Horticom.ee","description":"Aianduskaubad ja kodukaubad nii harrastajatele kui professionaalidele","potentialAction":[{"@type":"SearchAction","target":{"@type":"EntryPoint","urlTemplate":"https:\/\/horticom.ee\/e-pood\/?s={search_term_string}"},"query-input":{"@type":"PropertyValueSpecification","valueRequired":true,"valueName":"search_term_string"}}],"inLanguage":"ru-RU"}]}},"_links":{"self":[{"href":"https:\/\/horticom.ee\/e-pood\/ru\/wp-json\/wp\/v2\/product\/155305","targetHints":{"allow":["GET"]}}],"collection":[{"href":"https:\/\/horticom.ee\/e-pood\/ru\/wp-json\/wp\/v2\/product"}],"about":[{"href":"https:\/\/horticom.ee\/e-pood\/ru\/wp-json\/wp\/v2\/types\/product"}],"replies":[{"embeddable":true,"href":"https:\/\/horticom.ee\/e-pood\/ru\/wp-json\/wp\/v2\/comments?post=155305"}],"wp:featuredmedia":[{"embeddable":true,"href":"https:\/\/horticom.ee\/e-pood\/ru\/wp-json\/wp\/v2\/media\/158536"}],"wp:attachment":[{"href":"https:\/\/horticom.ee\/e-pood\/ru\/wp-json\/wp\/v2\/media?parent=155305"}],"wp:term":[{"taxonomy":"product_cat","embeddable":true,"href":"https:\/\/horticom.ee\/e-pood\/ru\/wp-json\/wp\/v2\/product_cat?post=155305"},{"taxonomy":"product_tag","embeddable":true,"href":"https:\/\/horticom.ee\/e-pood\/ru\/wp-json\/wp\/v2\/product_tag?post=155305"}],"curies":[{"name":"wp","href":"https:\/\/api.w.org\/{rel}","templated":true}]}}