{"id":155306,"date":"2022-01-18T00:13:21","date_gmt":"2022-01-17T22:13:21","guid":{"rendered":"https:\/\/aednik24.ee\/toode\/saasetorje-diffusil-family-lastele-100ml\/"},"modified":"2026-04-24T14:01:00","modified_gmt":"2026-04-24T11:01:00","slug":"saasetorje-diffusil-family-lastele-100ml","status":"publish","type":"product","link":"https:\/\/horticom.ee\/e-pood\/ru\/toode\/saasetorje-diffusil-family-lastele-100ml\/","title":{"rendered":"S\u00e4\u00e4set\u00f5rje Diffusil Family lastele s\u00e4\u00e4sed puugid 100ml"},"content":{"rendered":"<p>Kaitse s\u00e4\u00e4skede ja puukide vastu. Diffusil\u00ae repelent Family spray kaitseb s\u00e4\u00e4skede vatu kuni 6 tundi, hammustavate k\u00e4rbeste vastu kuni 5 tundi ja puukide vastu kuni 4 tundi. Samuti efektiivne kaitse tiigers\u00e4\u00e4skede vastu kuni 6 tundi. Sobib ideaalselt v\u00e4litingimustes kasutamiseks tervele perele kui ka reisile kaasa v\u00f5tmiseks. Ei kahjusta puuvilla, villa ega nailonit. NB! KASUTAGE  BIOTSIIDI  OHUTULT. ENNE KASUTAMIST LUGEGE ALATI L\u00c4BI M\u00c4RGISTUS JA TEAVE TOOTE KOHTA.<\/p>\n","protected":false},"excerpt":{"rendered":"<p>Kaitse s\u00e4\u00e4skede ja puukide vastu. Diffusil\u00ae repelent Family spray kaitseb s\u00e4\u00e4skede vatu kuni 6 tundi, hammustavate k\u00e4rbeste vastu kuni 5 tundi ja puukide vastu kuni 4 tundi. Samuti efektiivne kaitse tiigers\u00e4\u00e4skede vastu kuni 6 tundi. Sobib ideaalselt v\u00e4litingimustes kasutamiseks tervele perele kui ka reisile kaasa v\u00f5tmiseks. Ei kahjusta puuvilla, villa ega nailonit. NB! KASUTAGE BIOTSIIDI [&hellip;]<\/p>\n","protected":false},"featured_media":158532,"comment_status":"closed","ping_status":"closed","template":"","meta":{"_themeisle_gutenberg_block_has_review":false},"product_cat":[13598],"product_tag":[],"class_list":{"0":"post-155306","1":"product","2":"type-product","3":"status-publish","4":"has-post-thumbnail","6":"product_cat-saased-puugid-ja-parmud","8":"first","9":"instock","10":"shipping-taxable","11":"purchasable","12":"product-type-simple"},"yoast_head":"<!-- This site is optimized with the Yoast SEO plugin v24.0 - https:\/\/yoast.com\/wordpress\/plugins\/seo\/ -->\n<title>S\u00e4\u00e4set\u00f5rje Diffusil Family lastele s\u00e4\u00e4sed puugid 100ml<\/title>\n<meta name=\"description\" content=\"T\u00f5hus kaitse lastele s\u00e4\u00e4skede ja puukide eest. Nahas\u00f5bralik ja dermatoloogiliselt testitud, sobib kasutamiseks kogu perele.\" \/>\n<meta name=\"robots\" content=\"index, follow, max-snippet:-1, max-image-preview:large, max-video-preview:-1\" \/>\n<link rel=\"canonical\" href=\"https:\/\/horticom.ee\/e-pood\/toode\/saasetorje-diffusil-family-lastele-100ml\/\" \/>\n<meta property=\"og:locale\" content=\"ru_RU\" \/>\n<meta property=\"og:type\" content=\"article\" \/>\n<meta property=\"og:title\" content=\"S\u00e4\u00e4set\u00f5rje Diffusil Family lastele s\u00e4\u00e4sed puugid 100ml\" \/>\n<meta property=\"og:description\" content=\"T\u00f5hus kaitse lastele s\u00e4\u00e4skede ja puukide eest. Nahas\u00f5bralik ja dermatoloogiliselt testitud, sobib kasutamiseks kogu perele.\" \/>\n<meta property=\"og:url\" content=\"https:\/\/horticom.ee\/e-pood\/toode\/saasetorje-diffusil-family-lastele-100ml\/\" \/>\n<meta property=\"og:site_name\" content=\"Horticom.ee\" \/>\n<meta property=\"article:publisher\" content=\"https:\/\/www.facebook.com\/horticom.ee\/e-pood\" \/>\n<meta property=\"article:modified_time\" content=\"2026-04-24T11:01:00+00:00\" \/>\n<meta property=\"og:image\" content=\"https:\/\/horticom.ee\/e-pood\/wp-content\/uploads\/importedmedia\/product-155306_0-P7657-scaled.jpg\" \/>\n\t<meta property=\"og:image:width\" content=\"566\" \/>\n\t<meta property=\"og:image:height\" content=\"2560\" \/>\n\t<meta property=\"og:image:type\" content=\"image\/jpeg\" \/>\n<meta name=\"twitter:card\" content=\"summary_large_image\" \/>\n<script type=\"application\/ld+json\" class=\"yoast-schema-graph\">{\"@context\":\"https:\/\/schema.org\",\"@graph\":[{\"@type\":\"WebPage\",\"@id\":\"https:\/\/horticom.ee\/e-pood\/toode\/saasetorje-diffusil-family-lastele-100ml\/\",\"url\":\"https:\/\/horticom.ee\/e-pood\/toode\/saasetorje-diffusil-family-lastele-100ml\/\",\"name\":\"S\u00e4\u00e4set\u00f5rje Diffusil Family lastele s\u00e4\u00e4sed puugid 100ml\",\"isPartOf\":{\"@id\":\"https:\/\/horticom.ee\/e-pood\/#website\"},\"primaryImageOfPage\":{\"@id\":\"https:\/\/horticom.ee\/e-pood\/toode\/saasetorje-diffusil-family-lastele-100ml\/#primaryimage\"},\"image\":{\"@id\":\"https:\/\/horticom.ee\/e-pood\/toode\/saasetorje-diffusil-family-lastele-100ml\/#primaryimage\"},\"thumbnailUrl\":\"https:\/\/horticom.ee\/e-pood\/wp-content\/uploads\/importedmedia\/product-155306_0-P7657-scaled.jpg\",\"datePublished\":\"2022-01-17T22:13:21+00:00\",\"dateModified\":\"2026-04-24T11:01:00+00:00\",\"description\":\"T\u00f5hus kaitse lastele s\u00e4\u00e4skede ja puukide eest. Nahas\u00f5bralik ja dermatoloogiliselt testitud, sobib kasutamiseks kogu perele.\",\"breadcrumb\":{\"@id\":\"https:\/\/horticom.ee\/e-pood\/toode\/saasetorje-diffusil-family-lastele-100ml\/#breadcrumb\"},\"inLanguage\":\"ru-RU\",\"potentialAction\":[{\"@type\":\"ReadAction\",\"target\":[\"https:\/\/horticom.ee\/e-pood\/toode\/saasetorje-diffusil-family-lastele-100ml\/\"]}]},{\"@type\":\"ImageObject\",\"inLanguage\":\"ru-RU\",\"@id\":\"https:\/\/horticom.ee\/e-pood\/toode\/saasetorje-diffusil-family-lastele-100ml\/#primaryimage\",\"url\":\"https:\/\/horticom.ee\/e-pood\/wp-content\/uploads\/importedmedia\/product-155306_0-P7657-scaled.jpg\",\"contentUrl\":\"https:\/\/horticom.ee\/e-pood\/wp-content\/uploads\/importedmedia\/product-155306_0-P7657-scaled.jpg\",\"width\":566,\"height\":2560,\"caption\":\"S\u00e4\u00e4set\u00f5rje Diffusil Family lastele s\u00e4\u00e4sed puugid 100ml\"},{\"@type\":\"BreadcrumbList\",\"@id\":\"https:\/\/horticom.ee\/e-pood\/toode\/saasetorje-diffusil-family-lastele-100ml\/#breadcrumb\",\"itemListElement\":[{\"@type\":\"ListItem\",\"position\":1,\"name\":\"Home\",\"item\":\"https:\/\/horticom.ee\/e-pood\/\"},{\"@type\":\"ListItem\",\"position\":2,\"name\":\"Pood\",\"item\":\"https:\/\/horticom.ee\/e-pood\/pood\/\"},{\"@type\":\"ListItem\",\"position\":3,\"name\":\"S\u00e4\u00e4set\u00f5rje Diffusil Family lastele s\u00e4\u00e4sed puugid 100ml\"}]},{\"@type\":\"WebSite\",\"@id\":\"https:\/\/horticom.ee\/e-pood\/#website\",\"url\":\"https:\/\/horticom.ee\/e-pood\/\",\"name\":\"Horticom.ee\",\"description\":\"Aianduskaubad ja kodukaubad nii harrastajatele kui professionaalidele\",\"potentialAction\":[{\"@type\":\"SearchAction\",\"target\":{\"@type\":\"EntryPoint\",\"urlTemplate\":\"https:\/\/horticom.ee\/e-pood\/?s={search_term_string}\"},\"query-input\":{\"@type\":\"PropertyValueSpecification\",\"valueRequired\":true,\"valueName\":\"search_term_string\"}}],\"inLanguage\":\"ru-RU\"}]}<\/script>\n<!-- \/ Yoast SEO plugin. -->","yoast_head_json":{"title":"S\u00e4\u00e4set\u00f5rje Diffusil Family lastele s\u00e4\u00e4sed puugid 100ml","description":"T\u00f5hus kaitse lastele s\u00e4\u00e4skede ja puukide eest. Nahas\u00f5bralik ja dermatoloogiliselt testitud, sobib kasutamiseks kogu perele.","robots":{"index":"index","follow":"follow","max-snippet":"max-snippet:-1","max-image-preview":"max-image-preview:large","max-video-preview":"max-video-preview:-1"},"canonical":"https:\/\/horticom.ee\/e-pood\/toode\/saasetorje-diffusil-family-lastele-100ml\/","og_locale":"ru_RU","og_type":"article","og_title":"S\u00e4\u00e4set\u00f5rje Diffusil Family lastele s\u00e4\u00e4sed puugid 100ml","og_description":"T\u00f5hus kaitse lastele s\u00e4\u00e4skede ja puukide eest. Nahas\u00f5bralik ja dermatoloogiliselt testitud, sobib kasutamiseks kogu perele.","og_url":"https:\/\/horticom.ee\/e-pood\/toode\/saasetorje-diffusil-family-lastele-100ml\/","og_site_name":"Horticom.ee","article_publisher":"https:\/\/www.facebook.com\/horticom.ee\/e-pood","article_modified_time":"2026-04-24T11:01:00+00:00","og_image":[{"width":566,"height":2560,"url":"https:\/\/horticom.ee\/e-pood\/wp-content\/uploads\/importedmedia\/product-155306_0-P7657-scaled.jpg","type":"image\/jpeg"}],"twitter_card":"summary_large_image","schema":{"@context":"https:\/\/schema.org","@graph":[{"@type":"WebPage","@id":"https:\/\/horticom.ee\/e-pood\/toode\/saasetorje-diffusil-family-lastele-100ml\/","url":"https:\/\/horticom.ee\/e-pood\/toode\/saasetorje-diffusil-family-lastele-100ml\/","name":"S\u00e4\u00e4set\u00f5rje Diffusil Family lastele s\u00e4\u00e4sed puugid 100ml","isPartOf":{"@id":"https:\/\/horticom.ee\/e-pood\/#website"},"primaryImageOfPage":{"@id":"https:\/\/horticom.ee\/e-pood\/toode\/saasetorje-diffusil-family-lastele-100ml\/#primaryimage"},"image":{"@id":"https:\/\/horticom.ee\/e-pood\/toode\/saasetorje-diffusil-family-lastele-100ml\/#primaryimage"},"thumbnailUrl":"https:\/\/horticom.ee\/e-pood\/wp-content\/uploads\/importedmedia\/product-155306_0-P7657-scaled.jpg","datePublished":"2022-01-17T22:13:21+00:00","dateModified":"2026-04-24T11:01:00+00:00","description":"T\u00f5hus kaitse lastele s\u00e4\u00e4skede ja puukide eest. Nahas\u00f5bralik ja dermatoloogiliselt testitud, sobib kasutamiseks kogu perele.","breadcrumb":{"@id":"https:\/\/horticom.ee\/e-pood\/toode\/saasetorje-diffusil-family-lastele-100ml\/#breadcrumb"},"inLanguage":"ru-RU","potentialAction":[{"@type":"ReadAction","target":["https:\/\/horticom.ee\/e-pood\/toode\/saasetorje-diffusil-family-lastele-100ml\/"]}]},{"@type":"ImageObject","inLanguage":"ru-RU","@id":"https:\/\/horticom.ee\/e-pood\/toode\/saasetorje-diffusil-family-lastele-100ml\/#primaryimage","url":"https:\/\/horticom.ee\/e-pood\/wp-content\/uploads\/importedmedia\/product-155306_0-P7657-scaled.jpg","contentUrl":"https:\/\/horticom.ee\/e-pood\/wp-content\/uploads\/importedmedia\/product-155306_0-P7657-scaled.jpg","width":566,"height":2560,"caption":"S\u00e4\u00e4set\u00f5rje Diffusil Family lastele s\u00e4\u00e4sed puugid 100ml"},{"@type":"BreadcrumbList","@id":"https:\/\/horticom.ee\/e-pood\/toode\/saasetorje-diffusil-family-lastele-100ml\/#breadcrumb","itemListElement":[{"@type":"ListItem","position":1,"name":"Home","item":"https:\/\/horticom.ee\/e-pood\/"},{"@type":"ListItem","position":2,"name":"Pood","item":"https:\/\/horticom.ee\/e-pood\/pood\/"},{"@type":"ListItem","position":3,"name":"S\u00e4\u00e4set\u00f5rje Diffusil Family lastele s\u00e4\u00e4sed puugid 100ml"}]},{"@type":"WebSite","@id":"https:\/\/horticom.ee\/e-pood\/#website","url":"https:\/\/horticom.ee\/e-pood\/","name":"Horticom.ee","description":"Aianduskaubad ja kodukaubad nii harrastajatele kui professionaalidele","potentialAction":[{"@type":"SearchAction","target":{"@type":"EntryPoint","urlTemplate":"https:\/\/horticom.ee\/e-pood\/?s={search_term_string}"},"query-input":{"@type":"PropertyValueSpecification","valueRequired":true,"valueName":"search_term_string"}}],"inLanguage":"ru-RU"}]}},"_links":{"self":[{"href":"https:\/\/horticom.ee\/e-pood\/ru\/wp-json\/wp\/v2\/product\/155306","targetHints":{"allow":["GET"]}}],"collection":[{"href":"https:\/\/horticom.ee\/e-pood\/ru\/wp-json\/wp\/v2\/product"}],"about":[{"href":"https:\/\/horticom.ee\/e-pood\/ru\/wp-json\/wp\/v2\/types\/product"}],"replies":[{"embeddable":true,"href":"https:\/\/horticom.ee\/e-pood\/ru\/wp-json\/wp\/v2\/comments?post=155306"}],"wp:featuredmedia":[{"embeddable":true,"href":"https:\/\/horticom.ee\/e-pood\/ru\/wp-json\/wp\/v2\/media\/158532"}],"wp:attachment":[{"href":"https:\/\/horticom.ee\/e-pood\/ru\/wp-json\/wp\/v2\/media?parent=155306"}],"wp:term":[{"taxonomy":"product_cat","embeddable":true,"href":"https:\/\/horticom.ee\/e-pood\/ru\/wp-json\/wp\/v2\/product_cat?post=155306"},{"taxonomy":"product_tag","embeddable":true,"href":"https:\/\/horticom.ee\/e-pood\/ru\/wp-json\/wp\/v2\/product_tag?post=155306"}],"curies":[{"name":"wp","href":"https:\/\/api.w.org\/{rel}","templated":true}]}}