{"id":155309,"date":"2022-01-18T00:13:23","date_gmt":"2022-01-17T22:13:23","guid":{"rendered":"https:\/\/aednik24.ee\/toode\/rotimurk-gardentop-pasta-150g\/"},"modified":"2026-04-29T18:15:53","modified_gmt":"2026-04-29T15:15:53","slug":"rotimurk-gardentop-pasta-150g","status":"publish","type":"product","link":"https:\/\/horticom.ee\/e-pood\/ru\/toode\/rotimurk-gardentop-pasta-150g\/","title":{"rendered":"Rotim\u00fcrk Gardentop Pasta 150g"},"content":{"rendered":"<p>Kasutusvalmis m\u00fcrks\u00f6\u00f6t pakituna kotikestesse \u00fche doosi kaupa. N\u00e4riline sureb m\u00f5ne p\u00e4eva jooksul (3-5 p\u00e4eva) p\u00e4rast m\u00fcrks\u00f6\u00f6da s\u00f6\u00f6mist. M\u00fcrks\u00f6\u00f6ta on t\u00e4nu fluorestseeruvale pigmendile UV-lambiga valgustades lihtne tuvastada ka kehva valguse korral. Pasta sisaldab patendeeritud retsepti, mis sisaldab h\u00e4sti tasakaalustatud segu n\u00e4rilistele atraktiivsetest s\u00f6\u00f6davatest komponentidest ning inimestele ebameeldivast ainest, mis v\u00e4hendab juhuslikku tarbimise riski inimese poolt. NB! KASUTAGE  BIOTSIIDI  OHUTULT. ENNE KASUTAMIST LUGEGE ALATI L\u00c4BI M\u00c4RGISTUS JA TEAVE TOOTE KOHTA.<\/p>\n","protected":false},"excerpt":{"rendered":"<p>Kasutusvalmis m\u00fcrks\u00f6\u00f6t pakituna kotikestesse \u00fche doosi kaupa. N\u00e4riline sureb m\u00f5ne p\u00e4eva jooksul (3-5 p\u00e4eva) p\u00e4rast m\u00fcrks\u00f6\u00f6da s\u00f6\u00f6mist. M\u00fcrks\u00f6\u00f6ta on t\u00e4nu fluorestseeruvale pigmendile UV-lambiga valgustades lihtne tuvastada ka kehva valguse korral. Pasta sisaldab patendeeritud retsepti, mis sisaldab h\u00e4sti tasakaalustatud segu n\u00e4rilistele atraktiivsetest s\u00f6\u00f6davatest komponentidest ning inimestele ebameeldivast ainest, mis v\u00e4hendab juhuslikku tarbimise riski inimese poolt. NB! [&hellip;]<\/p>\n","protected":false},"featured_media":158524,"comment_status":"closed","ping_status":"closed","template":"","meta":{"_themeisle_gutenberg_block_has_review":false},"product_cat":[13604],"product_tag":[],"class_list":{"0":"post-155309","1":"product","2":"type-product","3":"status-publish","4":"has-post-thumbnail","6":"product_cat-hiired-ja-rotid","8":"first","9":"instock","10":"shipping-taxable","11":"purchasable","12":"product-type-simple"},"yoast_head":"<!-- This site is optimized with the Yoast SEO plugin v24.0 - https:\/\/yoast.com\/wordpress\/plugins\/seo\/ -->\n<title>Rotim\u00fcrk Gardentop Pasta 150g - Horticom.ee\/e-pood<\/title>\n<meta name=\"description\" content=\"Gardentop Pasta mumifitseeriv rotim\u00fcrk. Kasutusvalmis UV-helendav pasta pakituna kotikestesse \u00fche doosi kaupa. N\u00e4riline sureb m\u00f5ne p\u00e4eva jooksul.\" \/>\n<meta name=\"robots\" content=\"index, follow, max-snippet:-1, max-image-preview:large, max-video-preview:-1\" \/>\n<link rel=\"canonical\" href=\"https:\/\/horticom.ee\/e-pood\/toode\/rotimurk-gardentop-pasta-150g\/\" \/>\n<meta property=\"og:locale\" content=\"ru_RU\" \/>\n<meta property=\"og:type\" content=\"article\" \/>\n<meta property=\"og:title\" content=\"Rotim\u00fcrk Gardentop Pasta 150g - Horticom.ee\/e-pood\" \/>\n<meta property=\"og:description\" content=\"Gardentop Pasta mumifitseeriv rotim\u00fcrk. Kasutusvalmis UV-helendav pasta pakituna kotikestesse \u00fche doosi kaupa. N\u00e4riline sureb m\u00f5ne p\u00e4eva jooksul.\" \/>\n<meta property=\"og:url\" content=\"https:\/\/horticom.ee\/e-pood\/toode\/rotimurk-gardentop-pasta-150g\/\" \/>\n<meta property=\"og:site_name\" content=\"Horticom.ee\" \/>\n<meta property=\"article:publisher\" content=\"https:\/\/www.facebook.com\/horticom.ee\/e-pood\" \/>\n<meta property=\"article:modified_time\" content=\"2026-04-29T15:15:53+00:00\" \/>\n<meta property=\"og:image\" content=\"https:\/\/horticom.ee\/e-pood\/wp-content\/uploads\/importedmedia\/product-155309_0-P1023.jpg\" \/>\n\t<meta property=\"og:image:width\" content=\"999\" \/>\n\t<meta property=\"og:image:height\" content=\"1577\" \/>\n\t<meta property=\"og:image:type\" content=\"image\/jpeg\" \/>\n<meta name=\"twitter:card\" content=\"summary_large_image\" \/>\n<script type=\"application\/ld+json\" class=\"yoast-schema-graph\">{\"@context\":\"https:\/\/schema.org\",\"@graph\":[{\"@type\":\"WebPage\",\"@id\":\"https:\/\/horticom.ee\/e-pood\/toode\/rotimurk-gardentop-pasta-150g\/\",\"url\":\"https:\/\/horticom.ee\/e-pood\/toode\/rotimurk-gardentop-pasta-150g\/\",\"name\":\"Rotim\u00fcrk Gardentop Pasta 150g - Horticom.ee\/e-pood\",\"isPartOf\":{\"@id\":\"https:\/\/horticom.ee\/e-pood\/#website\"},\"primaryImageOfPage\":{\"@id\":\"https:\/\/horticom.ee\/e-pood\/toode\/rotimurk-gardentop-pasta-150g\/#primaryimage\"},\"image\":{\"@id\":\"https:\/\/horticom.ee\/e-pood\/toode\/rotimurk-gardentop-pasta-150g\/#primaryimage\"},\"thumbnailUrl\":\"https:\/\/horticom.ee\/e-pood\/wp-content\/uploads\/importedmedia\/product-155309_0-P1023.jpg\",\"datePublished\":\"2022-01-17T22:13:23+00:00\",\"dateModified\":\"2026-04-29T15:15:53+00:00\",\"description\":\"Gardentop Pasta mumifitseeriv rotim\u00fcrk. Kasutusvalmis UV-helendav pasta pakituna kotikestesse \u00fche doosi kaupa. N\u00e4riline sureb m\u00f5ne p\u00e4eva jooksul.\",\"breadcrumb\":{\"@id\":\"https:\/\/horticom.ee\/e-pood\/toode\/rotimurk-gardentop-pasta-150g\/#breadcrumb\"},\"inLanguage\":\"ru-RU\",\"potentialAction\":[{\"@type\":\"ReadAction\",\"target\":[\"https:\/\/horticom.ee\/e-pood\/toode\/rotimurk-gardentop-pasta-150g\/\"]}]},{\"@type\":\"ImageObject\",\"inLanguage\":\"ru-RU\",\"@id\":\"https:\/\/horticom.ee\/e-pood\/toode\/rotimurk-gardentop-pasta-150g\/#primaryimage\",\"url\":\"https:\/\/horticom.ee\/e-pood\/wp-content\/uploads\/importedmedia\/product-155309_0-P1023.jpg\",\"contentUrl\":\"https:\/\/horticom.ee\/e-pood\/wp-content\/uploads\/importedmedia\/product-155309_0-P1023.jpg\",\"width\":999,\"height\":1577,\"caption\":\"Rotim\u00fcrk Gardentop Pasta 150g\"},{\"@type\":\"BreadcrumbList\",\"@id\":\"https:\/\/horticom.ee\/e-pood\/toode\/rotimurk-gardentop-pasta-150g\/#breadcrumb\",\"itemListElement\":[{\"@type\":\"ListItem\",\"position\":1,\"name\":\"Home\",\"item\":\"https:\/\/horticom.ee\/e-pood\/\"},{\"@type\":\"ListItem\",\"position\":2,\"name\":\"Pood\",\"item\":\"https:\/\/horticom.ee\/e-pood\/pood\/\"},{\"@type\":\"ListItem\",\"position\":3,\"name\":\"Rotim\u00fcrk Gardentop Pasta 150g\"}]},{\"@type\":\"WebSite\",\"@id\":\"https:\/\/horticom.ee\/e-pood\/#website\",\"url\":\"https:\/\/horticom.ee\/e-pood\/\",\"name\":\"Horticom.ee\",\"description\":\"Aianduskaubad ja kodukaubad nii harrastajatele kui professionaalidele\",\"potentialAction\":[{\"@type\":\"SearchAction\",\"target\":{\"@type\":\"EntryPoint\",\"urlTemplate\":\"https:\/\/horticom.ee\/e-pood\/?s={search_term_string}\"},\"query-input\":{\"@type\":\"PropertyValueSpecification\",\"valueRequired\":true,\"valueName\":\"search_term_string\"}}],\"inLanguage\":\"ru-RU\"}]}<\/script>\n<!-- \/ Yoast SEO plugin. -->","yoast_head_json":{"title":"Rotim\u00fcrk Gardentop Pasta 150g - Horticom.ee\/e-pood","description":"Gardentop Pasta mumifitseeriv rotim\u00fcrk. Kasutusvalmis UV-helendav pasta pakituna kotikestesse \u00fche doosi kaupa. N\u00e4riline sureb m\u00f5ne p\u00e4eva jooksul.","robots":{"index":"index","follow":"follow","max-snippet":"max-snippet:-1","max-image-preview":"max-image-preview:large","max-video-preview":"max-video-preview:-1"},"canonical":"https:\/\/horticom.ee\/e-pood\/toode\/rotimurk-gardentop-pasta-150g\/","og_locale":"ru_RU","og_type":"article","og_title":"Rotim\u00fcrk Gardentop Pasta 150g - Horticom.ee\/e-pood","og_description":"Gardentop Pasta mumifitseeriv rotim\u00fcrk. Kasutusvalmis UV-helendav pasta pakituna kotikestesse \u00fche doosi kaupa. N\u00e4riline sureb m\u00f5ne p\u00e4eva jooksul.","og_url":"https:\/\/horticom.ee\/e-pood\/toode\/rotimurk-gardentop-pasta-150g\/","og_site_name":"Horticom.ee","article_publisher":"https:\/\/www.facebook.com\/horticom.ee\/e-pood","article_modified_time":"2026-04-29T15:15:53+00:00","og_image":[{"width":999,"height":1577,"url":"https:\/\/horticom.ee\/e-pood\/wp-content\/uploads\/importedmedia\/product-155309_0-P1023.jpg","type":"image\/jpeg"}],"twitter_card":"summary_large_image","schema":{"@context":"https:\/\/schema.org","@graph":[{"@type":"WebPage","@id":"https:\/\/horticom.ee\/e-pood\/toode\/rotimurk-gardentop-pasta-150g\/","url":"https:\/\/horticom.ee\/e-pood\/toode\/rotimurk-gardentop-pasta-150g\/","name":"Rotim\u00fcrk Gardentop Pasta 150g - Horticom.ee\/e-pood","isPartOf":{"@id":"https:\/\/horticom.ee\/e-pood\/#website"},"primaryImageOfPage":{"@id":"https:\/\/horticom.ee\/e-pood\/toode\/rotimurk-gardentop-pasta-150g\/#primaryimage"},"image":{"@id":"https:\/\/horticom.ee\/e-pood\/toode\/rotimurk-gardentop-pasta-150g\/#primaryimage"},"thumbnailUrl":"https:\/\/horticom.ee\/e-pood\/wp-content\/uploads\/importedmedia\/product-155309_0-P1023.jpg","datePublished":"2022-01-17T22:13:23+00:00","dateModified":"2026-04-29T15:15:53+00:00","description":"Gardentop Pasta mumifitseeriv rotim\u00fcrk. Kasutusvalmis UV-helendav pasta pakituna kotikestesse \u00fche doosi kaupa. N\u00e4riline sureb m\u00f5ne p\u00e4eva jooksul.","breadcrumb":{"@id":"https:\/\/horticom.ee\/e-pood\/toode\/rotimurk-gardentop-pasta-150g\/#breadcrumb"},"inLanguage":"ru-RU","potentialAction":[{"@type":"ReadAction","target":["https:\/\/horticom.ee\/e-pood\/toode\/rotimurk-gardentop-pasta-150g\/"]}]},{"@type":"ImageObject","inLanguage":"ru-RU","@id":"https:\/\/horticom.ee\/e-pood\/toode\/rotimurk-gardentop-pasta-150g\/#primaryimage","url":"https:\/\/horticom.ee\/e-pood\/wp-content\/uploads\/importedmedia\/product-155309_0-P1023.jpg","contentUrl":"https:\/\/horticom.ee\/e-pood\/wp-content\/uploads\/importedmedia\/product-155309_0-P1023.jpg","width":999,"height":1577,"caption":"Rotim\u00fcrk Gardentop Pasta 150g"},{"@type":"BreadcrumbList","@id":"https:\/\/horticom.ee\/e-pood\/toode\/rotimurk-gardentop-pasta-150g\/#breadcrumb","itemListElement":[{"@type":"ListItem","position":1,"name":"Home","item":"https:\/\/horticom.ee\/e-pood\/"},{"@type":"ListItem","position":2,"name":"Pood","item":"https:\/\/horticom.ee\/e-pood\/pood\/"},{"@type":"ListItem","position":3,"name":"Rotim\u00fcrk Gardentop Pasta 150g"}]},{"@type":"WebSite","@id":"https:\/\/horticom.ee\/e-pood\/#website","url":"https:\/\/horticom.ee\/e-pood\/","name":"Horticom.ee","description":"Aianduskaubad ja kodukaubad nii harrastajatele kui professionaalidele","potentialAction":[{"@type":"SearchAction","target":{"@type":"EntryPoint","urlTemplate":"https:\/\/horticom.ee\/e-pood\/?s={search_term_string}"},"query-input":{"@type":"PropertyValueSpecification","valueRequired":true,"valueName":"search_term_string"}}],"inLanguage":"ru-RU"}]}},"_links":{"self":[{"href":"https:\/\/horticom.ee\/e-pood\/ru\/wp-json\/wp\/v2\/product\/155309","targetHints":{"allow":["GET"]}}],"collection":[{"href":"https:\/\/horticom.ee\/e-pood\/ru\/wp-json\/wp\/v2\/product"}],"about":[{"href":"https:\/\/horticom.ee\/e-pood\/ru\/wp-json\/wp\/v2\/types\/product"}],"replies":[{"embeddable":true,"href":"https:\/\/horticom.ee\/e-pood\/ru\/wp-json\/wp\/v2\/comments?post=155309"}],"wp:featuredmedia":[{"embeddable":true,"href":"https:\/\/horticom.ee\/e-pood\/ru\/wp-json\/wp\/v2\/media\/158524"}],"wp:attachment":[{"href":"https:\/\/horticom.ee\/e-pood\/ru\/wp-json\/wp\/v2\/media?parent=155309"}],"wp:term":[{"taxonomy":"product_cat","embeddable":true,"href":"https:\/\/horticom.ee\/e-pood\/ru\/wp-json\/wp\/v2\/product_cat?post=155309"},{"taxonomy":"product_tag","embeddable":true,"href":"https:\/\/horticom.ee\/e-pood\/ru\/wp-json\/wp\/v2\/product_tag?post=155309"}],"curies":[{"name":"wp","href":"https:\/\/api.w.org\/{rel}","templated":true}]}}