{"id":155319,"date":"2022-01-18T00:13:28","date_gmt":"2022-01-17T22:13:28","guid":{"rendered":"https:\/\/aednik24.ee\/toode\/sipelga-ja-vaaraosipelga-soodajaam-ecogel-3tk\/"},"modified":"2026-04-21T17:39:00","modified_gmt":"2026-04-21T14:39:00","slug":"sipelga-ja-vaaraosipelga-soodajaam-ecogel-3tk","status":"publish","type":"product","link":"https:\/\/horticom.ee\/e-pood\/ru\/toode\/sipelga-ja-vaaraosipelga-soodajaam-ecogel-3tk\/","title":{"rendered":"Sipelga ja vaaraosipelga s\u00f6\u00f6dajaam Ecogel 3tk"},"content":{"rendered":"<p>Aitab t\u00f5husalt v\u00f5idela sipelgatega. Ei ole soovitatav j\u00e4tta otse p\u00e4ikesekiirguse ja vihma k\u00e4tte. M\u00f5ju avaldub juba paari p\u00e4eva p\u00e4rast, mil on n\u00e4ha sipelgate arvu v\u00e4henemist. NB! KASUTAGE  BIOTSIIDI  OHUTULT. ENNE KASUTAMIST LUGEGE ALATI L\u00c4BI M\u00c4RGISTUS JA TEAVE TOOTE KOHTA.<\/p>\n","protected":false},"excerpt":{"rendered":"<p>Aitab t\u00f5husalt v\u00f5idela sipelgatega. Ei ole soovitatav j\u00e4tta otse p\u00e4ikesekiirguse ja vihma k\u00e4tte. M\u00f5ju avaldub juba paari p\u00e4eva p\u00e4rast, mil on n\u00e4ha sipelgate arvu v\u00e4henemist. NB! KASUTAGE BIOTSIIDI OHUTULT. ENNE KASUTAMIST LUGEGE ALATI L\u00c4BI M\u00c4RGISTUS JA TEAVE TOOTE KOHTA.<\/p>\n","protected":false},"featured_media":158510,"comment_status":"closed","ping_status":"closed","template":"","meta":{"_themeisle_gutenberg_block_has_review":false},"product_cat":[13599],"product_tag":[],"class_list":{"0":"post-155319","1":"product","2":"type-product","3":"status-publish","4":"has-post-thumbnail","6":"product_cat-sipelgad","8":"first","9":"instock","10":"shipping-taxable","11":"purchasable","12":"product-type-simple"},"yoast_head":"<!-- This site is optimized with the Yoast SEO plugin v24.0 - https:\/\/yoast.com\/wordpress\/plugins\/seo\/ -->\n<title>Sipelga ja vaaraosipelga s\u00f6\u00f6dajaam Ecogel 3tk - Horticom<\/title>\n<meta name=\"description\" content=\"Sipelga s\u00f6\u00f6dajaam vaarao- ja mustale sipelgale Ecogel kasutamiseks sisestingimustes. Siplegapesade juures ja nende liikumisradadel. H\u00e4vitab terve koloonia.\" \/>\n<meta name=\"robots\" content=\"index, follow, max-snippet:-1, max-image-preview:large, max-video-preview:-1\" \/>\n<link rel=\"canonical\" href=\"https:\/\/horticom.ee\/e-pood\/toode\/sipelga-ja-vaaraosipelga-soodajaam-ecogel-3tk\/\" \/>\n<meta property=\"og:locale\" content=\"ru_RU\" \/>\n<meta property=\"og:type\" content=\"article\" \/>\n<meta property=\"og:title\" content=\"Sipelga ja vaaraosipelga s\u00f6\u00f6dajaam Ecogel 3tk - Horticom\" \/>\n<meta property=\"og:description\" content=\"Sipelga s\u00f6\u00f6dajaam vaarao- ja mustale sipelgale Ecogel kasutamiseks sisestingimustes. Siplegapesade juures ja nende liikumisradadel. H\u00e4vitab terve koloonia.\" \/>\n<meta property=\"og:url\" content=\"https:\/\/horticom.ee\/e-pood\/toode\/sipelga-ja-vaaraosipelga-soodajaam-ecogel-3tk\/\" \/>\n<meta property=\"og:site_name\" content=\"Horticom.ee\" \/>\n<meta property=\"article:publisher\" content=\"https:\/\/www.facebook.com\/horticom.ee\/e-pood\" \/>\n<meta property=\"article:modified_time\" content=\"2026-04-21T14:39:00+00:00\" \/>\n<meta property=\"og:image\" content=\"https:\/\/horticom.ee\/e-pood\/wp-content\/uploads\/importedmedia\/product-155319_0-P1005.jpg\" \/>\n\t<meta property=\"og:image:width\" content=\"1000\" \/>\n\t<meta property=\"og:image:height\" content=\"1333\" \/>\n\t<meta property=\"og:image:type\" content=\"image\/jpeg\" \/>\n<meta name=\"twitter:card\" content=\"summary_large_image\" \/>\n<script type=\"application\/ld+json\" class=\"yoast-schema-graph\">{\"@context\":\"https:\/\/schema.org\",\"@graph\":[{\"@type\":\"WebPage\",\"@id\":\"https:\/\/horticom.ee\/e-pood\/toode\/sipelga-ja-vaaraosipelga-soodajaam-ecogel-3tk\/\",\"url\":\"https:\/\/horticom.ee\/e-pood\/toode\/sipelga-ja-vaaraosipelga-soodajaam-ecogel-3tk\/\",\"name\":\"Sipelga ja vaaraosipelga s\u00f6\u00f6dajaam Ecogel 3tk - Horticom\",\"isPartOf\":{\"@id\":\"https:\/\/horticom.ee\/e-pood\/#website\"},\"primaryImageOfPage\":{\"@id\":\"https:\/\/horticom.ee\/e-pood\/toode\/sipelga-ja-vaaraosipelga-soodajaam-ecogel-3tk\/#primaryimage\"},\"image\":{\"@id\":\"https:\/\/horticom.ee\/e-pood\/toode\/sipelga-ja-vaaraosipelga-soodajaam-ecogel-3tk\/#primaryimage\"},\"thumbnailUrl\":\"https:\/\/horticom.ee\/e-pood\/wp-content\/uploads\/importedmedia\/product-155319_0-P1005.jpg\",\"datePublished\":\"2022-01-17T22:13:28+00:00\",\"dateModified\":\"2026-04-21T14:39:00+00:00\",\"description\":\"Sipelga s\u00f6\u00f6dajaam vaarao- ja mustale sipelgale Ecogel kasutamiseks sisestingimustes. Siplegapesade juures ja nende liikumisradadel. H\u00e4vitab terve koloonia.\",\"breadcrumb\":{\"@id\":\"https:\/\/horticom.ee\/e-pood\/toode\/sipelga-ja-vaaraosipelga-soodajaam-ecogel-3tk\/#breadcrumb\"},\"inLanguage\":\"ru-RU\",\"potentialAction\":[{\"@type\":\"ReadAction\",\"target\":[\"https:\/\/horticom.ee\/e-pood\/toode\/sipelga-ja-vaaraosipelga-soodajaam-ecogel-3tk\/\"]}]},{\"@type\":\"ImageObject\",\"inLanguage\":\"ru-RU\",\"@id\":\"https:\/\/horticom.ee\/e-pood\/toode\/sipelga-ja-vaaraosipelga-soodajaam-ecogel-3tk\/#primaryimage\",\"url\":\"https:\/\/horticom.ee\/e-pood\/wp-content\/uploads\/importedmedia\/product-155319_0-P1005.jpg\",\"contentUrl\":\"https:\/\/horticom.ee\/e-pood\/wp-content\/uploads\/importedmedia\/product-155319_0-P1005.jpg\",\"width\":1000,\"height\":1333,\"caption\":\"Sipelga ja vaaraosipelga s\u00f6\u00f6dajaam Ecogel 3tk\"},{\"@type\":\"BreadcrumbList\",\"@id\":\"https:\/\/horticom.ee\/e-pood\/toode\/sipelga-ja-vaaraosipelga-soodajaam-ecogel-3tk\/#breadcrumb\",\"itemListElement\":[{\"@type\":\"ListItem\",\"position\":1,\"name\":\"Home\",\"item\":\"https:\/\/horticom.ee\/e-pood\/\"},{\"@type\":\"ListItem\",\"position\":2,\"name\":\"Pood\",\"item\":\"https:\/\/horticom.ee\/e-pood\/pood\/\"},{\"@type\":\"ListItem\",\"position\":3,\"name\":\"Sipelga ja vaaraosipelga s\u00f6\u00f6dajaam Ecogel 3tk\"}]},{\"@type\":\"WebSite\",\"@id\":\"https:\/\/horticom.ee\/e-pood\/#website\",\"url\":\"https:\/\/horticom.ee\/e-pood\/\",\"name\":\"Horticom.ee\",\"description\":\"Aianduskaubad ja kodukaubad nii harrastajatele kui professionaalidele\",\"potentialAction\":[{\"@type\":\"SearchAction\",\"target\":{\"@type\":\"EntryPoint\",\"urlTemplate\":\"https:\/\/horticom.ee\/e-pood\/?s={search_term_string}\"},\"query-input\":{\"@type\":\"PropertyValueSpecification\",\"valueRequired\":true,\"valueName\":\"search_term_string\"}}],\"inLanguage\":\"ru-RU\"}]}<\/script>\n<!-- \/ Yoast SEO plugin. -->","yoast_head_json":{"title":"Sipelga ja vaaraosipelga s\u00f6\u00f6dajaam Ecogel 3tk - Horticom","description":"Sipelga s\u00f6\u00f6dajaam vaarao- ja mustale sipelgale Ecogel kasutamiseks sisestingimustes. Siplegapesade juures ja nende liikumisradadel. H\u00e4vitab terve koloonia.","robots":{"index":"index","follow":"follow","max-snippet":"max-snippet:-1","max-image-preview":"max-image-preview:large","max-video-preview":"max-video-preview:-1"},"canonical":"https:\/\/horticom.ee\/e-pood\/toode\/sipelga-ja-vaaraosipelga-soodajaam-ecogel-3tk\/","og_locale":"ru_RU","og_type":"article","og_title":"Sipelga ja vaaraosipelga s\u00f6\u00f6dajaam Ecogel 3tk - Horticom","og_description":"Sipelga s\u00f6\u00f6dajaam vaarao- ja mustale sipelgale Ecogel kasutamiseks sisestingimustes. Siplegapesade juures ja nende liikumisradadel. H\u00e4vitab terve koloonia.","og_url":"https:\/\/horticom.ee\/e-pood\/toode\/sipelga-ja-vaaraosipelga-soodajaam-ecogel-3tk\/","og_site_name":"Horticom.ee","article_publisher":"https:\/\/www.facebook.com\/horticom.ee\/e-pood","article_modified_time":"2026-04-21T14:39:00+00:00","og_image":[{"width":1000,"height":1333,"url":"https:\/\/horticom.ee\/e-pood\/wp-content\/uploads\/importedmedia\/product-155319_0-P1005.jpg","type":"image\/jpeg"}],"twitter_card":"summary_large_image","schema":{"@context":"https:\/\/schema.org","@graph":[{"@type":"WebPage","@id":"https:\/\/horticom.ee\/e-pood\/toode\/sipelga-ja-vaaraosipelga-soodajaam-ecogel-3tk\/","url":"https:\/\/horticom.ee\/e-pood\/toode\/sipelga-ja-vaaraosipelga-soodajaam-ecogel-3tk\/","name":"Sipelga ja vaaraosipelga s\u00f6\u00f6dajaam Ecogel 3tk - Horticom","isPartOf":{"@id":"https:\/\/horticom.ee\/e-pood\/#website"},"primaryImageOfPage":{"@id":"https:\/\/horticom.ee\/e-pood\/toode\/sipelga-ja-vaaraosipelga-soodajaam-ecogel-3tk\/#primaryimage"},"image":{"@id":"https:\/\/horticom.ee\/e-pood\/toode\/sipelga-ja-vaaraosipelga-soodajaam-ecogel-3tk\/#primaryimage"},"thumbnailUrl":"https:\/\/horticom.ee\/e-pood\/wp-content\/uploads\/importedmedia\/product-155319_0-P1005.jpg","datePublished":"2022-01-17T22:13:28+00:00","dateModified":"2026-04-21T14:39:00+00:00","description":"Sipelga s\u00f6\u00f6dajaam vaarao- ja mustale sipelgale Ecogel kasutamiseks sisestingimustes. Siplegapesade juures ja nende liikumisradadel. H\u00e4vitab terve koloonia.","breadcrumb":{"@id":"https:\/\/horticom.ee\/e-pood\/toode\/sipelga-ja-vaaraosipelga-soodajaam-ecogel-3tk\/#breadcrumb"},"inLanguage":"ru-RU","potentialAction":[{"@type":"ReadAction","target":["https:\/\/horticom.ee\/e-pood\/toode\/sipelga-ja-vaaraosipelga-soodajaam-ecogel-3tk\/"]}]},{"@type":"ImageObject","inLanguage":"ru-RU","@id":"https:\/\/horticom.ee\/e-pood\/toode\/sipelga-ja-vaaraosipelga-soodajaam-ecogel-3tk\/#primaryimage","url":"https:\/\/horticom.ee\/e-pood\/wp-content\/uploads\/importedmedia\/product-155319_0-P1005.jpg","contentUrl":"https:\/\/horticom.ee\/e-pood\/wp-content\/uploads\/importedmedia\/product-155319_0-P1005.jpg","width":1000,"height":1333,"caption":"Sipelga ja vaaraosipelga s\u00f6\u00f6dajaam Ecogel 3tk"},{"@type":"BreadcrumbList","@id":"https:\/\/horticom.ee\/e-pood\/toode\/sipelga-ja-vaaraosipelga-soodajaam-ecogel-3tk\/#breadcrumb","itemListElement":[{"@type":"ListItem","position":1,"name":"Home","item":"https:\/\/horticom.ee\/e-pood\/"},{"@type":"ListItem","position":2,"name":"Pood","item":"https:\/\/horticom.ee\/e-pood\/pood\/"},{"@type":"ListItem","position":3,"name":"Sipelga ja vaaraosipelga s\u00f6\u00f6dajaam Ecogel 3tk"}]},{"@type":"WebSite","@id":"https:\/\/horticom.ee\/e-pood\/#website","url":"https:\/\/horticom.ee\/e-pood\/","name":"Horticom.ee","description":"Aianduskaubad ja kodukaubad nii harrastajatele kui professionaalidele","potentialAction":[{"@type":"SearchAction","target":{"@type":"EntryPoint","urlTemplate":"https:\/\/horticom.ee\/e-pood\/?s={search_term_string}"},"query-input":{"@type":"PropertyValueSpecification","valueRequired":true,"valueName":"search_term_string"}}],"inLanguage":"ru-RU"}]}},"_links":{"self":[{"href":"https:\/\/horticom.ee\/e-pood\/ru\/wp-json\/wp\/v2\/product\/155319","targetHints":{"allow":["GET"]}}],"collection":[{"href":"https:\/\/horticom.ee\/e-pood\/ru\/wp-json\/wp\/v2\/product"}],"about":[{"href":"https:\/\/horticom.ee\/e-pood\/ru\/wp-json\/wp\/v2\/types\/product"}],"replies":[{"embeddable":true,"href":"https:\/\/horticom.ee\/e-pood\/ru\/wp-json\/wp\/v2\/comments?post=155319"}],"wp:featuredmedia":[{"embeddable":true,"href":"https:\/\/horticom.ee\/e-pood\/ru\/wp-json\/wp\/v2\/media\/158510"}],"wp:attachment":[{"href":"https:\/\/horticom.ee\/e-pood\/ru\/wp-json\/wp\/v2\/media?parent=155319"}],"wp:term":[{"taxonomy":"product_cat","embeddable":true,"href":"https:\/\/horticom.ee\/e-pood\/ru\/wp-json\/wp\/v2\/product_cat?post=155319"},{"taxonomy":"product_tag","embeddable":true,"href":"https:\/\/horticom.ee\/e-pood\/ru\/wp-json\/wp\/v2\/product_tag?post=155319"}],"curies":[{"name":"wp","href":"https:\/\/api.w.org\/{rel}","templated":true}]}}