{"id":155320,"date":"2022-01-18T00:13:29","date_gmt":"2022-01-17T22:13:29","guid":{"rendered":"https:\/\/aednik24.ee\/toode\/prussaka-soodajaam-ecogel-6tk\/"},"modified":"2026-05-08T14:01:05","modified_gmt":"2026-05-08T11:01:05","slug":"prussaka-soodajaam-ecogel-6tk","status":"publish","type":"product","link":"https:\/\/horticom.ee\/e-pood\/ru\/toode\/prussaka-soodajaam-ecogel-6tk\/","title":{"rendered":"Prussaka s\u00f6\u00f6dajaam Ecogel 6tk"},"content":{"rendered":"<p>Aitab t\u00f5husalt v\u00f5idela prussakatega. Ei ole soovitatav j\u00e4tta otse p\u00e4ikesekiirguse k\u00e4tte ja otsese vihma k\u00e4tte. M\u00f5ju avaldub juba paari p\u00e4eva p\u00e4rast, mil on n\u00e4ha prussakate arvu v\u00e4henemist. NB! KASUTAGE  BIOTSIIDI  OHUTULT. ENNE KASUTAMIST LUGEGE ALATI L\u00c4BI M\u00c4RGISTUS JA TEAVE TOOTE KOHTA.<\/p>\n","protected":false},"excerpt":{"rendered":"<p>Aitab t\u00f5husalt v\u00f5idela prussakatega. Ei ole soovitatav j\u00e4tta otse p\u00e4ikesekiirguse k\u00e4tte ja otsese vihma k\u00e4tte. M\u00f5ju avaldub juba paari p\u00e4eva p\u00e4rast, mil on n\u00e4ha prussakate arvu v\u00e4henemist. NB! KASUTAGE BIOTSIIDI OHUTULT. ENNE KASUTAMIST LUGEGE ALATI L\u00c4BI M\u00c4RGISTUS JA TEAVE TOOTE KOHTA.<\/p>\n","protected":false},"featured_media":158506,"comment_status":"closed","ping_status":"closed","template":"","meta":{"_themeisle_gutenberg_block_has_review":false},"product_cat":[13596],"product_tag":[],"class_list":{"0":"post-155320","1":"product","2":"type-product","3":"status-publish","4":"has-post-thumbnail","6":"product_cat-prussakad","8":"first","9":"instock","10":"shipping-taxable","11":"purchasable","12":"product-type-simple"},"yoast_head":"<!-- This site is optimized with the Yoast SEO plugin v24.0 - https:\/\/yoast.com\/wordpress\/plugins\/seo\/ -->\n<title>Prussaka s\u00f6\u00f6dajaam Ecogel 6tk - Horticom.ee\/e-pood<\/title>\n<meta name=\"description\" content=\"Aitab t\u00f5husalt v\u00f5idela prussakatega. Ei ole soovitatav j\u00e4tta otse p\u00e4ikesekiirguse k\u00e4tte ja otsese vihma k\u00e4tte.\" \/>\n<meta name=\"robots\" content=\"index, follow, max-snippet:-1, max-image-preview:large, max-video-preview:-1\" \/>\n<link rel=\"canonical\" href=\"https:\/\/horticom.ee\/e-pood\/toode\/prussaka-soodajaam-ecogel-6tk\/\" \/>\n<meta property=\"og:locale\" content=\"ru_RU\" \/>\n<meta property=\"og:type\" content=\"article\" \/>\n<meta property=\"og:title\" content=\"Prussaka s\u00f6\u00f6dajaam Ecogel 6tk - Horticom.ee\/e-pood\" \/>\n<meta property=\"og:description\" content=\"Aitab t\u00f5husalt v\u00f5idela prussakatega. Ei ole soovitatav j\u00e4tta otse p\u00e4ikesekiirguse k\u00e4tte ja otsese vihma k\u00e4tte.\" \/>\n<meta property=\"og:url\" content=\"https:\/\/horticom.ee\/e-pood\/toode\/prussaka-soodajaam-ecogel-6tk\/\" \/>\n<meta property=\"og:site_name\" content=\"Horticom.ee\" \/>\n<meta property=\"article:publisher\" content=\"https:\/\/www.facebook.com\/horticom.ee\/e-pood\" \/>\n<meta property=\"article:modified_time\" content=\"2026-05-08T11:01:05+00:00\" \/>\n<meta property=\"og:image\" content=\"https:\/\/horticom.ee\/e-pood\/wp-content\/uploads\/importedmedia\/product-155320_0-P1002.jpg\" \/>\n\t<meta property=\"og:image:width\" content=\"1000\" \/>\n\t<meta property=\"og:image:height\" content=\"1333\" \/>\n\t<meta property=\"og:image:type\" content=\"image\/jpeg\" \/>\n<meta name=\"twitter:card\" content=\"summary_large_image\" \/>\n<script type=\"application\/ld+json\" class=\"yoast-schema-graph\">{\"@context\":\"https:\/\/schema.org\",\"@graph\":[{\"@type\":\"WebPage\",\"@id\":\"https:\/\/horticom.ee\/e-pood\/toode\/prussaka-soodajaam-ecogel-6tk\/\",\"url\":\"https:\/\/horticom.ee\/e-pood\/toode\/prussaka-soodajaam-ecogel-6tk\/\",\"name\":\"Prussaka s\u00f6\u00f6dajaam Ecogel 6tk - Horticom.ee\/e-pood\",\"isPartOf\":{\"@id\":\"https:\/\/horticom.ee\/e-pood\/#website\"},\"primaryImageOfPage\":{\"@id\":\"https:\/\/horticom.ee\/e-pood\/toode\/prussaka-soodajaam-ecogel-6tk\/#primaryimage\"},\"image\":{\"@id\":\"https:\/\/horticom.ee\/e-pood\/toode\/prussaka-soodajaam-ecogel-6tk\/#primaryimage\"},\"thumbnailUrl\":\"https:\/\/horticom.ee\/e-pood\/wp-content\/uploads\/importedmedia\/product-155320_0-P1002.jpg\",\"datePublished\":\"2022-01-17T22:13:29+00:00\",\"dateModified\":\"2026-05-08T11:01:05+00:00\",\"description\":\"Aitab t\u00f5husalt v\u00f5idela prussakatega. Ei ole soovitatav j\u00e4tta otse p\u00e4ikesekiirguse k\u00e4tte ja otsese vihma k\u00e4tte.\",\"breadcrumb\":{\"@id\":\"https:\/\/horticom.ee\/e-pood\/toode\/prussaka-soodajaam-ecogel-6tk\/#breadcrumb\"},\"inLanguage\":\"ru-RU\",\"potentialAction\":[{\"@type\":\"ReadAction\",\"target\":[\"https:\/\/horticom.ee\/e-pood\/toode\/prussaka-soodajaam-ecogel-6tk\/\"]}]},{\"@type\":\"ImageObject\",\"inLanguage\":\"ru-RU\",\"@id\":\"https:\/\/horticom.ee\/e-pood\/toode\/prussaka-soodajaam-ecogel-6tk\/#primaryimage\",\"url\":\"https:\/\/horticom.ee\/e-pood\/wp-content\/uploads\/importedmedia\/product-155320_0-P1002.jpg\",\"contentUrl\":\"https:\/\/horticom.ee\/e-pood\/wp-content\/uploads\/importedmedia\/product-155320_0-P1002.jpg\",\"width\":1000,\"height\":1333,\"caption\":\"Prussaka s\u00f6\u00f6dajaam Ecogel 6tk\"},{\"@type\":\"BreadcrumbList\",\"@id\":\"https:\/\/horticom.ee\/e-pood\/toode\/prussaka-soodajaam-ecogel-6tk\/#breadcrumb\",\"itemListElement\":[{\"@type\":\"ListItem\",\"position\":1,\"name\":\"Home\",\"item\":\"https:\/\/horticom.ee\/e-pood\/\"},{\"@type\":\"ListItem\",\"position\":2,\"name\":\"Pood\",\"item\":\"https:\/\/horticom.ee\/e-pood\/pood\/\"},{\"@type\":\"ListItem\",\"position\":3,\"name\":\"Prussaka s\u00f6\u00f6dajaam Ecogel 6tk\"}]},{\"@type\":\"WebSite\",\"@id\":\"https:\/\/horticom.ee\/e-pood\/#website\",\"url\":\"https:\/\/horticom.ee\/e-pood\/\",\"name\":\"Horticom.ee\",\"description\":\"Aianduskaubad ja kodukaubad nii harrastajatele kui professionaalidele\",\"potentialAction\":[{\"@type\":\"SearchAction\",\"target\":{\"@type\":\"EntryPoint\",\"urlTemplate\":\"https:\/\/horticom.ee\/e-pood\/?s={search_term_string}\"},\"query-input\":{\"@type\":\"PropertyValueSpecification\",\"valueRequired\":true,\"valueName\":\"search_term_string\"}}],\"inLanguage\":\"ru-RU\"}]}<\/script>\n<!-- \/ Yoast SEO plugin. -->","yoast_head_json":{"title":"Prussaka s\u00f6\u00f6dajaam Ecogel 6tk - Horticom.ee\/e-pood","description":"Aitab t\u00f5husalt v\u00f5idela prussakatega. Ei ole soovitatav j\u00e4tta otse p\u00e4ikesekiirguse k\u00e4tte ja otsese vihma k\u00e4tte.","robots":{"index":"index","follow":"follow","max-snippet":"max-snippet:-1","max-image-preview":"max-image-preview:large","max-video-preview":"max-video-preview:-1"},"canonical":"https:\/\/horticom.ee\/e-pood\/toode\/prussaka-soodajaam-ecogel-6tk\/","og_locale":"ru_RU","og_type":"article","og_title":"Prussaka s\u00f6\u00f6dajaam Ecogel 6tk - Horticom.ee\/e-pood","og_description":"Aitab t\u00f5husalt v\u00f5idela prussakatega. Ei ole soovitatav j\u00e4tta otse p\u00e4ikesekiirguse k\u00e4tte ja otsese vihma k\u00e4tte.","og_url":"https:\/\/horticom.ee\/e-pood\/toode\/prussaka-soodajaam-ecogel-6tk\/","og_site_name":"Horticom.ee","article_publisher":"https:\/\/www.facebook.com\/horticom.ee\/e-pood","article_modified_time":"2026-05-08T11:01:05+00:00","og_image":[{"width":1000,"height":1333,"url":"https:\/\/horticom.ee\/e-pood\/wp-content\/uploads\/importedmedia\/product-155320_0-P1002.jpg","type":"image\/jpeg"}],"twitter_card":"summary_large_image","schema":{"@context":"https:\/\/schema.org","@graph":[{"@type":"WebPage","@id":"https:\/\/horticom.ee\/e-pood\/toode\/prussaka-soodajaam-ecogel-6tk\/","url":"https:\/\/horticom.ee\/e-pood\/toode\/prussaka-soodajaam-ecogel-6tk\/","name":"Prussaka s\u00f6\u00f6dajaam Ecogel 6tk - Horticom.ee\/e-pood","isPartOf":{"@id":"https:\/\/horticom.ee\/e-pood\/#website"},"primaryImageOfPage":{"@id":"https:\/\/horticom.ee\/e-pood\/toode\/prussaka-soodajaam-ecogel-6tk\/#primaryimage"},"image":{"@id":"https:\/\/horticom.ee\/e-pood\/toode\/prussaka-soodajaam-ecogel-6tk\/#primaryimage"},"thumbnailUrl":"https:\/\/horticom.ee\/e-pood\/wp-content\/uploads\/importedmedia\/product-155320_0-P1002.jpg","datePublished":"2022-01-17T22:13:29+00:00","dateModified":"2026-05-08T11:01:05+00:00","description":"Aitab t\u00f5husalt v\u00f5idela prussakatega. Ei ole soovitatav j\u00e4tta otse p\u00e4ikesekiirguse k\u00e4tte ja otsese vihma k\u00e4tte.","breadcrumb":{"@id":"https:\/\/horticom.ee\/e-pood\/toode\/prussaka-soodajaam-ecogel-6tk\/#breadcrumb"},"inLanguage":"ru-RU","potentialAction":[{"@type":"ReadAction","target":["https:\/\/horticom.ee\/e-pood\/toode\/prussaka-soodajaam-ecogel-6tk\/"]}]},{"@type":"ImageObject","inLanguage":"ru-RU","@id":"https:\/\/horticom.ee\/e-pood\/toode\/prussaka-soodajaam-ecogel-6tk\/#primaryimage","url":"https:\/\/horticom.ee\/e-pood\/wp-content\/uploads\/importedmedia\/product-155320_0-P1002.jpg","contentUrl":"https:\/\/horticom.ee\/e-pood\/wp-content\/uploads\/importedmedia\/product-155320_0-P1002.jpg","width":1000,"height":1333,"caption":"Prussaka s\u00f6\u00f6dajaam Ecogel 6tk"},{"@type":"BreadcrumbList","@id":"https:\/\/horticom.ee\/e-pood\/toode\/prussaka-soodajaam-ecogel-6tk\/#breadcrumb","itemListElement":[{"@type":"ListItem","position":1,"name":"Home","item":"https:\/\/horticom.ee\/e-pood\/"},{"@type":"ListItem","position":2,"name":"Pood","item":"https:\/\/horticom.ee\/e-pood\/pood\/"},{"@type":"ListItem","position":3,"name":"Prussaka s\u00f6\u00f6dajaam Ecogel 6tk"}]},{"@type":"WebSite","@id":"https:\/\/horticom.ee\/e-pood\/#website","url":"https:\/\/horticom.ee\/e-pood\/","name":"Horticom.ee","description":"Aianduskaubad ja kodukaubad nii harrastajatele kui professionaalidele","potentialAction":[{"@type":"SearchAction","target":{"@type":"EntryPoint","urlTemplate":"https:\/\/horticom.ee\/e-pood\/?s={search_term_string}"},"query-input":{"@type":"PropertyValueSpecification","valueRequired":true,"valueName":"search_term_string"}}],"inLanguage":"ru-RU"}]}},"_links":{"self":[{"href":"https:\/\/horticom.ee\/e-pood\/ru\/wp-json\/wp\/v2\/product\/155320","targetHints":{"allow":["GET"]}}],"collection":[{"href":"https:\/\/horticom.ee\/e-pood\/ru\/wp-json\/wp\/v2\/product"}],"about":[{"href":"https:\/\/horticom.ee\/e-pood\/ru\/wp-json\/wp\/v2\/types\/product"}],"replies":[{"embeddable":true,"href":"https:\/\/horticom.ee\/e-pood\/ru\/wp-json\/wp\/v2\/comments?post=155320"}],"wp:featuredmedia":[{"embeddable":true,"href":"https:\/\/horticom.ee\/e-pood\/ru\/wp-json\/wp\/v2\/media\/158506"}],"wp:attachment":[{"href":"https:\/\/horticom.ee\/e-pood\/ru\/wp-json\/wp\/v2\/media?parent=155320"}],"wp:term":[{"taxonomy":"product_cat","embeddable":true,"href":"https:\/\/horticom.ee\/e-pood\/ru\/wp-json\/wp\/v2\/product_cat?post=155320"},{"taxonomy":"product_tag","embeddable":true,"href":"https:\/\/horticom.ee\/e-pood\/ru\/wp-json\/wp\/v2\/product_tag?post=155320"}],"curies":[{"name":"wp","href":"https:\/\/api.w.org\/{rel}","templated":true}]}}