{"id":155323,"date":"2022-01-18T00:13:30","date_gmt":"2022-01-17T22:13:30","guid":{"rendered":"https:\/\/aednik24.ee\/toode\/sugisvaetis-koduaeda-horticom-1kg\/"},"modified":"2026-05-02T03:10:23","modified_gmt":"2026-05-02T00:10:23","slug":"sugisvaetis-koduaeda-horticom-1kg","status":"publish","type":"product","link":"https:\/\/horticom.ee\/e-pood\/ru\/toode\/sugisvaetis-koduaeda-horticom-1kg\/","title":{"rendered":"S\u00fcgisv\u00e4etis koduaeda Horticom 1kg"},"content":{"rendered":"<p>S\u00fcgisv\u00e4etis on m\u00f5eldud taimede s\u00fcgiseseks toitainetega varustamiseks ning mullastiku ettevalmistamiseks j\u00e4rgmise aasta taimede kasvuks, \u00f5itsemiseks ning viljade moodustamiseks. V\u00e4etise \u00f5igesti balansseeritud toitained aitavad taimedel talveks paremini ette valmistuda. V\u00e4etist kasutatakse juulist oktoobrini.<\/p>\n","protected":false},"excerpt":{"rendered":"<p>S\u00fcgisv\u00e4etis on m\u00f5eldud taimede s\u00fcgiseseks toitainetega varustamiseks ning mullastiku ettevalmistamiseks j\u00e4rgmise aasta taimede kasvuks, \u00f5itsemiseks ning viljade moodustamiseks. V\u00e4etise \u00f5igesti balansseeritud toitained aitavad taimedel talveks paremini ette valmistuda. V\u00e4etist kasutatakse juulist oktoobrini.<\/p>\n","protected":false},"featured_media":2379136,"comment_status":"closed","ping_status":"closed","template":"","meta":{"_themeisle_gutenberg_block_has_review":false},"product_cat":[16969],"product_tag":[],"class_list":{"0":"post-155323","1":"product","2":"type-product","3":"status-publish","4":"has-post-thumbnail","6":"product_cat-sugisvaetised","8":"first","9":"instock","10":"shipping-taxable","11":"purchasable","12":"product-type-simple"},"yoast_head":"<!-- This site is optimized with the Yoast SEO plugin v24.0 - https:\/\/yoast.com\/wordpress\/plugins\/seo\/ -->\n<title>S\u00fcgisv\u00e4etis koduaeda Horticom 1kg - Horticom<\/title>\n<meta name=\"robots\" content=\"index, follow, max-snippet:-1, max-image-preview:large, max-video-preview:-1\" \/>\n<link rel=\"canonical\" href=\"https:\/\/horticom.ee\/e-pood\/toode\/sugisvaetis-koduaeda-horticom-1kg\/\" \/>\n<meta property=\"og:locale\" content=\"ru_RU\" \/>\n<meta property=\"og:type\" content=\"article\" \/>\n<meta property=\"og:title\" content=\"S\u00fcgisv\u00e4etis koduaeda Horticom 1kg - Horticom\" \/>\n<meta property=\"og:description\" content=\"S\u00fcgisv\u00e4etis on m\u00f5eldud taimede s\u00fcgiseseks toitainetega varustamiseks ning mullastiku ettevalmistamiseks j\u00e4rgmise aasta taimede kasvuks, \u00f5itsemiseks ning viljade moodustamiseks. V\u00e4etise \u00f5igesti balansseeritud toitained aitavad taimedel talveks paremini ette valmistuda. V\u00e4etist kasutatakse juulist oktoobrini.\" \/>\n<meta property=\"og:url\" content=\"https:\/\/horticom.ee\/e-pood\/toode\/sugisvaetis-koduaeda-horticom-1kg\/\" \/>\n<meta property=\"og:site_name\" content=\"Horticom.ee\" \/>\n<meta property=\"article:publisher\" content=\"https:\/\/www.facebook.com\/horticom.ee\/e-pood\" \/>\n<meta property=\"article:modified_time\" content=\"2026-05-02T00:10:23+00:00\" \/>\n<meta property=\"og:image\" content=\"https:\/\/horticom.ee\/e-pood\/wp-content\/uploads\/importedmedia\/product-155323_0-6700044.jpg\" \/>\n\t<meta property=\"og:image:width\" content=\"1000\" \/>\n\t<meta property=\"og:image:height\" content=\"1000\" \/>\n\t<meta property=\"og:image:type\" content=\"image\/jpeg\" \/>\n<meta name=\"twitter:card\" content=\"summary_large_image\" \/>\n<script type=\"application\/ld+json\" class=\"yoast-schema-graph\">{\"@context\":\"https:\/\/schema.org\",\"@graph\":[{\"@type\":\"WebPage\",\"@id\":\"https:\/\/horticom.ee\/e-pood\/toode\/sugisvaetis-koduaeda-horticom-1kg\/\",\"url\":\"https:\/\/horticom.ee\/e-pood\/toode\/sugisvaetis-koduaeda-horticom-1kg\/\",\"name\":\"S\u00fcgisv\u00e4etis koduaeda Horticom 1kg - Horticom\",\"isPartOf\":{\"@id\":\"https:\/\/horticom.ee\/e-pood\/#website\"},\"primaryImageOfPage\":{\"@id\":\"https:\/\/horticom.ee\/e-pood\/toode\/sugisvaetis-koduaeda-horticom-1kg\/#primaryimage\"},\"image\":{\"@id\":\"https:\/\/horticom.ee\/e-pood\/toode\/sugisvaetis-koduaeda-horticom-1kg\/#primaryimage\"},\"thumbnailUrl\":\"https:\/\/horticom.ee\/e-pood\/wp-content\/uploads\/importedmedia\/product-155323_0-6700044.jpg\",\"datePublished\":\"2022-01-17T22:13:30+00:00\",\"dateModified\":\"2026-05-02T00:10:23+00:00\",\"breadcrumb\":{\"@id\":\"https:\/\/horticom.ee\/e-pood\/toode\/sugisvaetis-koduaeda-horticom-1kg\/#breadcrumb\"},\"inLanguage\":\"ru-RU\",\"potentialAction\":[{\"@type\":\"ReadAction\",\"target\":[\"https:\/\/horticom.ee\/e-pood\/toode\/sugisvaetis-koduaeda-horticom-1kg\/\"]}]},{\"@type\":\"ImageObject\",\"inLanguage\":\"ru-RU\",\"@id\":\"https:\/\/horticom.ee\/e-pood\/toode\/sugisvaetis-koduaeda-horticom-1kg\/#primaryimage\",\"url\":\"https:\/\/horticom.ee\/e-pood\/wp-content\/uploads\/importedmedia\/product-155323_0-6700044.jpg\",\"contentUrl\":\"https:\/\/horticom.ee\/e-pood\/wp-content\/uploads\/importedmedia\/product-155323_0-6700044.jpg\",\"width\":1000,\"height\":1000},{\"@type\":\"BreadcrumbList\",\"@id\":\"https:\/\/horticom.ee\/e-pood\/toode\/sugisvaetis-koduaeda-horticom-1kg\/#breadcrumb\",\"itemListElement\":[{\"@type\":\"ListItem\",\"position\":1,\"name\":\"Home\",\"item\":\"https:\/\/horticom.ee\/e-pood\/\"},{\"@type\":\"ListItem\",\"position\":2,\"name\":\"Pood\",\"item\":\"https:\/\/horticom.ee\/e-pood\/pood\/\"},{\"@type\":\"ListItem\",\"position\":3,\"name\":\"S\u00fcgisv\u00e4etis koduaeda Horticom 1kg\"}]},{\"@type\":\"WebSite\",\"@id\":\"https:\/\/horticom.ee\/e-pood\/#website\",\"url\":\"https:\/\/horticom.ee\/e-pood\/\",\"name\":\"Horticom.ee\",\"description\":\"Aianduskaubad ja kodukaubad nii harrastajatele kui professionaalidele\",\"potentialAction\":[{\"@type\":\"SearchAction\",\"target\":{\"@type\":\"EntryPoint\",\"urlTemplate\":\"https:\/\/horticom.ee\/e-pood\/?s={search_term_string}\"},\"query-input\":{\"@type\":\"PropertyValueSpecification\",\"valueRequired\":true,\"valueName\":\"search_term_string\"}}],\"inLanguage\":\"ru-RU\"}]}<\/script>\n<!-- \/ Yoast SEO plugin. -->","yoast_head_json":{"title":"S\u00fcgisv\u00e4etis koduaeda Horticom 1kg - Horticom","robots":{"index":"index","follow":"follow","max-snippet":"max-snippet:-1","max-image-preview":"max-image-preview:large","max-video-preview":"max-video-preview:-1"},"canonical":"https:\/\/horticom.ee\/e-pood\/toode\/sugisvaetis-koduaeda-horticom-1kg\/","og_locale":"ru_RU","og_type":"article","og_title":"S\u00fcgisv\u00e4etis koduaeda Horticom 1kg - Horticom","og_description":"S\u00fcgisv\u00e4etis on m\u00f5eldud taimede s\u00fcgiseseks toitainetega varustamiseks ning mullastiku ettevalmistamiseks j\u00e4rgmise aasta taimede kasvuks, \u00f5itsemiseks ning viljade moodustamiseks. V\u00e4etise \u00f5igesti balansseeritud toitained aitavad taimedel talveks paremini ette valmistuda. V\u00e4etist kasutatakse juulist oktoobrini.","og_url":"https:\/\/horticom.ee\/e-pood\/toode\/sugisvaetis-koduaeda-horticom-1kg\/","og_site_name":"Horticom.ee","article_publisher":"https:\/\/www.facebook.com\/horticom.ee\/e-pood","article_modified_time":"2026-05-02T00:10:23+00:00","og_image":[{"width":1000,"height":1000,"url":"https:\/\/horticom.ee\/e-pood\/wp-content\/uploads\/importedmedia\/product-155323_0-6700044.jpg","type":"image\/jpeg"}],"twitter_card":"summary_large_image","schema":{"@context":"https:\/\/schema.org","@graph":[{"@type":"WebPage","@id":"https:\/\/horticom.ee\/e-pood\/toode\/sugisvaetis-koduaeda-horticom-1kg\/","url":"https:\/\/horticom.ee\/e-pood\/toode\/sugisvaetis-koduaeda-horticom-1kg\/","name":"S\u00fcgisv\u00e4etis koduaeda Horticom 1kg - Horticom","isPartOf":{"@id":"https:\/\/horticom.ee\/e-pood\/#website"},"primaryImageOfPage":{"@id":"https:\/\/horticom.ee\/e-pood\/toode\/sugisvaetis-koduaeda-horticom-1kg\/#primaryimage"},"image":{"@id":"https:\/\/horticom.ee\/e-pood\/toode\/sugisvaetis-koduaeda-horticom-1kg\/#primaryimage"},"thumbnailUrl":"https:\/\/horticom.ee\/e-pood\/wp-content\/uploads\/importedmedia\/product-155323_0-6700044.jpg","datePublished":"2022-01-17T22:13:30+00:00","dateModified":"2026-05-02T00:10:23+00:00","breadcrumb":{"@id":"https:\/\/horticom.ee\/e-pood\/toode\/sugisvaetis-koduaeda-horticom-1kg\/#breadcrumb"},"inLanguage":"ru-RU","potentialAction":[{"@type":"ReadAction","target":["https:\/\/horticom.ee\/e-pood\/toode\/sugisvaetis-koduaeda-horticom-1kg\/"]}]},{"@type":"ImageObject","inLanguage":"ru-RU","@id":"https:\/\/horticom.ee\/e-pood\/toode\/sugisvaetis-koduaeda-horticom-1kg\/#primaryimage","url":"https:\/\/horticom.ee\/e-pood\/wp-content\/uploads\/importedmedia\/product-155323_0-6700044.jpg","contentUrl":"https:\/\/horticom.ee\/e-pood\/wp-content\/uploads\/importedmedia\/product-155323_0-6700044.jpg","width":1000,"height":1000},{"@type":"BreadcrumbList","@id":"https:\/\/horticom.ee\/e-pood\/toode\/sugisvaetis-koduaeda-horticom-1kg\/#breadcrumb","itemListElement":[{"@type":"ListItem","position":1,"name":"Home","item":"https:\/\/horticom.ee\/e-pood\/"},{"@type":"ListItem","position":2,"name":"Pood","item":"https:\/\/horticom.ee\/e-pood\/pood\/"},{"@type":"ListItem","position":3,"name":"S\u00fcgisv\u00e4etis koduaeda Horticom 1kg"}]},{"@type":"WebSite","@id":"https:\/\/horticom.ee\/e-pood\/#website","url":"https:\/\/horticom.ee\/e-pood\/","name":"Horticom.ee","description":"Aianduskaubad ja kodukaubad nii harrastajatele kui professionaalidele","potentialAction":[{"@type":"SearchAction","target":{"@type":"EntryPoint","urlTemplate":"https:\/\/horticom.ee\/e-pood\/?s={search_term_string}"},"query-input":{"@type":"PropertyValueSpecification","valueRequired":true,"valueName":"search_term_string"}}],"inLanguage":"ru-RU"}]}},"_links":{"self":[{"href":"https:\/\/horticom.ee\/e-pood\/ru\/wp-json\/wp\/v2\/product\/155323","targetHints":{"allow":["GET"]}}],"collection":[{"href":"https:\/\/horticom.ee\/e-pood\/ru\/wp-json\/wp\/v2\/product"}],"about":[{"href":"https:\/\/horticom.ee\/e-pood\/ru\/wp-json\/wp\/v2\/types\/product"}],"replies":[{"embeddable":true,"href":"https:\/\/horticom.ee\/e-pood\/ru\/wp-json\/wp\/v2\/comments?post=155323"}],"wp:featuredmedia":[{"embeddable":true,"href":"https:\/\/horticom.ee\/e-pood\/ru\/wp-json\/wp\/v2\/media\/2379136"}],"wp:attachment":[{"href":"https:\/\/horticom.ee\/e-pood\/ru\/wp-json\/wp\/v2\/media?parent=155323"}],"wp:term":[{"taxonomy":"product_cat","embeddable":true,"href":"https:\/\/horticom.ee\/e-pood\/ru\/wp-json\/wp\/v2\/product_cat?post=155323"},{"taxonomy":"product_tag","embeddable":true,"href":"https:\/\/horticom.ee\/e-pood\/ru\/wp-json\/wp\/v2\/product_tag?post=155323"}],"curies":[{"name":"wp","href":"https:\/\/api.w.org\/{rel}","templated":true}]}}