{"id":155351,"date":"2022-01-18T00:13:45","date_gmt":"2022-01-17T22:13:45","guid":{"rendered":"https:\/\/aednik24.ee\/toode\/saasefumigaator-arox-koos-taitevedelikuga\/"},"modified":"2026-04-23T13:01:44","modified_gmt":"2026-04-23T10:01:44","slug":"saasefumigaator-arox-koos-taitevedelikuga","status":"publish","type":"product","link":"https:\/\/horticom.ee\/e-pood\/ru\/toode\/saasefumigaator-arox-koos-taitevedelikuga\/","title":{"rendered":"S\u00e4\u00e4sefumigaator Arox koos t\u00e4itevedelikuga kaitse 460h"},"content":{"rendered":"<p>Tagab mitmetunnise kaitse putukate eest, kokku kuni 460h umbes 8 n\u00e4dalat. Tulemus saavutatakse p\u00e4rast 45-75 minuti m\u00f6\u00f6dumist alates vedelikuga seadme sissel\u00fclitamisest. Toode on m\u00f5eldud \u00fcldotstarbeliseks kasutamiseks kuni 30m ruumialaga ruumides. Kaitseb ka Culex quinquefasciatus ja Aedes albopictuse liigi s\u00e4\u00e4skede vastu. Need v\u00f5ivad olla ohtlike viirushaiguste vektoriteks &#8211; zika viiruse, malaaria, kollapalaviku ja teiste troopiliste s\u00e4\u00e4skede poolt levitatud haiguste kandjateks. NB! KASUTAGE  BIOTSIIDI  OHUTULT. ENNE KASUTAMIST LUGEGE ALATI L\u00c4BI M\u00c4RGISTUS JA TEAVE TOOTE KOHTA.<\/p>\n","protected":false},"excerpt":{"rendered":"<p>Tagab mitmetunnise kaitse putukate eest, kokku kuni 460h umbes 8 n\u00e4dalat. Tulemus saavutatakse p\u00e4rast 45-75 minuti m\u00f6\u00f6dumist alates vedelikuga seadme sissel\u00fclitamisest. Toode on m\u00f5eldud \u00fcldotstarbeliseks kasutamiseks kuni 30m ruumialaga ruumides. Kaitseb ka Culex quinquefasciatus ja Aedes albopictuse liigi s\u00e4\u00e4skede vastu. Need v\u00f5ivad olla ohtlike viirushaiguste vektoriteks &#8211; zika viiruse, malaaria, kollapalaviku ja teiste troopiliste s\u00e4\u00e4skede [&hellip;]<\/p>\n","protected":false},"featured_media":158444,"comment_status":"closed","ping_status":"closed","template":"","meta":{"_themeisle_gutenberg_block_has_review":false},"product_cat":[13598],"product_tag":[],"class_list":{"0":"post-155351","1":"product","2":"type-product","3":"status-publish","4":"has-post-thumbnail","6":"product_cat-saased-puugid-ja-parmud","8":"first","9":"instock","10":"shipping-taxable","11":"purchasable","12":"product-type-simple"},"yoast_head":"<!-- This site is optimized with the Yoast SEO plugin v24.0 - https:\/\/yoast.com\/wordpress\/plugins\/seo\/ -->\n<title>S\u00e4\u00e4sefumigaator Arox koos t\u00e4itevedelikuga - Horticom.ee<\/title>\n<meta name=\"description\" content=\"Putukate t\u00f5rje fumigaator \u2013 Kaitseb putukate eest 8 n\u00e4dalat, ideaalne ruumidele kuni 30m\u00b2. Efektiivne s\u00e4\u00e4skede ja kahjurite vastu. Kasutamine: vooluv\u00f5rgus.\" \/>\n<meta name=\"robots\" content=\"index, follow, max-snippet:-1, max-image-preview:large, max-video-preview:-1\" \/>\n<link rel=\"canonical\" href=\"https:\/\/horticom.ee\/e-pood\/toode\/saasefumigaator-arox-koos-taitevedelikuga\/\" \/>\n<meta property=\"og:locale\" content=\"ru_RU\" \/>\n<meta property=\"og:type\" content=\"article\" \/>\n<meta property=\"og:title\" content=\"S\u00e4\u00e4sefumigaator Arox koos t\u00e4itevedelikuga - Horticom.ee\" \/>\n<meta property=\"og:description\" content=\"Putukate t\u00f5rje fumigaator \u2013 Kaitseb putukate eest 8 n\u00e4dalat, ideaalne ruumidele kuni 30m\u00b2. Efektiivne s\u00e4\u00e4skede ja kahjurite vastu. Kasutamine: vooluv\u00f5rgus.\" \/>\n<meta property=\"og:url\" content=\"https:\/\/horticom.ee\/e-pood\/toode\/saasefumigaator-arox-koos-taitevedelikuga\/\" \/>\n<meta property=\"og:site_name\" content=\"Horticom.ee\" \/>\n<meta property=\"article:publisher\" content=\"https:\/\/www.facebook.com\/horticom.ee\/e-pood\" \/>\n<meta property=\"article:modified_time\" content=\"2026-04-23T10:01:44+00:00\" \/>\n<meta property=\"og:image\" content=\"https:\/\/horticom.ee\/e-pood\/wp-content\/uploads\/importedmedia\/product-155351_0-P0442.jpg\" \/>\n\t<meta property=\"og:image:width\" content=\"999\" \/>\n\t<meta property=\"og:image:height\" content=\"1205\" \/>\n\t<meta property=\"og:image:type\" content=\"image\/jpeg\" \/>\n<meta name=\"twitter:card\" content=\"summary_large_image\" \/>\n<script type=\"application\/ld+json\" class=\"yoast-schema-graph\">{\"@context\":\"https:\/\/schema.org\",\"@graph\":[{\"@type\":\"WebPage\",\"@id\":\"https:\/\/horticom.ee\/e-pood\/toode\/saasefumigaator-arox-koos-taitevedelikuga\/\",\"url\":\"https:\/\/horticom.ee\/e-pood\/toode\/saasefumigaator-arox-koos-taitevedelikuga\/\",\"name\":\"S\u00e4\u00e4sefumigaator Arox koos t\u00e4itevedelikuga - Horticom.ee\",\"isPartOf\":{\"@id\":\"https:\/\/horticom.ee\/e-pood\/#website\"},\"primaryImageOfPage\":{\"@id\":\"https:\/\/horticom.ee\/e-pood\/toode\/saasefumigaator-arox-koos-taitevedelikuga\/#primaryimage\"},\"image\":{\"@id\":\"https:\/\/horticom.ee\/e-pood\/toode\/saasefumigaator-arox-koos-taitevedelikuga\/#primaryimage\"},\"thumbnailUrl\":\"https:\/\/horticom.ee\/e-pood\/wp-content\/uploads\/importedmedia\/product-155351_0-P0442.jpg\",\"datePublished\":\"2022-01-17T22:13:45+00:00\",\"dateModified\":\"2026-04-23T10:01:44+00:00\",\"description\":\"Putukate t\u00f5rje fumigaator \u2013 Kaitseb putukate eest 8 n\u00e4dalat, ideaalne ruumidele kuni 30m\u00b2. Efektiivne s\u00e4\u00e4skede ja kahjurite vastu. Kasutamine: vooluv\u00f5rgus.\",\"breadcrumb\":{\"@id\":\"https:\/\/horticom.ee\/e-pood\/toode\/saasefumigaator-arox-koos-taitevedelikuga\/#breadcrumb\"},\"inLanguage\":\"ru-RU\",\"potentialAction\":[{\"@type\":\"ReadAction\",\"target\":[\"https:\/\/horticom.ee\/e-pood\/toode\/saasefumigaator-arox-koos-taitevedelikuga\/\"]}]},{\"@type\":\"ImageObject\",\"inLanguage\":\"ru-RU\",\"@id\":\"https:\/\/horticom.ee\/e-pood\/toode\/saasefumigaator-arox-koos-taitevedelikuga\/#primaryimage\",\"url\":\"https:\/\/horticom.ee\/e-pood\/wp-content\/uploads\/importedmedia\/product-155351_0-P0442.jpg\",\"contentUrl\":\"https:\/\/horticom.ee\/e-pood\/wp-content\/uploads\/importedmedia\/product-155351_0-P0442.jpg\",\"width\":999,\"height\":1205,\"caption\":\"S\u00e4\u00e4sefumigaator Arox koos t\u00e4itevedelikuga\"},{\"@type\":\"BreadcrumbList\",\"@id\":\"https:\/\/horticom.ee\/e-pood\/toode\/saasefumigaator-arox-koos-taitevedelikuga\/#breadcrumb\",\"itemListElement\":[{\"@type\":\"ListItem\",\"position\":1,\"name\":\"Home\",\"item\":\"https:\/\/horticom.ee\/e-pood\/\"},{\"@type\":\"ListItem\",\"position\":2,\"name\":\"Pood\",\"item\":\"https:\/\/horticom.ee\/e-pood\/pood\/\"},{\"@type\":\"ListItem\",\"position\":3,\"name\":\"S\u00e4\u00e4sefumigaator Arox koos t\u00e4itevedelikuga kaitse 460h\"}]},{\"@type\":\"WebSite\",\"@id\":\"https:\/\/horticom.ee\/e-pood\/#website\",\"url\":\"https:\/\/horticom.ee\/e-pood\/\",\"name\":\"Horticom.ee\",\"description\":\"Aianduskaubad ja kodukaubad nii harrastajatele kui professionaalidele\",\"potentialAction\":[{\"@type\":\"SearchAction\",\"target\":{\"@type\":\"EntryPoint\",\"urlTemplate\":\"https:\/\/horticom.ee\/e-pood\/?s={search_term_string}\"},\"query-input\":{\"@type\":\"PropertyValueSpecification\",\"valueRequired\":true,\"valueName\":\"search_term_string\"}}],\"inLanguage\":\"ru-RU\"}]}<\/script>\n<!-- \/ Yoast SEO plugin. -->","yoast_head_json":{"title":"S\u00e4\u00e4sefumigaator Arox koos t\u00e4itevedelikuga - Horticom.ee","description":"Putukate t\u00f5rje fumigaator \u2013 Kaitseb putukate eest 8 n\u00e4dalat, ideaalne ruumidele kuni 30m\u00b2. Efektiivne s\u00e4\u00e4skede ja kahjurite vastu. Kasutamine: vooluv\u00f5rgus.","robots":{"index":"index","follow":"follow","max-snippet":"max-snippet:-1","max-image-preview":"max-image-preview:large","max-video-preview":"max-video-preview:-1"},"canonical":"https:\/\/horticom.ee\/e-pood\/toode\/saasefumigaator-arox-koos-taitevedelikuga\/","og_locale":"ru_RU","og_type":"article","og_title":"S\u00e4\u00e4sefumigaator Arox koos t\u00e4itevedelikuga - Horticom.ee","og_description":"Putukate t\u00f5rje fumigaator \u2013 Kaitseb putukate eest 8 n\u00e4dalat, ideaalne ruumidele kuni 30m\u00b2. Efektiivne s\u00e4\u00e4skede ja kahjurite vastu. Kasutamine: vooluv\u00f5rgus.","og_url":"https:\/\/horticom.ee\/e-pood\/toode\/saasefumigaator-arox-koos-taitevedelikuga\/","og_site_name":"Horticom.ee","article_publisher":"https:\/\/www.facebook.com\/horticom.ee\/e-pood","article_modified_time":"2026-04-23T10:01:44+00:00","og_image":[{"width":999,"height":1205,"url":"https:\/\/horticom.ee\/e-pood\/wp-content\/uploads\/importedmedia\/product-155351_0-P0442.jpg","type":"image\/jpeg"}],"twitter_card":"summary_large_image","schema":{"@context":"https:\/\/schema.org","@graph":[{"@type":"WebPage","@id":"https:\/\/horticom.ee\/e-pood\/toode\/saasefumigaator-arox-koos-taitevedelikuga\/","url":"https:\/\/horticom.ee\/e-pood\/toode\/saasefumigaator-arox-koos-taitevedelikuga\/","name":"S\u00e4\u00e4sefumigaator Arox koos t\u00e4itevedelikuga - Horticom.ee","isPartOf":{"@id":"https:\/\/horticom.ee\/e-pood\/#website"},"primaryImageOfPage":{"@id":"https:\/\/horticom.ee\/e-pood\/toode\/saasefumigaator-arox-koos-taitevedelikuga\/#primaryimage"},"image":{"@id":"https:\/\/horticom.ee\/e-pood\/toode\/saasefumigaator-arox-koos-taitevedelikuga\/#primaryimage"},"thumbnailUrl":"https:\/\/horticom.ee\/e-pood\/wp-content\/uploads\/importedmedia\/product-155351_0-P0442.jpg","datePublished":"2022-01-17T22:13:45+00:00","dateModified":"2026-04-23T10:01:44+00:00","description":"Putukate t\u00f5rje fumigaator \u2013 Kaitseb putukate eest 8 n\u00e4dalat, ideaalne ruumidele kuni 30m\u00b2. Efektiivne s\u00e4\u00e4skede ja kahjurite vastu. Kasutamine: vooluv\u00f5rgus.","breadcrumb":{"@id":"https:\/\/horticom.ee\/e-pood\/toode\/saasefumigaator-arox-koos-taitevedelikuga\/#breadcrumb"},"inLanguage":"ru-RU","potentialAction":[{"@type":"ReadAction","target":["https:\/\/horticom.ee\/e-pood\/toode\/saasefumigaator-arox-koos-taitevedelikuga\/"]}]},{"@type":"ImageObject","inLanguage":"ru-RU","@id":"https:\/\/horticom.ee\/e-pood\/toode\/saasefumigaator-arox-koos-taitevedelikuga\/#primaryimage","url":"https:\/\/horticom.ee\/e-pood\/wp-content\/uploads\/importedmedia\/product-155351_0-P0442.jpg","contentUrl":"https:\/\/horticom.ee\/e-pood\/wp-content\/uploads\/importedmedia\/product-155351_0-P0442.jpg","width":999,"height":1205,"caption":"S\u00e4\u00e4sefumigaator Arox koos t\u00e4itevedelikuga"},{"@type":"BreadcrumbList","@id":"https:\/\/horticom.ee\/e-pood\/toode\/saasefumigaator-arox-koos-taitevedelikuga\/#breadcrumb","itemListElement":[{"@type":"ListItem","position":1,"name":"Home","item":"https:\/\/horticom.ee\/e-pood\/"},{"@type":"ListItem","position":2,"name":"Pood","item":"https:\/\/horticom.ee\/e-pood\/pood\/"},{"@type":"ListItem","position":3,"name":"S\u00e4\u00e4sefumigaator Arox koos t\u00e4itevedelikuga kaitse 460h"}]},{"@type":"WebSite","@id":"https:\/\/horticom.ee\/e-pood\/#website","url":"https:\/\/horticom.ee\/e-pood\/","name":"Horticom.ee","description":"Aianduskaubad ja kodukaubad nii harrastajatele kui professionaalidele","potentialAction":[{"@type":"SearchAction","target":{"@type":"EntryPoint","urlTemplate":"https:\/\/horticom.ee\/e-pood\/?s={search_term_string}"},"query-input":{"@type":"PropertyValueSpecification","valueRequired":true,"valueName":"search_term_string"}}],"inLanguage":"ru-RU"}]}},"_links":{"self":[{"href":"https:\/\/horticom.ee\/e-pood\/ru\/wp-json\/wp\/v2\/product\/155351","targetHints":{"allow":["GET"]}}],"collection":[{"href":"https:\/\/horticom.ee\/e-pood\/ru\/wp-json\/wp\/v2\/product"}],"about":[{"href":"https:\/\/horticom.ee\/e-pood\/ru\/wp-json\/wp\/v2\/types\/product"}],"replies":[{"embeddable":true,"href":"https:\/\/horticom.ee\/e-pood\/ru\/wp-json\/wp\/v2\/comments?post=155351"}],"wp:featuredmedia":[{"embeddable":true,"href":"https:\/\/horticom.ee\/e-pood\/ru\/wp-json\/wp\/v2\/media\/158444"}],"wp:attachment":[{"href":"https:\/\/horticom.ee\/e-pood\/ru\/wp-json\/wp\/v2\/media?parent=155351"}],"wp:term":[{"taxonomy":"product_cat","embeddable":true,"href":"https:\/\/horticom.ee\/e-pood\/ru\/wp-json\/wp\/v2\/product_cat?post=155351"},{"taxonomy":"product_tag","embeddable":true,"href":"https:\/\/horticom.ee\/e-pood\/ru\/wp-json\/wp\/v2\/product_tag?post=155351"}],"curies":[{"name":"wp","href":"https:\/\/api.w.org\/{rel}","templated":true}]}}