{"id":155394,"date":"2022-01-18T00:14:06","date_gmt":"2022-01-17T22:14:06","guid":{"rendered":"https:\/\/aednik24.ee\/toode\/lehtsalat-lollo-bionda-2g-1\/"},"modified":"2026-04-30T03:10:50","modified_gmt":"2026-04-30T00:10:50","slug":"lehtsalat-lollo-bionda-2g-1","status":"publish","type":"product","link":"https:\/\/horticom.ee\/e-pood\/ru\/toode\/lehtsalat-lollo-bionda-2g-1\/","title":{"rendered":"Lehtsalat Lollo Bionda 2g 1"},"content":{"rendered":"<p>Lehtsalat Lollo Bionda on keskvarajane lehtsalati sort. Haigustele vastupidav.  See sort kasvatab pika perioodi jooksul hulganisti k\u00e4haraid kollakasroheliste servadega lehti. Kasvuaeg kuni 60 p\u00e4eva. Ei l\u00e4he \u00f5itsema. Sobib kasvatamiseks nii kastis, peenras kui kasvuhoones. Salatikasvatuse \u00f5nnestumiseks vajalik \u00fchtlaselt parasniiske, huumusrikas n\u00f5rgalt happeline kuni neutraalne keskmise raskusega muld.<\/p>\n","protected":false},"excerpt":{"rendered":"<p>Lehtsalat Lollo Bionda on keskvarajane lehtsalati sort. Haigustele vastupidav. See sort kasvatab pika perioodi jooksul hulganisti k\u00e4haraid kollakasroheliste servadega lehti. Kasvuaeg kuni 60 p\u00e4eva. Ei l\u00e4he \u00f5itsema. Sobib kasvatamiseks nii kastis, peenras kui kasvuhoones. Salatikasvatuse \u00f5nnestumiseks vajalik \u00fchtlaselt parasniiske, huumusrikas n\u00f5rgalt happeline kuni neutraalne keskmise raskusega muld.<\/p>\n","protected":false},"featured_media":157718,"comment_status":"closed","ping_status":"closed","template":"","meta":{"_themeisle_gutenberg_block_has_review":false},"product_cat":[13484],"product_tag":[],"class_list":{"0":"post-155394","1":"product","2":"type-product","3":"status-publish","4":"has-post-thumbnail","6":"product_cat-salat-spinat-ruccola","8":"first","9":"outofstock","10":"shipping-taxable","11":"purchasable","12":"product-type-simple"},"yoast_head":"<!-- This site is optimized with the Yoast SEO plugin v24.0 - https:\/\/yoast.com\/wordpress\/plugins\/seo\/ -->\n<title>Lehtsalat Lollo Bionda 2g 1 - Horticom.ee\/e-pood<\/title>\n<meta name=\"description\" content=\"Keskvarajane salatisort, haigustele vastupidav. Kasvab k\u00e4harate lehtedega, kollakasroheline. Kasvuaeg kuni 60 p\u00e4eva.\" \/>\n<meta name=\"robots\" content=\"index, follow, max-snippet:-1, max-image-preview:large, max-video-preview:-1\" \/>\n<link rel=\"canonical\" href=\"https:\/\/horticom.ee\/e-pood\/toode\/lehtsalat-lollo-bionda-2g-1\/\" \/>\n<meta property=\"og:locale\" content=\"ru_RU\" \/>\n<meta property=\"og:type\" content=\"article\" \/>\n<meta property=\"og:title\" content=\"Lehtsalat Lollo Bionda 2g 1 - Horticom.ee\/e-pood\" \/>\n<meta property=\"og:description\" content=\"Keskvarajane salatisort, haigustele vastupidav. Kasvab k\u00e4harate lehtedega, kollakasroheline. Kasvuaeg kuni 60 p\u00e4eva.\" \/>\n<meta property=\"og:url\" content=\"https:\/\/horticom.ee\/e-pood\/toode\/lehtsalat-lollo-bionda-2g-1\/\" \/>\n<meta property=\"og:site_name\" content=\"Horticom.ee\" \/>\n<meta property=\"article:publisher\" content=\"https:\/\/www.facebook.com\/horticom.ee\/e-pood\" \/>\n<meta property=\"article:modified_time\" content=\"2026-04-30T00:10:50+00:00\" \/>\n<meta property=\"og:image\" content=\"https:\/\/horticom.ee\/e-pood\/wp-content\/uploads\/importedmedia\/product-155394_0-HM0620.jpg\" \/>\n\t<meta property=\"og:image:width\" content=\"1000\" \/>\n\t<meta property=\"og:image:height\" content=\"1376\" \/>\n\t<meta property=\"og:image:type\" content=\"image\/jpeg\" \/>\n<meta name=\"twitter:card\" content=\"summary_large_image\" \/>\n<script type=\"application\/ld+json\" class=\"yoast-schema-graph\">{\"@context\":\"https:\/\/schema.org\",\"@graph\":[{\"@type\":\"WebPage\",\"@id\":\"https:\/\/horticom.ee\/e-pood\/toode\/lehtsalat-lollo-bionda-2g-1\/\",\"url\":\"https:\/\/horticom.ee\/e-pood\/toode\/lehtsalat-lollo-bionda-2g-1\/\",\"name\":\"Lehtsalat Lollo Bionda 2g 1 - Horticom.ee\/e-pood\",\"isPartOf\":{\"@id\":\"https:\/\/horticom.ee\/e-pood\/#website\"},\"primaryImageOfPage\":{\"@id\":\"https:\/\/horticom.ee\/e-pood\/toode\/lehtsalat-lollo-bionda-2g-1\/#primaryimage\"},\"image\":{\"@id\":\"https:\/\/horticom.ee\/e-pood\/toode\/lehtsalat-lollo-bionda-2g-1\/#primaryimage\"},\"thumbnailUrl\":\"https:\/\/horticom.ee\/e-pood\/wp-content\/uploads\/importedmedia\/product-155394_0-HM0620.jpg\",\"datePublished\":\"2022-01-17T22:14:06+00:00\",\"dateModified\":\"2026-04-30T00:10:50+00:00\",\"description\":\"Keskvarajane salatisort, haigustele vastupidav. Kasvab k\u00e4harate lehtedega, kollakasroheline. Kasvuaeg kuni 60 p\u00e4eva.\",\"breadcrumb\":{\"@id\":\"https:\/\/horticom.ee\/e-pood\/toode\/lehtsalat-lollo-bionda-2g-1\/#breadcrumb\"},\"inLanguage\":\"ru-RU\",\"potentialAction\":[{\"@type\":\"ReadAction\",\"target\":[\"https:\/\/horticom.ee\/e-pood\/toode\/lehtsalat-lollo-bionda-2g-1\/\"]}]},{\"@type\":\"ImageObject\",\"inLanguage\":\"ru-RU\",\"@id\":\"https:\/\/horticom.ee\/e-pood\/toode\/lehtsalat-lollo-bionda-2g-1\/#primaryimage\",\"url\":\"https:\/\/horticom.ee\/e-pood\/wp-content\/uploads\/importedmedia\/product-155394_0-HM0620.jpg\",\"contentUrl\":\"https:\/\/horticom.ee\/e-pood\/wp-content\/uploads\/importedmedia\/product-155394_0-HM0620.jpg\",\"width\":1000,\"height\":1376,\"caption\":\"Lehtsalat Lollo Bionda 2g 1\"},{\"@type\":\"BreadcrumbList\",\"@id\":\"https:\/\/horticom.ee\/e-pood\/toode\/lehtsalat-lollo-bionda-2g-1\/#breadcrumb\",\"itemListElement\":[{\"@type\":\"ListItem\",\"position\":1,\"name\":\"Home\",\"item\":\"https:\/\/horticom.ee\/e-pood\/\"},{\"@type\":\"ListItem\",\"position\":2,\"name\":\"Pood\",\"item\":\"https:\/\/horticom.ee\/e-pood\/pood\/\"},{\"@type\":\"ListItem\",\"position\":3,\"name\":\"Lehtsalat Lollo Bionda 2g 1\"}]},{\"@type\":\"WebSite\",\"@id\":\"https:\/\/horticom.ee\/e-pood\/#website\",\"url\":\"https:\/\/horticom.ee\/e-pood\/\",\"name\":\"Horticom.ee\",\"description\":\"Aianduskaubad ja kodukaubad nii harrastajatele kui professionaalidele\",\"potentialAction\":[{\"@type\":\"SearchAction\",\"target\":{\"@type\":\"EntryPoint\",\"urlTemplate\":\"https:\/\/horticom.ee\/e-pood\/?s={search_term_string}\"},\"query-input\":{\"@type\":\"PropertyValueSpecification\",\"valueRequired\":true,\"valueName\":\"search_term_string\"}}],\"inLanguage\":\"ru-RU\"}]}<\/script>\n<!-- \/ Yoast SEO plugin. -->","yoast_head_json":{"title":"Lehtsalat Lollo Bionda 2g 1 - Horticom.ee\/e-pood","description":"Keskvarajane salatisort, haigustele vastupidav. Kasvab k\u00e4harate lehtedega, kollakasroheline. Kasvuaeg kuni 60 p\u00e4eva.","robots":{"index":"index","follow":"follow","max-snippet":"max-snippet:-1","max-image-preview":"max-image-preview:large","max-video-preview":"max-video-preview:-1"},"canonical":"https:\/\/horticom.ee\/e-pood\/toode\/lehtsalat-lollo-bionda-2g-1\/","og_locale":"ru_RU","og_type":"article","og_title":"Lehtsalat Lollo Bionda 2g 1 - Horticom.ee\/e-pood","og_description":"Keskvarajane salatisort, haigustele vastupidav. Kasvab k\u00e4harate lehtedega, kollakasroheline. Kasvuaeg kuni 60 p\u00e4eva.","og_url":"https:\/\/horticom.ee\/e-pood\/toode\/lehtsalat-lollo-bionda-2g-1\/","og_site_name":"Horticom.ee","article_publisher":"https:\/\/www.facebook.com\/horticom.ee\/e-pood","article_modified_time":"2026-04-30T00:10:50+00:00","og_image":[{"width":1000,"height":1376,"url":"https:\/\/horticom.ee\/e-pood\/wp-content\/uploads\/importedmedia\/product-155394_0-HM0620.jpg","type":"image\/jpeg"}],"twitter_card":"summary_large_image","schema":{"@context":"https:\/\/schema.org","@graph":[{"@type":"WebPage","@id":"https:\/\/horticom.ee\/e-pood\/toode\/lehtsalat-lollo-bionda-2g-1\/","url":"https:\/\/horticom.ee\/e-pood\/toode\/lehtsalat-lollo-bionda-2g-1\/","name":"Lehtsalat Lollo Bionda 2g 1 - Horticom.ee\/e-pood","isPartOf":{"@id":"https:\/\/horticom.ee\/e-pood\/#website"},"primaryImageOfPage":{"@id":"https:\/\/horticom.ee\/e-pood\/toode\/lehtsalat-lollo-bionda-2g-1\/#primaryimage"},"image":{"@id":"https:\/\/horticom.ee\/e-pood\/toode\/lehtsalat-lollo-bionda-2g-1\/#primaryimage"},"thumbnailUrl":"https:\/\/horticom.ee\/e-pood\/wp-content\/uploads\/importedmedia\/product-155394_0-HM0620.jpg","datePublished":"2022-01-17T22:14:06+00:00","dateModified":"2026-04-30T00:10:50+00:00","description":"Keskvarajane salatisort, haigustele vastupidav. Kasvab k\u00e4harate lehtedega, kollakasroheline. Kasvuaeg kuni 60 p\u00e4eva.","breadcrumb":{"@id":"https:\/\/horticom.ee\/e-pood\/toode\/lehtsalat-lollo-bionda-2g-1\/#breadcrumb"},"inLanguage":"ru-RU","potentialAction":[{"@type":"ReadAction","target":["https:\/\/horticom.ee\/e-pood\/toode\/lehtsalat-lollo-bionda-2g-1\/"]}]},{"@type":"ImageObject","inLanguage":"ru-RU","@id":"https:\/\/horticom.ee\/e-pood\/toode\/lehtsalat-lollo-bionda-2g-1\/#primaryimage","url":"https:\/\/horticom.ee\/e-pood\/wp-content\/uploads\/importedmedia\/product-155394_0-HM0620.jpg","contentUrl":"https:\/\/horticom.ee\/e-pood\/wp-content\/uploads\/importedmedia\/product-155394_0-HM0620.jpg","width":1000,"height":1376,"caption":"Lehtsalat Lollo Bionda 2g 1"},{"@type":"BreadcrumbList","@id":"https:\/\/horticom.ee\/e-pood\/toode\/lehtsalat-lollo-bionda-2g-1\/#breadcrumb","itemListElement":[{"@type":"ListItem","position":1,"name":"Home","item":"https:\/\/horticom.ee\/e-pood\/"},{"@type":"ListItem","position":2,"name":"Pood","item":"https:\/\/horticom.ee\/e-pood\/pood\/"},{"@type":"ListItem","position":3,"name":"Lehtsalat Lollo Bionda 2g 1"}]},{"@type":"WebSite","@id":"https:\/\/horticom.ee\/e-pood\/#website","url":"https:\/\/horticom.ee\/e-pood\/","name":"Horticom.ee","description":"Aianduskaubad ja kodukaubad nii harrastajatele kui professionaalidele","potentialAction":[{"@type":"SearchAction","target":{"@type":"EntryPoint","urlTemplate":"https:\/\/horticom.ee\/e-pood\/?s={search_term_string}"},"query-input":{"@type":"PropertyValueSpecification","valueRequired":true,"valueName":"search_term_string"}}],"inLanguage":"ru-RU"}]}},"_links":{"self":[{"href":"https:\/\/horticom.ee\/e-pood\/ru\/wp-json\/wp\/v2\/product\/155394","targetHints":{"allow":["GET"]}}],"collection":[{"href":"https:\/\/horticom.ee\/e-pood\/ru\/wp-json\/wp\/v2\/product"}],"about":[{"href":"https:\/\/horticom.ee\/e-pood\/ru\/wp-json\/wp\/v2\/types\/product"}],"replies":[{"embeddable":true,"href":"https:\/\/horticom.ee\/e-pood\/ru\/wp-json\/wp\/v2\/comments?post=155394"}],"wp:featuredmedia":[{"embeddable":true,"href":"https:\/\/horticom.ee\/e-pood\/ru\/wp-json\/wp\/v2\/media\/157718"}],"wp:attachment":[{"href":"https:\/\/horticom.ee\/e-pood\/ru\/wp-json\/wp\/v2\/media?parent=155394"}],"wp:term":[{"taxonomy":"product_cat","embeddable":true,"href":"https:\/\/horticom.ee\/e-pood\/ru\/wp-json\/wp\/v2\/product_cat?post=155394"},{"taxonomy":"product_tag","embeddable":true,"href":"https:\/\/horticom.ee\/e-pood\/ru\/wp-json\/wp\/v2\/product_tag?post=155394"}],"curies":[{"name":"wp","href":"https:\/\/api.w.org\/{rel}","templated":true}]}}