{"id":155403,"date":"2022-01-18T00:14:11","date_gmt":"2022-01-17T22:14:11","guid":{"rendered":"https:\/\/aednik24.ee\/toode\/porgand-napoli-500seemet-3\/"},"modified":"2026-05-02T03:10:27","modified_gmt":"2026-05-02T00:10:27","slug":"porgand-napoli-500seemet-3","status":"publish","type":"product","link":"https:\/\/horticom.ee\/e-pood\/ru\/toode\/porgand-napoli-500seemet-3\/","title":{"rendered":"Porgand Napoli 500seemet 3"},"content":{"rendered":"<p>Porgand Napoli on varajane saagikas h\u00fcbriidsort. Nantes t\u00fc\u00fcpi, silindrilised, sileda koorega juurviljad kuni 20cm pikad. Intensiivne erkoran\u017e  viljaliha on magus ja mahlane juba varakult. L\u00fchiajalise s\u00e4ilivusega. Porgandile sobib p\u00e4ikesepaisteline kasvukoht s\u00fcgavalt haritud vett l\u00e4bilaskva neutraalse kerge liivsavi- v\u00f5i saviliivmullaga. Saak valmib 3 kuud peale t\u00e4rkamist.<\/p>\n","protected":false},"excerpt":{"rendered":"<p>Porgand Napoli on varajane saagikas h\u00fcbriidsort. Nantes t\u00fc\u00fcpi, silindrilised, sileda koorega juurviljad kuni 20cm pikad. Intensiivne erkoran\u017e viljaliha on magus ja mahlane juba varakult. L\u00fchiajalise s\u00e4ilivusega. Porgandile sobib p\u00e4ikesepaisteline kasvukoht s\u00fcgavalt haritud vett l\u00e4bilaskva neutraalse kerge liivsavi- v\u00f5i saviliivmullaga. Saak valmib 3 kuud peale t\u00e4rkamist.<\/p>\n","protected":false},"featured_media":157700,"comment_status":"closed","ping_status":"closed","template":"","meta":{"_themeisle_gutenberg_block_has_review":false},"product_cat":[13487],"product_tag":[],"class_list":{"0":"post-155403","1":"product","2":"type-product","3":"status-publish","4":"has-post-thumbnail","6":"product_cat-porgand-pastinaak","8":"first","9":"outofstock","10":"shipping-taxable","11":"purchasable","12":"product-type-simple"},"yoast_head":"<!-- This site is optimized with the Yoast SEO plugin v24.0 - https:\/\/yoast.com\/wordpress\/plugins\/seo\/ -->\n<title>Porgand Napoli 500seemet 3 - Horticom.ee\/e-pood<\/title>\n<meta name=\"description\" content=\"Varajane h\u00fcbriidsort, magus ja mahlane Nantes-t\u00fc\u00fcpi porgand. Kasvab kuni 20 cm pikkuseks.\" \/>\n<meta name=\"robots\" content=\"index, follow, max-snippet:-1, max-image-preview:large, max-video-preview:-1\" \/>\n<link rel=\"canonical\" href=\"https:\/\/horticom.ee\/e-pood\/toode\/porgand-napoli-500seemet-3\/\" \/>\n<meta property=\"og:locale\" content=\"ru_RU\" \/>\n<meta property=\"og:type\" content=\"article\" \/>\n<meta property=\"og:title\" content=\"Porgand Napoli 500seemet 3 - Horticom.ee\/e-pood\" \/>\n<meta property=\"og:description\" content=\"Varajane h\u00fcbriidsort, magus ja mahlane Nantes-t\u00fc\u00fcpi porgand. Kasvab kuni 20 cm pikkuseks.\" \/>\n<meta property=\"og:url\" content=\"https:\/\/horticom.ee\/e-pood\/toode\/porgand-napoli-500seemet-3\/\" \/>\n<meta property=\"og:site_name\" content=\"Horticom.ee\" \/>\n<meta property=\"article:publisher\" content=\"https:\/\/www.facebook.com\/horticom.ee\/e-pood\" \/>\n<meta property=\"article:modified_time\" content=\"2026-05-02T00:10:27+00:00\" \/>\n<meta property=\"og:image\" content=\"https:\/\/horticom.ee\/e-pood\/wp-content\/uploads\/importedmedia\/product-155403_0-HM0639.jpg\" \/>\n\t<meta property=\"og:image:width\" content=\"1000\" \/>\n\t<meta property=\"og:image:height\" content=\"1371\" \/>\n\t<meta property=\"og:image:type\" content=\"image\/jpeg\" \/>\n<meta name=\"twitter:card\" content=\"summary_large_image\" \/>\n<script type=\"application\/ld+json\" class=\"yoast-schema-graph\">{\"@context\":\"https:\/\/schema.org\",\"@graph\":[{\"@type\":\"WebPage\",\"@id\":\"https:\/\/horticom.ee\/e-pood\/toode\/porgand-napoli-500seemet-3\/\",\"url\":\"https:\/\/horticom.ee\/e-pood\/toode\/porgand-napoli-500seemet-3\/\",\"name\":\"Porgand Napoli 500seemet 3 - Horticom.ee\/e-pood\",\"isPartOf\":{\"@id\":\"https:\/\/horticom.ee\/e-pood\/#website\"},\"primaryImageOfPage\":{\"@id\":\"https:\/\/horticom.ee\/e-pood\/toode\/porgand-napoli-500seemet-3\/#primaryimage\"},\"image\":{\"@id\":\"https:\/\/horticom.ee\/e-pood\/toode\/porgand-napoli-500seemet-3\/#primaryimage\"},\"thumbnailUrl\":\"https:\/\/horticom.ee\/e-pood\/wp-content\/uploads\/importedmedia\/product-155403_0-HM0639.jpg\",\"datePublished\":\"2022-01-17T22:14:11+00:00\",\"dateModified\":\"2026-05-02T00:10:27+00:00\",\"description\":\"Varajane h\u00fcbriidsort, magus ja mahlane Nantes-t\u00fc\u00fcpi porgand. Kasvab kuni 20 cm pikkuseks.\",\"breadcrumb\":{\"@id\":\"https:\/\/horticom.ee\/e-pood\/toode\/porgand-napoli-500seemet-3\/#breadcrumb\"},\"inLanguage\":\"ru-RU\",\"potentialAction\":[{\"@type\":\"ReadAction\",\"target\":[\"https:\/\/horticom.ee\/e-pood\/toode\/porgand-napoli-500seemet-3\/\"]}]},{\"@type\":\"ImageObject\",\"inLanguage\":\"ru-RU\",\"@id\":\"https:\/\/horticom.ee\/e-pood\/toode\/porgand-napoli-500seemet-3\/#primaryimage\",\"url\":\"https:\/\/horticom.ee\/e-pood\/wp-content\/uploads\/importedmedia\/product-155403_0-HM0639.jpg\",\"contentUrl\":\"https:\/\/horticom.ee\/e-pood\/wp-content\/uploads\/importedmedia\/product-155403_0-HM0639.jpg\",\"width\":1000,\"height\":1371,\"caption\":\"Porgand Napoli 500seemet 3\"},{\"@type\":\"BreadcrumbList\",\"@id\":\"https:\/\/horticom.ee\/e-pood\/toode\/porgand-napoli-500seemet-3\/#breadcrumb\",\"itemListElement\":[{\"@type\":\"ListItem\",\"position\":1,\"name\":\"Home\",\"item\":\"https:\/\/horticom.ee\/e-pood\/\"},{\"@type\":\"ListItem\",\"position\":2,\"name\":\"Pood\",\"item\":\"https:\/\/horticom.ee\/e-pood\/pood\/\"},{\"@type\":\"ListItem\",\"position\":3,\"name\":\"Porgand Napoli 500seemet 3\"}]},{\"@type\":\"WebSite\",\"@id\":\"https:\/\/horticom.ee\/e-pood\/#website\",\"url\":\"https:\/\/horticom.ee\/e-pood\/\",\"name\":\"Horticom.ee\",\"description\":\"Aianduskaubad ja kodukaubad nii harrastajatele kui professionaalidele\",\"potentialAction\":[{\"@type\":\"SearchAction\",\"target\":{\"@type\":\"EntryPoint\",\"urlTemplate\":\"https:\/\/horticom.ee\/e-pood\/?s={search_term_string}\"},\"query-input\":{\"@type\":\"PropertyValueSpecification\",\"valueRequired\":true,\"valueName\":\"search_term_string\"}}],\"inLanguage\":\"ru-RU\"}]}<\/script>\n<!-- \/ Yoast SEO plugin. -->","yoast_head_json":{"title":"Porgand Napoli 500seemet 3 - Horticom.ee\/e-pood","description":"Varajane h\u00fcbriidsort, magus ja mahlane Nantes-t\u00fc\u00fcpi porgand. Kasvab kuni 20 cm pikkuseks.","robots":{"index":"index","follow":"follow","max-snippet":"max-snippet:-1","max-image-preview":"max-image-preview:large","max-video-preview":"max-video-preview:-1"},"canonical":"https:\/\/horticom.ee\/e-pood\/toode\/porgand-napoli-500seemet-3\/","og_locale":"ru_RU","og_type":"article","og_title":"Porgand Napoli 500seemet 3 - Horticom.ee\/e-pood","og_description":"Varajane h\u00fcbriidsort, magus ja mahlane Nantes-t\u00fc\u00fcpi porgand. Kasvab kuni 20 cm pikkuseks.","og_url":"https:\/\/horticom.ee\/e-pood\/toode\/porgand-napoli-500seemet-3\/","og_site_name":"Horticom.ee","article_publisher":"https:\/\/www.facebook.com\/horticom.ee\/e-pood","article_modified_time":"2026-05-02T00:10:27+00:00","og_image":[{"width":1000,"height":1371,"url":"https:\/\/horticom.ee\/e-pood\/wp-content\/uploads\/importedmedia\/product-155403_0-HM0639.jpg","type":"image\/jpeg"}],"twitter_card":"summary_large_image","schema":{"@context":"https:\/\/schema.org","@graph":[{"@type":"WebPage","@id":"https:\/\/horticom.ee\/e-pood\/toode\/porgand-napoli-500seemet-3\/","url":"https:\/\/horticom.ee\/e-pood\/toode\/porgand-napoli-500seemet-3\/","name":"Porgand Napoli 500seemet 3 - Horticom.ee\/e-pood","isPartOf":{"@id":"https:\/\/horticom.ee\/e-pood\/#website"},"primaryImageOfPage":{"@id":"https:\/\/horticom.ee\/e-pood\/toode\/porgand-napoli-500seemet-3\/#primaryimage"},"image":{"@id":"https:\/\/horticom.ee\/e-pood\/toode\/porgand-napoli-500seemet-3\/#primaryimage"},"thumbnailUrl":"https:\/\/horticom.ee\/e-pood\/wp-content\/uploads\/importedmedia\/product-155403_0-HM0639.jpg","datePublished":"2022-01-17T22:14:11+00:00","dateModified":"2026-05-02T00:10:27+00:00","description":"Varajane h\u00fcbriidsort, magus ja mahlane Nantes-t\u00fc\u00fcpi porgand. Kasvab kuni 20 cm pikkuseks.","breadcrumb":{"@id":"https:\/\/horticom.ee\/e-pood\/toode\/porgand-napoli-500seemet-3\/#breadcrumb"},"inLanguage":"ru-RU","potentialAction":[{"@type":"ReadAction","target":["https:\/\/horticom.ee\/e-pood\/toode\/porgand-napoli-500seemet-3\/"]}]},{"@type":"ImageObject","inLanguage":"ru-RU","@id":"https:\/\/horticom.ee\/e-pood\/toode\/porgand-napoli-500seemet-3\/#primaryimage","url":"https:\/\/horticom.ee\/e-pood\/wp-content\/uploads\/importedmedia\/product-155403_0-HM0639.jpg","contentUrl":"https:\/\/horticom.ee\/e-pood\/wp-content\/uploads\/importedmedia\/product-155403_0-HM0639.jpg","width":1000,"height":1371,"caption":"Porgand Napoli 500seemet 3"},{"@type":"BreadcrumbList","@id":"https:\/\/horticom.ee\/e-pood\/toode\/porgand-napoli-500seemet-3\/#breadcrumb","itemListElement":[{"@type":"ListItem","position":1,"name":"Home","item":"https:\/\/horticom.ee\/e-pood\/"},{"@type":"ListItem","position":2,"name":"Pood","item":"https:\/\/horticom.ee\/e-pood\/pood\/"},{"@type":"ListItem","position":3,"name":"Porgand Napoli 500seemet 3"}]},{"@type":"WebSite","@id":"https:\/\/horticom.ee\/e-pood\/#website","url":"https:\/\/horticom.ee\/e-pood\/","name":"Horticom.ee","description":"Aianduskaubad ja kodukaubad nii harrastajatele kui professionaalidele","potentialAction":[{"@type":"SearchAction","target":{"@type":"EntryPoint","urlTemplate":"https:\/\/horticom.ee\/e-pood\/?s={search_term_string}"},"query-input":{"@type":"PropertyValueSpecification","valueRequired":true,"valueName":"search_term_string"}}],"inLanguage":"ru-RU"}]}},"_links":{"self":[{"href":"https:\/\/horticom.ee\/e-pood\/ru\/wp-json\/wp\/v2\/product\/155403","targetHints":{"allow":["GET"]}}],"collection":[{"href":"https:\/\/horticom.ee\/e-pood\/ru\/wp-json\/wp\/v2\/product"}],"about":[{"href":"https:\/\/horticom.ee\/e-pood\/ru\/wp-json\/wp\/v2\/types\/product"}],"replies":[{"embeddable":true,"href":"https:\/\/horticom.ee\/e-pood\/ru\/wp-json\/wp\/v2\/comments?post=155403"}],"wp:featuredmedia":[{"embeddable":true,"href":"https:\/\/horticom.ee\/e-pood\/ru\/wp-json\/wp\/v2\/media\/157700"}],"wp:attachment":[{"href":"https:\/\/horticom.ee\/e-pood\/ru\/wp-json\/wp\/v2\/media?parent=155403"}],"wp:term":[{"taxonomy":"product_cat","embeddable":true,"href":"https:\/\/horticom.ee\/e-pood\/ru\/wp-json\/wp\/v2\/product_cat?post=155403"},{"taxonomy":"product_tag","embeddable":true,"href":"https:\/\/horticom.ee\/e-pood\/ru\/wp-json\/wp\/v2\/product_tag?post=155403"}],"curies":[{"name":"wp","href":"https:\/\/api.w.org\/{rel}","templated":true}]}}