{"id":155405,"date":"2022-01-18T00:14:12","date_gmt":"2022-01-17T22:14:12","guid":{"rendered":"https:\/\/aednik24.ee\/toode\/porgand-nantes-2-5g-1\/"},"modified":"2026-05-03T03:11:18","modified_gmt":"2026-05-03T00:11:18","slug":"porgand-nantes-2-5g-1","status":"publish","type":"product","link":"https:\/\/horticom.ee\/e-pood\/ru\/toode\/porgand-nantes-2-5g-1\/","title":{"rendered":"Porgand Nantes 2 5g 1"},"content":{"rendered":"<p>Porgand Nantes on keskvarajane sort. V\u00e4ikese s\u00fcdamikuga mahlased, silinderjad, kuni 16cm pikad juurviljad. Vegetatsiooniperiood t\u00f5usmetest beebiporgandi saamiseni umbes 54 p\u00e4eva. T\u00e4ieliku valmimiseni 100 p\u00e4eva. Porgandile sobib p\u00e4ikesepaisteline kasvukoht s\u00fcgavalt haritud vett l\u00e4bilaskva neutraalse kerge liivsavi- v\u00f5i saviliivmullaga. Sobib h\u00e4sti s\u00e4ilitamiseks.<\/p>\n","protected":false},"excerpt":{"rendered":"<p>Porgand Nantes on keskvarajane sort. V\u00e4ikese s\u00fcdamikuga mahlased, silinderjad, kuni 16cm pikad juurviljad. Vegetatsiooniperiood t\u00f5usmetest beebiporgandi saamiseni umbes 54 p\u00e4eva. T\u00e4ieliku valmimiseni 100 p\u00e4eva. Porgandile sobib p\u00e4ikesepaisteline kasvukoht s\u00fcgavalt haritud vett l\u00e4bilaskva neutraalse kerge liivsavi- v\u00f5i saviliivmullaga. Sobib h\u00e4sti s\u00e4ilitamiseks.<\/p>\n","protected":false},"featured_media":157696,"comment_status":"closed","ping_status":"closed","template":"","meta":{"_themeisle_gutenberg_block_has_review":false},"product_cat":[13487],"product_tag":[],"class_list":{"0":"post-155405","1":"product","2":"type-product","3":"status-publish","4":"has-post-thumbnail","6":"product_cat-porgand-pastinaak","8":"first","9":"outofstock","10":"shipping-taxable","11":"purchasable","12":"product-type-simple"},"yoast_head":"<!-- This site is optimized with the Yoast SEO plugin v24.0 - https:\/\/yoast.com\/wordpress\/plugins\/seo\/ -->\n<title>Porgand Nantes 2 5g 1 - Horticom.ee\/e-pood<\/title>\n<meta name=\"description\" content=\"Keskvarajane porgand, v\u00e4ikese s\u00fcdamikuga, mahlane ja sileda koorega. Valmib t\u00e4ielikult 100 p\u00e4evaga.\" \/>\n<meta name=\"robots\" content=\"index, follow, max-snippet:-1, max-image-preview:large, max-video-preview:-1\" \/>\n<link rel=\"canonical\" href=\"https:\/\/horticom.ee\/e-pood\/toode\/porgand-nantes-2-5g-1\/\" \/>\n<meta property=\"og:locale\" content=\"ru_RU\" \/>\n<meta property=\"og:type\" content=\"article\" \/>\n<meta property=\"og:title\" content=\"Porgand Nantes 2 5g 1 - Horticom.ee\/e-pood\" \/>\n<meta property=\"og:description\" content=\"Keskvarajane porgand, v\u00e4ikese s\u00fcdamikuga, mahlane ja sileda koorega. Valmib t\u00e4ielikult 100 p\u00e4evaga.\" \/>\n<meta property=\"og:url\" content=\"https:\/\/horticom.ee\/e-pood\/toode\/porgand-nantes-2-5g-1\/\" \/>\n<meta property=\"og:site_name\" content=\"Horticom.ee\" \/>\n<meta property=\"article:publisher\" content=\"https:\/\/www.facebook.com\/horticom.ee\/e-pood\" \/>\n<meta property=\"article:modified_time\" content=\"2026-05-03T00:11:18+00:00\" \/>\n<meta property=\"og:image\" content=\"https:\/\/horticom.ee\/e-pood\/wp-content\/uploads\/importedmedia\/product-155405_0-HM0606.jpg\" \/>\n\t<meta property=\"og:image:width\" content=\"1000\" \/>\n\t<meta property=\"og:image:height\" content=\"1371\" \/>\n\t<meta property=\"og:image:type\" content=\"image\/jpeg\" \/>\n<meta name=\"twitter:card\" content=\"summary_large_image\" \/>\n<script type=\"application\/ld+json\" class=\"yoast-schema-graph\">{\"@context\":\"https:\/\/schema.org\",\"@graph\":[{\"@type\":\"WebPage\",\"@id\":\"https:\/\/horticom.ee\/e-pood\/toode\/porgand-nantes-2-5g-1\/\",\"url\":\"https:\/\/horticom.ee\/e-pood\/toode\/porgand-nantes-2-5g-1\/\",\"name\":\"Porgand Nantes 2 5g 1 - Horticom.ee\/e-pood\",\"isPartOf\":{\"@id\":\"https:\/\/horticom.ee\/e-pood\/#website\"},\"primaryImageOfPage\":{\"@id\":\"https:\/\/horticom.ee\/e-pood\/toode\/porgand-nantes-2-5g-1\/#primaryimage\"},\"image\":{\"@id\":\"https:\/\/horticom.ee\/e-pood\/toode\/porgand-nantes-2-5g-1\/#primaryimage\"},\"thumbnailUrl\":\"https:\/\/horticom.ee\/e-pood\/wp-content\/uploads\/importedmedia\/product-155405_0-HM0606.jpg\",\"datePublished\":\"2022-01-17T22:14:12+00:00\",\"dateModified\":\"2026-05-03T00:11:18+00:00\",\"description\":\"Keskvarajane porgand, v\u00e4ikese s\u00fcdamikuga, mahlane ja sileda koorega. Valmib t\u00e4ielikult 100 p\u00e4evaga.\",\"breadcrumb\":{\"@id\":\"https:\/\/horticom.ee\/e-pood\/toode\/porgand-nantes-2-5g-1\/#breadcrumb\"},\"inLanguage\":\"ru-RU\",\"potentialAction\":[{\"@type\":\"ReadAction\",\"target\":[\"https:\/\/horticom.ee\/e-pood\/toode\/porgand-nantes-2-5g-1\/\"]}]},{\"@type\":\"ImageObject\",\"inLanguage\":\"ru-RU\",\"@id\":\"https:\/\/horticom.ee\/e-pood\/toode\/porgand-nantes-2-5g-1\/#primaryimage\",\"url\":\"https:\/\/horticom.ee\/e-pood\/wp-content\/uploads\/importedmedia\/product-155405_0-HM0606.jpg\",\"contentUrl\":\"https:\/\/horticom.ee\/e-pood\/wp-content\/uploads\/importedmedia\/product-155405_0-HM0606.jpg\",\"width\":1000,\"height\":1371,\"caption\":\"Porgand Nantes 2 5g 1\"},{\"@type\":\"BreadcrumbList\",\"@id\":\"https:\/\/horticom.ee\/e-pood\/toode\/porgand-nantes-2-5g-1\/#breadcrumb\",\"itemListElement\":[{\"@type\":\"ListItem\",\"position\":1,\"name\":\"Home\",\"item\":\"https:\/\/horticom.ee\/e-pood\/\"},{\"@type\":\"ListItem\",\"position\":2,\"name\":\"Pood\",\"item\":\"https:\/\/horticom.ee\/e-pood\/pood\/\"},{\"@type\":\"ListItem\",\"position\":3,\"name\":\"Porgand Nantes 2 5g 1\"}]},{\"@type\":\"WebSite\",\"@id\":\"https:\/\/horticom.ee\/e-pood\/#website\",\"url\":\"https:\/\/horticom.ee\/e-pood\/\",\"name\":\"Horticom.ee\",\"description\":\"Aianduskaubad ja kodukaubad nii harrastajatele kui professionaalidele\",\"potentialAction\":[{\"@type\":\"SearchAction\",\"target\":{\"@type\":\"EntryPoint\",\"urlTemplate\":\"https:\/\/horticom.ee\/e-pood\/?s={search_term_string}\"},\"query-input\":{\"@type\":\"PropertyValueSpecification\",\"valueRequired\":true,\"valueName\":\"search_term_string\"}}],\"inLanguage\":\"ru-RU\"}]}<\/script>\n<!-- \/ Yoast SEO plugin. -->","yoast_head_json":{"title":"Porgand Nantes 2 5g 1 - Horticom.ee\/e-pood","description":"Keskvarajane porgand, v\u00e4ikese s\u00fcdamikuga, mahlane ja sileda koorega. Valmib t\u00e4ielikult 100 p\u00e4evaga.","robots":{"index":"index","follow":"follow","max-snippet":"max-snippet:-1","max-image-preview":"max-image-preview:large","max-video-preview":"max-video-preview:-1"},"canonical":"https:\/\/horticom.ee\/e-pood\/toode\/porgand-nantes-2-5g-1\/","og_locale":"ru_RU","og_type":"article","og_title":"Porgand Nantes 2 5g 1 - Horticom.ee\/e-pood","og_description":"Keskvarajane porgand, v\u00e4ikese s\u00fcdamikuga, mahlane ja sileda koorega. Valmib t\u00e4ielikult 100 p\u00e4evaga.","og_url":"https:\/\/horticom.ee\/e-pood\/toode\/porgand-nantes-2-5g-1\/","og_site_name":"Horticom.ee","article_publisher":"https:\/\/www.facebook.com\/horticom.ee\/e-pood","article_modified_time":"2026-05-03T00:11:18+00:00","og_image":[{"width":1000,"height":1371,"url":"https:\/\/horticom.ee\/e-pood\/wp-content\/uploads\/importedmedia\/product-155405_0-HM0606.jpg","type":"image\/jpeg"}],"twitter_card":"summary_large_image","schema":{"@context":"https:\/\/schema.org","@graph":[{"@type":"WebPage","@id":"https:\/\/horticom.ee\/e-pood\/toode\/porgand-nantes-2-5g-1\/","url":"https:\/\/horticom.ee\/e-pood\/toode\/porgand-nantes-2-5g-1\/","name":"Porgand Nantes 2 5g 1 - Horticom.ee\/e-pood","isPartOf":{"@id":"https:\/\/horticom.ee\/e-pood\/#website"},"primaryImageOfPage":{"@id":"https:\/\/horticom.ee\/e-pood\/toode\/porgand-nantes-2-5g-1\/#primaryimage"},"image":{"@id":"https:\/\/horticom.ee\/e-pood\/toode\/porgand-nantes-2-5g-1\/#primaryimage"},"thumbnailUrl":"https:\/\/horticom.ee\/e-pood\/wp-content\/uploads\/importedmedia\/product-155405_0-HM0606.jpg","datePublished":"2022-01-17T22:14:12+00:00","dateModified":"2026-05-03T00:11:18+00:00","description":"Keskvarajane porgand, v\u00e4ikese s\u00fcdamikuga, mahlane ja sileda koorega. Valmib t\u00e4ielikult 100 p\u00e4evaga.","breadcrumb":{"@id":"https:\/\/horticom.ee\/e-pood\/toode\/porgand-nantes-2-5g-1\/#breadcrumb"},"inLanguage":"ru-RU","potentialAction":[{"@type":"ReadAction","target":["https:\/\/horticom.ee\/e-pood\/toode\/porgand-nantes-2-5g-1\/"]}]},{"@type":"ImageObject","inLanguage":"ru-RU","@id":"https:\/\/horticom.ee\/e-pood\/toode\/porgand-nantes-2-5g-1\/#primaryimage","url":"https:\/\/horticom.ee\/e-pood\/wp-content\/uploads\/importedmedia\/product-155405_0-HM0606.jpg","contentUrl":"https:\/\/horticom.ee\/e-pood\/wp-content\/uploads\/importedmedia\/product-155405_0-HM0606.jpg","width":1000,"height":1371,"caption":"Porgand Nantes 2 5g 1"},{"@type":"BreadcrumbList","@id":"https:\/\/horticom.ee\/e-pood\/toode\/porgand-nantes-2-5g-1\/#breadcrumb","itemListElement":[{"@type":"ListItem","position":1,"name":"Home","item":"https:\/\/horticom.ee\/e-pood\/"},{"@type":"ListItem","position":2,"name":"Pood","item":"https:\/\/horticom.ee\/e-pood\/pood\/"},{"@type":"ListItem","position":3,"name":"Porgand Nantes 2 5g 1"}]},{"@type":"WebSite","@id":"https:\/\/horticom.ee\/e-pood\/#website","url":"https:\/\/horticom.ee\/e-pood\/","name":"Horticom.ee","description":"Aianduskaubad ja kodukaubad nii harrastajatele kui professionaalidele","potentialAction":[{"@type":"SearchAction","target":{"@type":"EntryPoint","urlTemplate":"https:\/\/horticom.ee\/e-pood\/?s={search_term_string}"},"query-input":{"@type":"PropertyValueSpecification","valueRequired":true,"valueName":"search_term_string"}}],"inLanguage":"ru-RU"}]}},"_links":{"self":[{"href":"https:\/\/horticom.ee\/e-pood\/ru\/wp-json\/wp\/v2\/product\/155405","targetHints":{"allow":["GET"]}}],"collection":[{"href":"https:\/\/horticom.ee\/e-pood\/ru\/wp-json\/wp\/v2\/product"}],"about":[{"href":"https:\/\/horticom.ee\/e-pood\/ru\/wp-json\/wp\/v2\/types\/product"}],"replies":[{"embeddable":true,"href":"https:\/\/horticom.ee\/e-pood\/ru\/wp-json\/wp\/v2\/comments?post=155405"}],"wp:featuredmedia":[{"embeddable":true,"href":"https:\/\/horticom.ee\/e-pood\/ru\/wp-json\/wp\/v2\/media\/157696"}],"wp:attachment":[{"href":"https:\/\/horticom.ee\/e-pood\/ru\/wp-json\/wp\/v2\/media?parent=155405"}],"wp:term":[{"taxonomy":"product_cat","embeddable":true,"href":"https:\/\/horticom.ee\/e-pood\/ru\/wp-json\/wp\/v2\/product_cat?post=155405"},{"taxonomy":"product_tag","embeddable":true,"href":"https:\/\/horticom.ee\/e-pood\/ru\/wp-json\/wp\/v2\/product_tag?post=155405"}],"curies":[{"name":"wp","href":"https:\/\/api.w.org\/{rel}","templated":true}]}}