{"id":155409,"date":"2022-01-18T00:14:15","date_gmt":"2022-01-17T22:14:15","guid":{"rendered":"https:\/\/aednik24.ee\/toode\/punapeet-pablo-220seemet-2\/"},"modified":"2026-04-19T03:12:27","modified_gmt":"2026-04-19T00:12:27","slug":"punapeet-pablo-220seemet-2","status":"publish","type":"product","link":"https:\/\/horticom.ee\/e-pood\/ru\/toode\/punapeet-pablo-220seemet-2\/","title":{"rendered":"Punapeet Pablo 220seemet 2"},"content":{"rendered":"<p>Punapeet Pablo on varajane h\u00fcbriidsort. \u00dcmar \u00fchtlaselt tumepunane sile lisajuurteta ja siseringideta v\u00e4ikese lehekodarikuga peet. Hea magusa maitsega. Saak \u00fchtlane, peedid umbes 12cm. Vastupidav ennak\u00f5idumisele, talub varajast k\u00fclvi. Valmib k\u00fclvist umbes 110 p\u00e4evaga. Sobib h\u00e4sti ka beebipeediks. V\u00e4ga hea sort pikaks s\u00e4ilituseks. S\u00f6\u00f6gipeet on soojan\u00f5udlikum teistest k\u00f6\u00f6giviljadest. S\u00f6\u00f6gipeet vajab kasvuks palju niiskust, eriti idanemise ja juurvilja moodustumise ajal. Taim on valgusen\u00f5udlik, seega harvendamine on oluline.<\/p>\n","protected":false},"excerpt":{"rendered":"<p>Punapeet Pablo on varajane h\u00fcbriidsort. \u00dcmar \u00fchtlaselt tumepunane sile lisajuurteta ja siseringideta v\u00e4ikese lehekodarikuga peet. Hea magusa maitsega. Saak \u00fchtlane, peedid umbes 12cm. Vastupidav ennak\u00f5idumisele, talub varajast k\u00fclvi. Valmib k\u00fclvist umbes 110 p\u00e4evaga. Sobib h\u00e4sti ka beebipeediks. V\u00e4ga hea sort pikaks s\u00e4ilituseks. S\u00f6\u00f6gipeet on soojan\u00f5udlikum teistest k\u00f6\u00f6giviljadest. S\u00f6\u00f6gipeet vajab kasvuks palju niiskust, eriti idanemise ja [&hellip;]<\/p>\n","protected":false},"featured_media":157688,"comment_status":"closed","ping_status":"closed","template":"","meta":{"_themeisle_gutenberg_block_has_review":false},"product_cat":[13488],"product_tag":[],"class_list":{"0":"post-155409","1":"product","2":"type-product","3":"status-publish","4":"has-post-thumbnail","6":"product_cat-peet-punapeet-kaalikas","8":"first","9":"outofstock","10":"shipping-taxable","11":"purchasable","12":"product-type-simple"},"yoast_head":"<!-- This site is optimized with the Yoast SEO plugin v24.0 - https:\/\/yoast.com\/wordpress\/plugins\/seo\/ -->\n<title>Punapeet Pablo 220seemet 2 - Horticom.ee\/e-pood<\/title>\n<meta name=\"description\" content=\"Varajane \u00fcmar h\u00fcbriidsort, tumepunane ja sile. Vastupidav, sobib pikaks s\u00e4ilitamiseks.\" \/>\n<meta name=\"robots\" content=\"index, follow, max-snippet:-1, max-image-preview:large, max-video-preview:-1\" \/>\n<link rel=\"canonical\" href=\"https:\/\/horticom.ee\/e-pood\/toode\/punapeet-pablo-220seemet-2\/\" \/>\n<meta property=\"og:locale\" content=\"ru_RU\" \/>\n<meta property=\"og:type\" content=\"article\" \/>\n<meta property=\"og:title\" content=\"Punapeet Pablo 220seemet 2 - Horticom.ee\/e-pood\" \/>\n<meta property=\"og:description\" content=\"Varajane \u00fcmar h\u00fcbriidsort, tumepunane ja sile. Vastupidav, sobib pikaks s\u00e4ilitamiseks.\" \/>\n<meta property=\"og:url\" content=\"https:\/\/horticom.ee\/e-pood\/toode\/punapeet-pablo-220seemet-2\/\" \/>\n<meta property=\"og:site_name\" content=\"Horticom.ee\" \/>\n<meta property=\"article:publisher\" content=\"https:\/\/www.facebook.com\/horticom.ee\/e-pood\" \/>\n<meta property=\"article:modified_time\" content=\"2026-04-19T00:12:27+00:00\" \/>\n<meta property=\"og:image\" content=\"https:\/\/horticom.ee\/e-pood\/wp-content\/uploads\/importedmedia\/product-155409_0-HM0633-747x1024.jpg\" \/>\n\t<meta property=\"og:image:width\" content=\"747\" \/>\n\t<meta property=\"og:image:height\" content=\"1024\" \/>\n\t<meta property=\"og:image:type\" content=\"image\/jpeg\" \/>\n<meta name=\"twitter:card\" content=\"summary_large_image\" \/>\n<script type=\"application\/ld+json\" class=\"yoast-schema-graph\">{\"@context\":\"https:\/\/schema.org\",\"@graph\":[{\"@type\":\"WebPage\",\"@id\":\"https:\/\/horticom.ee\/e-pood\/toode\/punapeet-pablo-220seemet-2\/\",\"url\":\"https:\/\/horticom.ee\/e-pood\/toode\/punapeet-pablo-220seemet-2\/\",\"name\":\"Punapeet Pablo 220seemet 2 - Horticom.ee\/e-pood\",\"isPartOf\":{\"@id\":\"https:\/\/horticom.ee\/e-pood\/#website\"},\"primaryImageOfPage\":{\"@id\":\"https:\/\/horticom.ee\/e-pood\/toode\/punapeet-pablo-220seemet-2\/#primaryimage\"},\"image\":{\"@id\":\"https:\/\/horticom.ee\/e-pood\/toode\/punapeet-pablo-220seemet-2\/#primaryimage\"},\"thumbnailUrl\":\"https:\/\/horticom.ee\/e-pood\/wp-content\/uploads\/importedmedia\/product-155409_0-HM0633.jpg\",\"datePublished\":\"2022-01-17T22:14:15+00:00\",\"dateModified\":\"2026-04-19T00:12:27+00:00\",\"description\":\"Varajane \u00fcmar h\u00fcbriidsort, tumepunane ja sile. Vastupidav, sobib pikaks s\u00e4ilitamiseks.\",\"breadcrumb\":{\"@id\":\"https:\/\/horticom.ee\/e-pood\/toode\/punapeet-pablo-220seemet-2\/#breadcrumb\"},\"inLanguage\":\"ru-RU\",\"potentialAction\":[{\"@type\":\"ReadAction\",\"target\":[\"https:\/\/horticom.ee\/e-pood\/toode\/punapeet-pablo-220seemet-2\/\"]}]},{\"@type\":\"ImageObject\",\"inLanguage\":\"ru-RU\",\"@id\":\"https:\/\/horticom.ee\/e-pood\/toode\/punapeet-pablo-220seemet-2\/#primaryimage\",\"url\":\"https:\/\/horticom.ee\/e-pood\/wp-content\/uploads\/importedmedia\/product-155409_0-HM0633.jpg\",\"contentUrl\":\"https:\/\/horticom.ee\/e-pood\/wp-content\/uploads\/importedmedia\/product-155409_0-HM0633.jpg\",\"width\":1000,\"height\":1371,\"caption\":\"Punapeet Pablo 220seemet 2\"},{\"@type\":\"BreadcrumbList\",\"@id\":\"https:\/\/horticom.ee\/e-pood\/toode\/punapeet-pablo-220seemet-2\/#breadcrumb\",\"itemListElement\":[{\"@type\":\"ListItem\",\"position\":1,\"name\":\"Home\",\"item\":\"https:\/\/horticom.ee\/e-pood\/\"},{\"@type\":\"ListItem\",\"position\":2,\"name\":\"Pood\",\"item\":\"https:\/\/horticom.ee\/e-pood\/pood\/\"},{\"@type\":\"ListItem\",\"position\":3,\"name\":\"Punapeet Pablo 220seemet 2\"}]},{\"@type\":\"WebSite\",\"@id\":\"https:\/\/horticom.ee\/e-pood\/#website\",\"url\":\"https:\/\/horticom.ee\/e-pood\/\",\"name\":\"Horticom.ee\",\"description\":\"Aianduskaubad ja kodukaubad nii harrastajatele kui professionaalidele\",\"potentialAction\":[{\"@type\":\"SearchAction\",\"target\":{\"@type\":\"EntryPoint\",\"urlTemplate\":\"https:\/\/horticom.ee\/e-pood\/?s={search_term_string}\"},\"query-input\":{\"@type\":\"PropertyValueSpecification\",\"valueRequired\":true,\"valueName\":\"search_term_string\"}}],\"inLanguage\":\"ru-RU\"}]}<\/script>\n<!-- \/ Yoast SEO plugin. -->","yoast_head_json":{"title":"Punapeet Pablo 220seemet 2 - Horticom.ee\/e-pood","description":"Varajane \u00fcmar h\u00fcbriidsort, tumepunane ja sile. Vastupidav, sobib pikaks s\u00e4ilitamiseks.","robots":{"index":"index","follow":"follow","max-snippet":"max-snippet:-1","max-image-preview":"max-image-preview:large","max-video-preview":"max-video-preview:-1"},"canonical":"https:\/\/horticom.ee\/e-pood\/toode\/punapeet-pablo-220seemet-2\/","og_locale":"ru_RU","og_type":"article","og_title":"Punapeet Pablo 220seemet 2 - Horticom.ee\/e-pood","og_description":"Varajane \u00fcmar h\u00fcbriidsort, tumepunane ja sile. Vastupidav, sobib pikaks s\u00e4ilitamiseks.","og_url":"https:\/\/horticom.ee\/e-pood\/toode\/punapeet-pablo-220seemet-2\/","og_site_name":"Horticom.ee","article_publisher":"https:\/\/www.facebook.com\/horticom.ee\/e-pood","article_modified_time":"2026-04-19T00:12:27+00:00","og_image":[{"width":747,"height":1024,"url":"https:\/\/horticom.ee\/e-pood\/wp-content\/uploads\/importedmedia\/product-155409_0-HM0633-747x1024.jpg","type":"image\/jpeg"}],"twitter_card":"summary_large_image","schema":{"@context":"https:\/\/schema.org","@graph":[{"@type":"WebPage","@id":"https:\/\/horticom.ee\/e-pood\/toode\/punapeet-pablo-220seemet-2\/","url":"https:\/\/horticom.ee\/e-pood\/toode\/punapeet-pablo-220seemet-2\/","name":"Punapeet Pablo 220seemet 2 - Horticom.ee\/e-pood","isPartOf":{"@id":"https:\/\/horticom.ee\/e-pood\/#website"},"primaryImageOfPage":{"@id":"https:\/\/horticom.ee\/e-pood\/toode\/punapeet-pablo-220seemet-2\/#primaryimage"},"image":{"@id":"https:\/\/horticom.ee\/e-pood\/toode\/punapeet-pablo-220seemet-2\/#primaryimage"},"thumbnailUrl":"https:\/\/horticom.ee\/e-pood\/wp-content\/uploads\/importedmedia\/product-155409_0-HM0633.jpg","datePublished":"2022-01-17T22:14:15+00:00","dateModified":"2026-04-19T00:12:27+00:00","description":"Varajane \u00fcmar h\u00fcbriidsort, tumepunane ja sile. Vastupidav, sobib pikaks s\u00e4ilitamiseks.","breadcrumb":{"@id":"https:\/\/horticom.ee\/e-pood\/toode\/punapeet-pablo-220seemet-2\/#breadcrumb"},"inLanguage":"ru-RU","potentialAction":[{"@type":"ReadAction","target":["https:\/\/horticom.ee\/e-pood\/toode\/punapeet-pablo-220seemet-2\/"]}]},{"@type":"ImageObject","inLanguage":"ru-RU","@id":"https:\/\/horticom.ee\/e-pood\/toode\/punapeet-pablo-220seemet-2\/#primaryimage","url":"https:\/\/horticom.ee\/e-pood\/wp-content\/uploads\/importedmedia\/product-155409_0-HM0633.jpg","contentUrl":"https:\/\/horticom.ee\/e-pood\/wp-content\/uploads\/importedmedia\/product-155409_0-HM0633.jpg","width":1000,"height":1371,"caption":"Punapeet Pablo 220seemet 2"},{"@type":"BreadcrumbList","@id":"https:\/\/horticom.ee\/e-pood\/toode\/punapeet-pablo-220seemet-2\/#breadcrumb","itemListElement":[{"@type":"ListItem","position":1,"name":"Home","item":"https:\/\/horticom.ee\/e-pood\/"},{"@type":"ListItem","position":2,"name":"Pood","item":"https:\/\/horticom.ee\/e-pood\/pood\/"},{"@type":"ListItem","position":3,"name":"Punapeet Pablo 220seemet 2"}]},{"@type":"WebSite","@id":"https:\/\/horticom.ee\/e-pood\/#website","url":"https:\/\/horticom.ee\/e-pood\/","name":"Horticom.ee","description":"Aianduskaubad ja kodukaubad nii harrastajatele kui professionaalidele","potentialAction":[{"@type":"SearchAction","target":{"@type":"EntryPoint","urlTemplate":"https:\/\/horticom.ee\/e-pood\/?s={search_term_string}"},"query-input":{"@type":"PropertyValueSpecification","valueRequired":true,"valueName":"search_term_string"}}],"inLanguage":"ru-RU"}]}},"_links":{"self":[{"href":"https:\/\/horticom.ee\/e-pood\/ru\/wp-json\/wp\/v2\/product\/155409","targetHints":{"allow":["GET"]}}],"collection":[{"href":"https:\/\/horticom.ee\/e-pood\/ru\/wp-json\/wp\/v2\/product"}],"about":[{"href":"https:\/\/horticom.ee\/e-pood\/ru\/wp-json\/wp\/v2\/types\/product"}],"replies":[{"embeddable":true,"href":"https:\/\/horticom.ee\/e-pood\/ru\/wp-json\/wp\/v2\/comments?post=155409"}],"wp:featuredmedia":[{"embeddable":true,"href":"https:\/\/horticom.ee\/e-pood\/ru\/wp-json\/wp\/v2\/media\/157688"}],"wp:attachment":[{"href":"https:\/\/horticom.ee\/e-pood\/ru\/wp-json\/wp\/v2\/media?parent=155409"}],"wp:term":[{"taxonomy":"product_cat","embeddable":true,"href":"https:\/\/horticom.ee\/e-pood\/ru\/wp-json\/wp\/v2\/product_cat?post=155409"},{"taxonomy":"product_tag","embeddable":true,"href":"https:\/\/horticom.ee\/e-pood\/ru\/wp-json\/wp\/v2\/product_tag?post=155409"}],"curies":[{"name":"wp","href":"https:\/\/api.w.org\/{rel}","templated":true}]}}