{"id":155410,"date":"2022-01-18T00:14:16","date_gmt":"2022-01-17T22:14:16","guid":{"rendered":"https:\/\/aednik24.ee\/toode\/punapeet-cylindra-5g-1\/"},"modified":"2026-05-03T03:11:18","modified_gmt":"2026-05-03T00:11:18","slug":"punapeet-cylindra-5g-1","status":"publish","type":"product","link":"https:\/\/horticom.ee\/e-pood\/ru\/toode\/punapeet-cylindra-5g-1\/","title":{"rendered":"Punapeet Cylindra 5g 1"},"content":{"rendered":"<p>Punapeet Cylindra on keskvarajane, \u00f5hukese koorega mahlane, magus ja maitsev pikk peet. Universaalse otstarbega sort. Juurviljad piklikud 15-20cm. Tumeda bordoopunase viljalihaga, sobib h\u00e4sti t\u00f6\u00f6tlemiseks \u2013 ei kaota oma v\u00e4rvi. Lihtne koristada ja kerge puhastada. S\u00f6\u00f6gipeet on soojan\u00f5udlikum teistest k\u00f6\u00f6giviljadest.  S\u00f6\u00f6gipeet vajab kasvuks palju niiskust, eriti idanemise ja juurvilja moodustumise ajal. Taim on valgusen\u00f5udlik, seega harvendamine on oluline. S\u00f6\u00f6gipeedile sobivad s\u00fcgavalt huumusrikkad keskmise raskusega neutraalsed v\u00f5i n\u00f5rgalt leeliselised mullad. Ei talu happelist mulda.<\/p>\n","protected":false},"excerpt":{"rendered":"<p>Punapeet Cylindra on keskvarajane, \u00f5hukese koorega mahlane, magus ja maitsev pikk peet. Universaalse otstarbega sort. Juurviljad piklikud 15-20cm. Tumeda bordoopunase viljalihaga, sobib h\u00e4sti t\u00f6\u00f6tlemiseks \u2013 ei kaota oma v\u00e4rvi. Lihtne koristada ja kerge puhastada. S\u00f6\u00f6gipeet on soojan\u00f5udlikum teistest k\u00f6\u00f6giviljadest. S\u00f6\u00f6gipeet vajab kasvuks palju niiskust, eriti idanemise ja juurvilja moodustumise ajal. Taim on valgusen\u00f5udlik, seega harvendamine [&hellip;]<\/p>\n","protected":false},"featured_media":157686,"comment_status":"closed","ping_status":"closed","template":"","meta":{"_themeisle_gutenberg_block_has_review":false},"product_cat":[13488],"product_tag":[],"class_list":{"0":"post-155410","1":"product","2":"type-product","3":"status-publish","4":"has-post-thumbnail","6":"product_cat-peet-punapeet-kaalikas","8":"first","9":"outofstock","10":"shipping-taxable","11":"purchasable","12":"product-type-simple"},"yoast_head":"<!-- This site is optimized with the Yoast SEO plugin v24.0 - https:\/\/yoast.com\/wordpress\/plugins\/seo\/ -->\n<title>Punapeet Cylindra 5g 1 - Horticom.ee\/e-pood<\/title>\n<meta name=\"description\" content=\"Keskvarajane piklik peet, magus ja mahlane, sobib h\u00e4sti t\u00f6\u00f6tlemiseks. Tumepunane viljaliha ei kaota v\u00e4rvi.\" \/>\n<meta name=\"robots\" content=\"index, follow, max-snippet:-1, max-image-preview:large, max-video-preview:-1\" \/>\n<link rel=\"canonical\" href=\"https:\/\/horticom.ee\/e-pood\/toode\/punapeet-cylindra-5g-1\/\" \/>\n<meta property=\"og:locale\" content=\"ru_RU\" \/>\n<meta property=\"og:type\" content=\"article\" \/>\n<meta property=\"og:title\" content=\"Punapeet Cylindra 5g 1 - Horticom.ee\/e-pood\" \/>\n<meta property=\"og:description\" content=\"Keskvarajane piklik peet, magus ja mahlane, sobib h\u00e4sti t\u00f6\u00f6tlemiseks. Tumepunane viljaliha ei kaota v\u00e4rvi.\" \/>\n<meta property=\"og:url\" content=\"https:\/\/horticom.ee\/e-pood\/toode\/punapeet-cylindra-5g-1\/\" \/>\n<meta property=\"og:site_name\" content=\"Horticom.ee\" \/>\n<meta property=\"article:publisher\" content=\"https:\/\/www.facebook.com\/horticom.ee\/e-pood\" \/>\n<meta property=\"article:modified_time\" content=\"2026-05-03T00:11:18+00:00\" \/>\n<meta property=\"og:image\" content=\"https:\/\/horticom.ee\/e-pood\/wp-content\/uploads\/importedmedia\/product-155410_0-HM0626.jpg\" \/>\n\t<meta property=\"og:image:width\" content=\"999\" \/>\n\t<meta property=\"og:image:height\" content=\"1375\" \/>\n\t<meta property=\"og:image:type\" content=\"image\/jpeg\" \/>\n<meta name=\"twitter:card\" content=\"summary_large_image\" \/>\n<script type=\"application\/ld+json\" class=\"yoast-schema-graph\">{\"@context\":\"https:\/\/schema.org\",\"@graph\":[{\"@type\":\"WebPage\",\"@id\":\"https:\/\/horticom.ee\/e-pood\/toode\/punapeet-cylindra-5g-1\/\",\"url\":\"https:\/\/horticom.ee\/e-pood\/toode\/punapeet-cylindra-5g-1\/\",\"name\":\"Punapeet Cylindra 5g 1 - Horticom.ee\/e-pood\",\"isPartOf\":{\"@id\":\"https:\/\/horticom.ee\/e-pood\/#website\"},\"primaryImageOfPage\":{\"@id\":\"https:\/\/horticom.ee\/e-pood\/toode\/punapeet-cylindra-5g-1\/#primaryimage\"},\"image\":{\"@id\":\"https:\/\/horticom.ee\/e-pood\/toode\/punapeet-cylindra-5g-1\/#primaryimage\"},\"thumbnailUrl\":\"https:\/\/horticom.ee\/e-pood\/wp-content\/uploads\/importedmedia\/product-155410_0-HM0626.jpg\",\"datePublished\":\"2022-01-17T22:14:16+00:00\",\"dateModified\":\"2026-05-03T00:11:18+00:00\",\"description\":\"Keskvarajane piklik peet, magus ja mahlane, sobib h\u00e4sti t\u00f6\u00f6tlemiseks. Tumepunane viljaliha ei kaota v\u00e4rvi.\",\"breadcrumb\":{\"@id\":\"https:\/\/horticom.ee\/e-pood\/toode\/punapeet-cylindra-5g-1\/#breadcrumb\"},\"inLanguage\":\"ru-RU\",\"potentialAction\":[{\"@type\":\"ReadAction\",\"target\":[\"https:\/\/horticom.ee\/e-pood\/toode\/punapeet-cylindra-5g-1\/\"]}]},{\"@type\":\"ImageObject\",\"inLanguage\":\"ru-RU\",\"@id\":\"https:\/\/horticom.ee\/e-pood\/toode\/punapeet-cylindra-5g-1\/#primaryimage\",\"url\":\"https:\/\/horticom.ee\/e-pood\/wp-content\/uploads\/importedmedia\/product-155410_0-HM0626.jpg\",\"contentUrl\":\"https:\/\/horticom.ee\/e-pood\/wp-content\/uploads\/importedmedia\/product-155410_0-HM0626.jpg\",\"width\":999,\"height\":1375,\"caption\":\"Punapeet Cylindra 5g 1\"},{\"@type\":\"BreadcrumbList\",\"@id\":\"https:\/\/horticom.ee\/e-pood\/toode\/punapeet-cylindra-5g-1\/#breadcrumb\",\"itemListElement\":[{\"@type\":\"ListItem\",\"position\":1,\"name\":\"Home\",\"item\":\"https:\/\/horticom.ee\/e-pood\/\"},{\"@type\":\"ListItem\",\"position\":2,\"name\":\"Pood\",\"item\":\"https:\/\/horticom.ee\/e-pood\/pood\/\"},{\"@type\":\"ListItem\",\"position\":3,\"name\":\"Punapeet Cylindra 5g 1\"}]},{\"@type\":\"WebSite\",\"@id\":\"https:\/\/horticom.ee\/e-pood\/#website\",\"url\":\"https:\/\/horticom.ee\/e-pood\/\",\"name\":\"Horticom.ee\",\"description\":\"Aianduskaubad ja kodukaubad nii harrastajatele kui professionaalidele\",\"potentialAction\":[{\"@type\":\"SearchAction\",\"target\":{\"@type\":\"EntryPoint\",\"urlTemplate\":\"https:\/\/horticom.ee\/e-pood\/?s={search_term_string}\"},\"query-input\":{\"@type\":\"PropertyValueSpecification\",\"valueRequired\":true,\"valueName\":\"search_term_string\"}}],\"inLanguage\":\"ru-RU\"}]}<\/script>\n<!-- \/ Yoast SEO plugin. -->","yoast_head_json":{"title":"Punapeet Cylindra 5g 1 - Horticom.ee\/e-pood","description":"Keskvarajane piklik peet, magus ja mahlane, sobib h\u00e4sti t\u00f6\u00f6tlemiseks. Tumepunane viljaliha ei kaota v\u00e4rvi.","robots":{"index":"index","follow":"follow","max-snippet":"max-snippet:-1","max-image-preview":"max-image-preview:large","max-video-preview":"max-video-preview:-1"},"canonical":"https:\/\/horticom.ee\/e-pood\/toode\/punapeet-cylindra-5g-1\/","og_locale":"ru_RU","og_type":"article","og_title":"Punapeet Cylindra 5g 1 - Horticom.ee\/e-pood","og_description":"Keskvarajane piklik peet, magus ja mahlane, sobib h\u00e4sti t\u00f6\u00f6tlemiseks. Tumepunane viljaliha ei kaota v\u00e4rvi.","og_url":"https:\/\/horticom.ee\/e-pood\/toode\/punapeet-cylindra-5g-1\/","og_site_name":"Horticom.ee","article_publisher":"https:\/\/www.facebook.com\/horticom.ee\/e-pood","article_modified_time":"2026-05-03T00:11:18+00:00","og_image":[{"width":999,"height":1375,"url":"https:\/\/horticom.ee\/e-pood\/wp-content\/uploads\/importedmedia\/product-155410_0-HM0626.jpg","type":"image\/jpeg"}],"twitter_card":"summary_large_image","schema":{"@context":"https:\/\/schema.org","@graph":[{"@type":"WebPage","@id":"https:\/\/horticom.ee\/e-pood\/toode\/punapeet-cylindra-5g-1\/","url":"https:\/\/horticom.ee\/e-pood\/toode\/punapeet-cylindra-5g-1\/","name":"Punapeet Cylindra 5g 1 - Horticom.ee\/e-pood","isPartOf":{"@id":"https:\/\/horticom.ee\/e-pood\/#website"},"primaryImageOfPage":{"@id":"https:\/\/horticom.ee\/e-pood\/toode\/punapeet-cylindra-5g-1\/#primaryimage"},"image":{"@id":"https:\/\/horticom.ee\/e-pood\/toode\/punapeet-cylindra-5g-1\/#primaryimage"},"thumbnailUrl":"https:\/\/horticom.ee\/e-pood\/wp-content\/uploads\/importedmedia\/product-155410_0-HM0626.jpg","datePublished":"2022-01-17T22:14:16+00:00","dateModified":"2026-05-03T00:11:18+00:00","description":"Keskvarajane piklik peet, magus ja mahlane, sobib h\u00e4sti t\u00f6\u00f6tlemiseks. Tumepunane viljaliha ei kaota v\u00e4rvi.","breadcrumb":{"@id":"https:\/\/horticom.ee\/e-pood\/toode\/punapeet-cylindra-5g-1\/#breadcrumb"},"inLanguage":"ru-RU","potentialAction":[{"@type":"ReadAction","target":["https:\/\/horticom.ee\/e-pood\/toode\/punapeet-cylindra-5g-1\/"]}]},{"@type":"ImageObject","inLanguage":"ru-RU","@id":"https:\/\/horticom.ee\/e-pood\/toode\/punapeet-cylindra-5g-1\/#primaryimage","url":"https:\/\/horticom.ee\/e-pood\/wp-content\/uploads\/importedmedia\/product-155410_0-HM0626.jpg","contentUrl":"https:\/\/horticom.ee\/e-pood\/wp-content\/uploads\/importedmedia\/product-155410_0-HM0626.jpg","width":999,"height":1375,"caption":"Punapeet Cylindra 5g 1"},{"@type":"BreadcrumbList","@id":"https:\/\/horticom.ee\/e-pood\/toode\/punapeet-cylindra-5g-1\/#breadcrumb","itemListElement":[{"@type":"ListItem","position":1,"name":"Home","item":"https:\/\/horticom.ee\/e-pood\/"},{"@type":"ListItem","position":2,"name":"Pood","item":"https:\/\/horticom.ee\/e-pood\/pood\/"},{"@type":"ListItem","position":3,"name":"Punapeet Cylindra 5g 1"}]},{"@type":"WebSite","@id":"https:\/\/horticom.ee\/e-pood\/#website","url":"https:\/\/horticom.ee\/e-pood\/","name":"Horticom.ee","description":"Aianduskaubad ja kodukaubad nii harrastajatele kui professionaalidele","potentialAction":[{"@type":"SearchAction","target":{"@type":"EntryPoint","urlTemplate":"https:\/\/horticom.ee\/e-pood\/?s={search_term_string}"},"query-input":{"@type":"PropertyValueSpecification","valueRequired":true,"valueName":"search_term_string"}}],"inLanguage":"ru-RU"}]}},"_links":{"self":[{"href":"https:\/\/horticom.ee\/e-pood\/ru\/wp-json\/wp\/v2\/product\/155410","targetHints":{"allow":["GET"]}}],"collection":[{"href":"https:\/\/horticom.ee\/e-pood\/ru\/wp-json\/wp\/v2\/product"}],"about":[{"href":"https:\/\/horticom.ee\/e-pood\/ru\/wp-json\/wp\/v2\/types\/product"}],"replies":[{"embeddable":true,"href":"https:\/\/horticom.ee\/e-pood\/ru\/wp-json\/wp\/v2\/comments?post=155410"}],"wp:featuredmedia":[{"embeddable":true,"href":"https:\/\/horticom.ee\/e-pood\/ru\/wp-json\/wp\/v2\/media\/157686"}],"wp:attachment":[{"href":"https:\/\/horticom.ee\/e-pood\/ru\/wp-json\/wp\/v2\/media?parent=155410"}],"wp:term":[{"taxonomy":"product_cat","embeddable":true,"href":"https:\/\/horticom.ee\/e-pood\/ru\/wp-json\/wp\/v2\/product_cat?post=155410"},{"taxonomy":"product_tag","embeddable":true,"href":"https:\/\/horticom.ee\/e-pood\/ru\/wp-json\/wp\/v2\/product_tag?post=155410"}],"curies":[{"name":"wp","href":"https:\/\/api.w.org\/{rel}","templated":true}]}}