{"id":155416,"date":"2022-01-18T00:14:19","date_gmt":"2022-01-17T22:14:19","guid":{"rendered":"https:\/\/aednik24.ee\/toode\/harilik-kurk-dirigent-15seemet-3\/"},"modified":"2026-05-02T03:10:27","modified_gmt":"2026-05-02T00:10:27","slug":"harilik-kurk-dirigent-15seemet-3","status":"publish","type":"product","link":"https:\/\/horticom.ee\/e-pood\/ru\/toode\/harilik-kurk-dirigent-15seemet-3\/","title":{"rendered":"Harilik kurk Dirigent F1 15seemet 3"},"content":{"rendered":"<p>Harilik kurk Dirigent on varajane, iseviljuv, m\u00f5ruainevaba h\u00fcbriidsort nii avamaale kui ka kasvuhoonesse. Viljad siledakoorelised, tugeva struktuuri ja v\u00e4ikese seemnekambriga. Ei kasva kiirelt \u00fcle. Sobib h\u00e4sti konserveerimiseks. Kasvukohaks sobib p\u00e4ikeseline tuulte eest kaitstud asukoht.<\/p>\n","protected":false},"excerpt":{"rendered":"<p>Harilik kurk Dirigent on varajane, iseviljuv, m\u00f5ruainevaba h\u00fcbriidsort nii avamaale kui ka kasvuhoonesse. Viljad siledakoorelised, tugeva struktuuri ja v\u00e4ikese seemnekambriga. Ei kasva kiirelt \u00fcle. Sobib h\u00e4sti konserveerimiseks. Kasvukohaks sobib p\u00e4ikeseline tuulte eest kaitstud asukoht.<\/p>\n","protected":false},"featured_media":157672,"comment_status":"closed","ping_status":"closed","template":"","meta":{"_themeisle_gutenberg_block_has_review":false},"product_cat":[13493],"product_tag":[],"class_list":{"0":"post-155416","1":"product","2":"type-product","3":"status-publish","4":"has-post-thumbnail","6":"product_cat-kurk","8":"first","9":"outofstock","10":"shipping-taxable","11":"purchasable","12":"product-type-simple"},"yoast_head":"<!-- This site is optimized with the Yoast SEO plugin v24.0 - https:\/\/yoast.com\/wordpress\/plugins\/seo\/ -->\n<title>Harilik kurk Dirigent F1 15seemet 3 - Horticom.ee\/e-pood<\/title>\n<meta name=\"description\" content=\"Harilik kurk Dirigent \u2013 varajane, iseviljuv h\u00fcbriid sileda koorega, tugeva struktuuriga viljadega. Ideaalne konserveerimiseks, ei kasva kiirelt \u00fcle.\" \/>\n<meta name=\"robots\" content=\"index, follow, max-snippet:-1, max-image-preview:large, max-video-preview:-1\" \/>\n<link rel=\"canonical\" href=\"https:\/\/horticom.ee\/e-pood\/toode\/harilik-kurk-dirigent-15seemet-3\/\" \/>\n<meta property=\"og:locale\" content=\"ru_RU\" \/>\n<meta property=\"og:type\" content=\"article\" \/>\n<meta property=\"og:title\" content=\"Harilik kurk Dirigent F1 15seemet 3 - Horticom.ee\/e-pood\" \/>\n<meta property=\"og:description\" content=\"Harilik kurk Dirigent \u2013 varajane, iseviljuv h\u00fcbriid sileda koorega, tugeva struktuuriga viljadega. Ideaalne konserveerimiseks, ei kasva kiirelt \u00fcle.\" \/>\n<meta property=\"og:url\" content=\"https:\/\/horticom.ee\/e-pood\/toode\/harilik-kurk-dirigent-15seemet-3\/\" \/>\n<meta property=\"og:site_name\" content=\"Horticom.ee\" \/>\n<meta property=\"article:publisher\" content=\"https:\/\/www.facebook.com\/horticom.ee\/e-pood\" \/>\n<meta property=\"article:modified_time\" content=\"2026-05-02T00:10:27+00:00\" \/>\n<meta property=\"og:image\" content=\"https:\/\/horticom.ee\/e-pood\/wp-content\/uploads\/importedmedia\/product-155416_0-HM0601.jpg\" \/>\n\t<meta property=\"og:image:width\" content=\"1000\" \/>\n\t<meta property=\"og:image:height\" content=\"1371\" \/>\n\t<meta property=\"og:image:type\" content=\"image\/jpeg\" \/>\n<meta name=\"twitter:card\" content=\"summary_large_image\" \/>\n<script type=\"application\/ld+json\" class=\"yoast-schema-graph\">{\"@context\":\"https:\/\/schema.org\",\"@graph\":[{\"@type\":\"WebPage\",\"@id\":\"https:\/\/horticom.ee\/e-pood\/toode\/harilik-kurk-dirigent-15seemet-3\/\",\"url\":\"https:\/\/horticom.ee\/e-pood\/toode\/harilik-kurk-dirigent-15seemet-3\/\",\"name\":\"Harilik kurk Dirigent F1 15seemet 3 - Horticom.ee\/e-pood\",\"isPartOf\":{\"@id\":\"https:\/\/horticom.ee\/e-pood\/#website\"},\"primaryImageOfPage\":{\"@id\":\"https:\/\/horticom.ee\/e-pood\/toode\/harilik-kurk-dirigent-15seemet-3\/#primaryimage\"},\"image\":{\"@id\":\"https:\/\/horticom.ee\/e-pood\/toode\/harilik-kurk-dirigent-15seemet-3\/#primaryimage\"},\"thumbnailUrl\":\"https:\/\/horticom.ee\/e-pood\/wp-content\/uploads\/importedmedia\/product-155416_0-HM0601.jpg\",\"datePublished\":\"2022-01-17T22:14:19+00:00\",\"dateModified\":\"2026-05-02T00:10:27+00:00\",\"description\":\"Harilik kurk Dirigent \u2013 varajane, iseviljuv h\u00fcbriid sileda koorega, tugeva struktuuriga viljadega. Ideaalne konserveerimiseks, ei kasva kiirelt \u00fcle.\",\"breadcrumb\":{\"@id\":\"https:\/\/horticom.ee\/e-pood\/toode\/harilik-kurk-dirigent-15seemet-3\/#breadcrumb\"},\"inLanguage\":\"ru-RU\",\"potentialAction\":[{\"@type\":\"ReadAction\",\"target\":[\"https:\/\/horticom.ee\/e-pood\/toode\/harilik-kurk-dirigent-15seemet-3\/\"]}]},{\"@type\":\"ImageObject\",\"inLanguage\":\"ru-RU\",\"@id\":\"https:\/\/horticom.ee\/e-pood\/toode\/harilik-kurk-dirigent-15seemet-3\/#primaryimage\",\"url\":\"https:\/\/horticom.ee\/e-pood\/wp-content\/uploads\/importedmedia\/product-155416_0-HM0601.jpg\",\"contentUrl\":\"https:\/\/horticom.ee\/e-pood\/wp-content\/uploads\/importedmedia\/product-155416_0-HM0601.jpg\",\"width\":1000,\"height\":1371,\"caption\":\"Harilik kurk Dirigent F1 15seemet 3\"},{\"@type\":\"BreadcrumbList\",\"@id\":\"https:\/\/horticom.ee\/e-pood\/toode\/harilik-kurk-dirigent-15seemet-3\/#breadcrumb\",\"itemListElement\":[{\"@type\":\"ListItem\",\"position\":1,\"name\":\"Home\",\"item\":\"https:\/\/horticom.ee\/e-pood\/\"},{\"@type\":\"ListItem\",\"position\":2,\"name\":\"Pood\",\"item\":\"https:\/\/horticom.ee\/e-pood\/pood\/\"},{\"@type\":\"ListItem\",\"position\":3,\"name\":\"Harilik kurk Dirigent F1 15seemet 3\"}]},{\"@type\":\"WebSite\",\"@id\":\"https:\/\/horticom.ee\/e-pood\/#website\",\"url\":\"https:\/\/horticom.ee\/e-pood\/\",\"name\":\"Horticom.ee\",\"description\":\"Aianduskaubad ja kodukaubad nii harrastajatele kui professionaalidele\",\"potentialAction\":[{\"@type\":\"SearchAction\",\"target\":{\"@type\":\"EntryPoint\",\"urlTemplate\":\"https:\/\/horticom.ee\/e-pood\/?s={search_term_string}\"},\"query-input\":{\"@type\":\"PropertyValueSpecification\",\"valueRequired\":true,\"valueName\":\"search_term_string\"}}],\"inLanguage\":\"ru-RU\"}]}<\/script>\n<!-- \/ Yoast SEO plugin. -->","yoast_head_json":{"title":"Harilik kurk Dirigent F1 15seemet 3 - Horticom.ee\/e-pood","description":"Harilik kurk Dirigent \u2013 varajane, iseviljuv h\u00fcbriid sileda koorega, tugeva struktuuriga viljadega. Ideaalne konserveerimiseks, ei kasva kiirelt \u00fcle.","robots":{"index":"index","follow":"follow","max-snippet":"max-snippet:-1","max-image-preview":"max-image-preview:large","max-video-preview":"max-video-preview:-1"},"canonical":"https:\/\/horticom.ee\/e-pood\/toode\/harilik-kurk-dirigent-15seemet-3\/","og_locale":"ru_RU","og_type":"article","og_title":"Harilik kurk Dirigent F1 15seemet 3 - Horticom.ee\/e-pood","og_description":"Harilik kurk Dirigent \u2013 varajane, iseviljuv h\u00fcbriid sileda koorega, tugeva struktuuriga viljadega. Ideaalne konserveerimiseks, ei kasva kiirelt \u00fcle.","og_url":"https:\/\/horticom.ee\/e-pood\/toode\/harilik-kurk-dirigent-15seemet-3\/","og_site_name":"Horticom.ee","article_publisher":"https:\/\/www.facebook.com\/horticom.ee\/e-pood","article_modified_time":"2026-05-02T00:10:27+00:00","og_image":[{"width":1000,"height":1371,"url":"https:\/\/horticom.ee\/e-pood\/wp-content\/uploads\/importedmedia\/product-155416_0-HM0601.jpg","type":"image\/jpeg"}],"twitter_card":"summary_large_image","schema":{"@context":"https:\/\/schema.org","@graph":[{"@type":"WebPage","@id":"https:\/\/horticom.ee\/e-pood\/toode\/harilik-kurk-dirigent-15seemet-3\/","url":"https:\/\/horticom.ee\/e-pood\/toode\/harilik-kurk-dirigent-15seemet-3\/","name":"Harilik kurk Dirigent F1 15seemet 3 - Horticom.ee\/e-pood","isPartOf":{"@id":"https:\/\/horticom.ee\/e-pood\/#website"},"primaryImageOfPage":{"@id":"https:\/\/horticom.ee\/e-pood\/toode\/harilik-kurk-dirigent-15seemet-3\/#primaryimage"},"image":{"@id":"https:\/\/horticom.ee\/e-pood\/toode\/harilik-kurk-dirigent-15seemet-3\/#primaryimage"},"thumbnailUrl":"https:\/\/horticom.ee\/e-pood\/wp-content\/uploads\/importedmedia\/product-155416_0-HM0601.jpg","datePublished":"2022-01-17T22:14:19+00:00","dateModified":"2026-05-02T00:10:27+00:00","description":"Harilik kurk Dirigent \u2013 varajane, iseviljuv h\u00fcbriid sileda koorega, tugeva struktuuriga viljadega. Ideaalne konserveerimiseks, ei kasva kiirelt \u00fcle.","breadcrumb":{"@id":"https:\/\/horticom.ee\/e-pood\/toode\/harilik-kurk-dirigent-15seemet-3\/#breadcrumb"},"inLanguage":"ru-RU","potentialAction":[{"@type":"ReadAction","target":["https:\/\/horticom.ee\/e-pood\/toode\/harilik-kurk-dirigent-15seemet-3\/"]}]},{"@type":"ImageObject","inLanguage":"ru-RU","@id":"https:\/\/horticom.ee\/e-pood\/toode\/harilik-kurk-dirigent-15seemet-3\/#primaryimage","url":"https:\/\/horticom.ee\/e-pood\/wp-content\/uploads\/importedmedia\/product-155416_0-HM0601.jpg","contentUrl":"https:\/\/horticom.ee\/e-pood\/wp-content\/uploads\/importedmedia\/product-155416_0-HM0601.jpg","width":1000,"height":1371,"caption":"Harilik kurk Dirigent F1 15seemet 3"},{"@type":"BreadcrumbList","@id":"https:\/\/horticom.ee\/e-pood\/toode\/harilik-kurk-dirigent-15seemet-3\/#breadcrumb","itemListElement":[{"@type":"ListItem","position":1,"name":"Home","item":"https:\/\/horticom.ee\/e-pood\/"},{"@type":"ListItem","position":2,"name":"Pood","item":"https:\/\/horticom.ee\/e-pood\/pood\/"},{"@type":"ListItem","position":3,"name":"Harilik kurk Dirigent F1 15seemet 3"}]},{"@type":"WebSite","@id":"https:\/\/horticom.ee\/e-pood\/#website","url":"https:\/\/horticom.ee\/e-pood\/","name":"Horticom.ee","description":"Aianduskaubad ja kodukaubad nii harrastajatele kui professionaalidele","potentialAction":[{"@type":"SearchAction","target":{"@type":"EntryPoint","urlTemplate":"https:\/\/horticom.ee\/e-pood\/?s={search_term_string}"},"query-input":{"@type":"PropertyValueSpecification","valueRequired":true,"valueName":"search_term_string"}}],"inLanguage":"ru-RU"}]}},"_links":{"self":[{"href":"https:\/\/horticom.ee\/e-pood\/ru\/wp-json\/wp\/v2\/product\/155416","targetHints":{"allow":["GET"]}}],"collection":[{"href":"https:\/\/horticom.ee\/e-pood\/ru\/wp-json\/wp\/v2\/product"}],"about":[{"href":"https:\/\/horticom.ee\/e-pood\/ru\/wp-json\/wp\/v2\/types\/product"}],"replies":[{"embeddable":true,"href":"https:\/\/horticom.ee\/e-pood\/ru\/wp-json\/wp\/v2\/comments?post=155416"}],"wp:featuredmedia":[{"embeddable":true,"href":"https:\/\/horticom.ee\/e-pood\/ru\/wp-json\/wp\/v2\/media\/157672"}],"wp:attachment":[{"href":"https:\/\/horticom.ee\/e-pood\/ru\/wp-json\/wp\/v2\/media?parent=155416"}],"wp:term":[{"taxonomy":"product_cat","embeddable":true,"href":"https:\/\/horticom.ee\/e-pood\/ru\/wp-json\/wp\/v2\/product_cat?post=155416"},{"taxonomy":"product_tag","embeddable":true,"href":"https:\/\/horticom.ee\/e-pood\/ru\/wp-json\/wp\/v2\/product_tag?post=155416"}],"curies":[{"name":"wp","href":"https:\/\/api.w.org\/{rel}","templated":true}]}}