{"id":155419,"date":"2022-01-18T00:14:20","date_gmt":"2022-01-17T22:14:20","guid":{"rendered":"https:\/\/aednik24.ee\/toode\/harilik-kurk-alpaka-15seemet-4\/"},"modified":"2026-04-29T03:10:49","modified_gmt":"2026-04-29T00:10:49","slug":"harilik-kurk-alpaka-15seemet-4","status":"publish","type":"product","link":"https:\/\/horticom.ee\/e-pood\/ru\/toode\/harilik-kurk-alpaka-15seemet-4\/","title":{"rendered":"Harilik kurk Alpaka F1 15seemet 4"},"content":{"rendered":"<p>Harilik kurk Alpaka on varajane, pika saagiajaga iseviljuv h\u00fcbriidsort nii avamaale kui ka kasvuhoonesse. Taim on tugeva kasvuga ja v\u00e4ga vastupidav haigustele. Vili l\u00fchike, tumeroheline, tugeva konsistentsiga ja sihvakas. Universaalse kasutusega. Kasvuaeg on 57-60 p\u00e4eva.<\/p>\n","protected":false},"excerpt":{"rendered":"<p>Harilik kurk Alpaka on varajane, pika saagiajaga iseviljuv h\u00fcbriidsort nii avamaale kui ka kasvuhoonesse. Taim on tugeva kasvuga ja v\u00e4ga vastupidav haigustele. Vili l\u00fchike, tumeroheline, tugeva konsistentsiga ja sihvakas. Universaalse kasutusega. Kasvuaeg on 57-60 p\u00e4eva.<\/p>\n","protected":false},"featured_media":157670,"comment_status":"closed","ping_status":"closed","template":"","meta":{"_themeisle_gutenberg_block_has_review":false},"product_cat":[13493],"product_tag":[],"class_list":{"0":"post-155419","1":"product","2":"type-product","3":"status-publish","4":"has-post-thumbnail","6":"product_cat-kurk","8":"first","9":"outofstock","10":"shipping-taxable","11":"purchasable","12":"product-type-simple"},"yoast_head":"<!-- This site is optimized with the Yoast SEO plugin v24.0 - https:\/\/yoast.com\/wordpress\/plugins\/seo\/ -->\n<title>Harilik kurk Alpaka F1 15seemet 4 - Horticom.ee\/e-pood<\/title>\n<meta name=\"description\" content=\"Harilik kurk Alpaka \u2013 varajane, iseviljuv h\u00fcbriid. L\u00fchikesed, tumerohelised viljad, pika saagiajaga ja vastupidav haigustele. Kasvuaeg 57-60 p\u00e4eva.\" \/>\n<meta name=\"robots\" content=\"index, follow, max-snippet:-1, max-image-preview:large, max-video-preview:-1\" \/>\n<link rel=\"canonical\" href=\"https:\/\/horticom.ee\/e-pood\/toode\/harilik-kurk-alpaka-15seemet-4\/\" \/>\n<meta property=\"og:locale\" content=\"ru_RU\" \/>\n<meta property=\"og:type\" content=\"article\" \/>\n<meta property=\"og:title\" content=\"Harilik kurk Alpaka F1 15seemet 4 - Horticom.ee\/e-pood\" \/>\n<meta property=\"og:description\" content=\"Harilik kurk Alpaka \u2013 varajane, iseviljuv h\u00fcbriid. L\u00fchikesed, tumerohelised viljad, pika saagiajaga ja vastupidav haigustele. Kasvuaeg 57-60 p\u00e4eva.\" \/>\n<meta property=\"og:url\" content=\"https:\/\/horticom.ee\/e-pood\/toode\/harilik-kurk-alpaka-15seemet-4\/\" \/>\n<meta property=\"og:site_name\" content=\"Horticom.ee\" \/>\n<meta property=\"article:publisher\" content=\"https:\/\/www.facebook.com\/horticom.ee\/e-pood\" \/>\n<meta property=\"article:modified_time\" content=\"2026-04-29T00:10:49+00:00\" \/>\n<meta property=\"og:image\" content=\"https:\/\/horticom.ee\/e-pood\/wp-content\/uploads\/importedmedia\/product-155419_0-HM0638.jpg\" \/>\n\t<meta property=\"og:image:width\" content=\"1000\" \/>\n\t<meta property=\"og:image:height\" content=\"1371\" \/>\n\t<meta property=\"og:image:type\" content=\"image\/jpeg\" \/>\n<meta name=\"twitter:card\" content=\"summary_large_image\" \/>\n<script type=\"application\/ld+json\" class=\"yoast-schema-graph\">{\"@context\":\"https:\/\/schema.org\",\"@graph\":[{\"@type\":\"WebPage\",\"@id\":\"https:\/\/horticom.ee\/e-pood\/toode\/harilik-kurk-alpaka-15seemet-4\/\",\"url\":\"https:\/\/horticom.ee\/e-pood\/toode\/harilik-kurk-alpaka-15seemet-4\/\",\"name\":\"Harilik kurk Alpaka F1 15seemet 4 - Horticom.ee\/e-pood\",\"isPartOf\":{\"@id\":\"https:\/\/horticom.ee\/e-pood\/#website\"},\"primaryImageOfPage\":{\"@id\":\"https:\/\/horticom.ee\/e-pood\/toode\/harilik-kurk-alpaka-15seemet-4\/#primaryimage\"},\"image\":{\"@id\":\"https:\/\/horticom.ee\/e-pood\/toode\/harilik-kurk-alpaka-15seemet-4\/#primaryimage\"},\"thumbnailUrl\":\"https:\/\/horticom.ee\/e-pood\/wp-content\/uploads\/importedmedia\/product-155419_0-HM0638.jpg\",\"datePublished\":\"2022-01-17T22:14:20+00:00\",\"dateModified\":\"2026-04-29T00:10:49+00:00\",\"description\":\"Harilik kurk Alpaka \u2013 varajane, iseviljuv h\u00fcbriid. L\u00fchikesed, tumerohelised viljad, pika saagiajaga ja vastupidav haigustele. Kasvuaeg 57-60 p\u00e4eva.\",\"breadcrumb\":{\"@id\":\"https:\/\/horticom.ee\/e-pood\/toode\/harilik-kurk-alpaka-15seemet-4\/#breadcrumb\"},\"inLanguage\":\"ru-RU\",\"potentialAction\":[{\"@type\":\"ReadAction\",\"target\":[\"https:\/\/horticom.ee\/e-pood\/toode\/harilik-kurk-alpaka-15seemet-4\/\"]}]},{\"@type\":\"ImageObject\",\"inLanguage\":\"ru-RU\",\"@id\":\"https:\/\/horticom.ee\/e-pood\/toode\/harilik-kurk-alpaka-15seemet-4\/#primaryimage\",\"url\":\"https:\/\/horticom.ee\/e-pood\/wp-content\/uploads\/importedmedia\/product-155419_0-HM0638.jpg\",\"contentUrl\":\"https:\/\/horticom.ee\/e-pood\/wp-content\/uploads\/importedmedia\/product-155419_0-HM0638.jpg\",\"width\":1000,\"height\":1371,\"caption\":\"Harilik kurk Alpaka F1 15seemet 4\"},{\"@type\":\"BreadcrumbList\",\"@id\":\"https:\/\/horticom.ee\/e-pood\/toode\/harilik-kurk-alpaka-15seemet-4\/#breadcrumb\",\"itemListElement\":[{\"@type\":\"ListItem\",\"position\":1,\"name\":\"Home\",\"item\":\"https:\/\/horticom.ee\/e-pood\/\"},{\"@type\":\"ListItem\",\"position\":2,\"name\":\"Pood\",\"item\":\"https:\/\/horticom.ee\/e-pood\/pood\/\"},{\"@type\":\"ListItem\",\"position\":3,\"name\":\"Harilik kurk Alpaka F1 15seemet 4\"}]},{\"@type\":\"WebSite\",\"@id\":\"https:\/\/horticom.ee\/e-pood\/#website\",\"url\":\"https:\/\/horticom.ee\/e-pood\/\",\"name\":\"Horticom.ee\",\"description\":\"Aianduskaubad ja kodukaubad nii harrastajatele kui professionaalidele\",\"potentialAction\":[{\"@type\":\"SearchAction\",\"target\":{\"@type\":\"EntryPoint\",\"urlTemplate\":\"https:\/\/horticom.ee\/e-pood\/?s={search_term_string}\"},\"query-input\":{\"@type\":\"PropertyValueSpecification\",\"valueRequired\":true,\"valueName\":\"search_term_string\"}}],\"inLanguage\":\"ru-RU\"}]}<\/script>\n<!-- \/ Yoast SEO plugin. -->","yoast_head_json":{"title":"Harilik kurk Alpaka F1 15seemet 4 - Horticom.ee\/e-pood","description":"Harilik kurk Alpaka \u2013 varajane, iseviljuv h\u00fcbriid. L\u00fchikesed, tumerohelised viljad, pika saagiajaga ja vastupidav haigustele. Kasvuaeg 57-60 p\u00e4eva.","robots":{"index":"index","follow":"follow","max-snippet":"max-snippet:-1","max-image-preview":"max-image-preview:large","max-video-preview":"max-video-preview:-1"},"canonical":"https:\/\/horticom.ee\/e-pood\/toode\/harilik-kurk-alpaka-15seemet-4\/","og_locale":"ru_RU","og_type":"article","og_title":"Harilik kurk Alpaka F1 15seemet 4 - Horticom.ee\/e-pood","og_description":"Harilik kurk Alpaka \u2013 varajane, iseviljuv h\u00fcbriid. L\u00fchikesed, tumerohelised viljad, pika saagiajaga ja vastupidav haigustele. Kasvuaeg 57-60 p\u00e4eva.","og_url":"https:\/\/horticom.ee\/e-pood\/toode\/harilik-kurk-alpaka-15seemet-4\/","og_site_name":"Horticom.ee","article_publisher":"https:\/\/www.facebook.com\/horticom.ee\/e-pood","article_modified_time":"2026-04-29T00:10:49+00:00","og_image":[{"width":1000,"height":1371,"url":"https:\/\/horticom.ee\/e-pood\/wp-content\/uploads\/importedmedia\/product-155419_0-HM0638.jpg","type":"image\/jpeg"}],"twitter_card":"summary_large_image","schema":{"@context":"https:\/\/schema.org","@graph":[{"@type":"WebPage","@id":"https:\/\/horticom.ee\/e-pood\/toode\/harilik-kurk-alpaka-15seemet-4\/","url":"https:\/\/horticom.ee\/e-pood\/toode\/harilik-kurk-alpaka-15seemet-4\/","name":"Harilik kurk Alpaka F1 15seemet 4 - Horticom.ee\/e-pood","isPartOf":{"@id":"https:\/\/horticom.ee\/e-pood\/#website"},"primaryImageOfPage":{"@id":"https:\/\/horticom.ee\/e-pood\/toode\/harilik-kurk-alpaka-15seemet-4\/#primaryimage"},"image":{"@id":"https:\/\/horticom.ee\/e-pood\/toode\/harilik-kurk-alpaka-15seemet-4\/#primaryimage"},"thumbnailUrl":"https:\/\/horticom.ee\/e-pood\/wp-content\/uploads\/importedmedia\/product-155419_0-HM0638.jpg","datePublished":"2022-01-17T22:14:20+00:00","dateModified":"2026-04-29T00:10:49+00:00","description":"Harilik kurk Alpaka \u2013 varajane, iseviljuv h\u00fcbriid. L\u00fchikesed, tumerohelised viljad, pika saagiajaga ja vastupidav haigustele. Kasvuaeg 57-60 p\u00e4eva.","breadcrumb":{"@id":"https:\/\/horticom.ee\/e-pood\/toode\/harilik-kurk-alpaka-15seemet-4\/#breadcrumb"},"inLanguage":"ru-RU","potentialAction":[{"@type":"ReadAction","target":["https:\/\/horticom.ee\/e-pood\/toode\/harilik-kurk-alpaka-15seemet-4\/"]}]},{"@type":"ImageObject","inLanguage":"ru-RU","@id":"https:\/\/horticom.ee\/e-pood\/toode\/harilik-kurk-alpaka-15seemet-4\/#primaryimage","url":"https:\/\/horticom.ee\/e-pood\/wp-content\/uploads\/importedmedia\/product-155419_0-HM0638.jpg","contentUrl":"https:\/\/horticom.ee\/e-pood\/wp-content\/uploads\/importedmedia\/product-155419_0-HM0638.jpg","width":1000,"height":1371,"caption":"Harilik kurk Alpaka F1 15seemet 4"},{"@type":"BreadcrumbList","@id":"https:\/\/horticom.ee\/e-pood\/toode\/harilik-kurk-alpaka-15seemet-4\/#breadcrumb","itemListElement":[{"@type":"ListItem","position":1,"name":"Home","item":"https:\/\/horticom.ee\/e-pood\/"},{"@type":"ListItem","position":2,"name":"Pood","item":"https:\/\/horticom.ee\/e-pood\/pood\/"},{"@type":"ListItem","position":3,"name":"Harilik kurk Alpaka F1 15seemet 4"}]},{"@type":"WebSite","@id":"https:\/\/horticom.ee\/e-pood\/#website","url":"https:\/\/horticom.ee\/e-pood\/","name":"Horticom.ee","description":"Aianduskaubad ja kodukaubad nii harrastajatele kui professionaalidele","potentialAction":[{"@type":"SearchAction","target":{"@type":"EntryPoint","urlTemplate":"https:\/\/horticom.ee\/e-pood\/?s={search_term_string}"},"query-input":{"@type":"PropertyValueSpecification","valueRequired":true,"valueName":"search_term_string"}}],"inLanguage":"ru-RU"}]}},"_links":{"self":[{"href":"https:\/\/horticom.ee\/e-pood\/ru\/wp-json\/wp\/v2\/product\/155419","targetHints":{"allow":["GET"]}}],"collection":[{"href":"https:\/\/horticom.ee\/e-pood\/ru\/wp-json\/wp\/v2\/product"}],"about":[{"href":"https:\/\/horticom.ee\/e-pood\/ru\/wp-json\/wp\/v2\/types\/product"}],"replies":[{"embeddable":true,"href":"https:\/\/horticom.ee\/e-pood\/ru\/wp-json\/wp\/v2\/comments?post=155419"}],"wp:featuredmedia":[{"embeddable":true,"href":"https:\/\/horticom.ee\/e-pood\/ru\/wp-json\/wp\/v2\/media\/157670"}],"wp:attachment":[{"href":"https:\/\/horticom.ee\/e-pood\/ru\/wp-json\/wp\/v2\/media?parent=155419"}],"wp:term":[{"taxonomy":"product_cat","embeddable":true,"href":"https:\/\/horticom.ee\/e-pood\/ru\/wp-json\/wp\/v2\/product_cat?post=155419"},{"taxonomy":"product_tag","embeddable":true,"href":"https:\/\/horticom.ee\/e-pood\/ru\/wp-json\/wp\/v2\/product_tag?post=155419"}],"curies":[{"name":"wp","href":"https:\/\/api.w.org\/{rel}","templated":true}]}}