{"id":155421,"date":"2022-01-18T00:14:21","date_gmt":"2022-01-17T22:14:21","guid":{"rendered":"https:\/\/aednik24.ee\/toode\/rukkilill-ball-mix-1g-1\/"},"modified":"2026-05-03T03:11:19","modified_gmt":"2026-05-03T00:11:19","slug":"rukkilill-ball-mix-1g-1","status":"publish","type":"product","link":"https:\/\/horticom.ee\/e-pood\/ru\/toode\/rukkilill-ball-mix-1g-1\/","title":{"rendered":"Rukkilill Ball mix 1g 1"},"content":{"rendered":"<p>Rukkilill Ball mix on \u00fcheaastane, dekoratiivne kuni 70cm k\u00f5rgune taim. \u00d5itseb rikkalikult juunist septembrini. Kergesti kasvatatav, kuna on pinnase suhtes v\u00e4hen\u00f5udlik, kasvab h\u00e4sti vett ja \u00f5hku l\u00e4bilaskvas pinnases. Sobib l\u00f5ikelilleks, toitude kaunistamiseks.<\/p>\n","protected":false},"excerpt":{"rendered":"<p>Rukkilill Ball mix on \u00fcheaastane, dekoratiivne kuni 70cm k\u00f5rgune taim. \u00d5itseb rikkalikult juunist septembrini. Kergesti kasvatatav, kuna on pinnase suhtes v\u00e4hen\u00f5udlik, kasvab h\u00e4sti vett ja \u00f5hku l\u00e4bilaskvas pinnases. Sobib l\u00f5ikelilleks, toitude kaunistamiseks.<\/p>\n","protected":false},"featured_media":157664,"comment_status":"closed","ping_status":"closed","template":"","meta":{"_themeisle_gutenberg_block_has_review":false},"product_cat":[13503],"product_tag":[],"class_list":{"0":"post-155421","1":"product","2":"type-product","3":"status-publish","4":"has-post-thumbnail","6":"product_cat-rukkilill","8":"first","9":"outofstock","10":"shipping-taxable","11":"purchasable","12":"product-type-simple"},"yoast_head":"<!-- This site is optimized with the Yoast SEO plugin v24.0 - https:\/\/yoast.com\/wordpress\/plugins\/seo\/ -->\n<title>Rukkilill Ball mix 1g 1 - Horticom.ee\/e-pood<\/title>\n<meta name=\"description\" content=\"Rukkilill Ball Mix \u00fcheaastane, 70cm k\u00f5rge dekoratiivtaim. \u00d5itseb juunist septembrini, l\u00f5ikelilleks ja toitude kaunistamiseks.\" \/>\n<meta name=\"robots\" content=\"index, follow, max-snippet:-1, max-image-preview:large, max-video-preview:-1\" \/>\n<link rel=\"canonical\" href=\"https:\/\/horticom.ee\/e-pood\/toode\/rukkilill-ball-mix-1g-1\/\" \/>\n<meta property=\"og:locale\" content=\"ru_RU\" \/>\n<meta property=\"og:type\" content=\"article\" \/>\n<meta property=\"og:title\" content=\"Rukkilill Ball mix 1g 1 - Horticom.ee\/e-pood\" \/>\n<meta property=\"og:description\" content=\"Rukkilill Ball Mix \u00fcheaastane, 70cm k\u00f5rge dekoratiivtaim. \u00d5itseb juunist septembrini, l\u00f5ikelilleks ja toitude kaunistamiseks.\" \/>\n<meta property=\"og:url\" content=\"https:\/\/horticom.ee\/e-pood\/toode\/rukkilill-ball-mix-1g-1\/\" \/>\n<meta property=\"og:site_name\" content=\"Horticom.ee\" \/>\n<meta property=\"article:publisher\" content=\"https:\/\/www.facebook.com\/horticom.ee\/e-pood\" \/>\n<meta property=\"article:modified_time\" content=\"2026-05-03T00:11:19+00:00\" \/>\n<meta property=\"og:image\" content=\"https:\/\/horticom.ee\/e-pood\/wp-content\/uploads\/importedmedia\/product-155421_0-HM0614.jpg\" \/>\n\t<meta property=\"og:image:width\" content=\"999\" \/>\n\t<meta property=\"og:image:height\" content=\"1375\" \/>\n\t<meta property=\"og:image:type\" content=\"image\/jpeg\" \/>\n<meta name=\"twitter:card\" content=\"summary_large_image\" \/>\n<script type=\"application\/ld+json\" class=\"yoast-schema-graph\">{\"@context\":\"https:\/\/schema.org\",\"@graph\":[{\"@type\":\"WebPage\",\"@id\":\"https:\/\/horticom.ee\/e-pood\/toode\/rukkilill-ball-mix-1g-1\/\",\"url\":\"https:\/\/horticom.ee\/e-pood\/toode\/rukkilill-ball-mix-1g-1\/\",\"name\":\"Rukkilill Ball mix 1g 1 - Horticom.ee\/e-pood\",\"isPartOf\":{\"@id\":\"https:\/\/horticom.ee\/e-pood\/#website\"},\"primaryImageOfPage\":{\"@id\":\"https:\/\/horticom.ee\/e-pood\/toode\/rukkilill-ball-mix-1g-1\/#primaryimage\"},\"image\":{\"@id\":\"https:\/\/horticom.ee\/e-pood\/toode\/rukkilill-ball-mix-1g-1\/#primaryimage\"},\"thumbnailUrl\":\"https:\/\/horticom.ee\/e-pood\/wp-content\/uploads\/importedmedia\/product-155421_0-HM0614.jpg\",\"datePublished\":\"2022-01-17T22:14:21+00:00\",\"dateModified\":\"2026-05-03T00:11:19+00:00\",\"description\":\"Rukkilill Ball Mix \u00fcheaastane, 70cm k\u00f5rge dekoratiivtaim. \u00d5itseb juunist septembrini, l\u00f5ikelilleks ja toitude kaunistamiseks.\",\"breadcrumb\":{\"@id\":\"https:\/\/horticom.ee\/e-pood\/toode\/rukkilill-ball-mix-1g-1\/#breadcrumb\"},\"inLanguage\":\"ru-RU\",\"potentialAction\":[{\"@type\":\"ReadAction\",\"target\":[\"https:\/\/horticom.ee\/e-pood\/toode\/rukkilill-ball-mix-1g-1\/\"]}]},{\"@type\":\"ImageObject\",\"inLanguage\":\"ru-RU\",\"@id\":\"https:\/\/horticom.ee\/e-pood\/toode\/rukkilill-ball-mix-1g-1\/#primaryimage\",\"url\":\"https:\/\/horticom.ee\/e-pood\/wp-content\/uploads\/importedmedia\/product-155421_0-HM0614.jpg\",\"contentUrl\":\"https:\/\/horticom.ee\/e-pood\/wp-content\/uploads\/importedmedia\/product-155421_0-HM0614.jpg\",\"width\":999,\"height\":1375,\"caption\":\"Rukkilill Ball mix 1g 1\"},{\"@type\":\"BreadcrumbList\",\"@id\":\"https:\/\/horticom.ee\/e-pood\/toode\/rukkilill-ball-mix-1g-1\/#breadcrumb\",\"itemListElement\":[{\"@type\":\"ListItem\",\"position\":1,\"name\":\"Home\",\"item\":\"https:\/\/horticom.ee\/e-pood\/\"},{\"@type\":\"ListItem\",\"position\":2,\"name\":\"Pood\",\"item\":\"https:\/\/horticom.ee\/e-pood\/pood\/\"},{\"@type\":\"ListItem\",\"position\":3,\"name\":\"Rukkilill Ball mix 1g 1\"}]},{\"@type\":\"WebSite\",\"@id\":\"https:\/\/horticom.ee\/e-pood\/#website\",\"url\":\"https:\/\/horticom.ee\/e-pood\/\",\"name\":\"Horticom.ee\",\"description\":\"Aianduskaubad ja kodukaubad nii harrastajatele kui professionaalidele\",\"potentialAction\":[{\"@type\":\"SearchAction\",\"target\":{\"@type\":\"EntryPoint\",\"urlTemplate\":\"https:\/\/horticom.ee\/e-pood\/?s={search_term_string}\"},\"query-input\":{\"@type\":\"PropertyValueSpecification\",\"valueRequired\":true,\"valueName\":\"search_term_string\"}}],\"inLanguage\":\"ru-RU\"}]}<\/script>\n<!-- \/ Yoast SEO plugin. -->","yoast_head_json":{"title":"Rukkilill Ball mix 1g 1 - Horticom.ee\/e-pood","description":"Rukkilill Ball Mix \u00fcheaastane, 70cm k\u00f5rge dekoratiivtaim. \u00d5itseb juunist septembrini, l\u00f5ikelilleks ja toitude kaunistamiseks.","robots":{"index":"index","follow":"follow","max-snippet":"max-snippet:-1","max-image-preview":"max-image-preview:large","max-video-preview":"max-video-preview:-1"},"canonical":"https:\/\/horticom.ee\/e-pood\/toode\/rukkilill-ball-mix-1g-1\/","og_locale":"ru_RU","og_type":"article","og_title":"Rukkilill Ball mix 1g 1 - Horticom.ee\/e-pood","og_description":"Rukkilill Ball Mix \u00fcheaastane, 70cm k\u00f5rge dekoratiivtaim. \u00d5itseb juunist septembrini, l\u00f5ikelilleks ja toitude kaunistamiseks.","og_url":"https:\/\/horticom.ee\/e-pood\/toode\/rukkilill-ball-mix-1g-1\/","og_site_name":"Horticom.ee","article_publisher":"https:\/\/www.facebook.com\/horticom.ee\/e-pood","article_modified_time":"2026-05-03T00:11:19+00:00","og_image":[{"width":999,"height":1375,"url":"https:\/\/horticom.ee\/e-pood\/wp-content\/uploads\/importedmedia\/product-155421_0-HM0614.jpg","type":"image\/jpeg"}],"twitter_card":"summary_large_image","schema":{"@context":"https:\/\/schema.org","@graph":[{"@type":"WebPage","@id":"https:\/\/horticom.ee\/e-pood\/toode\/rukkilill-ball-mix-1g-1\/","url":"https:\/\/horticom.ee\/e-pood\/toode\/rukkilill-ball-mix-1g-1\/","name":"Rukkilill Ball mix 1g 1 - Horticom.ee\/e-pood","isPartOf":{"@id":"https:\/\/horticom.ee\/e-pood\/#website"},"primaryImageOfPage":{"@id":"https:\/\/horticom.ee\/e-pood\/toode\/rukkilill-ball-mix-1g-1\/#primaryimage"},"image":{"@id":"https:\/\/horticom.ee\/e-pood\/toode\/rukkilill-ball-mix-1g-1\/#primaryimage"},"thumbnailUrl":"https:\/\/horticom.ee\/e-pood\/wp-content\/uploads\/importedmedia\/product-155421_0-HM0614.jpg","datePublished":"2022-01-17T22:14:21+00:00","dateModified":"2026-05-03T00:11:19+00:00","description":"Rukkilill Ball Mix \u00fcheaastane, 70cm k\u00f5rge dekoratiivtaim. \u00d5itseb juunist septembrini, l\u00f5ikelilleks ja toitude kaunistamiseks.","breadcrumb":{"@id":"https:\/\/horticom.ee\/e-pood\/toode\/rukkilill-ball-mix-1g-1\/#breadcrumb"},"inLanguage":"ru-RU","potentialAction":[{"@type":"ReadAction","target":["https:\/\/horticom.ee\/e-pood\/toode\/rukkilill-ball-mix-1g-1\/"]}]},{"@type":"ImageObject","inLanguage":"ru-RU","@id":"https:\/\/horticom.ee\/e-pood\/toode\/rukkilill-ball-mix-1g-1\/#primaryimage","url":"https:\/\/horticom.ee\/e-pood\/wp-content\/uploads\/importedmedia\/product-155421_0-HM0614.jpg","contentUrl":"https:\/\/horticom.ee\/e-pood\/wp-content\/uploads\/importedmedia\/product-155421_0-HM0614.jpg","width":999,"height":1375,"caption":"Rukkilill Ball mix 1g 1"},{"@type":"BreadcrumbList","@id":"https:\/\/horticom.ee\/e-pood\/toode\/rukkilill-ball-mix-1g-1\/#breadcrumb","itemListElement":[{"@type":"ListItem","position":1,"name":"Home","item":"https:\/\/horticom.ee\/e-pood\/"},{"@type":"ListItem","position":2,"name":"Pood","item":"https:\/\/horticom.ee\/e-pood\/pood\/"},{"@type":"ListItem","position":3,"name":"Rukkilill Ball mix 1g 1"}]},{"@type":"WebSite","@id":"https:\/\/horticom.ee\/e-pood\/#website","url":"https:\/\/horticom.ee\/e-pood\/","name":"Horticom.ee","description":"Aianduskaubad ja kodukaubad nii harrastajatele kui professionaalidele","potentialAction":[{"@type":"SearchAction","target":{"@type":"EntryPoint","urlTemplate":"https:\/\/horticom.ee\/e-pood\/?s={search_term_string}"},"query-input":{"@type":"PropertyValueSpecification","valueRequired":true,"valueName":"search_term_string"}}],"inLanguage":"ru-RU"}]}},"_links":{"self":[{"href":"https:\/\/horticom.ee\/e-pood\/ru\/wp-json\/wp\/v2\/product\/155421","targetHints":{"allow":["GET"]}}],"collection":[{"href":"https:\/\/horticom.ee\/e-pood\/ru\/wp-json\/wp\/v2\/product"}],"about":[{"href":"https:\/\/horticom.ee\/e-pood\/ru\/wp-json\/wp\/v2\/types\/product"}],"replies":[{"embeddable":true,"href":"https:\/\/horticom.ee\/e-pood\/ru\/wp-json\/wp\/v2\/comments?post=155421"}],"wp:featuredmedia":[{"embeddable":true,"href":"https:\/\/horticom.ee\/e-pood\/ru\/wp-json\/wp\/v2\/media\/157664"}],"wp:attachment":[{"href":"https:\/\/horticom.ee\/e-pood\/ru\/wp-json\/wp\/v2\/media?parent=155421"}],"wp:term":[{"taxonomy":"product_cat","embeddable":true,"href":"https:\/\/horticom.ee\/e-pood\/ru\/wp-json\/wp\/v2\/product_cat?post=155421"},{"taxonomy":"product_tag","embeddable":true,"href":"https:\/\/horticom.ee\/e-pood\/ru\/wp-json\/wp\/v2\/product_tag?post=155421"}],"curies":[{"name":"wp","href":"https:\/\/api.w.org\/{rel}","templated":true}]}}