{"id":155445,"date":"2022-01-18T00:14:34","date_gmt":"2022-01-17T22:14:34","guid":{"rendered":"https:\/\/aednik24.ee\/toode\/riidekoid-peletavad-seedripuust-rongad-zero-in-10tk-pakis\/"},"modified":"2026-05-14T03:07:57","modified_gmt":"2026-05-14T00:07:57","slug":"riidekoid-peletavad-seedripuust-rongad-zero-in-10tk-pakis","status":"publish","type":"product","link":"https:\/\/horticom.ee\/e-pood\/ru\/toode\/riidekoid-peletavad-seedripuust-rongad-zero-in-10tk-pakis\/","title":{"rendered":"Riidekoid peletavad seedripuust r\u00f5ngad Zero In 10tk\/pakis"},"content":{"rendered":"<p>Kui ei taha koid sa kappi, v\u00f5ta seedrist r\u00f5ngad appi! R\u00f5ngad on tehtud seedripuust, mille tugev l\u00f5hn on koidele v\u00e4ga eemalet\u00f5ukav. Lisaks sellele aitab l\u00f5hn \u00e4ra hoida kopitushaisu. L\u00f5hn kestab v\u00e4rskena  6-8 kuud.<\/p>\n","protected":false},"excerpt":{"rendered":"<p>Kui ei taha koid sa kappi, v\u00f5ta seedrist r\u00f5ngad appi! R\u00f5ngad on tehtud seedripuust, mille tugev l\u00f5hn on koidele v\u00e4ga eemalet\u00f5ukav. Lisaks sellele aitab l\u00f5hn \u00e4ra hoida kopitushaisu. L\u00f5hn kestab v\u00e4rskena 6-8 kuud.<\/p>\n","protected":false},"featured_media":157598,"comment_status":"closed","ping_status":"closed","template":"","meta":{"_themeisle_gutenberg_block_has_review":false},"product_cat":[13603],"product_tag":[],"class_list":{"0":"post-155445","1":"product","2":"type-product","3":"status-publish","4":"has-post-thumbnail","6":"product_cat-koid","8":"first","9":"instock","10":"shipping-taxable","11":"purchasable","12":"product-type-simple"},"yoast_head":"<!-- This site is optimized with the Yoast SEO plugin v24.0 - https:\/\/yoast.com\/wordpress\/plugins\/seo\/ -->\n<title>Riidekoid peletavad seedripuust r\u00f5ngad Zero In 10tk\/pakis<\/title>\n<meta name=\"description\" content=\"Seedrist r\u00f5ngad \u2013 Seedripuust r\u00f5ngad peletavad koid ja hoiavad \u00e4ra kopitushaisu. Tugev l\u00f5hn kestab v\u00e4rskena kuni 6-8 kuud.\" \/>\n<meta name=\"robots\" content=\"index, follow, max-snippet:-1, max-image-preview:large, max-video-preview:-1\" \/>\n<link rel=\"canonical\" href=\"https:\/\/horticom.ee\/e-pood\/toode\/riidekoid-peletavad-seedripuust-rongad-zero-in-10tk-pakis\/\" \/>\n<meta property=\"og:locale\" content=\"ru_RU\" \/>\n<meta property=\"og:type\" content=\"article\" \/>\n<meta property=\"og:title\" content=\"Riidekoid peletavad seedripuust r\u00f5ngad Zero In 10tk\/pakis\" \/>\n<meta property=\"og:description\" content=\"Seedrist r\u00f5ngad \u2013 Seedripuust r\u00f5ngad peletavad koid ja hoiavad \u00e4ra kopitushaisu. Tugev l\u00f5hn kestab v\u00e4rskena kuni 6-8 kuud.\" \/>\n<meta property=\"og:url\" content=\"https:\/\/horticom.ee\/e-pood\/toode\/riidekoid-peletavad-seedripuust-rongad-zero-in-10tk-pakis\/\" \/>\n<meta property=\"og:site_name\" content=\"Horticom.ee\" \/>\n<meta property=\"article:publisher\" content=\"https:\/\/www.facebook.com\/horticom.ee\/e-pood\" \/>\n<meta property=\"article:modified_time\" content=\"2026-05-14T00:07:57+00:00\" \/>\n<meta property=\"og:image\" content=\"https:\/\/horticom.ee\/e-pood\/wp-content\/uploads\/importedmedia\/product-155445_0-ZER035.jpg\" \/>\n\t<meta property=\"og:image:width\" content=\"1000\" \/>\n\t<meta property=\"og:image:height\" content=\"1162\" \/>\n\t<meta property=\"og:image:type\" content=\"image\/jpeg\" \/>\n<meta name=\"twitter:card\" content=\"summary_large_image\" \/>\n<script type=\"application\/ld+json\" class=\"yoast-schema-graph\">{\"@context\":\"https:\/\/schema.org\",\"@graph\":[{\"@type\":\"WebPage\",\"@id\":\"https:\/\/horticom.ee\/e-pood\/toode\/riidekoid-peletavad-seedripuust-rongad-zero-in-10tk-pakis\/\",\"url\":\"https:\/\/horticom.ee\/e-pood\/toode\/riidekoid-peletavad-seedripuust-rongad-zero-in-10tk-pakis\/\",\"name\":\"Riidekoid peletavad seedripuust r\u00f5ngad Zero In 10tk\/pakis\",\"isPartOf\":{\"@id\":\"https:\/\/horticom.ee\/e-pood\/#website\"},\"primaryImageOfPage\":{\"@id\":\"https:\/\/horticom.ee\/e-pood\/toode\/riidekoid-peletavad-seedripuust-rongad-zero-in-10tk-pakis\/#primaryimage\"},\"image\":{\"@id\":\"https:\/\/horticom.ee\/e-pood\/toode\/riidekoid-peletavad-seedripuust-rongad-zero-in-10tk-pakis\/#primaryimage\"},\"thumbnailUrl\":\"https:\/\/horticom.ee\/e-pood\/wp-content\/uploads\/importedmedia\/product-155445_0-ZER035.jpg\",\"datePublished\":\"2022-01-17T22:14:34+00:00\",\"dateModified\":\"2026-05-14T00:07:57+00:00\",\"description\":\"Seedrist r\u00f5ngad \u2013 Seedripuust r\u00f5ngad peletavad koid ja hoiavad \u00e4ra kopitushaisu. Tugev l\u00f5hn kestab v\u00e4rskena kuni 6-8 kuud.\",\"breadcrumb\":{\"@id\":\"https:\/\/horticom.ee\/e-pood\/toode\/riidekoid-peletavad-seedripuust-rongad-zero-in-10tk-pakis\/#breadcrumb\"},\"inLanguage\":\"ru-RU\",\"potentialAction\":[{\"@type\":\"ReadAction\",\"target\":[\"https:\/\/horticom.ee\/e-pood\/toode\/riidekoid-peletavad-seedripuust-rongad-zero-in-10tk-pakis\/\"]}]},{\"@type\":\"ImageObject\",\"inLanguage\":\"ru-RU\",\"@id\":\"https:\/\/horticom.ee\/e-pood\/toode\/riidekoid-peletavad-seedripuust-rongad-zero-in-10tk-pakis\/#primaryimage\",\"url\":\"https:\/\/horticom.ee\/e-pood\/wp-content\/uploads\/importedmedia\/product-155445_0-ZER035.jpg\",\"contentUrl\":\"https:\/\/horticom.ee\/e-pood\/wp-content\/uploads\/importedmedia\/product-155445_0-ZER035.jpg\",\"width\":1000,\"height\":1162,\"caption\":\"Riidekoid peletavad seedripuust r\u00f5ngad Zero In 10tk\/pakis\"},{\"@type\":\"BreadcrumbList\",\"@id\":\"https:\/\/horticom.ee\/e-pood\/toode\/riidekoid-peletavad-seedripuust-rongad-zero-in-10tk-pakis\/#breadcrumb\",\"itemListElement\":[{\"@type\":\"ListItem\",\"position\":1,\"name\":\"Home\",\"item\":\"https:\/\/horticom.ee\/e-pood\/\"},{\"@type\":\"ListItem\",\"position\":2,\"name\":\"Pood\",\"item\":\"https:\/\/horticom.ee\/e-pood\/pood\/\"},{\"@type\":\"ListItem\",\"position\":3,\"name\":\"Riidekoid peletavad seedripuust r\u00f5ngad Zero In 10tk\/pakis\"}]},{\"@type\":\"WebSite\",\"@id\":\"https:\/\/horticom.ee\/e-pood\/#website\",\"url\":\"https:\/\/horticom.ee\/e-pood\/\",\"name\":\"Horticom.ee\",\"description\":\"Aianduskaubad ja kodukaubad nii harrastajatele kui professionaalidele\",\"potentialAction\":[{\"@type\":\"SearchAction\",\"target\":{\"@type\":\"EntryPoint\",\"urlTemplate\":\"https:\/\/horticom.ee\/e-pood\/?s={search_term_string}\"},\"query-input\":{\"@type\":\"PropertyValueSpecification\",\"valueRequired\":true,\"valueName\":\"search_term_string\"}}],\"inLanguage\":\"ru-RU\"}]}<\/script>\n<!-- \/ Yoast SEO plugin. -->","yoast_head_json":{"title":"Riidekoid peletavad seedripuust r\u00f5ngad Zero In 10tk\/pakis","description":"Seedrist r\u00f5ngad \u2013 Seedripuust r\u00f5ngad peletavad koid ja hoiavad \u00e4ra kopitushaisu. Tugev l\u00f5hn kestab v\u00e4rskena kuni 6-8 kuud.","robots":{"index":"index","follow":"follow","max-snippet":"max-snippet:-1","max-image-preview":"max-image-preview:large","max-video-preview":"max-video-preview:-1"},"canonical":"https:\/\/horticom.ee\/e-pood\/toode\/riidekoid-peletavad-seedripuust-rongad-zero-in-10tk-pakis\/","og_locale":"ru_RU","og_type":"article","og_title":"Riidekoid peletavad seedripuust r\u00f5ngad Zero In 10tk\/pakis","og_description":"Seedrist r\u00f5ngad \u2013 Seedripuust r\u00f5ngad peletavad koid ja hoiavad \u00e4ra kopitushaisu. Tugev l\u00f5hn kestab v\u00e4rskena kuni 6-8 kuud.","og_url":"https:\/\/horticom.ee\/e-pood\/toode\/riidekoid-peletavad-seedripuust-rongad-zero-in-10tk-pakis\/","og_site_name":"Horticom.ee","article_publisher":"https:\/\/www.facebook.com\/horticom.ee\/e-pood","article_modified_time":"2026-05-14T00:07:57+00:00","og_image":[{"width":1000,"height":1162,"url":"https:\/\/horticom.ee\/e-pood\/wp-content\/uploads\/importedmedia\/product-155445_0-ZER035.jpg","type":"image\/jpeg"}],"twitter_card":"summary_large_image","schema":{"@context":"https:\/\/schema.org","@graph":[{"@type":"WebPage","@id":"https:\/\/horticom.ee\/e-pood\/toode\/riidekoid-peletavad-seedripuust-rongad-zero-in-10tk-pakis\/","url":"https:\/\/horticom.ee\/e-pood\/toode\/riidekoid-peletavad-seedripuust-rongad-zero-in-10tk-pakis\/","name":"Riidekoid peletavad seedripuust r\u00f5ngad Zero In 10tk\/pakis","isPartOf":{"@id":"https:\/\/horticom.ee\/e-pood\/#website"},"primaryImageOfPage":{"@id":"https:\/\/horticom.ee\/e-pood\/toode\/riidekoid-peletavad-seedripuust-rongad-zero-in-10tk-pakis\/#primaryimage"},"image":{"@id":"https:\/\/horticom.ee\/e-pood\/toode\/riidekoid-peletavad-seedripuust-rongad-zero-in-10tk-pakis\/#primaryimage"},"thumbnailUrl":"https:\/\/horticom.ee\/e-pood\/wp-content\/uploads\/importedmedia\/product-155445_0-ZER035.jpg","datePublished":"2022-01-17T22:14:34+00:00","dateModified":"2026-05-14T00:07:57+00:00","description":"Seedrist r\u00f5ngad \u2013 Seedripuust r\u00f5ngad peletavad koid ja hoiavad \u00e4ra kopitushaisu. Tugev l\u00f5hn kestab v\u00e4rskena kuni 6-8 kuud.","breadcrumb":{"@id":"https:\/\/horticom.ee\/e-pood\/toode\/riidekoid-peletavad-seedripuust-rongad-zero-in-10tk-pakis\/#breadcrumb"},"inLanguage":"ru-RU","potentialAction":[{"@type":"ReadAction","target":["https:\/\/horticom.ee\/e-pood\/toode\/riidekoid-peletavad-seedripuust-rongad-zero-in-10tk-pakis\/"]}]},{"@type":"ImageObject","inLanguage":"ru-RU","@id":"https:\/\/horticom.ee\/e-pood\/toode\/riidekoid-peletavad-seedripuust-rongad-zero-in-10tk-pakis\/#primaryimage","url":"https:\/\/horticom.ee\/e-pood\/wp-content\/uploads\/importedmedia\/product-155445_0-ZER035.jpg","contentUrl":"https:\/\/horticom.ee\/e-pood\/wp-content\/uploads\/importedmedia\/product-155445_0-ZER035.jpg","width":1000,"height":1162,"caption":"Riidekoid peletavad seedripuust r\u00f5ngad Zero In 10tk\/pakis"},{"@type":"BreadcrumbList","@id":"https:\/\/horticom.ee\/e-pood\/toode\/riidekoid-peletavad-seedripuust-rongad-zero-in-10tk-pakis\/#breadcrumb","itemListElement":[{"@type":"ListItem","position":1,"name":"Home","item":"https:\/\/horticom.ee\/e-pood\/"},{"@type":"ListItem","position":2,"name":"Pood","item":"https:\/\/horticom.ee\/e-pood\/pood\/"},{"@type":"ListItem","position":3,"name":"Riidekoid peletavad seedripuust r\u00f5ngad Zero In 10tk\/pakis"}]},{"@type":"WebSite","@id":"https:\/\/horticom.ee\/e-pood\/#website","url":"https:\/\/horticom.ee\/e-pood\/","name":"Horticom.ee","description":"Aianduskaubad ja kodukaubad nii harrastajatele kui professionaalidele","potentialAction":[{"@type":"SearchAction","target":{"@type":"EntryPoint","urlTemplate":"https:\/\/horticom.ee\/e-pood\/?s={search_term_string}"},"query-input":{"@type":"PropertyValueSpecification","valueRequired":true,"valueName":"search_term_string"}}],"inLanguage":"ru-RU"}]}},"_links":{"self":[{"href":"https:\/\/horticom.ee\/e-pood\/ru\/wp-json\/wp\/v2\/product\/155445","targetHints":{"allow":["GET"]}}],"collection":[{"href":"https:\/\/horticom.ee\/e-pood\/ru\/wp-json\/wp\/v2\/product"}],"about":[{"href":"https:\/\/horticom.ee\/e-pood\/ru\/wp-json\/wp\/v2\/types\/product"}],"replies":[{"embeddable":true,"href":"https:\/\/horticom.ee\/e-pood\/ru\/wp-json\/wp\/v2\/comments?post=155445"}],"wp:featuredmedia":[{"embeddable":true,"href":"https:\/\/horticom.ee\/e-pood\/ru\/wp-json\/wp\/v2\/media\/157598"}],"wp:attachment":[{"href":"https:\/\/horticom.ee\/e-pood\/ru\/wp-json\/wp\/v2\/media?parent=155445"}],"wp:term":[{"taxonomy":"product_cat","embeddable":true,"href":"https:\/\/horticom.ee\/e-pood\/ru\/wp-json\/wp\/v2\/product_cat?post=155445"},{"taxonomy":"product_tag","embeddable":true,"href":"https:\/\/horticom.ee\/e-pood\/ru\/wp-json\/wp\/v2\/product_tag?post=155445"}],"curies":[{"name":"wp","href":"https:\/\/api.w.org\/{rel}","templated":true}]}}