{"id":155476,"date":"2022-01-18T00:14:51","date_gmt":"2022-01-17T22:14:51","guid":{"rendered":"https:\/\/aednik24.ee\/toode\/toidukoi-feromoonpuunis-arox-2tk-pakis\/"},"modified":"2026-04-20T03:14:35","modified_gmt":"2026-04-20T00:14:35","slug":"toidukoi-feromoonpuunis-arox-2tk-pakis","status":"publish","type":"product","link":"https:\/\/horticom.ee\/e-pood\/ru\/toode\/toidukoi-feromoonpuunis-arox-2tk-pakis\/","title":{"rendered":"Toidukoi feromoonp\u00fc\u00fcnis Arox 2tk\/pakis"},"content":{"rendered":"<p>M\u00f5eldud toidukoide t\u00f5rjeks, mis on seestpoolt kaetud kleepuva ainega. M\u00f5eldud putukate seireks, nende p\u00fc\u00fcdmiseks ruumides, kus hoitakse toiduaineid. Toode ei sisalda insektitsiide, t\u00e4nu millele v\u00f5ib seda kasutada vahetult selliste toiduainete s\u00e4ilituskohtades nagu pudrud, jahu, makaronid, kakao, \u0161okolaad, viljakohv, kuivatatud puuviljad jms. T\u00e4nu lisatud feromoonile t\u00f5mbab p\u00fc\u00fcnis putukaid t\u00f5husalt ligi.<\/p>\n","protected":false},"excerpt":{"rendered":"<p>M\u00f5eldud toidukoide t\u00f5rjeks, mis on seestpoolt kaetud kleepuva ainega. M\u00f5eldud putukate seireks, nende p\u00fc\u00fcdmiseks ruumides, kus hoitakse toiduaineid. Toode ei sisalda insektitsiide, t\u00e4nu millele v\u00f5ib seda kasutada vahetult selliste toiduainete s\u00e4ilituskohtades nagu pudrud, jahu, makaronid, kakao, \u0161okolaad, viljakohv, kuivatatud puuviljad jms. T\u00e4nu lisatud feromoonile t\u00f5mbab p\u00fc\u00fcnis putukaid t\u00f5husalt ligi.<\/p>\n","protected":false},"featured_media":157528,"comment_status":"closed","ping_status":"closed","template":"","meta":{"_themeisle_gutenberg_block_has_review":false},"product_cat":[18342,13603],"product_tag":[],"class_list":{"0":"post-155476","1":"product","2":"type-product","3":"status-publish","4":"has-post-thumbnail","6":"product_cat-feromoonpuunised","7":"product_cat-koid","9":"first","10":"outofstock","11":"shipping-taxable","12":"purchasable","13":"product-type-simple"},"yoast_head":"<!-- This site is optimized with the Yoast SEO plugin v24.0 - https:\/\/yoast.com\/wordpress\/plugins\/seo\/ -->\n<title>Toidukoi feromoonp\u00fc\u00fcnis Arox 2tk\/pakis - Horticom.ee<\/title>\n<meta name=\"description\" content=\"Toidukoide p\u00fc\u00fcnis kleepainega on t\u00f5hus lahendus toidukoide seireks ja p\u00fc\u00fcdmiseks toiduainete hoiuruumides. Feromoonid t\u00f5mbavad putukaid t\u00f5husalt ligi.\" \/>\n<meta name=\"robots\" content=\"index, follow, max-snippet:-1, max-image-preview:large, max-video-preview:-1\" \/>\n<link rel=\"canonical\" href=\"https:\/\/horticom.ee\/e-pood\/toode\/toidukoi-feromoonpuunis-arox-2tk-pakis\/\" \/>\n<meta property=\"og:locale\" content=\"ru_RU\" \/>\n<meta property=\"og:type\" content=\"article\" \/>\n<meta property=\"og:title\" content=\"Toidukoi feromoonp\u00fc\u00fcnis Arox 2tk\/pakis - Horticom.ee\" \/>\n<meta property=\"og:description\" content=\"Toidukoide p\u00fc\u00fcnis kleepainega on t\u00f5hus lahendus toidukoide seireks ja p\u00fc\u00fcdmiseks toiduainete hoiuruumides. Feromoonid t\u00f5mbavad putukaid t\u00f5husalt ligi.\" \/>\n<meta property=\"og:url\" content=\"https:\/\/horticom.ee\/e-pood\/toode\/toidukoi-feromoonpuunis-arox-2tk-pakis\/\" \/>\n<meta property=\"og:site_name\" content=\"Horticom.ee\" \/>\n<meta property=\"article:publisher\" content=\"https:\/\/www.facebook.com\/horticom.ee\/e-pood\" \/>\n<meta property=\"article:modified_time\" content=\"2026-04-20T00:14:35+00:00\" \/>\n<meta property=\"og:image\" content=\"https:\/\/horticom.ee\/e-pood\/wp-content\/uploads\/importedmedia\/product-155476_0-P0616.jpg\" \/>\n\t<meta property=\"og:image:width\" content=\"999\" \/>\n\t<meta property=\"og:image:height\" content=\"1445\" \/>\n\t<meta property=\"og:image:type\" content=\"image\/jpeg\" \/>\n<meta name=\"twitter:card\" content=\"summary_large_image\" \/>\n<script type=\"application\/ld+json\" class=\"yoast-schema-graph\">{\"@context\":\"https:\/\/schema.org\",\"@graph\":[{\"@type\":\"WebPage\",\"@id\":\"https:\/\/horticom.ee\/e-pood\/toode\/toidukoi-feromoonpuunis-arox-2tk-pakis\/\",\"url\":\"https:\/\/horticom.ee\/e-pood\/toode\/toidukoi-feromoonpuunis-arox-2tk-pakis\/\",\"name\":\"Toidukoi feromoonp\u00fc\u00fcnis Arox 2tk\/pakis - Horticom.ee\",\"isPartOf\":{\"@id\":\"https:\/\/horticom.ee\/e-pood\/#website\"},\"primaryImageOfPage\":{\"@id\":\"https:\/\/horticom.ee\/e-pood\/toode\/toidukoi-feromoonpuunis-arox-2tk-pakis\/#primaryimage\"},\"image\":{\"@id\":\"https:\/\/horticom.ee\/e-pood\/toode\/toidukoi-feromoonpuunis-arox-2tk-pakis\/#primaryimage\"},\"thumbnailUrl\":\"https:\/\/horticom.ee\/e-pood\/wp-content\/uploads\/importedmedia\/product-155476_0-P0616.jpg\",\"datePublished\":\"2022-01-17T22:14:51+00:00\",\"dateModified\":\"2026-04-20T00:14:35+00:00\",\"description\":\"Toidukoide p\u00fc\u00fcnis kleepainega on t\u00f5hus lahendus toidukoide seireks ja p\u00fc\u00fcdmiseks toiduainete hoiuruumides. Feromoonid t\u00f5mbavad putukaid t\u00f5husalt ligi.\",\"breadcrumb\":{\"@id\":\"https:\/\/horticom.ee\/e-pood\/toode\/toidukoi-feromoonpuunis-arox-2tk-pakis\/#breadcrumb\"},\"inLanguage\":\"ru-RU\",\"potentialAction\":[{\"@type\":\"ReadAction\",\"target\":[\"https:\/\/horticom.ee\/e-pood\/toode\/toidukoi-feromoonpuunis-arox-2tk-pakis\/\"]}]},{\"@type\":\"ImageObject\",\"inLanguage\":\"ru-RU\",\"@id\":\"https:\/\/horticom.ee\/e-pood\/toode\/toidukoi-feromoonpuunis-arox-2tk-pakis\/#primaryimage\",\"url\":\"https:\/\/horticom.ee\/e-pood\/wp-content\/uploads\/importedmedia\/product-155476_0-P0616.jpg\",\"contentUrl\":\"https:\/\/horticom.ee\/e-pood\/wp-content\/uploads\/importedmedia\/product-155476_0-P0616.jpg\",\"width\":999,\"height\":1445,\"caption\":\"Toidukoi feromoonp\u00fc\u00fcnis Arox 2tk\/pakis\"},{\"@type\":\"BreadcrumbList\",\"@id\":\"https:\/\/horticom.ee\/e-pood\/toode\/toidukoi-feromoonpuunis-arox-2tk-pakis\/#breadcrumb\",\"itemListElement\":[{\"@type\":\"ListItem\",\"position\":1,\"name\":\"Home\",\"item\":\"https:\/\/horticom.ee\/e-pood\/\"},{\"@type\":\"ListItem\",\"position\":2,\"name\":\"Pood\",\"item\":\"https:\/\/horticom.ee\/e-pood\/pood\/\"},{\"@type\":\"ListItem\",\"position\":3,\"name\":\"Toidukoi feromoonp\u00fc\u00fcnis Arox 2tk\/pakis\"}]},{\"@type\":\"WebSite\",\"@id\":\"https:\/\/horticom.ee\/e-pood\/#website\",\"url\":\"https:\/\/horticom.ee\/e-pood\/\",\"name\":\"Horticom.ee\",\"description\":\"Aianduskaubad ja kodukaubad nii harrastajatele kui professionaalidele\",\"potentialAction\":[{\"@type\":\"SearchAction\",\"target\":{\"@type\":\"EntryPoint\",\"urlTemplate\":\"https:\/\/horticom.ee\/e-pood\/?s={search_term_string}\"},\"query-input\":{\"@type\":\"PropertyValueSpecification\",\"valueRequired\":true,\"valueName\":\"search_term_string\"}}],\"inLanguage\":\"ru-RU\"}]}<\/script>\n<!-- \/ Yoast SEO plugin. -->","yoast_head_json":{"title":"Toidukoi feromoonp\u00fc\u00fcnis Arox 2tk\/pakis - Horticom.ee","description":"Toidukoide p\u00fc\u00fcnis kleepainega on t\u00f5hus lahendus toidukoide seireks ja p\u00fc\u00fcdmiseks toiduainete hoiuruumides. Feromoonid t\u00f5mbavad putukaid t\u00f5husalt ligi.","robots":{"index":"index","follow":"follow","max-snippet":"max-snippet:-1","max-image-preview":"max-image-preview:large","max-video-preview":"max-video-preview:-1"},"canonical":"https:\/\/horticom.ee\/e-pood\/toode\/toidukoi-feromoonpuunis-arox-2tk-pakis\/","og_locale":"ru_RU","og_type":"article","og_title":"Toidukoi feromoonp\u00fc\u00fcnis Arox 2tk\/pakis - Horticom.ee","og_description":"Toidukoide p\u00fc\u00fcnis kleepainega on t\u00f5hus lahendus toidukoide seireks ja p\u00fc\u00fcdmiseks toiduainete hoiuruumides. Feromoonid t\u00f5mbavad putukaid t\u00f5husalt ligi.","og_url":"https:\/\/horticom.ee\/e-pood\/toode\/toidukoi-feromoonpuunis-arox-2tk-pakis\/","og_site_name":"Horticom.ee","article_publisher":"https:\/\/www.facebook.com\/horticom.ee\/e-pood","article_modified_time":"2026-04-20T00:14:35+00:00","og_image":[{"width":999,"height":1445,"url":"https:\/\/horticom.ee\/e-pood\/wp-content\/uploads\/importedmedia\/product-155476_0-P0616.jpg","type":"image\/jpeg"}],"twitter_card":"summary_large_image","schema":{"@context":"https:\/\/schema.org","@graph":[{"@type":"WebPage","@id":"https:\/\/horticom.ee\/e-pood\/toode\/toidukoi-feromoonpuunis-arox-2tk-pakis\/","url":"https:\/\/horticom.ee\/e-pood\/toode\/toidukoi-feromoonpuunis-arox-2tk-pakis\/","name":"Toidukoi feromoonp\u00fc\u00fcnis Arox 2tk\/pakis - Horticom.ee","isPartOf":{"@id":"https:\/\/horticom.ee\/e-pood\/#website"},"primaryImageOfPage":{"@id":"https:\/\/horticom.ee\/e-pood\/toode\/toidukoi-feromoonpuunis-arox-2tk-pakis\/#primaryimage"},"image":{"@id":"https:\/\/horticom.ee\/e-pood\/toode\/toidukoi-feromoonpuunis-arox-2tk-pakis\/#primaryimage"},"thumbnailUrl":"https:\/\/horticom.ee\/e-pood\/wp-content\/uploads\/importedmedia\/product-155476_0-P0616.jpg","datePublished":"2022-01-17T22:14:51+00:00","dateModified":"2026-04-20T00:14:35+00:00","description":"Toidukoide p\u00fc\u00fcnis kleepainega on t\u00f5hus lahendus toidukoide seireks ja p\u00fc\u00fcdmiseks toiduainete hoiuruumides. Feromoonid t\u00f5mbavad putukaid t\u00f5husalt ligi.","breadcrumb":{"@id":"https:\/\/horticom.ee\/e-pood\/toode\/toidukoi-feromoonpuunis-arox-2tk-pakis\/#breadcrumb"},"inLanguage":"ru-RU","potentialAction":[{"@type":"ReadAction","target":["https:\/\/horticom.ee\/e-pood\/toode\/toidukoi-feromoonpuunis-arox-2tk-pakis\/"]}]},{"@type":"ImageObject","inLanguage":"ru-RU","@id":"https:\/\/horticom.ee\/e-pood\/toode\/toidukoi-feromoonpuunis-arox-2tk-pakis\/#primaryimage","url":"https:\/\/horticom.ee\/e-pood\/wp-content\/uploads\/importedmedia\/product-155476_0-P0616.jpg","contentUrl":"https:\/\/horticom.ee\/e-pood\/wp-content\/uploads\/importedmedia\/product-155476_0-P0616.jpg","width":999,"height":1445,"caption":"Toidukoi feromoonp\u00fc\u00fcnis Arox 2tk\/pakis"},{"@type":"BreadcrumbList","@id":"https:\/\/horticom.ee\/e-pood\/toode\/toidukoi-feromoonpuunis-arox-2tk-pakis\/#breadcrumb","itemListElement":[{"@type":"ListItem","position":1,"name":"Home","item":"https:\/\/horticom.ee\/e-pood\/"},{"@type":"ListItem","position":2,"name":"Pood","item":"https:\/\/horticom.ee\/e-pood\/pood\/"},{"@type":"ListItem","position":3,"name":"Toidukoi feromoonp\u00fc\u00fcnis Arox 2tk\/pakis"}]},{"@type":"WebSite","@id":"https:\/\/horticom.ee\/e-pood\/#website","url":"https:\/\/horticom.ee\/e-pood\/","name":"Horticom.ee","description":"Aianduskaubad ja kodukaubad nii harrastajatele kui professionaalidele","potentialAction":[{"@type":"SearchAction","target":{"@type":"EntryPoint","urlTemplate":"https:\/\/horticom.ee\/e-pood\/?s={search_term_string}"},"query-input":{"@type":"PropertyValueSpecification","valueRequired":true,"valueName":"search_term_string"}}],"inLanguage":"ru-RU"}]}},"_links":{"self":[{"href":"https:\/\/horticom.ee\/e-pood\/ru\/wp-json\/wp\/v2\/product\/155476","targetHints":{"allow":["GET"]}}],"collection":[{"href":"https:\/\/horticom.ee\/e-pood\/ru\/wp-json\/wp\/v2\/product"}],"about":[{"href":"https:\/\/horticom.ee\/e-pood\/ru\/wp-json\/wp\/v2\/types\/product"}],"replies":[{"embeddable":true,"href":"https:\/\/horticom.ee\/e-pood\/ru\/wp-json\/wp\/v2\/comments?post=155476"}],"wp:featuredmedia":[{"embeddable":true,"href":"https:\/\/horticom.ee\/e-pood\/ru\/wp-json\/wp\/v2\/media\/157528"}],"wp:attachment":[{"href":"https:\/\/horticom.ee\/e-pood\/ru\/wp-json\/wp\/v2\/media?parent=155476"}],"wp:term":[{"taxonomy":"product_cat","embeddable":true,"href":"https:\/\/horticom.ee\/e-pood\/ru\/wp-json\/wp\/v2\/product_cat?post=155476"},{"taxonomy":"product_tag","embeddable":true,"href":"https:\/\/horticom.ee\/e-pood\/ru\/wp-json\/wp\/v2\/product_tag?post=155476"}],"curies":[{"name":"wp","href":"https:\/\/api.w.org\/{rel}","templated":true}]}}