{"id":155479,"date":"2022-01-18T00:14:54","date_gmt":"2022-01-17T22:14:54","guid":{"rendered":"https:\/\/aednik24.ee\/toode\/tomati-ja-paprikavaetis-horticom-750g\/"},"modified":"2025-05-13T13:04:27","modified_gmt":"2025-05-13T10:04:27","slug":"tomati-ja-paprikavaetis-horticom-750g","status":"publish","type":"product","link":"https:\/\/horticom.ee\/e-pood\/ru\/toode\/tomati-ja-paprikavaetis-horticom-750g\/","title":{"rendered":"Tomati- ja paprikav\u00e4etis Horticom 750g"},"content":{"rendered":"<p>Spetsiaalne granuleeritud kompleksv\u00e4etis, mis sisaldab toitaineid just sellises koguses ja koostises, mis vastavad tomatite ja paprikate toitevajadustele. V\u00e4etades on taimed tugevad, vastupidavamad taimede haigustele ja halbadele ilmastikuoludele. Viljad muutuvad aromaatsemateks ning v\u00e4rvus erksamaks.<\/p>\n","protected":false},"excerpt":{"rendered":"<p>Spetsiaalne granuleeritud kompleksv\u00e4etis, mis sisaldab toitaineid just sellises koguses ja koostises, mis vastavad tomatite ja paprikate toitevajadustele. V\u00e4etades on taimed tugevad, vastupidavamad taimede haigustele ja halbadele ilmastikuoludele. Viljad muutuvad aromaatsemateks ning v\u00e4rvus erksamaks.<\/p>\n","protected":false},"featured_media":2379200,"comment_status":"closed","ping_status":"closed","template":"","meta":{"_themeisle_gutenberg_block_has_review":false},"product_cat":[16965],"product_tag":[],"class_list":{"0":"post-155479","1":"product","2":"type-product","3":"status-publish","4":"has-post-thumbnail","6":"product_cat-koogiviljadele-ja-maitsetaimedele","8":"first","9":"outofstock","10":"sale","11":"shipping-taxable","12":"purchasable","13":"product-type-simple"},"yoast_head":"<!-- This site is optimized with the Yoast SEO plugin v24.0 - https:\/\/yoast.com\/wordpress\/plugins\/seo\/ -->\n<title>Tomati- ja paprikav\u00e4etis Horticom 750g - Horticom<\/title>\n<meta name=\"robots\" content=\"index, follow, max-snippet:-1, max-image-preview:large, max-video-preview:-1\" \/>\n<link rel=\"canonical\" href=\"https:\/\/horticom.ee\/e-pood\/toode\/tomati-ja-paprikavaetis-horticom-750g\/\" \/>\n<meta property=\"og:locale\" content=\"ru_RU\" \/>\n<meta property=\"og:type\" content=\"article\" \/>\n<meta property=\"og:title\" content=\"Tomati- ja paprikav\u00e4etis Horticom 750g - Horticom\" \/>\n<meta property=\"og:description\" content=\"Spetsiaalne granuleeritud kompleksv\u00e4etis, mis sisaldab toitaineid just sellises koguses ja koostises, mis vastavad tomatite ja paprikate toitevajadustele. V\u00e4etades on taimed tugevad, vastupidavamad taimede haigustele ja halbadele ilmastikuoludele. Viljad muutuvad aromaatsemateks ning v\u00e4rvus erksamaks.\" \/>\n<meta property=\"og:url\" content=\"https:\/\/horticom.ee\/e-pood\/toode\/tomati-ja-paprikavaetis-horticom-750g\/\" \/>\n<meta property=\"og:site_name\" content=\"Horticom.ee\" \/>\n<meta property=\"article:publisher\" content=\"https:\/\/www.facebook.com\/horticom.ee\/e-pood\" \/>\n<meta property=\"article:modified_time\" content=\"2025-05-13T10:04:27+00:00\" \/>\n<meta property=\"og:image\" content=\"https:\/\/horticom.ee\/e-pood\/wp-content\/uploads\/importedmedia\/product-155479_0-6700052.jpg\" \/>\n\t<meta property=\"og:image:width\" content=\"1000\" \/>\n\t<meta property=\"og:image:height\" content=\"1000\" \/>\n\t<meta property=\"og:image:type\" content=\"image\/jpeg\" \/>\n<meta name=\"twitter:card\" content=\"summary_large_image\" \/>\n<script type=\"application\/ld+json\" class=\"yoast-schema-graph\">{\"@context\":\"https:\/\/schema.org\",\"@graph\":[{\"@type\":\"WebPage\",\"@id\":\"https:\/\/horticom.ee\/e-pood\/toode\/tomati-ja-paprikavaetis-horticom-750g\/\",\"url\":\"https:\/\/horticom.ee\/e-pood\/toode\/tomati-ja-paprikavaetis-horticom-750g\/\",\"name\":\"Tomati- ja paprikav\u00e4etis Horticom 750g - Horticom\",\"isPartOf\":{\"@id\":\"https:\/\/horticom.ee\/e-pood\/#website\"},\"primaryImageOfPage\":{\"@id\":\"https:\/\/horticom.ee\/e-pood\/toode\/tomati-ja-paprikavaetis-horticom-750g\/#primaryimage\"},\"image\":{\"@id\":\"https:\/\/horticom.ee\/e-pood\/toode\/tomati-ja-paprikavaetis-horticom-750g\/#primaryimage\"},\"thumbnailUrl\":\"https:\/\/horticom.ee\/e-pood\/wp-content\/uploads\/importedmedia\/product-155479_0-6700052.jpg\",\"datePublished\":\"2022-01-17T22:14:54+00:00\",\"dateModified\":\"2025-05-13T10:04:27+00:00\",\"breadcrumb\":{\"@id\":\"https:\/\/horticom.ee\/e-pood\/toode\/tomati-ja-paprikavaetis-horticom-750g\/#breadcrumb\"},\"inLanguage\":\"ru-RU\",\"potentialAction\":[{\"@type\":\"ReadAction\",\"target\":[\"https:\/\/horticom.ee\/e-pood\/toode\/tomati-ja-paprikavaetis-horticom-750g\/\"]}]},{\"@type\":\"ImageObject\",\"inLanguage\":\"ru-RU\",\"@id\":\"https:\/\/horticom.ee\/e-pood\/toode\/tomati-ja-paprikavaetis-horticom-750g\/#primaryimage\",\"url\":\"https:\/\/horticom.ee\/e-pood\/wp-content\/uploads\/importedmedia\/product-155479_0-6700052.jpg\",\"contentUrl\":\"https:\/\/horticom.ee\/e-pood\/wp-content\/uploads\/importedmedia\/product-155479_0-6700052.jpg\",\"width\":1000,\"height\":1000},{\"@type\":\"BreadcrumbList\",\"@id\":\"https:\/\/horticom.ee\/e-pood\/toode\/tomati-ja-paprikavaetis-horticom-750g\/#breadcrumb\",\"itemListElement\":[{\"@type\":\"ListItem\",\"position\":1,\"name\":\"Home\",\"item\":\"https:\/\/horticom.ee\/e-pood\/\"},{\"@type\":\"ListItem\",\"position\":2,\"name\":\"Pood\",\"item\":\"https:\/\/horticom.ee\/e-pood\/pood\/\"},{\"@type\":\"ListItem\",\"position\":3,\"name\":\"Tomati- ja paprikav\u00e4etis Horticom 750g\"}]},{\"@type\":\"WebSite\",\"@id\":\"https:\/\/horticom.ee\/e-pood\/#website\",\"url\":\"https:\/\/horticom.ee\/e-pood\/\",\"name\":\"Horticom.ee\",\"description\":\"Aianduskaubad ja kodukaubad nii harrastajatele kui professionaalidele\",\"potentialAction\":[{\"@type\":\"SearchAction\",\"target\":{\"@type\":\"EntryPoint\",\"urlTemplate\":\"https:\/\/horticom.ee\/e-pood\/?s={search_term_string}\"},\"query-input\":{\"@type\":\"PropertyValueSpecification\",\"valueRequired\":true,\"valueName\":\"search_term_string\"}}],\"inLanguage\":\"ru-RU\"}]}<\/script>\n<!-- \/ Yoast SEO plugin. -->","yoast_head_json":{"title":"Tomati- ja paprikav\u00e4etis Horticom 750g - Horticom","robots":{"index":"index","follow":"follow","max-snippet":"max-snippet:-1","max-image-preview":"max-image-preview:large","max-video-preview":"max-video-preview:-1"},"canonical":"https:\/\/horticom.ee\/e-pood\/toode\/tomati-ja-paprikavaetis-horticom-750g\/","og_locale":"ru_RU","og_type":"article","og_title":"Tomati- ja paprikav\u00e4etis Horticom 750g - Horticom","og_description":"Spetsiaalne granuleeritud kompleksv\u00e4etis, mis sisaldab toitaineid just sellises koguses ja koostises, mis vastavad tomatite ja paprikate toitevajadustele. V\u00e4etades on taimed tugevad, vastupidavamad taimede haigustele ja halbadele ilmastikuoludele. Viljad muutuvad aromaatsemateks ning v\u00e4rvus erksamaks.","og_url":"https:\/\/horticom.ee\/e-pood\/toode\/tomati-ja-paprikavaetis-horticom-750g\/","og_site_name":"Horticom.ee","article_publisher":"https:\/\/www.facebook.com\/horticom.ee\/e-pood","article_modified_time":"2025-05-13T10:04:27+00:00","og_image":[{"width":1000,"height":1000,"url":"https:\/\/horticom.ee\/e-pood\/wp-content\/uploads\/importedmedia\/product-155479_0-6700052.jpg","type":"image\/jpeg"}],"twitter_card":"summary_large_image","schema":{"@context":"https:\/\/schema.org","@graph":[{"@type":"WebPage","@id":"https:\/\/horticom.ee\/e-pood\/toode\/tomati-ja-paprikavaetis-horticom-750g\/","url":"https:\/\/horticom.ee\/e-pood\/toode\/tomati-ja-paprikavaetis-horticom-750g\/","name":"Tomati- ja paprikav\u00e4etis Horticom 750g - Horticom","isPartOf":{"@id":"https:\/\/horticom.ee\/e-pood\/#website"},"primaryImageOfPage":{"@id":"https:\/\/horticom.ee\/e-pood\/toode\/tomati-ja-paprikavaetis-horticom-750g\/#primaryimage"},"image":{"@id":"https:\/\/horticom.ee\/e-pood\/toode\/tomati-ja-paprikavaetis-horticom-750g\/#primaryimage"},"thumbnailUrl":"https:\/\/horticom.ee\/e-pood\/wp-content\/uploads\/importedmedia\/product-155479_0-6700052.jpg","datePublished":"2022-01-17T22:14:54+00:00","dateModified":"2025-05-13T10:04:27+00:00","breadcrumb":{"@id":"https:\/\/horticom.ee\/e-pood\/toode\/tomati-ja-paprikavaetis-horticom-750g\/#breadcrumb"},"inLanguage":"ru-RU","potentialAction":[{"@type":"ReadAction","target":["https:\/\/horticom.ee\/e-pood\/toode\/tomati-ja-paprikavaetis-horticom-750g\/"]}]},{"@type":"ImageObject","inLanguage":"ru-RU","@id":"https:\/\/horticom.ee\/e-pood\/toode\/tomati-ja-paprikavaetis-horticom-750g\/#primaryimage","url":"https:\/\/horticom.ee\/e-pood\/wp-content\/uploads\/importedmedia\/product-155479_0-6700052.jpg","contentUrl":"https:\/\/horticom.ee\/e-pood\/wp-content\/uploads\/importedmedia\/product-155479_0-6700052.jpg","width":1000,"height":1000},{"@type":"BreadcrumbList","@id":"https:\/\/horticom.ee\/e-pood\/toode\/tomati-ja-paprikavaetis-horticom-750g\/#breadcrumb","itemListElement":[{"@type":"ListItem","position":1,"name":"Home","item":"https:\/\/horticom.ee\/e-pood\/"},{"@type":"ListItem","position":2,"name":"Pood","item":"https:\/\/horticom.ee\/e-pood\/pood\/"},{"@type":"ListItem","position":3,"name":"Tomati- ja paprikav\u00e4etis Horticom 750g"}]},{"@type":"WebSite","@id":"https:\/\/horticom.ee\/e-pood\/#website","url":"https:\/\/horticom.ee\/e-pood\/","name":"Horticom.ee","description":"Aianduskaubad ja kodukaubad nii harrastajatele kui professionaalidele","potentialAction":[{"@type":"SearchAction","target":{"@type":"EntryPoint","urlTemplate":"https:\/\/horticom.ee\/e-pood\/?s={search_term_string}"},"query-input":{"@type":"PropertyValueSpecification","valueRequired":true,"valueName":"search_term_string"}}],"inLanguage":"ru-RU"}]}},"_links":{"self":[{"href":"https:\/\/horticom.ee\/e-pood\/ru\/wp-json\/wp\/v2\/product\/155479","targetHints":{"allow":["GET"]}}],"collection":[{"href":"https:\/\/horticom.ee\/e-pood\/ru\/wp-json\/wp\/v2\/product"}],"about":[{"href":"https:\/\/horticom.ee\/e-pood\/ru\/wp-json\/wp\/v2\/types\/product"}],"replies":[{"embeddable":true,"href":"https:\/\/horticom.ee\/e-pood\/ru\/wp-json\/wp\/v2\/comments?post=155479"}],"wp:featuredmedia":[{"embeddable":true,"href":"https:\/\/horticom.ee\/e-pood\/ru\/wp-json\/wp\/v2\/media\/2379200"}],"wp:attachment":[{"href":"https:\/\/horticom.ee\/e-pood\/ru\/wp-json\/wp\/v2\/media?parent=155479"}],"wp:term":[{"taxonomy":"product_cat","embeddable":true,"href":"https:\/\/horticom.ee\/e-pood\/ru\/wp-json\/wp\/v2\/product_cat?post=155479"},{"taxonomy":"product_tag","embeddable":true,"href":"https:\/\/horticom.ee\/e-pood\/ru\/wp-json\/wp\/v2\/product_tag?post=155479"}],"curies":[{"name":"wp","href":"https:\/\/api.w.org\/{rel}","templated":true}]}}