{"id":155484,"date":"2022-01-18T00:14:56","date_gmt":"2022-01-17T22:14:56","guid":{"rendered":"https:\/\/aednik24.ee\/toode\/kummikud-lastele-axel-mesimumm-sp\/"},"modified":"2026-04-23T03:04:12","modified_gmt":"2026-04-23T00:04:12","slug":"kummikud-lastele-axel-mesimumm-sp","status":"publish","type":"product","link":"https:\/\/horticom.ee\/e-pood\/ru\/toode\/kummikud-lastele-axel-mesimumm-sp\/","title":{"rendered":"Kummikud lastele Axel mesimumm"},"content":{"rendered":"<p>Kummikud lastele Axel &#8211; Laste kummik sarjast Noore aedniku s\u00f5brad. Aiandus \u00f5petab sinu lapsi elu tundma ja hindama. Sarja l\u00e4bivaks teemaks on aiale kasulikud putukad ja linnud. Otsige samast sarjast Rostaing kindaid! Pilkup\u00fc\u00fcdva mesimummi pildiga! Puuvillast vooder on hingav ja mugav jalale.<\/p>\n","protected":false},"excerpt":{"rendered":"<p>Kummikud lastele Axel &#8211; Laste kummik sarjast Noore aedniku s\u00f5brad. Aiandus \u00f5petab sinu lapsi elu tundma ja hindama. Sarja l\u00e4bivaks teemaks on aiale kasulikud putukad ja linnud. Otsige samast sarjast Rostaing kindaid! Pilkup\u00fc\u00fcdva mesimummi pildiga! Puuvillast vooder on hingav ja mugav jalale.<\/p>\n","protected":false},"featured_media":2377138,"comment_status":"closed","ping_status":"closed","template":"","meta":{"_themeisle_gutenberg_block_has_review":false},"product_cat":[18563,13418],"product_tag":[],"class_list":{"0":"post-155484","1":"product","2":"type-product","3":"status-publish","4":"has-post-thumbnail","6":"product_cat-lopumuugitooted","7":"product_cat-jalanoud","9":"first","10":"outofstock","11":"sale","12":"shipping-taxable","13":"purchasable","14":"product-type-variable"},"yoast_head":"<!-- This site is optimized with the Yoast SEO plugin v24.0 - https:\/\/yoast.com\/wordpress\/plugins\/seo\/ -->\n<title>Kummikud lastele Axel S 26 mesimumm - Horticom.ee\/e-pood<\/title>\n<meta name=\"description\" content=\"Laste kummikud, mis kujundatud aiale kasulikud putukate ja lindude teemaliselt. Puuvillast vooder on hingav ja mugav jalale.\" \/>\n<meta name=\"robots\" content=\"index, follow, max-snippet:-1, max-image-preview:large, max-video-preview:-1\" \/>\n<link rel=\"canonical\" href=\"https:\/\/horticom.ee\/e-pood\/toode\/kummikud-lastele-axel-mesimumm-sp\/\" \/>\n<meta property=\"og:locale\" content=\"ru_RU\" \/>\n<meta property=\"og:type\" content=\"article\" \/>\n<meta property=\"og:title\" content=\"Kummikud lastele Axel S 26 mesimumm - Horticom.ee\/e-pood\" \/>\n<meta property=\"og:description\" content=\"Laste kummikud, mis kujundatud aiale kasulikud putukate ja lindude teemaliselt. Puuvillast vooder on hingav ja mugav jalale.\" \/>\n<meta property=\"og:url\" content=\"https:\/\/horticom.ee\/e-pood\/toode\/kummikud-lastele-axel-mesimumm-sp\/\" \/>\n<meta property=\"og:site_name\" content=\"Horticom.ee\" \/>\n<meta property=\"article:publisher\" content=\"https:\/\/www.facebook.com\/horticom.ee\/e-pood\" \/>\n<meta property=\"article:modified_time\" content=\"2026-04-23T00:04:12+00:00\" \/>\n<meta property=\"og:image\" content=\"https:\/\/horticom.ee\/e-pood\/wp-content\/uploads\/importedmedia\/product-155484_0-203RCLKAXEL.jpg\" \/>\n\t<meta property=\"og:image:width\" content=\"999\" \/>\n\t<meta property=\"og:image:height\" content=\"656\" \/>\n\t<meta property=\"og:image:type\" content=\"image\/jpeg\" \/>\n<meta name=\"twitter:card\" content=\"summary_large_image\" \/>\n<script type=\"application\/ld+json\" class=\"yoast-schema-graph\">{\"@context\":\"https:\/\/schema.org\",\"@graph\":[{\"@type\":\"WebPage\",\"@id\":\"https:\/\/horticom.ee\/e-pood\/toode\/kummikud-lastele-axel-mesimumm-sp\/\",\"url\":\"https:\/\/horticom.ee\/e-pood\/toode\/kummikud-lastele-axel-mesimumm-sp\/\",\"name\":\"Kummikud lastele Axel S 26 mesimumm - Horticom.ee\/e-pood\",\"isPartOf\":{\"@id\":\"https:\/\/horticom.ee\/e-pood\/#website\"},\"primaryImageOfPage\":{\"@id\":\"https:\/\/horticom.ee\/e-pood\/toode\/kummikud-lastele-axel-mesimumm-sp\/#primaryimage\"},\"image\":{\"@id\":\"https:\/\/horticom.ee\/e-pood\/toode\/kummikud-lastele-axel-mesimumm-sp\/#primaryimage\"},\"thumbnailUrl\":\"https:\/\/horticom.ee\/e-pood\/wp-content\/uploads\/importedmedia\/product-155484_0-203RCLKAXEL.jpg\",\"datePublished\":\"2022-01-17T22:14:56+00:00\",\"dateModified\":\"2026-04-23T00:04:12+00:00\",\"description\":\"Laste kummikud, mis kujundatud aiale kasulikud putukate ja lindude teemaliselt. Puuvillast vooder on hingav ja mugav jalale.\",\"breadcrumb\":{\"@id\":\"https:\/\/horticom.ee\/e-pood\/toode\/kummikud-lastele-axel-mesimumm-sp\/#breadcrumb\"},\"inLanguage\":\"ru-RU\",\"potentialAction\":[{\"@type\":\"ReadAction\",\"target\":[\"https:\/\/horticom.ee\/e-pood\/toode\/kummikud-lastele-axel-mesimumm-sp\/\"]}]},{\"@type\":\"ImageObject\",\"inLanguage\":\"ru-RU\",\"@id\":\"https:\/\/horticom.ee\/e-pood\/toode\/kummikud-lastele-axel-mesimumm-sp\/#primaryimage\",\"url\":\"https:\/\/horticom.ee\/e-pood\/wp-content\/uploads\/importedmedia\/product-155484_0-203RCLKAXEL.jpg\",\"contentUrl\":\"https:\/\/horticom.ee\/e-pood\/wp-content\/uploads\/importedmedia\/product-155484_0-203RCLKAXEL.jpg\",\"width\":999,\"height\":656},{\"@type\":\"BreadcrumbList\",\"@id\":\"https:\/\/horticom.ee\/e-pood\/toode\/kummikud-lastele-axel-mesimumm-sp\/#breadcrumb\",\"itemListElement\":[{\"@type\":\"ListItem\",\"position\":1,\"name\":\"Home\",\"item\":\"https:\/\/horticom.ee\/e-pood\/\"},{\"@type\":\"ListItem\",\"position\":2,\"name\":\"Pood\",\"item\":\"https:\/\/horticom.ee\/e-pood\/pood\/\"},{\"@type\":\"ListItem\",\"position\":3,\"name\":\"Kummikud lastele Axel mesimumm\"}]},{\"@type\":\"WebSite\",\"@id\":\"https:\/\/horticom.ee\/e-pood\/#website\",\"url\":\"https:\/\/horticom.ee\/e-pood\/\",\"name\":\"Horticom.ee\",\"description\":\"Aianduskaubad ja kodukaubad nii harrastajatele kui professionaalidele\",\"potentialAction\":[{\"@type\":\"SearchAction\",\"target\":{\"@type\":\"EntryPoint\",\"urlTemplate\":\"https:\/\/horticom.ee\/e-pood\/?s={search_term_string}\"},\"query-input\":{\"@type\":\"PropertyValueSpecification\",\"valueRequired\":true,\"valueName\":\"search_term_string\"}}],\"inLanguage\":\"ru-RU\"}]}<\/script>\n<!-- \/ Yoast SEO plugin. -->","yoast_head_json":{"title":"Kummikud lastele Axel S 26 mesimumm - Horticom.ee\/e-pood","description":"Laste kummikud, mis kujundatud aiale kasulikud putukate ja lindude teemaliselt. Puuvillast vooder on hingav ja mugav jalale.","robots":{"index":"index","follow":"follow","max-snippet":"max-snippet:-1","max-image-preview":"max-image-preview:large","max-video-preview":"max-video-preview:-1"},"canonical":"https:\/\/horticom.ee\/e-pood\/toode\/kummikud-lastele-axel-mesimumm-sp\/","og_locale":"ru_RU","og_type":"article","og_title":"Kummikud lastele Axel S 26 mesimumm - Horticom.ee\/e-pood","og_description":"Laste kummikud, mis kujundatud aiale kasulikud putukate ja lindude teemaliselt. Puuvillast vooder on hingav ja mugav jalale.","og_url":"https:\/\/horticom.ee\/e-pood\/toode\/kummikud-lastele-axel-mesimumm-sp\/","og_site_name":"Horticom.ee","article_publisher":"https:\/\/www.facebook.com\/horticom.ee\/e-pood","article_modified_time":"2026-04-23T00:04:12+00:00","og_image":[{"width":999,"height":656,"url":"https:\/\/horticom.ee\/e-pood\/wp-content\/uploads\/importedmedia\/product-155484_0-203RCLKAXEL.jpg","type":"image\/jpeg"}],"twitter_card":"summary_large_image","schema":{"@context":"https:\/\/schema.org","@graph":[{"@type":"WebPage","@id":"https:\/\/horticom.ee\/e-pood\/toode\/kummikud-lastele-axel-mesimumm-sp\/","url":"https:\/\/horticom.ee\/e-pood\/toode\/kummikud-lastele-axel-mesimumm-sp\/","name":"Kummikud lastele Axel S 26 mesimumm - Horticom.ee\/e-pood","isPartOf":{"@id":"https:\/\/horticom.ee\/e-pood\/#website"},"primaryImageOfPage":{"@id":"https:\/\/horticom.ee\/e-pood\/toode\/kummikud-lastele-axel-mesimumm-sp\/#primaryimage"},"image":{"@id":"https:\/\/horticom.ee\/e-pood\/toode\/kummikud-lastele-axel-mesimumm-sp\/#primaryimage"},"thumbnailUrl":"https:\/\/horticom.ee\/e-pood\/wp-content\/uploads\/importedmedia\/product-155484_0-203RCLKAXEL.jpg","datePublished":"2022-01-17T22:14:56+00:00","dateModified":"2026-04-23T00:04:12+00:00","description":"Laste kummikud, mis kujundatud aiale kasulikud putukate ja lindude teemaliselt. Puuvillast vooder on hingav ja mugav jalale.","breadcrumb":{"@id":"https:\/\/horticom.ee\/e-pood\/toode\/kummikud-lastele-axel-mesimumm-sp\/#breadcrumb"},"inLanguage":"ru-RU","potentialAction":[{"@type":"ReadAction","target":["https:\/\/horticom.ee\/e-pood\/toode\/kummikud-lastele-axel-mesimumm-sp\/"]}]},{"@type":"ImageObject","inLanguage":"ru-RU","@id":"https:\/\/horticom.ee\/e-pood\/toode\/kummikud-lastele-axel-mesimumm-sp\/#primaryimage","url":"https:\/\/horticom.ee\/e-pood\/wp-content\/uploads\/importedmedia\/product-155484_0-203RCLKAXEL.jpg","contentUrl":"https:\/\/horticom.ee\/e-pood\/wp-content\/uploads\/importedmedia\/product-155484_0-203RCLKAXEL.jpg","width":999,"height":656},{"@type":"BreadcrumbList","@id":"https:\/\/horticom.ee\/e-pood\/toode\/kummikud-lastele-axel-mesimumm-sp\/#breadcrumb","itemListElement":[{"@type":"ListItem","position":1,"name":"Home","item":"https:\/\/horticom.ee\/e-pood\/"},{"@type":"ListItem","position":2,"name":"Pood","item":"https:\/\/horticom.ee\/e-pood\/pood\/"},{"@type":"ListItem","position":3,"name":"Kummikud lastele Axel mesimumm"}]},{"@type":"WebSite","@id":"https:\/\/horticom.ee\/e-pood\/#website","url":"https:\/\/horticom.ee\/e-pood\/","name":"Horticom.ee","description":"Aianduskaubad ja kodukaubad nii harrastajatele kui professionaalidele","potentialAction":[{"@type":"SearchAction","target":{"@type":"EntryPoint","urlTemplate":"https:\/\/horticom.ee\/e-pood\/?s={search_term_string}"},"query-input":{"@type":"PropertyValueSpecification","valueRequired":true,"valueName":"search_term_string"}}],"inLanguage":"ru-RU"}]}},"_links":{"self":[{"href":"https:\/\/horticom.ee\/e-pood\/ru\/wp-json\/wp\/v2\/product\/155484","targetHints":{"allow":["GET"]}}],"collection":[{"href":"https:\/\/horticom.ee\/e-pood\/ru\/wp-json\/wp\/v2\/product"}],"about":[{"href":"https:\/\/horticom.ee\/e-pood\/ru\/wp-json\/wp\/v2\/types\/product"}],"replies":[{"embeddable":true,"href":"https:\/\/horticom.ee\/e-pood\/ru\/wp-json\/wp\/v2\/comments?post=155484"}],"wp:featuredmedia":[{"embeddable":true,"href":"https:\/\/horticom.ee\/e-pood\/ru\/wp-json\/wp\/v2\/media\/2377138"}],"wp:attachment":[{"href":"https:\/\/horticom.ee\/e-pood\/ru\/wp-json\/wp\/v2\/media?parent=155484"}],"wp:term":[{"taxonomy":"product_cat","embeddable":true,"href":"https:\/\/horticom.ee\/e-pood\/ru\/wp-json\/wp\/v2\/product_cat?post=155484"},{"taxonomy":"product_tag","embeddable":true,"href":"https:\/\/horticom.ee\/e-pood\/ru\/wp-json\/wp\/v2\/product_tag?post=155484"}],"curies":[{"name":"wp","href":"https:\/\/api.w.org\/{rel}","templated":true}]}}