{"id":155529,"date":"2022-01-18T00:15:15","date_gmt":"2022-01-17T22:15:15","guid":{"rendered":"https:\/\/aednik24.ee\/toode\/aiakingad-naistele-peips\/"},"modified":"2026-05-13T03:11:33","modified_gmt":"2026-05-13T00:11:33","slug":"aiakingad-naistele-peips","status":"publish","type":"product","link":"https:\/\/horticom.ee\/e-pood\/ru\/toode\/aiakingad-naistele-peips\/","title":{"rendered":"Aiakingad naistele Peips"},"content":{"rendered":"<p>Aiakingad naistele Peips on valmistatud materjalist kaut\u0161uk, mis sisaldab ka \u00fcmbert\u00f6\u00f6deldud kaut\u0161uki (R&#8217;GUM RECYCLE). Sisetald: naturaalne materjal jute, pestav, hingav ja niiskust imav. V\u00e4listald on valmistatud samuti \u00fcmbert\u00f6\u00f6deldud kaut\u0161ukist. Eeliseks on tugev ja vastupidav. Eemaldatatav vooder v\u00f5imaldab jalan\u00f5ud lihtsalt pesta ja sel kiiresti kuivada.<\/p>\n","protected":false},"excerpt":{"rendered":"<p>Aiakingad naistele Peips on valmistatud materjalist kaut\u0161uk, mis sisaldab ka \u00fcmbert\u00f6\u00f6deldud kaut\u0161uki (R&#8217;GUM RECYCLE). Sisetald: naturaalne materjal jute, pestav, hingav ja niiskust imav. V\u00e4listald on valmistatud samuti \u00fcmbert\u00f6\u00f6deldud kaut\u0161ukist. Eeliseks on tugev ja vastupidav. Eemaldatatav vooder v\u00f5imaldab jalan\u00f5ud lihtsalt pesta ja sel kiiresti kuivada.<\/p>\n","protected":false},"featured_media":2397756,"comment_status":"closed","ping_status":"closed","template":"","meta":{"_themeisle_gutenberg_block_has_review":false},"product_cat":[18563,13418],"product_tag":[],"class_list":{"0":"post-155529","1":"product","2":"type-product","3":"status-publish","4":"has-post-thumbnail","6":"product_cat-lopumuugitooted","7":"product_cat-jalanoud","9":"first","10":"outofstock","11":"sale","12":"shipping-taxable","13":"purchasable","14":"product-type-variable"},"yoast_head":"<!-- This site is optimized with the Yoast SEO plugin v24.0 - https:\/\/yoast.com\/wordpress\/plugins\/seo\/ -->\n<title>Aiakingad naistele Peips S 35\/36 sinine\/laimiroheline<\/title>\n<meta name=\"description\" content=\"Kaut\u0161ukist aiakingad kaut\u0161ukist, sisetald naturaalsest jutest. Hingavad ja pestavad, sobivad aktiivseks kasutamiseks ja kiireks kuivatamiseks.\" \/>\n<meta name=\"robots\" content=\"index, follow, max-snippet:-1, max-image-preview:large, max-video-preview:-1\" \/>\n<link rel=\"canonical\" href=\"https:\/\/horticom.ee\/e-pood\/toode\/aiakingad-naistele-peips\/\" \/>\n<meta property=\"og:locale\" content=\"ru_RU\" \/>\n<meta property=\"og:type\" content=\"article\" \/>\n<meta property=\"og:title\" content=\"Aiakingad naistele Peips S 35\/36 sinine\/laimiroheline\" \/>\n<meta property=\"og:description\" content=\"Kaut\u0161ukist aiakingad kaut\u0161ukist, sisetald naturaalsest jutest. Hingavad ja pestavad, sobivad aktiivseks kasutamiseks ja kiireks kuivatamiseks.\" \/>\n<meta property=\"og:url\" content=\"https:\/\/horticom.ee\/e-pood\/toode\/aiakingad-naistele-peips\/\" \/>\n<meta property=\"og:site_name\" content=\"Horticom.ee\" \/>\n<meta property=\"article:publisher\" content=\"https:\/\/www.facebook.com\/horticom.ee\/e-pood\" \/>\n<meta property=\"article:modified_time\" content=\"2026-05-13T00:11:33+00:00\" \/>\n<meta property=\"og:image\" content=\"https:\/\/horticom.ee\/e-pood\/wp-content\/uploads\/importedmedia\/product_155529_0_203RCAKPEIPS.jpg\" \/>\n\t<meta property=\"og:image:width\" content=\"999\" \/>\n\t<meta property=\"og:image:height\" content=\"597\" \/>\n\t<meta property=\"og:image:type\" content=\"image\/jpeg\" \/>\n<meta name=\"twitter:card\" content=\"summary_large_image\" \/>\n<script type=\"application\/ld+json\" class=\"yoast-schema-graph\">{\"@context\":\"https:\/\/schema.org\",\"@graph\":[{\"@type\":\"WebPage\",\"@id\":\"https:\/\/horticom.ee\/e-pood\/toode\/aiakingad-naistele-peips\/\",\"url\":\"https:\/\/horticom.ee\/e-pood\/toode\/aiakingad-naistele-peips\/\",\"name\":\"Aiakingad naistele Peips S 35\/36 sinine\/laimiroheline\",\"isPartOf\":{\"@id\":\"https:\/\/horticom.ee\/e-pood\/#website\"},\"primaryImageOfPage\":{\"@id\":\"https:\/\/horticom.ee\/e-pood\/toode\/aiakingad-naistele-peips\/#primaryimage\"},\"image\":{\"@id\":\"https:\/\/horticom.ee\/e-pood\/toode\/aiakingad-naistele-peips\/#primaryimage\"},\"thumbnailUrl\":\"https:\/\/horticom.ee\/e-pood\/wp-content\/uploads\/importedmedia\/product_155529_0_203RCAKPEIPS.jpg\",\"datePublished\":\"2022-01-17T22:15:15+00:00\",\"dateModified\":\"2026-05-13T00:11:33+00:00\",\"description\":\"Kaut\u0161ukist aiakingad kaut\u0161ukist, sisetald naturaalsest jutest. Hingavad ja pestavad, sobivad aktiivseks kasutamiseks ja kiireks kuivatamiseks.\",\"breadcrumb\":{\"@id\":\"https:\/\/horticom.ee\/e-pood\/toode\/aiakingad-naistele-peips\/#breadcrumb\"},\"inLanguage\":\"ru-RU\",\"potentialAction\":[{\"@type\":\"ReadAction\",\"target\":[\"https:\/\/horticom.ee\/e-pood\/toode\/aiakingad-naistele-peips\/\"]}]},{\"@type\":\"ImageObject\",\"inLanguage\":\"ru-RU\",\"@id\":\"https:\/\/horticom.ee\/e-pood\/toode\/aiakingad-naistele-peips\/#primaryimage\",\"url\":\"https:\/\/horticom.ee\/e-pood\/wp-content\/uploads\/importedmedia\/product_155529_0_203RCAKPEIPS.jpg\",\"contentUrl\":\"https:\/\/horticom.ee\/e-pood\/wp-content\/uploads\/importedmedia\/product_155529_0_203RCAKPEIPS.jpg\",\"width\":999,\"height\":597},{\"@type\":\"BreadcrumbList\",\"@id\":\"https:\/\/horticom.ee\/e-pood\/toode\/aiakingad-naistele-peips\/#breadcrumb\",\"itemListElement\":[{\"@type\":\"ListItem\",\"position\":1,\"name\":\"Home\",\"item\":\"https:\/\/horticom.ee\/e-pood\/\"},{\"@type\":\"ListItem\",\"position\":2,\"name\":\"Pood\",\"item\":\"https:\/\/horticom.ee\/e-pood\/pood\/\"},{\"@type\":\"ListItem\",\"position\":3,\"name\":\"Aiakingad naistele Peips\"}]},{\"@type\":\"WebSite\",\"@id\":\"https:\/\/horticom.ee\/e-pood\/#website\",\"url\":\"https:\/\/horticom.ee\/e-pood\/\",\"name\":\"Horticom.ee\",\"description\":\"Aianduskaubad ja kodukaubad nii harrastajatele kui professionaalidele\",\"potentialAction\":[{\"@type\":\"SearchAction\",\"target\":{\"@type\":\"EntryPoint\",\"urlTemplate\":\"https:\/\/horticom.ee\/e-pood\/?s={search_term_string}\"},\"query-input\":{\"@type\":\"PropertyValueSpecification\",\"valueRequired\":true,\"valueName\":\"search_term_string\"}}],\"inLanguage\":\"ru-RU\"}]}<\/script>\n<!-- \/ Yoast SEO plugin. -->","yoast_head_json":{"title":"Aiakingad naistele Peips S 35\/36 sinine\/laimiroheline","description":"Kaut\u0161ukist aiakingad kaut\u0161ukist, sisetald naturaalsest jutest. Hingavad ja pestavad, sobivad aktiivseks kasutamiseks ja kiireks kuivatamiseks.","robots":{"index":"index","follow":"follow","max-snippet":"max-snippet:-1","max-image-preview":"max-image-preview:large","max-video-preview":"max-video-preview:-1"},"canonical":"https:\/\/horticom.ee\/e-pood\/toode\/aiakingad-naistele-peips\/","og_locale":"ru_RU","og_type":"article","og_title":"Aiakingad naistele Peips S 35\/36 sinine\/laimiroheline","og_description":"Kaut\u0161ukist aiakingad kaut\u0161ukist, sisetald naturaalsest jutest. Hingavad ja pestavad, sobivad aktiivseks kasutamiseks ja kiireks kuivatamiseks.","og_url":"https:\/\/horticom.ee\/e-pood\/toode\/aiakingad-naistele-peips\/","og_site_name":"Horticom.ee","article_publisher":"https:\/\/www.facebook.com\/horticom.ee\/e-pood","article_modified_time":"2026-05-13T00:11:33+00:00","og_image":[{"width":999,"height":597,"url":"https:\/\/horticom.ee\/e-pood\/wp-content\/uploads\/importedmedia\/product_155529_0_203RCAKPEIPS.jpg","type":"image\/jpeg"}],"twitter_card":"summary_large_image","schema":{"@context":"https:\/\/schema.org","@graph":[{"@type":"WebPage","@id":"https:\/\/horticom.ee\/e-pood\/toode\/aiakingad-naistele-peips\/","url":"https:\/\/horticom.ee\/e-pood\/toode\/aiakingad-naistele-peips\/","name":"Aiakingad naistele Peips S 35\/36 sinine\/laimiroheline","isPartOf":{"@id":"https:\/\/horticom.ee\/e-pood\/#website"},"primaryImageOfPage":{"@id":"https:\/\/horticom.ee\/e-pood\/toode\/aiakingad-naistele-peips\/#primaryimage"},"image":{"@id":"https:\/\/horticom.ee\/e-pood\/toode\/aiakingad-naistele-peips\/#primaryimage"},"thumbnailUrl":"https:\/\/horticom.ee\/e-pood\/wp-content\/uploads\/importedmedia\/product_155529_0_203RCAKPEIPS.jpg","datePublished":"2022-01-17T22:15:15+00:00","dateModified":"2026-05-13T00:11:33+00:00","description":"Kaut\u0161ukist aiakingad kaut\u0161ukist, sisetald naturaalsest jutest. Hingavad ja pestavad, sobivad aktiivseks kasutamiseks ja kiireks kuivatamiseks.","breadcrumb":{"@id":"https:\/\/horticom.ee\/e-pood\/toode\/aiakingad-naistele-peips\/#breadcrumb"},"inLanguage":"ru-RU","potentialAction":[{"@type":"ReadAction","target":["https:\/\/horticom.ee\/e-pood\/toode\/aiakingad-naistele-peips\/"]}]},{"@type":"ImageObject","inLanguage":"ru-RU","@id":"https:\/\/horticom.ee\/e-pood\/toode\/aiakingad-naistele-peips\/#primaryimage","url":"https:\/\/horticom.ee\/e-pood\/wp-content\/uploads\/importedmedia\/product_155529_0_203RCAKPEIPS.jpg","contentUrl":"https:\/\/horticom.ee\/e-pood\/wp-content\/uploads\/importedmedia\/product_155529_0_203RCAKPEIPS.jpg","width":999,"height":597},{"@type":"BreadcrumbList","@id":"https:\/\/horticom.ee\/e-pood\/toode\/aiakingad-naistele-peips\/#breadcrumb","itemListElement":[{"@type":"ListItem","position":1,"name":"Home","item":"https:\/\/horticom.ee\/e-pood\/"},{"@type":"ListItem","position":2,"name":"Pood","item":"https:\/\/horticom.ee\/e-pood\/pood\/"},{"@type":"ListItem","position":3,"name":"Aiakingad naistele Peips"}]},{"@type":"WebSite","@id":"https:\/\/horticom.ee\/e-pood\/#website","url":"https:\/\/horticom.ee\/e-pood\/","name":"Horticom.ee","description":"Aianduskaubad ja kodukaubad nii harrastajatele kui professionaalidele","potentialAction":[{"@type":"SearchAction","target":{"@type":"EntryPoint","urlTemplate":"https:\/\/horticom.ee\/e-pood\/?s={search_term_string}"},"query-input":{"@type":"PropertyValueSpecification","valueRequired":true,"valueName":"search_term_string"}}],"inLanguage":"ru-RU"}]}},"_links":{"self":[{"href":"https:\/\/horticom.ee\/e-pood\/ru\/wp-json\/wp\/v2\/product\/155529","targetHints":{"allow":["GET"]}}],"collection":[{"href":"https:\/\/horticom.ee\/e-pood\/ru\/wp-json\/wp\/v2\/product"}],"about":[{"href":"https:\/\/horticom.ee\/e-pood\/ru\/wp-json\/wp\/v2\/types\/product"}],"replies":[{"embeddable":true,"href":"https:\/\/horticom.ee\/e-pood\/ru\/wp-json\/wp\/v2\/comments?post=155529"}],"wp:featuredmedia":[{"embeddable":true,"href":"https:\/\/horticom.ee\/e-pood\/ru\/wp-json\/wp\/v2\/media\/2397756"}],"wp:attachment":[{"href":"https:\/\/horticom.ee\/e-pood\/ru\/wp-json\/wp\/v2\/media?parent=155529"}],"wp:term":[{"taxonomy":"product_cat","embeddable":true,"href":"https:\/\/horticom.ee\/e-pood\/ru\/wp-json\/wp\/v2\/product_cat?post=155529"},{"taxonomy":"product_tag","embeddable":true,"href":"https:\/\/horticom.ee\/e-pood\/ru\/wp-json\/wp\/v2\/product_tag?post=155529"}],"curies":[{"name":"wp","href":"https:\/\/api.w.org\/{rel}","templated":true}]}}