{"id":155605,"date":"2022-01-18T00:15:49","date_gmt":"2022-01-17T22:15:49","guid":{"rendered":"https:\/\/aednik24.ee\/toode\/talvekindad-winterpro\/"},"modified":"2026-05-13T03:02:32","modified_gmt":"2026-05-13T00:02:32","slug":"talvekindad-winterpro","status":"publish","type":"product","link":"https:\/\/horticom.ee\/e-pood\/ru\/toode\/talvekindad-winterpro\/","title":{"rendered":"Talvekindad Winterpro"},"content":{"rendered":"<p>Talvekindad Winterpro \u2013 Pikema randmeosaga veekindlad ning soojad kindad, sobivad k\u00f5ikide t\u00f6\u00f6de tegemiseks k\u00fclma ja m\u00e4rja ilmaga. Hea haarduvusega ja vastupidav kulumisele. Pol\u00fcamiist voodriga nitriilist kattega, peopesal akr\u00fc\u00fclist mikropunktid mugavama haarde tagamiseks ja libisemise v\u00e4ltimiseks. EN388- 4332; EN511 X2X4332<\/p>\n","protected":false},"excerpt":{"rendered":"<p>Talvekindad Winterpro \u2013 Pikema randmeosaga veekindlad ning soojad kindad, sobivad k\u00f5ikide t\u00f6\u00f6de tegemiseks k\u00fclma ja m\u00e4rja ilmaga. Hea haarduvusega ja vastupidav kulumisele. Pol\u00fcamiist voodriga nitriilist kattega, peopesal akr\u00fc\u00fclist mikropunktid mugavama haarde tagamiseks ja libisemise v\u00e4ltimiseks. EN388- 4332; EN511 X2X4332<\/p>\n","protected":false},"featured_media":2510330,"comment_status":"closed","ping_status":"closed","template":"","meta":{"_themeisle_gutenberg_block_has_review":false},"product_cat":[13417],"product_tag":[],"class_list":{"0":"post-155605","1":"product","2":"type-product","3":"status-publish","4":"has-post-thumbnail","6":"product_cat-kindad","8":"first","9":"outofstock","10":"shipping-taxable","11":"purchasable","12":"product-type-variable"},"yoast_head":"<!-- This site is optimized with the Yoast SEO plugin v24.0 - https:\/\/yoast.com\/wordpress\/plugins\/seo\/ -->\n<title>Talvekindad Winterpro nr 9 - Horticom.ee\/e-pood<\/title>\n<meta name=\"description\" content=\"Veekindlad soojad kindad \u2013 pikema randmeosaga kindad k\u00fclma ja m\u00e4rja ilma jaoks. Hea haarduvus akr\u00fc\u00fclmikropunktidega, vastupidavad ja kulumiskindlad.\" \/>\n<meta name=\"robots\" content=\"index, follow, max-snippet:-1, max-image-preview:large, max-video-preview:-1\" \/>\n<link rel=\"canonical\" href=\"https:\/\/horticom.ee\/e-pood\/toode\/talvekindad-winterpro\/\" \/>\n<meta property=\"og:locale\" content=\"ru_RU\" \/>\n<meta property=\"og:type\" content=\"article\" \/>\n<meta property=\"og:title\" content=\"Talvekindad Winterpro nr 9 - Horticom.ee\/e-pood\" \/>\n<meta property=\"og:description\" content=\"Veekindlad soojad kindad \u2013 pikema randmeosaga kindad k\u00fclma ja m\u00e4rja ilma jaoks. Hea haarduvus akr\u00fc\u00fclmikropunktidega, vastupidavad ja kulumiskindlad.\" \/>\n<meta property=\"og:url\" content=\"https:\/\/horticom.ee\/e-pood\/toode\/talvekindad-winterpro\/\" \/>\n<meta property=\"og:site_name\" content=\"Horticom.ee\" \/>\n<meta property=\"article:publisher\" content=\"https:\/\/www.facebook.com\/horticom.ee\/e-pood\" \/>\n<meta property=\"article:modified_time\" content=\"2026-05-13T00:02:32+00:00\" \/>\n<meta property=\"og:image\" content=\"https:\/\/horticom.ee\/e-pood\/wp-content\/uploads\/importedmedia\/product_155605_0_201RWINTER.jpg\" \/>\n\t<meta property=\"og:image:width\" content=\"1000\" \/>\n\t<meta property=\"og:image:height\" content=\"2285\" \/>\n\t<meta property=\"og:image:type\" content=\"image\/jpeg\" \/>\n<meta name=\"twitter:card\" content=\"summary_large_image\" \/>\n<script type=\"application\/ld+json\" class=\"yoast-schema-graph\">{\"@context\":\"https:\/\/schema.org\",\"@graph\":[{\"@type\":\"WebPage\",\"@id\":\"https:\/\/horticom.ee\/e-pood\/toode\/talvekindad-winterpro\/\",\"url\":\"https:\/\/horticom.ee\/e-pood\/toode\/talvekindad-winterpro\/\",\"name\":\"Talvekindad Winterpro nr 9 - Horticom.ee\/e-pood\",\"isPartOf\":{\"@id\":\"https:\/\/horticom.ee\/e-pood\/#website\"},\"primaryImageOfPage\":{\"@id\":\"https:\/\/horticom.ee\/e-pood\/toode\/talvekindad-winterpro\/#primaryimage\"},\"image\":{\"@id\":\"https:\/\/horticom.ee\/e-pood\/toode\/talvekindad-winterpro\/#primaryimage\"},\"thumbnailUrl\":\"https:\/\/horticom.ee\/e-pood\/wp-content\/uploads\/importedmedia\/product_155605_0_201RWINTER.jpg\",\"datePublished\":\"2022-01-17T22:15:49+00:00\",\"dateModified\":\"2026-05-13T00:02:32+00:00\",\"description\":\"Veekindlad soojad kindad \u2013 pikema randmeosaga kindad k\u00fclma ja m\u00e4rja ilma jaoks. Hea haarduvus akr\u00fc\u00fclmikropunktidega, vastupidavad ja kulumiskindlad.\",\"breadcrumb\":{\"@id\":\"https:\/\/horticom.ee\/e-pood\/toode\/talvekindad-winterpro\/#breadcrumb\"},\"inLanguage\":\"ru-RU\",\"potentialAction\":[{\"@type\":\"ReadAction\",\"target\":[\"https:\/\/horticom.ee\/e-pood\/toode\/talvekindad-winterpro\/\"]}]},{\"@type\":\"ImageObject\",\"inLanguage\":\"ru-RU\",\"@id\":\"https:\/\/horticom.ee\/e-pood\/toode\/talvekindad-winterpro\/#primaryimage\",\"url\":\"https:\/\/horticom.ee\/e-pood\/wp-content\/uploads\/importedmedia\/product_155605_0_201RWINTER.jpg\",\"contentUrl\":\"https:\/\/horticom.ee\/e-pood\/wp-content\/uploads\/importedmedia\/product_155605_0_201RWINTER.jpg\",\"width\":1000,\"height\":2285},{\"@type\":\"BreadcrumbList\",\"@id\":\"https:\/\/horticom.ee\/e-pood\/toode\/talvekindad-winterpro\/#breadcrumb\",\"itemListElement\":[{\"@type\":\"ListItem\",\"position\":1,\"name\":\"Home\",\"item\":\"https:\/\/horticom.ee\/e-pood\/\"},{\"@type\":\"ListItem\",\"position\":2,\"name\":\"Pood\",\"item\":\"https:\/\/horticom.ee\/e-pood\/pood\/\"},{\"@type\":\"ListItem\",\"position\":3,\"name\":\"Talvekindad Winterpro\"}]},{\"@type\":\"WebSite\",\"@id\":\"https:\/\/horticom.ee\/e-pood\/#website\",\"url\":\"https:\/\/horticom.ee\/e-pood\/\",\"name\":\"Horticom.ee\",\"description\":\"Aianduskaubad ja kodukaubad nii harrastajatele kui professionaalidele\",\"potentialAction\":[{\"@type\":\"SearchAction\",\"target\":{\"@type\":\"EntryPoint\",\"urlTemplate\":\"https:\/\/horticom.ee\/e-pood\/?s={search_term_string}\"},\"query-input\":{\"@type\":\"PropertyValueSpecification\",\"valueRequired\":true,\"valueName\":\"search_term_string\"}}],\"inLanguage\":\"ru-RU\"}]}<\/script>\n<!-- \/ Yoast SEO plugin. -->","yoast_head_json":{"title":"Talvekindad Winterpro nr 9 - Horticom.ee\/e-pood","description":"Veekindlad soojad kindad \u2013 pikema randmeosaga kindad k\u00fclma ja m\u00e4rja ilma jaoks. Hea haarduvus akr\u00fc\u00fclmikropunktidega, vastupidavad ja kulumiskindlad.","robots":{"index":"index","follow":"follow","max-snippet":"max-snippet:-1","max-image-preview":"max-image-preview:large","max-video-preview":"max-video-preview:-1"},"canonical":"https:\/\/horticom.ee\/e-pood\/toode\/talvekindad-winterpro\/","og_locale":"ru_RU","og_type":"article","og_title":"Talvekindad Winterpro nr 9 - Horticom.ee\/e-pood","og_description":"Veekindlad soojad kindad \u2013 pikema randmeosaga kindad k\u00fclma ja m\u00e4rja ilma jaoks. Hea haarduvus akr\u00fc\u00fclmikropunktidega, vastupidavad ja kulumiskindlad.","og_url":"https:\/\/horticom.ee\/e-pood\/toode\/talvekindad-winterpro\/","og_site_name":"Horticom.ee","article_publisher":"https:\/\/www.facebook.com\/horticom.ee\/e-pood","article_modified_time":"2026-05-13T00:02:32+00:00","og_image":[{"width":1000,"height":2285,"url":"https:\/\/horticom.ee\/e-pood\/wp-content\/uploads\/importedmedia\/product_155605_0_201RWINTER.jpg","type":"image\/jpeg"}],"twitter_card":"summary_large_image","schema":{"@context":"https:\/\/schema.org","@graph":[{"@type":"WebPage","@id":"https:\/\/horticom.ee\/e-pood\/toode\/talvekindad-winterpro\/","url":"https:\/\/horticom.ee\/e-pood\/toode\/talvekindad-winterpro\/","name":"Talvekindad Winterpro nr 9 - Horticom.ee\/e-pood","isPartOf":{"@id":"https:\/\/horticom.ee\/e-pood\/#website"},"primaryImageOfPage":{"@id":"https:\/\/horticom.ee\/e-pood\/toode\/talvekindad-winterpro\/#primaryimage"},"image":{"@id":"https:\/\/horticom.ee\/e-pood\/toode\/talvekindad-winterpro\/#primaryimage"},"thumbnailUrl":"https:\/\/horticom.ee\/e-pood\/wp-content\/uploads\/importedmedia\/product_155605_0_201RWINTER.jpg","datePublished":"2022-01-17T22:15:49+00:00","dateModified":"2026-05-13T00:02:32+00:00","description":"Veekindlad soojad kindad \u2013 pikema randmeosaga kindad k\u00fclma ja m\u00e4rja ilma jaoks. Hea haarduvus akr\u00fc\u00fclmikropunktidega, vastupidavad ja kulumiskindlad.","breadcrumb":{"@id":"https:\/\/horticom.ee\/e-pood\/toode\/talvekindad-winterpro\/#breadcrumb"},"inLanguage":"ru-RU","potentialAction":[{"@type":"ReadAction","target":["https:\/\/horticom.ee\/e-pood\/toode\/talvekindad-winterpro\/"]}]},{"@type":"ImageObject","inLanguage":"ru-RU","@id":"https:\/\/horticom.ee\/e-pood\/toode\/talvekindad-winterpro\/#primaryimage","url":"https:\/\/horticom.ee\/e-pood\/wp-content\/uploads\/importedmedia\/product_155605_0_201RWINTER.jpg","contentUrl":"https:\/\/horticom.ee\/e-pood\/wp-content\/uploads\/importedmedia\/product_155605_0_201RWINTER.jpg","width":1000,"height":2285},{"@type":"BreadcrumbList","@id":"https:\/\/horticom.ee\/e-pood\/toode\/talvekindad-winterpro\/#breadcrumb","itemListElement":[{"@type":"ListItem","position":1,"name":"Home","item":"https:\/\/horticom.ee\/e-pood\/"},{"@type":"ListItem","position":2,"name":"Pood","item":"https:\/\/horticom.ee\/e-pood\/pood\/"},{"@type":"ListItem","position":3,"name":"Talvekindad Winterpro"}]},{"@type":"WebSite","@id":"https:\/\/horticom.ee\/e-pood\/#website","url":"https:\/\/horticom.ee\/e-pood\/","name":"Horticom.ee","description":"Aianduskaubad ja kodukaubad nii harrastajatele kui professionaalidele","potentialAction":[{"@type":"SearchAction","target":{"@type":"EntryPoint","urlTemplate":"https:\/\/horticom.ee\/e-pood\/?s={search_term_string}"},"query-input":{"@type":"PropertyValueSpecification","valueRequired":true,"valueName":"search_term_string"}}],"inLanguage":"ru-RU"}]}},"_links":{"self":[{"href":"https:\/\/horticom.ee\/e-pood\/ru\/wp-json\/wp\/v2\/product\/155605","targetHints":{"allow":["GET"]}}],"collection":[{"href":"https:\/\/horticom.ee\/e-pood\/ru\/wp-json\/wp\/v2\/product"}],"about":[{"href":"https:\/\/horticom.ee\/e-pood\/ru\/wp-json\/wp\/v2\/types\/product"}],"replies":[{"embeddable":true,"href":"https:\/\/horticom.ee\/e-pood\/ru\/wp-json\/wp\/v2\/comments?post=155605"}],"wp:featuredmedia":[{"embeddable":true,"href":"https:\/\/horticom.ee\/e-pood\/ru\/wp-json\/wp\/v2\/media\/2510330"}],"wp:attachment":[{"href":"https:\/\/horticom.ee\/e-pood\/ru\/wp-json\/wp\/v2\/media?parent=155605"}],"wp:term":[{"taxonomy":"product_cat","embeddable":true,"href":"https:\/\/horticom.ee\/e-pood\/ru\/wp-json\/wp\/v2\/product_cat?post=155605"},{"taxonomy":"product_tag","embeddable":true,"href":"https:\/\/horticom.ee\/e-pood\/ru\/wp-json\/wp\/v2\/product_tag?post=155605"}],"curies":[{"name":"wp","href":"https:\/\/api.w.org\/{rel}","templated":true}]}}