{"id":155696,"date":"2022-01-18T00:16:31","date_gmt":"2022-01-17T22:16:31","guid":{"rendered":"https:\/\/aednik24.ee\/toode\/sipelgapulber-horticom-600g\/"},"modified":"2026-04-21T16:01:49","modified_gmt":"2026-04-21T13:01:49","slug":"sipelgapulber-horticom-600g","status":"publish","type":"product","link":"https:\/\/horticom.ee\/e-pood\/ru\/toode\/sipelgapulber-horticom-600g\/","title":{"rendered":"Sipelgapulber Horticom 600g"},"content":{"rendered":"<p>T\u00e4pne, kiire ja p\u00f5hjalik. Sipelgapulber on kastmis- ja puistematerjal sipelgate sihip\u00e4raseks t\u00f5rjeks hoonetes, teedel ja terrassidel. Sipelgapulbrile on lisatud rohkem suhkrut, mis muudab selle neile v\u00e4ga atraktiivseks. Kontaktm\u00fcrk kahjustab sipelgate n\u00e4rvis\u00fcsteemi, t\u00e4nu millele saavutate kiirelt soovitud tulemuse. NB! KASUTAGE  BIOTSIIDI  OHUTULT. ENNE KASUTAMIST LUGEGE ALATI L\u00c4BI M\u00c4RGISTUS JA TEAVE TOOTE KOHTA.<\/p>\n","protected":false},"excerpt":{"rendered":"<p>T\u00e4pne, kiire ja p\u00f5hjalik. Sipelgapulber on kastmis- ja puistematerjal sipelgate sihip\u00e4raseks t\u00f5rjeks hoonetes, teedel ja terrassidel. Sipelgapulbrile on lisatud rohkem suhkrut, mis muudab selle neile v\u00e4ga atraktiivseks. Kontaktm\u00fcrk kahjustab sipelgate n\u00e4rvis\u00fcsteemi, t\u00e4nu millele saavutate kiirelt soovitud tulemuse. NB! KASUTAGE BIOTSIIDI OHUTULT. ENNE KASUTAMIST LUGEGE ALATI L\u00c4BI M\u00c4RGISTUS JA TEAVE TOOTE KOHTA.<\/p>\n","protected":false},"featured_media":157242,"comment_status":"closed","ping_status":"closed","template":"","meta":{"_themeisle_gutenberg_block_has_review":false},"product_cat":[13599],"product_tag":[],"class_list":{"0":"post-155696","1":"product","2":"type-product","3":"status-publish","4":"has-post-thumbnail","6":"product_cat-sipelgad","8":"first","9":"instock","10":"shipping-taxable","11":"purchasable","12":"product-type-simple"},"yoast_head":"<!-- This site is optimized with the Yoast SEO plugin v24.0 - https:\/\/yoast.com\/wordpress\/plugins\/seo\/ -->\n<title>Sipelgapulber Horticom 600g - Horticom.ee\/e-pood<\/title>\n<meta name=\"description\" content=\"Sipelgapulber Horticom on kastmis- ja puistes\u00f6\u00f6t sipelgate t\u00f5rjeks hoonetes, teedel ja terrassidel. T\u00f5hus m\u00fcrk h\u00e4vitab kogu koloonia.\" \/>\n<meta name=\"robots\" content=\"index, follow, max-snippet:-1, max-image-preview:large, max-video-preview:-1\" \/>\n<link rel=\"canonical\" href=\"https:\/\/horticom.ee\/e-pood\/toode\/sipelgapulber-horticom-600g\/\" \/>\n<meta property=\"og:locale\" content=\"ru_RU\" \/>\n<meta property=\"og:type\" content=\"article\" \/>\n<meta property=\"og:title\" content=\"Sipelgapulber Horticom 600g - Horticom.ee\/e-pood\" \/>\n<meta property=\"og:description\" content=\"Sipelgapulber Horticom on kastmis- ja puistes\u00f6\u00f6t sipelgate t\u00f5rjeks hoonetes, teedel ja terrassidel. T\u00f5hus m\u00fcrk h\u00e4vitab kogu koloonia.\" \/>\n<meta property=\"og:url\" content=\"https:\/\/horticom.ee\/e-pood\/toode\/sipelgapulber-horticom-600g\/\" \/>\n<meta property=\"og:site_name\" content=\"Horticom.ee\" \/>\n<meta property=\"article:publisher\" content=\"https:\/\/www.facebook.com\/horticom.ee\/e-pood\" \/>\n<meta property=\"article:modified_time\" content=\"2026-04-21T13:01:49+00:00\" \/>\n<meta property=\"og:image\" content=\"https:\/\/horticom.ee\/e-pood\/wp-content\/uploads\/importedmedia\/product-155696_0-P0015.jpg\" \/>\n\t<meta property=\"og:image:width\" content=\"1000\" \/>\n\t<meta property=\"og:image:height\" content=\"1333\" \/>\n\t<meta property=\"og:image:type\" content=\"image\/jpeg\" \/>\n<meta name=\"twitter:card\" content=\"summary_large_image\" \/>\n<meta name=\"twitter:label1\" content=\"\u041f\u0440\u0438\u043c\u0435\u0440\u043d\u043e\u0435 \u0432\u0440\u0435\u043c\u044f \u0434\u043b\u044f \u0447\u0442\u0435\u043d\u0438\u044f\" \/>\n\t<meta name=\"twitter:data1\" content=\"1 \u043c\u0438\u043d\u0443\u0442\u0430\" \/>\n<script type=\"application\/ld+json\" class=\"yoast-schema-graph\">{\"@context\":\"https:\/\/schema.org\",\"@graph\":[{\"@type\":\"WebPage\",\"@id\":\"https:\/\/horticom.ee\/e-pood\/toode\/sipelgapulber-horticom-600g\/\",\"url\":\"https:\/\/horticom.ee\/e-pood\/toode\/sipelgapulber-horticom-600g\/\",\"name\":\"Sipelgapulber Horticom 600g - Horticom.ee\/e-pood\",\"isPartOf\":{\"@id\":\"https:\/\/horticom.ee\/e-pood\/#website\"},\"primaryImageOfPage\":{\"@id\":\"https:\/\/horticom.ee\/e-pood\/toode\/sipelgapulber-horticom-600g\/#primaryimage\"},\"image\":{\"@id\":\"https:\/\/horticom.ee\/e-pood\/toode\/sipelgapulber-horticom-600g\/#primaryimage\"},\"thumbnailUrl\":\"https:\/\/horticom.ee\/e-pood\/wp-content\/uploads\/importedmedia\/product-155696_0-P0015.jpg\",\"datePublished\":\"2022-01-17T22:16:31+00:00\",\"dateModified\":\"2026-04-21T13:01:49+00:00\",\"description\":\"Sipelgapulber Horticom on kastmis- ja puistes\u00f6\u00f6t sipelgate t\u00f5rjeks hoonetes, teedel ja terrassidel. T\u00f5hus m\u00fcrk h\u00e4vitab kogu koloonia.\",\"breadcrumb\":{\"@id\":\"https:\/\/horticom.ee\/e-pood\/toode\/sipelgapulber-horticom-600g\/#breadcrumb\"},\"inLanguage\":\"ru-RU\",\"potentialAction\":[{\"@type\":\"ReadAction\",\"target\":[\"https:\/\/horticom.ee\/e-pood\/toode\/sipelgapulber-horticom-600g\/\"]}]},{\"@type\":\"ImageObject\",\"inLanguage\":\"ru-RU\",\"@id\":\"https:\/\/horticom.ee\/e-pood\/toode\/sipelgapulber-horticom-600g\/#primaryimage\",\"url\":\"https:\/\/horticom.ee\/e-pood\/wp-content\/uploads\/importedmedia\/product-155696_0-P0015.jpg\",\"contentUrl\":\"https:\/\/horticom.ee\/e-pood\/wp-content\/uploads\/importedmedia\/product-155696_0-P0015.jpg\",\"width\":1000,\"height\":1333,\"caption\":\"Sipelgapulber Horticom 600g\"},{\"@type\":\"BreadcrumbList\",\"@id\":\"https:\/\/horticom.ee\/e-pood\/toode\/sipelgapulber-horticom-600g\/#breadcrumb\",\"itemListElement\":[{\"@type\":\"ListItem\",\"position\":1,\"name\":\"Home\",\"item\":\"https:\/\/horticom.ee\/e-pood\/\"},{\"@type\":\"ListItem\",\"position\":2,\"name\":\"Pood\",\"item\":\"https:\/\/horticom.ee\/e-pood\/pood\/\"},{\"@type\":\"ListItem\",\"position\":3,\"name\":\"Sipelgapulber Horticom 600g\"}]},{\"@type\":\"WebSite\",\"@id\":\"https:\/\/horticom.ee\/e-pood\/#website\",\"url\":\"https:\/\/horticom.ee\/e-pood\/\",\"name\":\"Horticom.ee\",\"description\":\"Aianduskaubad ja kodukaubad nii harrastajatele kui professionaalidele\",\"potentialAction\":[{\"@type\":\"SearchAction\",\"target\":{\"@type\":\"EntryPoint\",\"urlTemplate\":\"https:\/\/horticom.ee\/e-pood\/?s={search_term_string}\"},\"query-input\":{\"@type\":\"PropertyValueSpecification\",\"valueRequired\":true,\"valueName\":\"search_term_string\"}}],\"inLanguage\":\"ru-RU\"}]}<\/script>\n<!-- \/ Yoast SEO plugin. -->","yoast_head_json":{"title":"Sipelgapulber Horticom 600g - Horticom.ee\/e-pood","description":"Sipelgapulber Horticom on kastmis- ja puistes\u00f6\u00f6t sipelgate t\u00f5rjeks hoonetes, teedel ja terrassidel. T\u00f5hus m\u00fcrk h\u00e4vitab kogu koloonia.","robots":{"index":"index","follow":"follow","max-snippet":"max-snippet:-1","max-image-preview":"max-image-preview:large","max-video-preview":"max-video-preview:-1"},"canonical":"https:\/\/horticom.ee\/e-pood\/toode\/sipelgapulber-horticom-600g\/","og_locale":"ru_RU","og_type":"article","og_title":"Sipelgapulber Horticom 600g - Horticom.ee\/e-pood","og_description":"Sipelgapulber Horticom on kastmis- ja puistes\u00f6\u00f6t sipelgate t\u00f5rjeks hoonetes, teedel ja terrassidel. T\u00f5hus m\u00fcrk h\u00e4vitab kogu koloonia.","og_url":"https:\/\/horticom.ee\/e-pood\/toode\/sipelgapulber-horticom-600g\/","og_site_name":"Horticom.ee","article_publisher":"https:\/\/www.facebook.com\/horticom.ee\/e-pood","article_modified_time":"2026-04-21T13:01:49+00:00","og_image":[{"width":1000,"height":1333,"url":"https:\/\/horticom.ee\/e-pood\/wp-content\/uploads\/importedmedia\/product-155696_0-P0015.jpg","type":"image\/jpeg"}],"twitter_card":"summary_large_image","twitter_misc":{"\u041f\u0440\u0438\u043c\u0435\u0440\u043d\u043e\u0435 \u0432\u0440\u0435\u043c\u044f \u0434\u043b\u044f \u0447\u0442\u0435\u043d\u0438\u044f":"1 \u043c\u0438\u043d\u0443\u0442\u0430"},"schema":{"@context":"https:\/\/schema.org","@graph":[{"@type":"WebPage","@id":"https:\/\/horticom.ee\/e-pood\/toode\/sipelgapulber-horticom-600g\/","url":"https:\/\/horticom.ee\/e-pood\/toode\/sipelgapulber-horticom-600g\/","name":"Sipelgapulber Horticom 600g - Horticom.ee\/e-pood","isPartOf":{"@id":"https:\/\/horticom.ee\/e-pood\/#website"},"primaryImageOfPage":{"@id":"https:\/\/horticom.ee\/e-pood\/toode\/sipelgapulber-horticom-600g\/#primaryimage"},"image":{"@id":"https:\/\/horticom.ee\/e-pood\/toode\/sipelgapulber-horticom-600g\/#primaryimage"},"thumbnailUrl":"https:\/\/horticom.ee\/e-pood\/wp-content\/uploads\/importedmedia\/product-155696_0-P0015.jpg","datePublished":"2022-01-17T22:16:31+00:00","dateModified":"2026-04-21T13:01:49+00:00","description":"Sipelgapulber Horticom on kastmis- ja puistes\u00f6\u00f6t sipelgate t\u00f5rjeks hoonetes, teedel ja terrassidel. T\u00f5hus m\u00fcrk h\u00e4vitab kogu koloonia.","breadcrumb":{"@id":"https:\/\/horticom.ee\/e-pood\/toode\/sipelgapulber-horticom-600g\/#breadcrumb"},"inLanguage":"ru-RU","potentialAction":[{"@type":"ReadAction","target":["https:\/\/horticom.ee\/e-pood\/toode\/sipelgapulber-horticom-600g\/"]}]},{"@type":"ImageObject","inLanguage":"ru-RU","@id":"https:\/\/horticom.ee\/e-pood\/toode\/sipelgapulber-horticom-600g\/#primaryimage","url":"https:\/\/horticom.ee\/e-pood\/wp-content\/uploads\/importedmedia\/product-155696_0-P0015.jpg","contentUrl":"https:\/\/horticom.ee\/e-pood\/wp-content\/uploads\/importedmedia\/product-155696_0-P0015.jpg","width":1000,"height":1333,"caption":"Sipelgapulber Horticom 600g"},{"@type":"BreadcrumbList","@id":"https:\/\/horticom.ee\/e-pood\/toode\/sipelgapulber-horticom-600g\/#breadcrumb","itemListElement":[{"@type":"ListItem","position":1,"name":"Home","item":"https:\/\/horticom.ee\/e-pood\/"},{"@type":"ListItem","position":2,"name":"Pood","item":"https:\/\/horticom.ee\/e-pood\/pood\/"},{"@type":"ListItem","position":3,"name":"Sipelgapulber Horticom 600g"}]},{"@type":"WebSite","@id":"https:\/\/horticom.ee\/e-pood\/#website","url":"https:\/\/horticom.ee\/e-pood\/","name":"Horticom.ee","description":"Aianduskaubad ja kodukaubad nii harrastajatele kui professionaalidele","potentialAction":[{"@type":"SearchAction","target":{"@type":"EntryPoint","urlTemplate":"https:\/\/horticom.ee\/e-pood\/?s={search_term_string}"},"query-input":{"@type":"PropertyValueSpecification","valueRequired":true,"valueName":"search_term_string"}}],"inLanguage":"ru-RU"}]}},"_links":{"self":[{"href":"https:\/\/horticom.ee\/e-pood\/ru\/wp-json\/wp\/v2\/product\/155696","targetHints":{"allow":["GET"]}}],"collection":[{"href":"https:\/\/horticom.ee\/e-pood\/ru\/wp-json\/wp\/v2\/product"}],"about":[{"href":"https:\/\/horticom.ee\/e-pood\/ru\/wp-json\/wp\/v2\/types\/product"}],"replies":[{"embeddable":true,"href":"https:\/\/horticom.ee\/e-pood\/ru\/wp-json\/wp\/v2\/comments?post=155696"}],"wp:featuredmedia":[{"embeddable":true,"href":"https:\/\/horticom.ee\/e-pood\/ru\/wp-json\/wp\/v2\/media\/157242"}],"wp:attachment":[{"href":"https:\/\/horticom.ee\/e-pood\/ru\/wp-json\/wp\/v2\/media?parent=155696"}],"wp:term":[{"taxonomy":"product_cat","embeddable":true,"href":"https:\/\/horticom.ee\/e-pood\/ru\/wp-json\/wp\/v2\/product_cat?post=155696"},{"taxonomy":"product_tag","embeddable":true,"href":"https:\/\/horticom.ee\/e-pood\/ru\/wp-json\/wp\/v2\/product_tag?post=155696"}],"curies":[{"name":"wp","href":"https:\/\/api.w.org\/{rel}","templated":true}]}}