{"id":155709,"date":"2022-01-18T00:16:36","date_gmt":"2022-01-17T22:16:36","guid":{"rendered":"https:\/\/aednik24.ee\/toode\/istutuspott-greenville-alusega-245-x-231cm-tumehall\/"},"modified":"2026-04-30T03:11:13","modified_gmt":"2026-04-30T00:11:13","slug":"istutuspott-greenville-alusega-245-x-231cm-tumehall","status":"publish","type":"product","link":"https:\/\/horticom.ee\/e-pood\/ru\/toode\/istutuspott-greenville-alusega-245-x-231cm-tumehall\/","title":{"rendered":"Istutuspott Elho Greenville alusega d 25cm 7,6L must"},"content":{"rendered":"<p>Istutuspott Greenville alusega on tagasihoidlikud, kuid kaunid ja modernnsed potid. Valmistatud 100% \u00fcmert\u00f6\u00f6deldud vastupidavast plastikust, mis peavad vastu aastaid. Potid on disainitud integreeritud vee reservuaariga, t\u00e4nu millele taim saab vajaliku vee k\u00e4tte. Toote valmistamisel kasutatakse erilisi v\u00e4rvipigmente, mist\u00f5ttu toodetel p\u00fcsib originaalv\u00e4rv kauem. Istutuspott on ilmastiku kindel ja saab kasutada aastaringselt.<\/p>\n","protected":false},"excerpt":{"rendered":"<p>Istutuspott Greenville alusega on tagasihoidlikud, kuid kaunid ja modernnsed potid. Valmistatud 100% \u00fcmert\u00f6\u00f6deldud vastupidavast plastikust, mis peavad vastu aastaid. Potid on disainitud integreeritud vee reservuaariga, t\u00e4nu millele taim saab vajaliku vee k\u00e4tte. Toote valmistamisel kasutatakse erilisi v\u00e4rvipigmente, mist\u00f5ttu toodetel p\u00fcsib originaalv\u00e4rv kauem. Istutuspott on ilmastiku kindel ja saab kasutada aastaringselt.<\/p>\n","protected":false},"featured_media":157232,"comment_status":"closed","ping_status":"closed","template":"","meta":{"_themeisle_gutenberg_block_has_review":false},"product_cat":[13475],"product_tag":[],"class_list":{"0":"post-155709","1":"product","2":"type-product","3":"status-publish","4":"has-post-thumbnail","6":"product_cat-istutuspotid","8":"first","9":"instock","10":"shipping-taxable","11":"purchasable","12":"product-type-simple"},"yoast_head":"<!-- This site is optimized with the Yoast SEO plugin v24.0 - https:\/\/yoast.com\/wordpress\/plugins\/seo\/ -->\n<title>Istutuspott Elho Greenville alusega d 25cm 7,6L must<\/title>\n<meta name=\"description\" content=\"Istutuspott Greenville alusega on tagasihoidlikud, kuid kaunid ja modernnsed potid. Istutuspott on ilmastiku kindel ja saab kasutada aastaringselt.\" \/>\n<meta name=\"robots\" content=\"index, follow, max-snippet:-1, max-image-preview:large, max-video-preview:-1\" \/>\n<link rel=\"canonical\" href=\"https:\/\/horticom.ee\/e-pood\/toode\/istutuspott-greenville-alusega-245-x-231cm-tumehall\/\" \/>\n<meta property=\"og:locale\" content=\"ru_RU\" \/>\n<meta property=\"og:type\" content=\"article\" \/>\n<meta property=\"og:title\" content=\"Istutuspott Elho Greenville alusega d 25cm 7,6L must\" \/>\n<meta property=\"og:description\" content=\"Istutuspott Greenville alusega on tagasihoidlikud, kuid kaunid ja modernnsed potid. Istutuspott on ilmastiku kindel ja saab kasutada aastaringselt.\" \/>\n<meta property=\"og:url\" content=\"https:\/\/horticom.ee\/e-pood\/toode\/istutuspott-greenville-alusega-245-x-231cm-tumehall\/\" \/>\n<meta property=\"og:site_name\" content=\"Horticom.ee\" \/>\n<meta property=\"article:publisher\" content=\"https:\/\/www.facebook.com\/horticom.ee\/e-pood\" \/>\n<meta property=\"article:modified_time\" content=\"2026-04-30T00:11:13+00:00\" \/>\n<meta property=\"og:image\" content=\"https:\/\/horticom.ee\/e-pood\/wp-content\/uploads\/importedmedia\/product-155709_0-6446226_433.jpg\" \/>\n\t<meta property=\"og:image:width\" content=\"1000\" \/>\n\t<meta property=\"og:image:height\" content=\"1000\" \/>\n\t<meta property=\"og:image:type\" content=\"image\/jpeg\" \/>\n<meta name=\"twitter:card\" content=\"summary_large_image\" \/>\n<meta name=\"twitter:label1\" content=\"\u041f\u0440\u0438\u043c\u0435\u0440\u043d\u043e\u0435 \u0432\u0440\u0435\u043c\u044f \u0434\u043b\u044f \u0447\u0442\u0435\u043d\u0438\u044f\" \/>\n\t<meta name=\"twitter:data1\" content=\"1 \u043c\u0438\u043d\u0443\u0442\u0430\" \/>\n<script type=\"application\/ld+json\" class=\"yoast-schema-graph\">{\"@context\":\"https:\/\/schema.org\",\"@graph\":[{\"@type\":\"WebPage\",\"@id\":\"https:\/\/horticom.ee\/e-pood\/toode\/istutuspott-greenville-alusega-245-x-231cm-tumehall\/\",\"url\":\"https:\/\/horticom.ee\/e-pood\/toode\/istutuspott-greenville-alusega-245-x-231cm-tumehall\/\",\"name\":\"Istutuspott Elho Greenville alusega d 25cm 7,6L must\",\"isPartOf\":{\"@id\":\"https:\/\/horticom.ee\/e-pood\/#website\"},\"primaryImageOfPage\":{\"@id\":\"https:\/\/horticom.ee\/e-pood\/toode\/istutuspott-greenville-alusega-245-x-231cm-tumehall\/#primaryimage\"},\"image\":{\"@id\":\"https:\/\/horticom.ee\/e-pood\/toode\/istutuspott-greenville-alusega-245-x-231cm-tumehall\/#primaryimage\"},\"thumbnailUrl\":\"https:\/\/horticom.ee\/e-pood\/wp-content\/uploads\/importedmedia\/product-155709_0-6446226_433.jpg\",\"datePublished\":\"2022-01-17T22:16:36+00:00\",\"dateModified\":\"2026-04-30T00:11:13+00:00\",\"description\":\"Istutuspott Greenville alusega on tagasihoidlikud, kuid kaunid ja modernnsed potid. Istutuspott on ilmastiku kindel ja saab kasutada aastaringselt.\",\"breadcrumb\":{\"@id\":\"https:\/\/horticom.ee\/e-pood\/toode\/istutuspott-greenville-alusega-245-x-231cm-tumehall\/#breadcrumb\"},\"inLanguage\":\"ru-RU\",\"potentialAction\":[{\"@type\":\"ReadAction\",\"target\":[\"https:\/\/horticom.ee\/e-pood\/toode\/istutuspott-greenville-alusega-245-x-231cm-tumehall\/\"]}]},{\"@type\":\"ImageObject\",\"inLanguage\":\"ru-RU\",\"@id\":\"https:\/\/horticom.ee\/e-pood\/toode\/istutuspott-greenville-alusega-245-x-231cm-tumehall\/#primaryimage\",\"url\":\"https:\/\/horticom.ee\/e-pood\/wp-content\/uploads\/importedmedia\/product-155709_0-6446226_433.jpg\",\"contentUrl\":\"https:\/\/horticom.ee\/e-pood\/wp-content\/uploads\/importedmedia\/product-155709_0-6446226_433.jpg\",\"width\":1000,\"height\":1000,\"caption\":\"Istutuspott Elho Greenville alusega d 25cm 7,6L must\"},{\"@type\":\"BreadcrumbList\",\"@id\":\"https:\/\/horticom.ee\/e-pood\/toode\/istutuspott-greenville-alusega-245-x-231cm-tumehall\/#breadcrumb\",\"itemListElement\":[{\"@type\":\"ListItem\",\"position\":1,\"name\":\"Home\",\"item\":\"https:\/\/horticom.ee\/e-pood\/\"},{\"@type\":\"ListItem\",\"position\":2,\"name\":\"Pood\",\"item\":\"https:\/\/horticom.ee\/e-pood\/pood\/\"},{\"@type\":\"ListItem\",\"position\":3,\"name\":\"Istutuspott Elho Greenville alusega d 25cm 7,6L must\"}]},{\"@type\":\"WebSite\",\"@id\":\"https:\/\/horticom.ee\/e-pood\/#website\",\"url\":\"https:\/\/horticom.ee\/e-pood\/\",\"name\":\"Horticom.ee\",\"description\":\"Aianduskaubad ja kodukaubad nii harrastajatele kui professionaalidele\",\"potentialAction\":[{\"@type\":\"SearchAction\",\"target\":{\"@type\":\"EntryPoint\",\"urlTemplate\":\"https:\/\/horticom.ee\/e-pood\/?s={search_term_string}\"},\"query-input\":{\"@type\":\"PropertyValueSpecification\",\"valueRequired\":true,\"valueName\":\"search_term_string\"}}],\"inLanguage\":\"ru-RU\"}]}<\/script>\n<!-- \/ Yoast SEO plugin. -->","yoast_head_json":{"title":"Istutuspott Elho Greenville alusega d 25cm 7,6L must","description":"Istutuspott Greenville alusega on tagasihoidlikud, kuid kaunid ja modernnsed potid. Istutuspott on ilmastiku kindel ja saab kasutada aastaringselt.","robots":{"index":"index","follow":"follow","max-snippet":"max-snippet:-1","max-image-preview":"max-image-preview:large","max-video-preview":"max-video-preview:-1"},"canonical":"https:\/\/horticom.ee\/e-pood\/toode\/istutuspott-greenville-alusega-245-x-231cm-tumehall\/","og_locale":"ru_RU","og_type":"article","og_title":"Istutuspott Elho Greenville alusega d 25cm 7,6L must","og_description":"Istutuspott Greenville alusega on tagasihoidlikud, kuid kaunid ja modernnsed potid. Istutuspott on ilmastiku kindel ja saab kasutada aastaringselt.","og_url":"https:\/\/horticom.ee\/e-pood\/toode\/istutuspott-greenville-alusega-245-x-231cm-tumehall\/","og_site_name":"Horticom.ee","article_publisher":"https:\/\/www.facebook.com\/horticom.ee\/e-pood","article_modified_time":"2026-04-30T00:11:13+00:00","og_image":[{"width":1000,"height":1000,"url":"https:\/\/horticom.ee\/e-pood\/wp-content\/uploads\/importedmedia\/product-155709_0-6446226_433.jpg","type":"image\/jpeg"}],"twitter_card":"summary_large_image","twitter_misc":{"\u041f\u0440\u0438\u043c\u0435\u0440\u043d\u043e\u0435 \u0432\u0440\u0435\u043c\u044f \u0434\u043b\u044f \u0447\u0442\u0435\u043d\u0438\u044f":"1 \u043c\u0438\u043d\u0443\u0442\u0430"},"schema":{"@context":"https:\/\/schema.org","@graph":[{"@type":"WebPage","@id":"https:\/\/horticom.ee\/e-pood\/toode\/istutuspott-greenville-alusega-245-x-231cm-tumehall\/","url":"https:\/\/horticom.ee\/e-pood\/toode\/istutuspott-greenville-alusega-245-x-231cm-tumehall\/","name":"Istutuspott Elho Greenville alusega d 25cm 7,6L must","isPartOf":{"@id":"https:\/\/horticom.ee\/e-pood\/#website"},"primaryImageOfPage":{"@id":"https:\/\/horticom.ee\/e-pood\/toode\/istutuspott-greenville-alusega-245-x-231cm-tumehall\/#primaryimage"},"image":{"@id":"https:\/\/horticom.ee\/e-pood\/toode\/istutuspott-greenville-alusega-245-x-231cm-tumehall\/#primaryimage"},"thumbnailUrl":"https:\/\/horticom.ee\/e-pood\/wp-content\/uploads\/importedmedia\/product-155709_0-6446226_433.jpg","datePublished":"2022-01-17T22:16:36+00:00","dateModified":"2026-04-30T00:11:13+00:00","description":"Istutuspott Greenville alusega on tagasihoidlikud, kuid kaunid ja modernnsed potid. Istutuspott on ilmastiku kindel ja saab kasutada aastaringselt.","breadcrumb":{"@id":"https:\/\/horticom.ee\/e-pood\/toode\/istutuspott-greenville-alusega-245-x-231cm-tumehall\/#breadcrumb"},"inLanguage":"ru-RU","potentialAction":[{"@type":"ReadAction","target":["https:\/\/horticom.ee\/e-pood\/toode\/istutuspott-greenville-alusega-245-x-231cm-tumehall\/"]}]},{"@type":"ImageObject","inLanguage":"ru-RU","@id":"https:\/\/horticom.ee\/e-pood\/toode\/istutuspott-greenville-alusega-245-x-231cm-tumehall\/#primaryimage","url":"https:\/\/horticom.ee\/e-pood\/wp-content\/uploads\/importedmedia\/product-155709_0-6446226_433.jpg","contentUrl":"https:\/\/horticom.ee\/e-pood\/wp-content\/uploads\/importedmedia\/product-155709_0-6446226_433.jpg","width":1000,"height":1000,"caption":"Istutuspott Elho Greenville alusega d 25cm 7,6L must"},{"@type":"BreadcrumbList","@id":"https:\/\/horticom.ee\/e-pood\/toode\/istutuspott-greenville-alusega-245-x-231cm-tumehall\/#breadcrumb","itemListElement":[{"@type":"ListItem","position":1,"name":"Home","item":"https:\/\/horticom.ee\/e-pood\/"},{"@type":"ListItem","position":2,"name":"Pood","item":"https:\/\/horticom.ee\/e-pood\/pood\/"},{"@type":"ListItem","position":3,"name":"Istutuspott Elho Greenville alusega d 25cm 7,6L must"}]},{"@type":"WebSite","@id":"https:\/\/horticom.ee\/e-pood\/#website","url":"https:\/\/horticom.ee\/e-pood\/","name":"Horticom.ee","description":"Aianduskaubad ja kodukaubad nii harrastajatele kui professionaalidele","potentialAction":[{"@type":"SearchAction","target":{"@type":"EntryPoint","urlTemplate":"https:\/\/horticom.ee\/e-pood\/?s={search_term_string}"},"query-input":{"@type":"PropertyValueSpecification","valueRequired":true,"valueName":"search_term_string"}}],"inLanguage":"ru-RU"}]}},"_links":{"self":[{"href":"https:\/\/horticom.ee\/e-pood\/ru\/wp-json\/wp\/v2\/product\/155709","targetHints":{"allow":["GET"]}}],"collection":[{"href":"https:\/\/horticom.ee\/e-pood\/ru\/wp-json\/wp\/v2\/product"}],"about":[{"href":"https:\/\/horticom.ee\/e-pood\/ru\/wp-json\/wp\/v2\/types\/product"}],"replies":[{"embeddable":true,"href":"https:\/\/horticom.ee\/e-pood\/ru\/wp-json\/wp\/v2\/comments?post=155709"}],"wp:featuredmedia":[{"embeddable":true,"href":"https:\/\/horticom.ee\/e-pood\/ru\/wp-json\/wp\/v2\/media\/157232"}],"wp:attachment":[{"href":"https:\/\/horticom.ee\/e-pood\/ru\/wp-json\/wp\/v2\/media?parent=155709"}],"wp:term":[{"taxonomy":"product_cat","embeddable":true,"href":"https:\/\/horticom.ee\/e-pood\/ru\/wp-json\/wp\/v2\/product_cat?post=155709"},{"taxonomy":"product_tag","embeddable":true,"href":"https:\/\/horticom.ee\/e-pood\/ru\/wp-json\/wp\/v2\/product_tag?post=155709"}],"curies":[{"name":"wp","href":"https:\/\/api.w.org\/{rel}","templated":true}]}}