{"id":155751,"date":"2022-01-18T00:16:59","date_gmt":"2022-01-17T22:16:59","guid":{"rendered":"https:\/\/aednik24.ee\/toode\/oitsvate-toataimede-kastmisvaetis-horticom-100g\/"},"modified":"2026-04-24T03:13:09","modified_gmt":"2026-04-24T00:13:09","slug":"oitsvate-toataimede-kastmisvaetis-horticom-100g","status":"publish","type":"product","link":"https:\/\/horticom.ee\/e-pood\/ru\/toode\/oitsvate-toataimede-kastmisvaetis-horticom-100g\/","title":{"rendered":"\u00d5itsvate toataimede kastmisv\u00e4etis Horticom 100g"},"content":{"rendered":"<p>100% veeslahustuv kompleksv\u00e4etis. Spetsiaalselt \u00f5itsvatele taimedele m\u00f5eldud kastmisv\u00e4etis on eriti sobiv toas, r\u00f5dul ja terrassil kasvavatele \u00f5itsvatele taimedele. K\u00f5rge fosfori osakaal soodustab \u00f5ite lopsakat moodustumist ja tugevat v\u00e4rvumist.<\/p>\n","protected":false},"excerpt":{"rendered":"<p>100% veeslahustuv kompleksv\u00e4etis. Spetsiaalselt \u00f5itsvatele taimedele m\u00f5eldud kastmisv\u00e4etis on eriti sobiv toas, r\u00f5dul ja terrassil kasvavatele \u00f5itsvatele taimedele. K\u00f5rge fosfori osakaal soodustab \u00f5ite lopsakat moodustumist ja tugevat v\u00e4rvumist.<\/p>\n","protected":false},"featured_media":2379152,"comment_status":"closed","ping_status":"closed","template":"","meta":{"_themeisle_gutenberg_block_has_review":false},"product_cat":[16964,16968],"product_tag":[],"class_list":{"0":"post-155751","1":"product","2":"type-product","3":"status-publish","4":"has-post-thumbnail","6":"product_cat-suvelilledele-ja-rodutaimedele","7":"product_cat-toataimedele","9":"first","10":"instock","11":"shipping-taxable","12":"purchasable","13":"product-type-simple"},"yoast_head":"<!-- This site is optimized with the Yoast SEO plugin v24.0 - https:\/\/yoast.com\/wordpress\/plugins\/seo\/ -->\n<title>\u00d5itsvate toataimede kastmisv\u00e4etis Horticom 100g - Horticom<\/title>\n<meta name=\"robots\" content=\"index, follow, max-snippet:-1, max-image-preview:large, max-video-preview:-1\" \/>\n<link rel=\"canonical\" href=\"https:\/\/horticom.ee\/e-pood\/toode\/oitsvate-toataimede-kastmisvaetis-horticom-100g\/\" \/>\n<meta property=\"og:locale\" content=\"ru_RU\" \/>\n<meta property=\"og:type\" content=\"article\" \/>\n<meta property=\"og:title\" content=\"\u00d5itsvate toataimede kastmisv\u00e4etis Horticom 100g - Horticom\" \/>\n<meta property=\"og:description\" content=\"100% veeslahustuv kompleksv\u00e4etis. Spetsiaalselt \u00f5itsvatele taimedele m\u00f5eldud kastmisv\u00e4etis on eriti sobiv toas, r\u00f5dul ja terrassil kasvavatele \u00f5itsvatele taimedele. K\u00f5rge fosfori osakaal soodustab \u00f5ite lopsakat moodustumist ja tugevat v\u00e4rvumist.\" \/>\n<meta property=\"og:url\" content=\"https:\/\/horticom.ee\/e-pood\/toode\/oitsvate-toataimede-kastmisvaetis-horticom-100g\/\" \/>\n<meta property=\"og:site_name\" content=\"Horticom.ee\" \/>\n<meta property=\"article:publisher\" content=\"https:\/\/www.facebook.com\/horticom.ee\/e-pood\" \/>\n<meta property=\"article:modified_time\" content=\"2026-04-24T00:13:09+00:00\" \/>\n<meta property=\"og:image\" content=\"https:\/\/horticom.ee\/e-pood\/wp-content\/uploads\/importedmedia\/product-155751_0-6700041.jpg\" \/>\n\t<meta property=\"og:image:width\" content=\"1000\" \/>\n\t<meta property=\"og:image:height\" content=\"1000\" \/>\n\t<meta property=\"og:image:type\" content=\"image\/jpeg\" \/>\n<meta name=\"twitter:card\" content=\"summary_large_image\" \/>\n<script type=\"application\/ld+json\" class=\"yoast-schema-graph\">{\"@context\":\"https:\/\/schema.org\",\"@graph\":[{\"@type\":\"WebPage\",\"@id\":\"https:\/\/horticom.ee\/e-pood\/toode\/oitsvate-toataimede-kastmisvaetis-horticom-100g\/\",\"url\":\"https:\/\/horticom.ee\/e-pood\/toode\/oitsvate-toataimede-kastmisvaetis-horticom-100g\/\",\"name\":\"\u00d5itsvate toataimede kastmisv\u00e4etis Horticom 100g - Horticom\",\"isPartOf\":{\"@id\":\"https:\/\/horticom.ee\/e-pood\/#website\"},\"primaryImageOfPage\":{\"@id\":\"https:\/\/horticom.ee\/e-pood\/toode\/oitsvate-toataimede-kastmisvaetis-horticom-100g\/#primaryimage\"},\"image\":{\"@id\":\"https:\/\/horticom.ee\/e-pood\/toode\/oitsvate-toataimede-kastmisvaetis-horticom-100g\/#primaryimage\"},\"thumbnailUrl\":\"https:\/\/horticom.ee\/e-pood\/wp-content\/uploads\/importedmedia\/product-155751_0-6700041.jpg\",\"datePublished\":\"2022-01-17T22:16:59+00:00\",\"dateModified\":\"2026-04-24T00:13:09+00:00\",\"breadcrumb\":{\"@id\":\"https:\/\/horticom.ee\/e-pood\/toode\/oitsvate-toataimede-kastmisvaetis-horticom-100g\/#breadcrumb\"},\"inLanguage\":\"ru-RU\",\"potentialAction\":[{\"@type\":\"ReadAction\",\"target\":[\"https:\/\/horticom.ee\/e-pood\/toode\/oitsvate-toataimede-kastmisvaetis-horticom-100g\/\"]}]},{\"@type\":\"ImageObject\",\"inLanguage\":\"ru-RU\",\"@id\":\"https:\/\/horticom.ee\/e-pood\/toode\/oitsvate-toataimede-kastmisvaetis-horticom-100g\/#primaryimage\",\"url\":\"https:\/\/horticom.ee\/e-pood\/wp-content\/uploads\/importedmedia\/product-155751_0-6700041.jpg\",\"contentUrl\":\"https:\/\/horticom.ee\/e-pood\/wp-content\/uploads\/importedmedia\/product-155751_0-6700041.jpg\",\"width\":1000,\"height\":1000},{\"@type\":\"BreadcrumbList\",\"@id\":\"https:\/\/horticom.ee\/e-pood\/toode\/oitsvate-toataimede-kastmisvaetis-horticom-100g\/#breadcrumb\",\"itemListElement\":[{\"@type\":\"ListItem\",\"position\":1,\"name\":\"Home\",\"item\":\"https:\/\/horticom.ee\/e-pood\/\"},{\"@type\":\"ListItem\",\"position\":2,\"name\":\"Pood\",\"item\":\"https:\/\/horticom.ee\/e-pood\/pood\/\"},{\"@type\":\"ListItem\",\"position\":3,\"name\":\"\u00d5itsvate toataimede kastmisv\u00e4etis Horticom 100g\"}]},{\"@type\":\"WebSite\",\"@id\":\"https:\/\/horticom.ee\/e-pood\/#website\",\"url\":\"https:\/\/horticom.ee\/e-pood\/\",\"name\":\"Horticom.ee\",\"description\":\"Aianduskaubad ja kodukaubad nii harrastajatele kui professionaalidele\",\"potentialAction\":[{\"@type\":\"SearchAction\",\"target\":{\"@type\":\"EntryPoint\",\"urlTemplate\":\"https:\/\/horticom.ee\/e-pood\/?s={search_term_string}\"},\"query-input\":{\"@type\":\"PropertyValueSpecification\",\"valueRequired\":true,\"valueName\":\"search_term_string\"}}],\"inLanguage\":\"ru-RU\"}]}<\/script>\n<!-- \/ Yoast SEO plugin. -->","yoast_head_json":{"title":"\u00d5itsvate toataimede kastmisv\u00e4etis Horticom 100g - Horticom","robots":{"index":"index","follow":"follow","max-snippet":"max-snippet:-1","max-image-preview":"max-image-preview:large","max-video-preview":"max-video-preview:-1"},"canonical":"https:\/\/horticom.ee\/e-pood\/toode\/oitsvate-toataimede-kastmisvaetis-horticom-100g\/","og_locale":"ru_RU","og_type":"article","og_title":"\u00d5itsvate toataimede kastmisv\u00e4etis Horticom 100g - Horticom","og_description":"100% veeslahustuv kompleksv\u00e4etis. Spetsiaalselt \u00f5itsvatele taimedele m\u00f5eldud kastmisv\u00e4etis on eriti sobiv toas, r\u00f5dul ja terrassil kasvavatele \u00f5itsvatele taimedele. K\u00f5rge fosfori osakaal soodustab \u00f5ite lopsakat moodustumist ja tugevat v\u00e4rvumist.","og_url":"https:\/\/horticom.ee\/e-pood\/toode\/oitsvate-toataimede-kastmisvaetis-horticom-100g\/","og_site_name":"Horticom.ee","article_publisher":"https:\/\/www.facebook.com\/horticom.ee\/e-pood","article_modified_time":"2026-04-24T00:13:09+00:00","og_image":[{"width":1000,"height":1000,"url":"https:\/\/horticom.ee\/e-pood\/wp-content\/uploads\/importedmedia\/product-155751_0-6700041.jpg","type":"image\/jpeg"}],"twitter_card":"summary_large_image","schema":{"@context":"https:\/\/schema.org","@graph":[{"@type":"WebPage","@id":"https:\/\/horticom.ee\/e-pood\/toode\/oitsvate-toataimede-kastmisvaetis-horticom-100g\/","url":"https:\/\/horticom.ee\/e-pood\/toode\/oitsvate-toataimede-kastmisvaetis-horticom-100g\/","name":"\u00d5itsvate toataimede kastmisv\u00e4etis Horticom 100g - Horticom","isPartOf":{"@id":"https:\/\/horticom.ee\/e-pood\/#website"},"primaryImageOfPage":{"@id":"https:\/\/horticom.ee\/e-pood\/toode\/oitsvate-toataimede-kastmisvaetis-horticom-100g\/#primaryimage"},"image":{"@id":"https:\/\/horticom.ee\/e-pood\/toode\/oitsvate-toataimede-kastmisvaetis-horticom-100g\/#primaryimage"},"thumbnailUrl":"https:\/\/horticom.ee\/e-pood\/wp-content\/uploads\/importedmedia\/product-155751_0-6700041.jpg","datePublished":"2022-01-17T22:16:59+00:00","dateModified":"2026-04-24T00:13:09+00:00","breadcrumb":{"@id":"https:\/\/horticom.ee\/e-pood\/toode\/oitsvate-toataimede-kastmisvaetis-horticom-100g\/#breadcrumb"},"inLanguage":"ru-RU","potentialAction":[{"@type":"ReadAction","target":["https:\/\/horticom.ee\/e-pood\/toode\/oitsvate-toataimede-kastmisvaetis-horticom-100g\/"]}]},{"@type":"ImageObject","inLanguage":"ru-RU","@id":"https:\/\/horticom.ee\/e-pood\/toode\/oitsvate-toataimede-kastmisvaetis-horticom-100g\/#primaryimage","url":"https:\/\/horticom.ee\/e-pood\/wp-content\/uploads\/importedmedia\/product-155751_0-6700041.jpg","contentUrl":"https:\/\/horticom.ee\/e-pood\/wp-content\/uploads\/importedmedia\/product-155751_0-6700041.jpg","width":1000,"height":1000},{"@type":"BreadcrumbList","@id":"https:\/\/horticom.ee\/e-pood\/toode\/oitsvate-toataimede-kastmisvaetis-horticom-100g\/#breadcrumb","itemListElement":[{"@type":"ListItem","position":1,"name":"Home","item":"https:\/\/horticom.ee\/e-pood\/"},{"@type":"ListItem","position":2,"name":"Pood","item":"https:\/\/horticom.ee\/e-pood\/pood\/"},{"@type":"ListItem","position":3,"name":"\u00d5itsvate toataimede kastmisv\u00e4etis Horticom 100g"}]},{"@type":"WebSite","@id":"https:\/\/horticom.ee\/e-pood\/#website","url":"https:\/\/horticom.ee\/e-pood\/","name":"Horticom.ee","description":"Aianduskaubad ja kodukaubad nii harrastajatele kui professionaalidele","potentialAction":[{"@type":"SearchAction","target":{"@type":"EntryPoint","urlTemplate":"https:\/\/horticom.ee\/e-pood\/?s={search_term_string}"},"query-input":{"@type":"PropertyValueSpecification","valueRequired":true,"valueName":"search_term_string"}}],"inLanguage":"ru-RU"}]}},"_links":{"self":[{"href":"https:\/\/horticom.ee\/e-pood\/ru\/wp-json\/wp\/v2\/product\/155751","targetHints":{"allow":["GET"]}}],"collection":[{"href":"https:\/\/horticom.ee\/e-pood\/ru\/wp-json\/wp\/v2\/product"}],"about":[{"href":"https:\/\/horticom.ee\/e-pood\/ru\/wp-json\/wp\/v2\/types\/product"}],"replies":[{"embeddable":true,"href":"https:\/\/horticom.ee\/e-pood\/ru\/wp-json\/wp\/v2\/comments?post=155751"}],"wp:featuredmedia":[{"embeddable":true,"href":"https:\/\/horticom.ee\/e-pood\/ru\/wp-json\/wp\/v2\/media\/2379152"}],"wp:attachment":[{"href":"https:\/\/horticom.ee\/e-pood\/ru\/wp-json\/wp\/v2\/media?parent=155751"}],"wp:term":[{"taxonomy":"product_cat","embeddable":true,"href":"https:\/\/horticom.ee\/e-pood\/ru\/wp-json\/wp\/v2\/product_cat?post=155751"},{"taxonomy":"product_tag","embeddable":true,"href":"https:\/\/horticom.ee\/e-pood\/ru\/wp-json\/wp\/v2\/product_tag?post=155751"}],"curies":[{"name":"wp","href":"https:\/\/api.w.org\/{rel}","templated":true}]}}