{"id":155832,"date":"2022-01-18T00:17:45","date_gmt":"2022-01-17T22:17:45","guid":{"rendered":"https:\/\/aednik24.ee\/toode\/putukavork-aknale-festa-hall-150-x-130-cm-kinnitusteip-56m\/"},"modified":"2026-04-20T03:14:57","modified_gmt":"2026-04-20T00:14:57","slug":"putukavork-aknale-festa-hall-150-x-130-cm-kinnitusteip-56m","status":"publish","type":"product","link":"https:\/\/horticom.ee\/e-pood\/ru\/toode\/putukavork-aknale-festa-hall-150-x-130-cm-kinnitusteip-56m\/","title":{"rendered":"Putukav\u00f5rk aknale Festa 150 x 130cm +kinnitusteip 5,6m hall"},"content":{"rendered":"<p>Sisaldab v\u00f5rku suurusega 150 x130cm, kaasas isekleepuv lint 5,6m .Putukav\u00f5rk on ohutu t\u00f5rjevahend, kaitstes teid aknast sissepressivate t\u00fc\u00fctute putukate eest. V\u00f5rgud aitavad tagada akna lahti olles alati v\u00e4rske \u00f5hu ja segamatu une. Putukav\u00f5rk p\u00fcsib kindlalt akna ees ning on vastupidav ilmastikum\u00f5judele. V\u00f5rku on lihtne paigaldada, aga ka vajadusel eemaldada n\u00e4it selle pesemisel 30\u00b0 juures v\u00f5i talvel. Kleeplinti on v\u00f5imalik kleepida k\u00f5igile akna- ja ukseprofiilidele ning seda saab igal ajal eemaldada. V\u00e4rvitud raamid peavad parimaks nakkumiseks olema korralikult siledad. Lint v\u00f5ib j\u00e4\u00e4da aknaraamile ka talveperioodiks.<\/p>\n","protected":false},"excerpt":{"rendered":"<p>Sisaldab v\u00f5rku suurusega 150 x130cm, kaasas isekleepuv lint 5,6m .Putukav\u00f5rk on ohutu t\u00f5rjevahend, kaitstes teid aknast sissepressivate t\u00fc\u00fctute putukate eest. V\u00f5rgud aitavad tagada akna lahti olles alati v\u00e4rske \u00f5hu ja segamatu une. Putukav\u00f5rk p\u00fcsib kindlalt akna ees ning on vastupidav ilmastikum\u00f5judele. V\u00f5rku on lihtne paigaldada, aga ka vajadusel eemaldada n\u00e4it selle pesemisel 30\u00b0 juures v\u00f5i [&hellip;]<\/p>\n","protected":false},"featured_media":156500,"comment_status":"closed","ping_status":"closed","template":"","meta":{"_themeisle_gutenberg_block_has_review":false},"product_cat":[16360,13598],"product_tag":[],"class_list":{"0":"post-155832","1":"product","2":"type-product","3":"status-publish","4":"has-post-thumbnail","6":"product_cat-putukavorgud","7":"product_cat-saased-puugid-ja-parmud","9":"first","10":"instock","11":"shipping-taxable","12":"purchasable","13":"product-type-simple"},"yoast_head":"<!-- This site is optimized with the Yoast SEO plugin v24.0 - https:\/\/yoast.com\/wordpress\/plugins\/seo\/ -->\n<title>Putukav\u00f5rk aknale Festa 150 x 130cm +kinnitusteip hall<\/title>\n<meta name=\"description\" content=\"Putukav\u00f5rk kaitseb t\u00fc\u00fctute putukate eest, tagades v\u00e4rske \u00f5hu ja rahuliku une. Lihtne paigaldada ja ilmastikukindel. Komplektis isekleepuv lint.\" \/>\n<meta name=\"robots\" content=\"index, follow, max-snippet:-1, max-image-preview:large, max-video-preview:-1\" \/>\n<link rel=\"canonical\" href=\"https:\/\/horticom.ee\/e-pood\/toode\/putukavork-aknale-festa-hall-150-x-130-cm-kinnitusteip-56m\/\" \/>\n<meta property=\"og:locale\" content=\"ru_RU\" \/>\n<meta property=\"og:type\" content=\"article\" \/>\n<meta property=\"og:title\" content=\"Putukav\u00f5rk aknale Festa 150 x 130cm +kinnitusteip hall\" \/>\n<meta property=\"og:description\" content=\"Putukav\u00f5rk kaitseb t\u00fc\u00fctute putukate eest, tagades v\u00e4rske \u00f5hu ja rahuliku une. Lihtne paigaldada ja ilmastikukindel. Komplektis isekleepuv lint.\" \/>\n<meta property=\"og:url\" content=\"https:\/\/horticom.ee\/e-pood\/toode\/putukavork-aknale-festa-hall-150-x-130-cm-kinnitusteip-56m\/\" \/>\n<meta property=\"og:site_name\" content=\"Horticom.ee\" \/>\n<meta property=\"article:publisher\" content=\"https:\/\/www.facebook.com\/horticom.ee\/e-pood\" \/>\n<meta property=\"article:modified_time\" content=\"2026-04-20T00:14:57+00:00\" \/>\n<meta property=\"og:image\" content=\"https:\/\/horticom.ee\/e-pood\/wp-content\/uploads\/importedmedia\/product-155832_0-P040051.jpg\" \/>\n\t<meta property=\"og:image:width\" content=\"1000\" \/>\n\t<meta property=\"og:image:height\" content=\"1333\" \/>\n\t<meta property=\"og:image:type\" content=\"image\/jpeg\" \/>\n<meta name=\"twitter:card\" content=\"summary_large_image\" \/>\n<meta name=\"twitter:label1\" content=\"\u041f\u0440\u0438\u043c\u0435\u0440\u043d\u043e\u0435 \u0432\u0440\u0435\u043c\u044f \u0434\u043b\u044f \u0447\u0442\u0435\u043d\u0438\u044f\" \/>\n\t<meta name=\"twitter:data1\" content=\"1 \u043c\u0438\u043d\u0443\u0442\u0430\" \/>\n<script type=\"application\/ld+json\" class=\"yoast-schema-graph\">{\"@context\":\"https:\/\/schema.org\",\"@graph\":[{\"@type\":\"WebPage\",\"@id\":\"https:\/\/horticom.ee\/e-pood\/toode\/putukavork-aknale-festa-hall-150-x-130-cm-kinnitusteip-56m\/\",\"url\":\"https:\/\/horticom.ee\/e-pood\/toode\/putukavork-aknale-festa-hall-150-x-130-cm-kinnitusteip-56m\/\",\"name\":\"Putukav\u00f5rk aknale Festa 150 x 130cm +kinnitusteip hall\",\"isPartOf\":{\"@id\":\"https:\/\/horticom.ee\/e-pood\/#website\"},\"primaryImageOfPage\":{\"@id\":\"https:\/\/horticom.ee\/e-pood\/toode\/putukavork-aknale-festa-hall-150-x-130-cm-kinnitusteip-56m\/#primaryimage\"},\"image\":{\"@id\":\"https:\/\/horticom.ee\/e-pood\/toode\/putukavork-aknale-festa-hall-150-x-130-cm-kinnitusteip-56m\/#primaryimage\"},\"thumbnailUrl\":\"https:\/\/horticom.ee\/e-pood\/wp-content\/uploads\/importedmedia\/product-155832_0-P040051.jpg\",\"datePublished\":\"2022-01-17T22:17:45+00:00\",\"dateModified\":\"2026-04-20T00:14:57+00:00\",\"description\":\"Putukav\u00f5rk kaitseb t\u00fc\u00fctute putukate eest, tagades v\u00e4rske \u00f5hu ja rahuliku une. Lihtne paigaldada ja ilmastikukindel. Komplektis isekleepuv lint.\",\"breadcrumb\":{\"@id\":\"https:\/\/horticom.ee\/e-pood\/toode\/putukavork-aknale-festa-hall-150-x-130-cm-kinnitusteip-56m\/#breadcrumb\"},\"inLanguage\":\"ru-RU\",\"potentialAction\":[{\"@type\":\"ReadAction\",\"target\":[\"https:\/\/horticom.ee\/e-pood\/toode\/putukavork-aknale-festa-hall-150-x-130-cm-kinnitusteip-56m\/\"]}]},{\"@type\":\"ImageObject\",\"inLanguage\":\"ru-RU\",\"@id\":\"https:\/\/horticom.ee\/e-pood\/toode\/putukavork-aknale-festa-hall-150-x-130-cm-kinnitusteip-56m\/#primaryimage\",\"url\":\"https:\/\/horticom.ee\/e-pood\/wp-content\/uploads\/importedmedia\/product-155832_0-P040051.jpg\",\"contentUrl\":\"https:\/\/horticom.ee\/e-pood\/wp-content\/uploads\/importedmedia\/product-155832_0-P040051.jpg\",\"width\":1000,\"height\":1333,\"caption\":\"Putukav\u00f5rk aknale Festa 150 x 130cm +kinnitusteip 5,6m hall\"},{\"@type\":\"BreadcrumbList\",\"@id\":\"https:\/\/horticom.ee\/e-pood\/toode\/putukavork-aknale-festa-hall-150-x-130-cm-kinnitusteip-56m\/#breadcrumb\",\"itemListElement\":[{\"@type\":\"ListItem\",\"position\":1,\"name\":\"Home\",\"item\":\"https:\/\/horticom.ee\/e-pood\/\"},{\"@type\":\"ListItem\",\"position\":2,\"name\":\"Pood\",\"item\":\"https:\/\/horticom.ee\/e-pood\/pood\/\"},{\"@type\":\"ListItem\",\"position\":3,\"name\":\"Putukav\u00f5rk aknale Festa 150 x 130cm +kinnitusteip 5,6m hall\"}]},{\"@type\":\"WebSite\",\"@id\":\"https:\/\/horticom.ee\/e-pood\/#website\",\"url\":\"https:\/\/horticom.ee\/e-pood\/\",\"name\":\"Horticom.ee\",\"description\":\"Aianduskaubad ja kodukaubad nii harrastajatele kui professionaalidele\",\"potentialAction\":[{\"@type\":\"SearchAction\",\"target\":{\"@type\":\"EntryPoint\",\"urlTemplate\":\"https:\/\/horticom.ee\/e-pood\/?s={search_term_string}\"},\"query-input\":{\"@type\":\"PropertyValueSpecification\",\"valueRequired\":true,\"valueName\":\"search_term_string\"}}],\"inLanguage\":\"ru-RU\"}]}<\/script>\n<!-- \/ Yoast SEO plugin. -->","yoast_head_json":{"title":"Putukav\u00f5rk aknale Festa 150 x 130cm +kinnitusteip hall","description":"Putukav\u00f5rk kaitseb t\u00fc\u00fctute putukate eest, tagades v\u00e4rske \u00f5hu ja rahuliku une. Lihtne paigaldada ja ilmastikukindel. Komplektis isekleepuv lint.","robots":{"index":"index","follow":"follow","max-snippet":"max-snippet:-1","max-image-preview":"max-image-preview:large","max-video-preview":"max-video-preview:-1"},"canonical":"https:\/\/horticom.ee\/e-pood\/toode\/putukavork-aknale-festa-hall-150-x-130-cm-kinnitusteip-56m\/","og_locale":"ru_RU","og_type":"article","og_title":"Putukav\u00f5rk aknale Festa 150 x 130cm +kinnitusteip hall","og_description":"Putukav\u00f5rk kaitseb t\u00fc\u00fctute putukate eest, tagades v\u00e4rske \u00f5hu ja rahuliku une. Lihtne paigaldada ja ilmastikukindel. Komplektis isekleepuv lint.","og_url":"https:\/\/horticom.ee\/e-pood\/toode\/putukavork-aknale-festa-hall-150-x-130-cm-kinnitusteip-56m\/","og_site_name":"Horticom.ee","article_publisher":"https:\/\/www.facebook.com\/horticom.ee\/e-pood","article_modified_time":"2026-04-20T00:14:57+00:00","og_image":[{"width":1000,"height":1333,"url":"https:\/\/horticom.ee\/e-pood\/wp-content\/uploads\/importedmedia\/product-155832_0-P040051.jpg","type":"image\/jpeg"}],"twitter_card":"summary_large_image","twitter_misc":{"\u041f\u0440\u0438\u043c\u0435\u0440\u043d\u043e\u0435 \u0432\u0440\u0435\u043c\u044f \u0434\u043b\u044f \u0447\u0442\u0435\u043d\u0438\u044f":"1 \u043c\u0438\u043d\u0443\u0442\u0430"},"schema":{"@context":"https:\/\/schema.org","@graph":[{"@type":"WebPage","@id":"https:\/\/horticom.ee\/e-pood\/toode\/putukavork-aknale-festa-hall-150-x-130-cm-kinnitusteip-56m\/","url":"https:\/\/horticom.ee\/e-pood\/toode\/putukavork-aknale-festa-hall-150-x-130-cm-kinnitusteip-56m\/","name":"Putukav\u00f5rk aknale Festa 150 x 130cm +kinnitusteip hall","isPartOf":{"@id":"https:\/\/horticom.ee\/e-pood\/#website"},"primaryImageOfPage":{"@id":"https:\/\/horticom.ee\/e-pood\/toode\/putukavork-aknale-festa-hall-150-x-130-cm-kinnitusteip-56m\/#primaryimage"},"image":{"@id":"https:\/\/horticom.ee\/e-pood\/toode\/putukavork-aknale-festa-hall-150-x-130-cm-kinnitusteip-56m\/#primaryimage"},"thumbnailUrl":"https:\/\/horticom.ee\/e-pood\/wp-content\/uploads\/importedmedia\/product-155832_0-P040051.jpg","datePublished":"2022-01-17T22:17:45+00:00","dateModified":"2026-04-20T00:14:57+00:00","description":"Putukav\u00f5rk kaitseb t\u00fc\u00fctute putukate eest, tagades v\u00e4rske \u00f5hu ja rahuliku une. Lihtne paigaldada ja ilmastikukindel. Komplektis isekleepuv lint.","breadcrumb":{"@id":"https:\/\/horticom.ee\/e-pood\/toode\/putukavork-aknale-festa-hall-150-x-130-cm-kinnitusteip-56m\/#breadcrumb"},"inLanguage":"ru-RU","potentialAction":[{"@type":"ReadAction","target":["https:\/\/horticom.ee\/e-pood\/toode\/putukavork-aknale-festa-hall-150-x-130-cm-kinnitusteip-56m\/"]}]},{"@type":"ImageObject","inLanguage":"ru-RU","@id":"https:\/\/horticom.ee\/e-pood\/toode\/putukavork-aknale-festa-hall-150-x-130-cm-kinnitusteip-56m\/#primaryimage","url":"https:\/\/horticom.ee\/e-pood\/wp-content\/uploads\/importedmedia\/product-155832_0-P040051.jpg","contentUrl":"https:\/\/horticom.ee\/e-pood\/wp-content\/uploads\/importedmedia\/product-155832_0-P040051.jpg","width":1000,"height":1333,"caption":"Putukav\u00f5rk aknale Festa 150 x 130cm +kinnitusteip 5,6m hall"},{"@type":"BreadcrumbList","@id":"https:\/\/horticom.ee\/e-pood\/toode\/putukavork-aknale-festa-hall-150-x-130-cm-kinnitusteip-56m\/#breadcrumb","itemListElement":[{"@type":"ListItem","position":1,"name":"Home","item":"https:\/\/horticom.ee\/e-pood\/"},{"@type":"ListItem","position":2,"name":"Pood","item":"https:\/\/horticom.ee\/e-pood\/pood\/"},{"@type":"ListItem","position":3,"name":"Putukav\u00f5rk aknale Festa 150 x 130cm +kinnitusteip 5,6m hall"}]},{"@type":"WebSite","@id":"https:\/\/horticom.ee\/e-pood\/#website","url":"https:\/\/horticom.ee\/e-pood\/","name":"Horticom.ee","description":"Aianduskaubad ja kodukaubad nii harrastajatele kui professionaalidele","potentialAction":[{"@type":"SearchAction","target":{"@type":"EntryPoint","urlTemplate":"https:\/\/horticom.ee\/e-pood\/?s={search_term_string}"},"query-input":{"@type":"PropertyValueSpecification","valueRequired":true,"valueName":"search_term_string"}}],"inLanguage":"ru-RU"}]}},"_links":{"self":[{"href":"https:\/\/horticom.ee\/e-pood\/ru\/wp-json\/wp\/v2\/product\/155832","targetHints":{"allow":["GET"]}}],"collection":[{"href":"https:\/\/horticom.ee\/e-pood\/ru\/wp-json\/wp\/v2\/product"}],"about":[{"href":"https:\/\/horticom.ee\/e-pood\/ru\/wp-json\/wp\/v2\/types\/product"}],"replies":[{"embeddable":true,"href":"https:\/\/horticom.ee\/e-pood\/ru\/wp-json\/wp\/v2\/comments?post=155832"}],"wp:featuredmedia":[{"embeddable":true,"href":"https:\/\/horticom.ee\/e-pood\/ru\/wp-json\/wp\/v2\/media\/156500"}],"wp:attachment":[{"href":"https:\/\/horticom.ee\/e-pood\/ru\/wp-json\/wp\/v2\/media?parent=155832"}],"wp:term":[{"taxonomy":"product_cat","embeddable":true,"href":"https:\/\/horticom.ee\/e-pood\/ru\/wp-json\/wp\/v2\/product_cat?post=155832"},{"taxonomy":"product_tag","embeddable":true,"href":"https:\/\/horticom.ee\/e-pood\/ru\/wp-json\/wp\/v2\/product_tag?post=155832"}],"curies":[{"name":"wp","href":"https:\/\/api.w.org\/{rel}","templated":true}]}}