{"id":155870,"date":"2022-01-18T00:18:07","date_gmt":"2022-01-17T22:18:07","guid":{"rendered":"https:\/\/aednik24.ee\/toode\/bio-toitelahus-maitsetaimedele-ja-koogiviljadele-agrecol-35ml\/"},"modified":"2026-05-02T03:10:50","modified_gmt":"2026-05-02T00:10:50","slug":"bio-toitelahus-maitsetaimedele-ja-koogiviljadele-agrecol-35ml","status":"publish","type":"product","link":"https:\/\/horticom.ee\/e-pood\/ru\/toode\/bio-toitelahus-maitsetaimedele-ja-koogiviljadele-agrecol-35ml\/","title":{"rendered":"BIO toitelahus maitsetaimedele ja k\u00f6\u00f6giviljadele Agrecol 35ml"},"content":{"rendered":"<p>Vedel orgaaniline v\u00e4etis, mis on ette n\u00e4htud istutuspottides, toakasvuhoonetes v\u00f5i peenras kasvatatavate k\u00f6\u00f6giviljade, \u00fcrtide ja puuviljataimede v\u00e4etamiseks. Toitelahus annab taimedele p\u00f5hitoitaineid ja on orgaanilise aine allikas. Eriti head tulemused basiiliku, piparm\u00fcndi, rosmariini, t\u00fc\u00fcmiani ja koriandri v\u00e4etamisel. Orgaaniline v\u00e4etiselahus on koheselt kasutusvalmis ja ei vaja lahjendamist. Toitaineid jagub neljaks n\u00e4dalaks, peale mida tasuks uus ampull panna.<\/p>\n","protected":false},"excerpt":{"rendered":"<p>Vedel orgaaniline v\u00e4etis, mis on ette n\u00e4htud istutuspottides, toakasvuhoonetes v\u00f5i peenras kasvatatavate k\u00f6\u00f6giviljade, \u00fcrtide ja puuviljataimede v\u00e4etamiseks. Toitelahus annab taimedele p\u00f5hitoitaineid ja on orgaanilise aine allikas. Eriti head tulemused basiiliku, piparm\u00fcndi, rosmariini, t\u00fc\u00fcmiani ja koriandri v\u00e4etamisel. Orgaaniline v\u00e4etiselahus on koheselt kasutusvalmis ja ei vaja lahjendamist. Toitaineid jagub neljaks n\u00e4dalaks, peale mida tasuks uus ampull panna.<\/p>\n","protected":false},"featured_media":2380904,"comment_status":"closed","ping_status":"closed","template":"","meta":{"_themeisle_gutenberg_block_has_review":false},"product_cat":[16965],"product_tag":[],"class_list":{"0":"post-155870","1":"product","2":"type-product","3":"status-publish","4":"has-post-thumbnail","6":"product_cat-koogiviljadele-ja-maitsetaimedele","8":"first","9":"instock","10":"shipping-taxable","11":"purchasable","12":"product-type-simple"},"yoast_head":"<!-- This site is optimized with the Yoast SEO plugin v24.0 - https:\/\/yoast.com\/wordpress\/plugins\/seo\/ -->\n<title>BIO toitelahus maitsetaimedele ja k\u00f6\u00f6giviljadele Agrecol 35ml - Horticom<\/title>\n<meta name=\"robots\" content=\"index, follow, max-snippet:-1, max-image-preview:large, max-video-preview:-1\" \/>\n<link rel=\"canonical\" href=\"https:\/\/horticom.ee\/e-pood\/toode\/bio-toitelahus-maitsetaimedele-ja-koogiviljadele-agrecol-35ml\/\" \/>\n<meta property=\"og:locale\" content=\"ru_RU\" \/>\n<meta property=\"og:type\" content=\"article\" \/>\n<meta property=\"og:title\" content=\"BIO toitelahus maitsetaimedele ja k\u00f6\u00f6giviljadele Agrecol 35ml - Horticom\" \/>\n<meta property=\"og:description\" content=\"Vedel orgaaniline v\u00e4etis, mis on ette n\u00e4htud istutuspottides, toakasvuhoonetes v\u00f5i peenras kasvatatavate k\u00f6\u00f6giviljade, \u00fcrtide ja puuviljataimede v\u00e4etamiseks. Toitelahus annab taimedele p\u00f5hitoitaineid ja on orgaanilise aine allikas. Eriti head tulemused basiiliku, piparm\u00fcndi, rosmariini, t\u00fc\u00fcmiani ja koriandri v\u00e4etamisel. Orgaaniline v\u00e4etiselahus on koheselt kasutusvalmis ja ei vaja lahjendamist. Toitaineid jagub neljaks n\u00e4dalaks, peale mida tasuks uus ampull panna.\" \/>\n<meta property=\"og:url\" content=\"https:\/\/horticom.ee\/e-pood\/toode\/bio-toitelahus-maitsetaimedele-ja-koogiviljadele-agrecol-35ml\/\" \/>\n<meta property=\"og:site_name\" content=\"Horticom.ee\" \/>\n<meta property=\"article:publisher\" content=\"https:\/\/www.facebook.com\/horticom.ee\/e-pood\" \/>\n<meta property=\"article:modified_time\" content=\"2026-05-02T00:10:50+00:00\" \/>\n<meta property=\"og:image\" content=\"https:\/\/horticom.ee\/e-pood\/wp-content\/uploads\/importedmedia\/product-155870_0-174373.jpg\" \/>\n\t<meta property=\"og:image:width\" content=\"1000\" \/>\n\t<meta property=\"og:image:height\" content=\"1000\" \/>\n\t<meta property=\"og:image:type\" content=\"image\/jpeg\" \/>\n<meta name=\"twitter:card\" content=\"summary_large_image\" \/>\n<script type=\"application\/ld+json\" class=\"yoast-schema-graph\">{\"@context\":\"https:\/\/schema.org\",\"@graph\":[{\"@type\":\"WebPage\",\"@id\":\"https:\/\/horticom.ee\/e-pood\/toode\/bio-toitelahus-maitsetaimedele-ja-koogiviljadele-agrecol-35ml\/\",\"url\":\"https:\/\/horticom.ee\/e-pood\/toode\/bio-toitelahus-maitsetaimedele-ja-koogiviljadele-agrecol-35ml\/\",\"name\":\"BIO toitelahus maitsetaimedele ja k\u00f6\u00f6giviljadele Agrecol 35ml - Horticom\",\"isPartOf\":{\"@id\":\"https:\/\/horticom.ee\/e-pood\/#website\"},\"primaryImageOfPage\":{\"@id\":\"https:\/\/horticom.ee\/e-pood\/toode\/bio-toitelahus-maitsetaimedele-ja-koogiviljadele-agrecol-35ml\/#primaryimage\"},\"image\":{\"@id\":\"https:\/\/horticom.ee\/e-pood\/toode\/bio-toitelahus-maitsetaimedele-ja-koogiviljadele-agrecol-35ml\/#primaryimage\"},\"thumbnailUrl\":\"https:\/\/horticom.ee\/e-pood\/wp-content\/uploads\/importedmedia\/product-155870_0-174373.jpg\",\"datePublished\":\"2022-01-17T22:18:07+00:00\",\"dateModified\":\"2026-05-02T00:10:50+00:00\",\"breadcrumb\":{\"@id\":\"https:\/\/horticom.ee\/e-pood\/toode\/bio-toitelahus-maitsetaimedele-ja-koogiviljadele-agrecol-35ml\/#breadcrumb\"},\"inLanguage\":\"ru-RU\",\"potentialAction\":[{\"@type\":\"ReadAction\",\"target\":[\"https:\/\/horticom.ee\/e-pood\/toode\/bio-toitelahus-maitsetaimedele-ja-koogiviljadele-agrecol-35ml\/\"]}]},{\"@type\":\"ImageObject\",\"inLanguage\":\"ru-RU\",\"@id\":\"https:\/\/horticom.ee\/e-pood\/toode\/bio-toitelahus-maitsetaimedele-ja-koogiviljadele-agrecol-35ml\/#primaryimage\",\"url\":\"https:\/\/horticom.ee\/e-pood\/wp-content\/uploads\/importedmedia\/product-155870_0-174373.jpg\",\"contentUrl\":\"https:\/\/horticom.ee\/e-pood\/wp-content\/uploads\/importedmedia\/product-155870_0-174373.jpg\",\"width\":1000,\"height\":1000},{\"@type\":\"BreadcrumbList\",\"@id\":\"https:\/\/horticom.ee\/e-pood\/toode\/bio-toitelahus-maitsetaimedele-ja-koogiviljadele-agrecol-35ml\/#breadcrumb\",\"itemListElement\":[{\"@type\":\"ListItem\",\"position\":1,\"name\":\"Home\",\"item\":\"https:\/\/horticom.ee\/e-pood\/\"},{\"@type\":\"ListItem\",\"position\":2,\"name\":\"Pood\",\"item\":\"https:\/\/horticom.ee\/e-pood\/pood\/\"},{\"@type\":\"ListItem\",\"position\":3,\"name\":\"BIO toitelahus maitsetaimedele ja k\u00f6\u00f6giviljadele Agrecol 35ml\"}]},{\"@type\":\"WebSite\",\"@id\":\"https:\/\/horticom.ee\/e-pood\/#website\",\"url\":\"https:\/\/horticom.ee\/e-pood\/\",\"name\":\"Horticom.ee\",\"description\":\"Aianduskaubad ja kodukaubad nii harrastajatele kui professionaalidele\",\"potentialAction\":[{\"@type\":\"SearchAction\",\"target\":{\"@type\":\"EntryPoint\",\"urlTemplate\":\"https:\/\/horticom.ee\/e-pood\/?s={search_term_string}\"},\"query-input\":{\"@type\":\"PropertyValueSpecification\",\"valueRequired\":true,\"valueName\":\"search_term_string\"}}],\"inLanguage\":\"ru-RU\"}]}<\/script>\n<!-- \/ Yoast SEO plugin. -->","yoast_head_json":{"title":"BIO toitelahus maitsetaimedele ja k\u00f6\u00f6giviljadele Agrecol 35ml - Horticom","robots":{"index":"index","follow":"follow","max-snippet":"max-snippet:-1","max-image-preview":"max-image-preview:large","max-video-preview":"max-video-preview:-1"},"canonical":"https:\/\/horticom.ee\/e-pood\/toode\/bio-toitelahus-maitsetaimedele-ja-koogiviljadele-agrecol-35ml\/","og_locale":"ru_RU","og_type":"article","og_title":"BIO toitelahus maitsetaimedele ja k\u00f6\u00f6giviljadele Agrecol 35ml - Horticom","og_description":"Vedel orgaaniline v\u00e4etis, mis on ette n\u00e4htud istutuspottides, toakasvuhoonetes v\u00f5i peenras kasvatatavate k\u00f6\u00f6giviljade, \u00fcrtide ja puuviljataimede v\u00e4etamiseks. Toitelahus annab taimedele p\u00f5hitoitaineid ja on orgaanilise aine allikas. Eriti head tulemused basiiliku, piparm\u00fcndi, rosmariini, t\u00fc\u00fcmiani ja koriandri v\u00e4etamisel. Orgaaniline v\u00e4etiselahus on koheselt kasutusvalmis ja ei vaja lahjendamist. Toitaineid jagub neljaks n\u00e4dalaks, peale mida tasuks uus ampull panna.","og_url":"https:\/\/horticom.ee\/e-pood\/toode\/bio-toitelahus-maitsetaimedele-ja-koogiviljadele-agrecol-35ml\/","og_site_name":"Horticom.ee","article_publisher":"https:\/\/www.facebook.com\/horticom.ee\/e-pood","article_modified_time":"2026-05-02T00:10:50+00:00","og_image":[{"width":1000,"height":1000,"url":"https:\/\/horticom.ee\/e-pood\/wp-content\/uploads\/importedmedia\/product-155870_0-174373.jpg","type":"image\/jpeg"}],"twitter_card":"summary_large_image","schema":{"@context":"https:\/\/schema.org","@graph":[{"@type":"WebPage","@id":"https:\/\/horticom.ee\/e-pood\/toode\/bio-toitelahus-maitsetaimedele-ja-koogiviljadele-agrecol-35ml\/","url":"https:\/\/horticom.ee\/e-pood\/toode\/bio-toitelahus-maitsetaimedele-ja-koogiviljadele-agrecol-35ml\/","name":"BIO toitelahus maitsetaimedele ja k\u00f6\u00f6giviljadele Agrecol 35ml - Horticom","isPartOf":{"@id":"https:\/\/horticom.ee\/e-pood\/#website"},"primaryImageOfPage":{"@id":"https:\/\/horticom.ee\/e-pood\/toode\/bio-toitelahus-maitsetaimedele-ja-koogiviljadele-agrecol-35ml\/#primaryimage"},"image":{"@id":"https:\/\/horticom.ee\/e-pood\/toode\/bio-toitelahus-maitsetaimedele-ja-koogiviljadele-agrecol-35ml\/#primaryimage"},"thumbnailUrl":"https:\/\/horticom.ee\/e-pood\/wp-content\/uploads\/importedmedia\/product-155870_0-174373.jpg","datePublished":"2022-01-17T22:18:07+00:00","dateModified":"2026-05-02T00:10:50+00:00","breadcrumb":{"@id":"https:\/\/horticom.ee\/e-pood\/toode\/bio-toitelahus-maitsetaimedele-ja-koogiviljadele-agrecol-35ml\/#breadcrumb"},"inLanguage":"ru-RU","potentialAction":[{"@type":"ReadAction","target":["https:\/\/horticom.ee\/e-pood\/toode\/bio-toitelahus-maitsetaimedele-ja-koogiviljadele-agrecol-35ml\/"]}]},{"@type":"ImageObject","inLanguage":"ru-RU","@id":"https:\/\/horticom.ee\/e-pood\/toode\/bio-toitelahus-maitsetaimedele-ja-koogiviljadele-agrecol-35ml\/#primaryimage","url":"https:\/\/horticom.ee\/e-pood\/wp-content\/uploads\/importedmedia\/product-155870_0-174373.jpg","contentUrl":"https:\/\/horticom.ee\/e-pood\/wp-content\/uploads\/importedmedia\/product-155870_0-174373.jpg","width":1000,"height":1000},{"@type":"BreadcrumbList","@id":"https:\/\/horticom.ee\/e-pood\/toode\/bio-toitelahus-maitsetaimedele-ja-koogiviljadele-agrecol-35ml\/#breadcrumb","itemListElement":[{"@type":"ListItem","position":1,"name":"Home","item":"https:\/\/horticom.ee\/e-pood\/"},{"@type":"ListItem","position":2,"name":"Pood","item":"https:\/\/horticom.ee\/e-pood\/pood\/"},{"@type":"ListItem","position":3,"name":"BIO toitelahus maitsetaimedele ja k\u00f6\u00f6giviljadele Agrecol 35ml"}]},{"@type":"WebSite","@id":"https:\/\/horticom.ee\/e-pood\/#website","url":"https:\/\/horticom.ee\/e-pood\/","name":"Horticom.ee","description":"Aianduskaubad ja kodukaubad nii harrastajatele kui professionaalidele","potentialAction":[{"@type":"SearchAction","target":{"@type":"EntryPoint","urlTemplate":"https:\/\/horticom.ee\/e-pood\/?s={search_term_string}"},"query-input":{"@type":"PropertyValueSpecification","valueRequired":true,"valueName":"search_term_string"}}],"inLanguage":"ru-RU"}]}},"_links":{"self":[{"href":"https:\/\/horticom.ee\/e-pood\/ru\/wp-json\/wp\/v2\/product\/155870","targetHints":{"allow":["GET"]}}],"collection":[{"href":"https:\/\/horticom.ee\/e-pood\/ru\/wp-json\/wp\/v2\/product"}],"about":[{"href":"https:\/\/horticom.ee\/e-pood\/ru\/wp-json\/wp\/v2\/types\/product"}],"replies":[{"embeddable":true,"href":"https:\/\/horticom.ee\/e-pood\/ru\/wp-json\/wp\/v2\/comments?post=155870"}],"wp:featuredmedia":[{"embeddable":true,"href":"https:\/\/horticom.ee\/e-pood\/ru\/wp-json\/wp\/v2\/media\/2380904"}],"wp:attachment":[{"href":"https:\/\/horticom.ee\/e-pood\/ru\/wp-json\/wp\/v2\/media?parent=155870"}],"wp:term":[{"taxonomy":"product_cat","embeddable":true,"href":"https:\/\/horticom.ee\/e-pood\/ru\/wp-json\/wp\/v2\/product_cat?post=155870"},{"taxonomy":"product_tag","embeddable":true,"href":"https:\/\/horticom.ee\/e-pood\/ru\/wp-json\/wp\/v2\/product_tag?post=155870"}],"curies":[{"name":"wp","href":"https:\/\/api.w.org\/{rel}","templated":true}]}}