{"id":155877,"date":"2022-01-18T00:18:11","date_gmt":"2022-01-17T22:18:11","guid":{"rendered":"https:\/\/aednik24.ee\/toode\/muruvaetis-umbrohupidurdajaga-compo-10kg\/"},"modified":"2026-05-02T03:10:51","modified_gmt":"2026-05-02T00:10:51","slug":"muruvaetis-umbrohupidurdajaga-compo-10kg","status":"publish","type":"product","link":"https:\/\/horticom.ee\/e-pood\/ru\/toode\/muruvaetis-umbrohupidurdajaga-compo-10kg\/","title":{"rendered":"Muruv\u00e4etis umbrohupidurdajaga Compo 10kg"},"content":{"rendered":"<p>Muruv\u00e4etis, mis takistab umbrohul areneda. L\u00e4mmastik soodustab v\u00e4ga kiiret muru kasvu ja takistab umbrohu teket ja kasvamist. V\u00e4etis p\u00e4rsib umbrohu idanemist ja tagab pikaajalise umbrohut\u00f5rje regulaarsel kasutamisel. Ei m\u00f5ju juba olemasolevale umbrohule. V\u00e4etises olev raud t\u00f5rjub tugevalt ka sammalt. Soovitatav kasutada 1 x kevadel  ning seej\u00e4rel iga 1,5-2 kuu j\u00e4rel.<\/p>\n","protected":false},"excerpt":{"rendered":"<p>Muruv\u00e4etis, mis takistab umbrohul areneda. L\u00e4mmastik soodustab v\u00e4ga kiiret muru kasvu ja takistab umbrohu teket ja kasvamist. V\u00e4etis p\u00e4rsib umbrohu idanemist ja tagab pikaajalise umbrohut\u00f5rje regulaarsel kasutamisel. Ei m\u00f5ju juba olemasolevale umbrohule. V\u00e4etises olev raud t\u00f5rjub tugevalt ka sammalt. Soovitatav kasutada 1 x kevadel ning seej\u00e4rel iga 1,5-2 kuu j\u00e4rel.<\/p>\n","protected":false},"featured_media":2377914,"comment_status":"closed","ping_status":"closed","template":"","meta":{"_themeisle_gutenberg_block_has_review":false},"product_cat":[16970],"product_tag":[],"class_list":{"0":"post-155877","1":"product","2":"type-product","3":"status-publish","4":"has-post-thumbnail","6":"product_cat-murule","8":"first","9":"instock","10":"shipping-taxable","11":"purchasable","12":"product-type-simple"},"yoast_head":"<!-- This site is optimized with the Yoast SEO plugin v24.0 - https:\/\/yoast.com\/wordpress\/plugins\/seo\/ -->\n<title>Muruv\u00e4etis umbrohupidurdajaga Compo 10kg - Horticom<\/title>\n<meta name=\"robots\" content=\"index, follow, max-snippet:-1, max-image-preview:large, max-video-preview:-1\" \/>\n<link rel=\"canonical\" href=\"https:\/\/horticom.ee\/e-pood\/toode\/muruvaetis-umbrohupidurdajaga-compo-10kg\/\" \/>\n<meta property=\"og:locale\" content=\"ru_RU\" \/>\n<meta property=\"og:type\" content=\"article\" \/>\n<meta property=\"og:title\" content=\"Muruv\u00e4etis umbrohupidurdajaga Compo 10kg - Horticom\" \/>\n<meta property=\"og:description\" content=\"Muruv\u00e4etis, mis takistab umbrohul areneda. L\u00e4mmastik soodustab v\u00e4ga kiiret muru kasvu ja takistab umbrohu teket ja kasvamist. V\u00e4etis p\u00e4rsib umbrohu idanemist ja tagab pikaajalise umbrohut\u00f5rje regulaarsel kasutamisel. Ei m\u00f5ju juba olemasolevale umbrohule. V\u00e4etises olev raud t\u00f5rjub tugevalt ka sammalt. Soovitatav kasutada 1 x kevadel ning seej\u00e4rel iga 1,5-2 kuu j\u00e4rel.\" \/>\n<meta property=\"og:url\" content=\"https:\/\/horticom.ee\/e-pood\/toode\/muruvaetis-umbrohupidurdajaga-compo-10kg\/\" \/>\n<meta property=\"og:site_name\" content=\"Horticom.ee\" \/>\n<meta property=\"article:publisher\" content=\"https:\/\/www.facebook.com\/horticom.ee\/e-pood\" \/>\n<meta property=\"article:modified_time\" content=\"2026-05-02T00:10:51+00:00\" \/>\n<meta property=\"og:image\" content=\"https:\/\/horticom.ee\/e-pood\/wp-content\/uploads\/importedmedia\/product-155877_0-454633.jpg\" \/>\n\t<meta property=\"og:image:width\" content=\"1000\" \/>\n\t<meta property=\"og:image:height\" content=\"1414\" \/>\n\t<meta property=\"og:image:type\" content=\"image\/jpeg\" \/>\n<meta name=\"twitter:card\" content=\"summary_large_image\" \/>\n<script type=\"application\/ld+json\" class=\"yoast-schema-graph\">{\"@context\":\"https:\/\/schema.org\",\"@graph\":[{\"@type\":\"WebPage\",\"@id\":\"https:\/\/horticom.ee\/e-pood\/toode\/muruvaetis-umbrohupidurdajaga-compo-10kg\/\",\"url\":\"https:\/\/horticom.ee\/e-pood\/toode\/muruvaetis-umbrohupidurdajaga-compo-10kg\/\",\"name\":\"Muruv\u00e4etis umbrohupidurdajaga Compo 10kg - Horticom\",\"isPartOf\":{\"@id\":\"https:\/\/horticom.ee\/e-pood\/#website\"},\"primaryImageOfPage\":{\"@id\":\"https:\/\/horticom.ee\/e-pood\/toode\/muruvaetis-umbrohupidurdajaga-compo-10kg\/#primaryimage\"},\"image\":{\"@id\":\"https:\/\/horticom.ee\/e-pood\/toode\/muruvaetis-umbrohupidurdajaga-compo-10kg\/#primaryimage\"},\"thumbnailUrl\":\"https:\/\/horticom.ee\/e-pood\/wp-content\/uploads\/importedmedia\/product-155877_0-454633.jpg\",\"datePublished\":\"2022-01-17T22:18:11+00:00\",\"dateModified\":\"2026-05-02T00:10:51+00:00\",\"breadcrumb\":{\"@id\":\"https:\/\/horticom.ee\/e-pood\/toode\/muruvaetis-umbrohupidurdajaga-compo-10kg\/#breadcrumb\"},\"inLanguage\":\"ru-RU\",\"potentialAction\":[{\"@type\":\"ReadAction\",\"target\":[\"https:\/\/horticom.ee\/e-pood\/toode\/muruvaetis-umbrohupidurdajaga-compo-10kg\/\"]}]},{\"@type\":\"ImageObject\",\"inLanguage\":\"ru-RU\",\"@id\":\"https:\/\/horticom.ee\/e-pood\/toode\/muruvaetis-umbrohupidurdajaga-compo-10kg\/#primaryimage\",\"url\":\"https:\/\/horticom.ee\/e-pood\/wp-content\/uploads\/importedmedia\/product-155877_0-454633.jpg\",\"contentUrl\":\"https:\/\/horticom.ee\/e-pood\/wp-content\/uploads\/importedmedia\/product-155877_0-454633.jpg\",\"width\":1000,\"height\":1414},{\"@type\":\"BreadcrumbList\",\"@id\":\"https:\/\/horticom.ee\/e-pood\/toode\/muruvaetis-umbrohupidurdajaga-compo-10kg\/#breadcrumb\",\"itemListElement\":[{\"@type\":\"ListItem\",\"position\":1,\"name\":\"Home\",\"item\":\"https:\/\/horticom.ee\/e-pood\/\"},{\"@type\":\"ListItem\",\"position\":2,\"name\":\"Pood\",\"item\":\"https:\/\/horticom.ee\/e-pood\/pood\/\"},{\"@type\":\"ListItem\",\"position\":3,\"name\":\"Muruv\u00e4etis umbrohupidurdajaga Compo 10kg\"}]},{\"@type\":\"WebSite\",\"@id\":\"https:\/\/horticom.ee\/e-pood\/#website\",\"url\":\"https:\/\/horticom.ee\/e-pood\/\",\"name\":\"Horticom.ee\",\"description\":\"Aianduskaubad ja kodukaubad nii harrastajatele kui professionaalidele\",\"potentialAction\":[{\"@type\":\"SearchAction\",\"target\":{\"@type\":\"EntryPoint\",\"urlTemplate\":\"https:\/\/horticom.ee\/e-pood\/?s={search_term_string}\"},\"query-input\":{\"@type\":\"PropertyValueSpecification\",\"valueRequired\":true,\"valueName\":\"search_term_string\"}}],\"inLanguage\":\"ru-RU\"}]}<\/script>\n<!-- \/ Yoast SEO plugin. -->","yoast_head_json":{"title":"Muruv\u00e4etis umbrohupidurdajaga Compo 10kg - Horticom","robots":{"index":"index","follow":"follow","max-snippet":"max-snippet:-1","max-image-preview":"max-image-preview:large","max-video-preview":"max-video-preview:-1"},"canonical":"https:\/\/horticom.ee\/e-pood\/toode\/muruvaetis-umbrohupidurdajaga-compo-10kg\/","og_locale":"ru_RU","og_type":"article","og_title":"Muruv\u00e4etis umbrohupidurdajaga Compo 10kg - Horticom","og_description":"Muruv\u00e4etis, mis takistab umbrohul areneda. L\u00e4mmastik soodustab v\u00e4ga kiiret muru kasvu ja takistab umbrohu teket ja kasvamist. V\u00e4etis p\u00e4rsib umbrohu idanemist ja tagab pikaajalise umbrohut\u00f5rje regulaarsel kasutamisel. Ei m\u00f5ju juba olemasolevale umbrohule. V\u00e4etises olev raud t\u00f5rjub tugevalt ka sammalt. Soovitatav kasutada 1 x kevadel ning seej\u00e4rel iga 1,5-2 kuu j\u00e4rel.","og_url":"https:\/\/horticom.ee\/e-pood\/toode\/muruvaetis-umbrohupidurdajaga-compo-10kg\/","og_site_name":"Horticom.ee","article_publisher":"https:\/\/www.facebook.com\/horticom.ee\/e-pood","article_modified_time":"2026-05-02T00:10:51+00:00","og_image":[{"width":1000,"height":1414,"url":"https:\/\/horticom.ee\/e-pood\/wp-content\/uploads\/importedmedia\/product-155877_0-454633.jpg","type":"image\/jpeg"}],"twitter_card":"summary_large_image","schema":{"@context":"https:\/\/schema.org","@graph":[{"@type":"WebPage","@id":"https:\/\/horticom.ee\/e-pood\/toode\/muruvaetis-umbrohupidurdajaga-compo-10kg\/","url":"https:\/\/horticom.ee\/e-pood\/toode\/muruvaetis-umbrohupidurdajaga-compo-10kg\/","name":"Muruv\u00e4etis umbrohupidurdajaga Compo 10kg - Horticom","isPartOf":{"@id":"https:\/\/horticom.ee\/e-pood\/#website"},"primaryImageOfPage":{"@id":"https:\/\/horticom.ee\/e-pood\/toode\/muruvaetis-umbrohupidurdajaga-compo-10kg\/#primaryimage"},"image":{"@id":"https:\/\/horticom.ee\/e-pood\/toode\/muruvaetis-umbrohupidurdajaga-compo-10kg\/#primaryimage"},"thumbnailUrl":"https:\/\/horticom.ee\/e-pood\/wp-content\/uploads\/importedmedia\/product-155877_0-454633.jpg","datePublished":"2022-01-17T22:18:11+00:00","dateModified":"2026-05-02T00:10:51+00:00","breadcrumb":{"@id":"https:\/\/horticom.ee\/e-pood\/toode\/muruvaetis-umbrohupidurdajaga-compo-10kg\/#breadcrumb"},"inLanguage":"ru-RU","potentialAction":[{"@type":"ReadAction","target":["https:\/\/horticom.ee\/e-pood\/toode\/muruvaetis-umbrohupidurdajaga-compo-10kg\/"]}]},{"@type":"ImageObject","inLanguage":"ru-RU","@id":"https:\/\/horticom.ee\/e-pood\/toode\/muruvaetis-umbrohupidurdajaga-compo-10kg\/#primaryimage","url":"https:\/\/horticom.ee\/e-pood\/wp-content\/uploads\/importedmedia\/product-155877_0-454633.jpg","contentUrl":"https:\/\/horticom.ee\/e-pood\/wp-content\/uploads\/importedmedia\/product-155877_0-454633.jpg","width":1000,"height":1414},{"@type":"BreadcrumbList","@id":"https:\/\/horticom.ee\/e-pood\/toode\/muruvaetis-umbrohupidurdajaga-compo-10kg\/#breadcrumb","itemListElement":[{"@type":"ListItem","position":1,"name":"Home","item":"https:\/\/horticom.ee\/e-pood\/"},{"@type":"ListItem","position":2,"name":"Pood","item":"https:\/\/horticom.ee\/e-pood\/pood\/"},{"@type":"ListItem","position":3,"name":"Muruv\u00e4etis umbrohupidurdajaga Compo 10kg"}]},{"@type":"WebSite","@id":"https:\/\/horticom.ee\/e-pood\/#website","url":"https:\/\/horticom.ee\/e-pood\/","name":"Horticom.ee","description":"Aianduskaubad ja kodukaubad nii harrastajatele kui professionaalidele","potentialAction":[{"@type":"SearchAction","target":{"@type":"EntryPoint","urlTemplate":"https:\/\/horticom.ee\/e-pood\/?s={search_term_string}"},"query-input":{"@type":"PropertyValueSpecification","valueRequired":true,"valueName":"search_term_string"}}],"inLanguage":"ru-RU"}]}},"_links":{"self":[{"href":"https:\/\/horticom.ee\/e-pood\/ru\/wp-json\/wp\/v2\/product\/155877","targetHints":{"allow":["GET"]}}],"collection":[{"href":"https:\/\/horticom.ee\/e-pood\/ru\/wp-json\/wp\/v2\/product"}],"about":[{"href":"https:\/\/horticom.ee\/e-pood\/ru\/wp-json\/wp\/v2\/types\/product"}],"replies":[{"embeddable":true,"href":"https:\/\/horticom.ee\/e-pood\/ru\/wp-json\/wp\/v2\/comments?post=155877"}],"wp:featuredmedia":[{"embeddable":true,"href":"https:\/\/horticom.ee\/e-pood\/ru\/wp-json\/wp\/v2\/media\/2377914"}],"wp:attachment":[{"href":"https:\/\/horticom.ee\/e-pood\/ru\/wp-json\/wp\/v2\/media?parent=155877"}],"wp:term":[{"taxonomy":"product_cat","embeddable":true,"href":"https:\/\/horticom.ee\/e-pood\/ru\/wp-json\/wp\/v2\/product_cat?post=155877"},{"taxonomy":"product_tag","embeddable":true,"href":"https:\/\/horticom.ee\/e-pood\/ru\/wp-json\/wp\/v2\/product_tag?post=155877"}],"curies":[{"name":"wp","href":"https:\/\/api.w.org\/{rel}","templated":true}]}}