{"id":155886,"date":"2022-01-18T00:18:16","date_gmt":"2022-01-17T22:18:16","guid":{"rendered":"https:\/\/aednik24.ee\/toode\/aiaseebi-lahus-agrecol-500ml\/"},"modified":"2026-04-25T03:13:23","modified_gmt":"2026-04-25T00:13:23","slug":"aiaseebi-lahus-agrecol-500ml","status":"publish","type":"product","link":"https:\/\/horticom.ee\/e-pood\/ru\/toode\/aiaseebi-lahus-agrecol-500ml\/","title":{"rendered":"Aiaseebi lahus Agrecol 500ml"},"content":{"rendered":"<p>Kaaliumseebi lahus, mis on valmistatud taimsetest looduslikest puhastest \u00f5lidest. Seda toodet on eriti soovitatav kasutada majapidamises, aedades ja p\u00f5llumajapidamises, mis eelistavad naturaalseid taimekasvatuse ja hoolduse meetodeid. Kasutada aiat\u00f6\u00f6riistade, mahutite, kastide, lillepottide jms pesemiseks. Kaaliumseebi lahusega v\u00f5ib pesta ka juhuslikult m\u00e4\u00e4rdunud taimi. Selle toote kasutamine ei avalda taimedele, ka naturaalsete meetoditega kasvatavatele taimedele, kahjulikku m\u00f5ju.<\/p>\n","protected":false},"excerpt":{"rendered":"<p>Kaaliumseebi lahus, mis on valmistatud taimsetest looduslikest puhastest \u00f5lidest. Seda toodet on eriti soovitatav kasutada majapidamises, aedades ja p\u00f5llumajapidamises, mis eelistavad naturaalseid taimekasvatuse ja hoolduse meetodeid. Kasutada aiat\u00f6\u00f6riistade, mahutite, kastide, lillepottide jms pesemiseks. Kaaliumseebi lahusega v\u00f5ib pesta ka juhuslikult m\u00e4\u00e4rdunud taimi. Selle toote kasutamine ei avalda taimedele, ka naturaalsete meetoditega kasvatavatele taimedele, kahjulikku m\u00f5ju.<\/p>\n","protected":false},"featured_media":2380952,"comment_status":"closed","ping_status":"closed","template":"","meta":{"_themeisle_gutenberg_block_has_review":false},"product_cat":[13590,13691],"product_tag":[],"class_list":{"0":"post-155886","1":"product","2":"type-product","3":"status-publish","4":"has-post-thumbnail","6":"product_cat-septikud","7":"product_cat-avamaakastmine","9":"first","10":"instock","11":"shipping-taxable","12":"purchasable","13":"product-type-simple"},"yoast_head":"<!-- This site is optimized with the Yoast SEO plugin v24.0 - https:\/\/yoast.com\/wordpress\/plugins\/seo\/ -->\n<title>Aiaseebi lahus Agrecol 500ml - Horticom<\/title>\n<meta name=\"robots\" content=\"index, follow, max-snippet:-1, max-image-preview:large, max-video-preview:-1\" \/>\n<link rel=\"canonical\" href=\"https:\/\/horticom.ee\/e-pood\/toode\/aiaseebi-lahus-agrecol-500ml\/\" \/>\n<meta property=\"og:locale\" content=\"ru_RU\" \/>\n<meta property=\"og:type\" content=\"article\" \/>\n<meta property=\"og:title\" content=\"Aiaseebi lahus Agrecol 500ml - Horticom\" \/>\n<meta property=\"og:description\" content=\"Kaaliumseebi lahus, mis on valmistatud taimsetest looduslikest puhastest \u00f5lidest. Seda toodet on eriti soovitatav kasutada majapidamises, aedades ja p\u00f5llumajapidamises, mis eelistavad naturaalseid taimekasvatuse ja hoolduse meetodeid. Kasutada aiat\u00f6\u00f6riistade, mahutite, kastide, lillepottide jms pesemiseks. Kaaliumseebi lahusega v\u00f5ib pesta ka juhuslikult m\u00e4\u00e4rdunud taimi. Selle toote kasutamine ei avalda taimedele, ka naturaalsete meetoditega kasvatavatele taimedele, kahjulikku m\u00f5ju.\" \/>\n<meta property=\"og:url\" content=\"https:\/\/horticom.ee\/e-pood\/toode\/aiaseebi-lahus-agrecol-500ml\/\" \/>\n<meta property=\"og:site_name\" content=\"Horticom.ee\" \/>\n<meta property=\"article:publisher\" content=\"https:\/\/www.facebook.com\/horticom.ee\/e-pood\" \/>\n<meta property=\"article:modified_time\" content=\"2026-04-25T00:13:23+00:00\" \/>\n<meta property=\"og:image\" content=\"https:\/\/horticom.ee\/e-pood\/wp-content\/uploads\/importedmedia\/product-155886_0-17434121.jpg\" \/>\n\t<meta property=\"og:image:width\" content=\"1000\" \/>\n\t<meta property=\"og:image:height\" content=\"1886\" \/>\n\t<meta property=\"og:image:type\" content=\"image\/jpeg\" \/>\n<meta name=\"twitter:card\" content=\"summary_large_image\" \/>\n<script type=\"application\/ld+json\" class=\"yoast-schema-graph\">{\"@context\":\"https:\/\/schema.org\",\"@graph\":[{\"@type\":\"WebPage\",\"@id\":\"https:\/\/horticom.ee\/e-pood\/toode\/aiaseebi-lahus-agrecol-500ml\/\",\"url\":\"https:\/\/horticom.ee\/e-pood\/toode\/aiaseebi-lahus-agrecol-500ml\/\",\"name\":\"Aiaseebi lahus Agrecol 500ml - Horticom\",\"isPartOf\":{\"@id\":\"https:\/\/horticom.ee\/e-pood\/#website\"},\"primaryImageOfPage\":{\"@id\":\"https:\/\/horticom.ee\/e-pood\/toode\/aiaseebi-lahus-agrecol-500ml\/#primaryimage\"},\"image\":{\"@id\":\"https:\/\/horticom.ee\/e-pood\/toode\/aiaseebi-lahus-agrecol-500ml\/#primaryimage\"},\"thumbnailUrl\":\"https:\/\/horticom.ee\/e-pood\/wp-content\/uploads\/importedmedia\/product-155886_0-17434121.jpg\",\"datePublished\":\"2022-01-17T22:18:16+00:00\",\"dateModified\":\"2026-04-25T00:13:23+00:00\",\"breadcrumb\":{\"@id\":\"https:\/\/horticom.ee\/e-pood\/toode\/aiaseebi-lahus-agrecol-500ml\/#breadcrumb\"},\"inLanguage\":\"ru-RU\",\"potentialAction\":[{\"@type\":\"ReadAction\",\"target\":[\"https:\/\/horticom.ee\/e-pood\/toode\/aiaseebi-lahus-agrecol-500ml\/\"]}]},{\"@type\":\"ImageObject\",\"inLanguage\":\"ru-RU\",\"@id\":\"https:\/\/horticom.ee\/e-pood\/toode\/aiaseebi-lahus-agrecol-500ml\/#primaryimage\",\"url\":\"https:\/\/horticom.ee\/e-pood\/wp-content\/uploads\/importedmedia\/product-155886_0-17434121.jpg\",\"contentUrl\":\"https:\/\/horticom.ee\/e-pood\/wp-content\/uploads\/importedmedia\/product-155886_0-17434121.jpg\",\"width\":1000,\"height\":1886},{\"@type\":\"BreadcrumbList\",\"@id\":\"https:\/\/horticom.ee\/e-pood\/toode\/aiaseebi-lahus-agrecol-500ml\/#breadcrumb\",\"itemListElement\":[{\"@type\":\"ListItem\",\"position\":1,\"name\":\"Home\",\"item\":\"https:\/\/horticom.ee\/e-pood\/\"},{\"@type\":\"ListItem\",\"position\":2,\"name\":\"Pood\",\"item\":\"https:\/\/horticom.ee\/e-pood\/pood\/\"},{\"@type\":\"ListItem\",\"position\":3,\"name\":\"Aiaseebi lahus Agrecol 500ml\"}]},{\"@type\":\"WebSite\",\"@id\":\"https:\/\/horticom.ee\/e-pood\/#website\",\"url\":\"https:\/\/horticom.ee\/e-pood\/\",\"name\":\"Horticom.ee\",\"description\":\"Aianduskaubad ja kodukaubad nii harrastajatele kui professionaalidele\",\"potentialAction\":[{\"@type\":\"SearchAction\",\"target\":{\"@type\":\"EntryPoint\",\"urlTemplate\":\"https:\/\/horticom.ee\/e-pood\/?s={search_term_string}\"},\"query-input\":{\"@type\":\"PropertyValueSpecification\",\"valueRequired\":true,\"valueName\":\"search_term_string\"}}],\"inLanguage\":\"ru-RU\"}]}<\/script>\n<!-- \/ Yoast SEO plugin. -->","yoast_head_json":{"title":"Aiaseebi lahus Agrecol 500ml - Horticom","robots":{"index":"index","follow":"follow","max-snippet":"max-snippet:-1","max-image-preview":"max-image-preview:large","max-video-preview":"max-video-preview:-1"},"canonical":"https:\/\/horticom.ee\/e-pood\/toode\/aiaseebi-lahus-agrecol-500ml\/","og_locale":"ru_RU","og_type":"article","og_title":"Aiaseebi lahus Agrecol 500ml - Horticom","og_description":"Kaaliumseebi lahus, mis on valmistatud taimsetest looduslikest puhastest \u00f5lidest. Seda toodet on eriti soovitatav kasutada majapidamises, aedades ja p\u00f5llumajapidamises, mis eelistavad naturaalseid taimekasvatuse ja hoolduse meetodeid. Kasutada aiat\u00f6\u00f6riistade, mahutite, kastide, lillepottide jms pesemiseks. Kaaliumseebi lahusega v\u00f5ib pesta ka juhuslikult m\u00e4\u00e4rdunud taimi. Selle toote kasutamine ei avalda taimedele, ka naturaalsete meetoditega kasvatavatele taimedele, kahjulikku m\u00f5ju.","og_url":"https:\/\/horticom.ee\/e-pood\/toode\/aiaseebi-lahus-agrecol-500ml\/","og_site_name":"Horticom.ee","article_publisher":"https:\/\/www.facebook.com\/horticom.ee\/e-pood","article_modified_time":"2026-04-25T00:13:23+00:00","og_image":[{"width":1000,"height":1886,"url":"https:\/\/horticom.ee\/e-pood\/wp-content\/uploads\/importedmedia\/product-155886_0-17434121.jpg","type":"image\/jpeg"}],"twitter_card":"summary_large_image","schema":{"@context":"https:\/\/schema.org","@graph":[{"@type":"WebPage","@id":"https:\/\/horticom.ee\/e-pood\/toode\/aiaseebi-lahus-agrecol-500ml\/","url":"https:\/\/horticom.ee\/e-pood\/toode\/aiaseebi-lahus-agrecol-500ml\/","name":"Aiaseebi lahus Agrecol 500ml - Horticom","isPartOf":{"@id":"https:\/\/horticom.ee\/e-pood\/#website"},"primaryImageOfPage":{"@id":"https:\/\/horticom.ee\/e-pood\/toode\/aiaseebi-lahus-agrecol-500ml\/#primaryimage"},"image":{"@id":"https:\/\/horticom.ee\/e-pood\/toode\/aiaseebi-lahus-agrecol-500ml\/#primaryimage"},"thumbnailUrl":"https:\/\/horticom.ee\/e-pood\/wp-content\/uploads\/importedmedia\/product-155886_0-17434121.jpg","datePublished":"2022-01-17T22:18:16+00:00","dateModified":"2026-04-25T00:13:23+00:00","breadcrumb":{"@id":"https:\/\/horticom.ee\/e-pood\/toode\/aiaseebi-lahus-agrecol-500ml\/#breadcrumb"},"inLanguage":"ru-RU","potentialAction":[{"@type":"ReadAction","target":["https:\/\/horticom.ee\/e-pood\/toode\/aiaseebi-lahus-agrecol-500ml\/"]}]},{"@type":"ImageObject","inLanguage":"ru-RU","@id":"https:\/\/horticom.ee\/e-pood\/toode\/aiaseebi-lahus-agrecol-500ml\/#primaryimage","url":"https:\/\/horticom.ee\/e-pood\/wp-content\/uploads\/importedmedia\/product-155886_0-17434121.jpg","contentUrl":"https:\/\/horticom.ee\/e-pood\/wp-content\/uploads\/importedmedia\/product-155886_0-17434121.jpg","width":1000,"height":1886},{"@type":"BreadcrumbList","@id":"https:\/\/horticom.ee\/e-pood\/toode\/aiaseebi-lahus-agrecol-500ml\/#breadcrumb","itemListElement":[{"@type":"ListItem","position":1,"name":"Home","item":"https:\/\/horticom.ee\/e-pood\/"},{"@type":"ListItem","position":2,"name":"Pood","item":"https:\/\/horticom.ee\/e-pood\/pood\/"},{"@type":"ListItem","position":3,"name":"Aiaseebi lahus Agrecol 500ml"}]},{"@type":"WebSite","@id":"https:\/\/horticom.ee\/e-pood\/#website","url":"https:\/\/horticom.ee\/e-pood\/","name":"Horticom.ee","description":"Aianduskaubad ja kodukaubad nii harrastajatele kui professionaalidele","potentialAction":[{"@type":"SearchAction","target":{"@type":"EntryPoint","urlTemplate":"https:\/\/horticom.ee\/e-pood\/?s={search_term_string}"},"query-input":{"@type":"PropertyValueSpecification","valueRequired":true,"valueName":"search_term_string"}}],"inLanguage":"ru-RU"}]}},"_links":{"self":[{"href":"https:\/\/horticom.ee\/e-pood\/ru\/wp-json\/wp\/v2\/product\/155886","targetHints":{"allow":["GET"]}}],"collection":[{"href":"https:\/\/horticom.ee\/e-pood\/ru\/wp-json\/wp\/v2\/product"}],"about":[{"href":"https:\/\/horticom.ee\/e-pood\/ru\/wp-json\/wp\/v2\/types\/product"}],"replies":[{"embeddable":true,"href":"https:\/\/horticom.ee\/e-pood\/ru\/wp-json\/wp\/v2\/comments?post=155886"}],"wp:featuredmedia":[{"embeddable":true,"href":"https:\/\/horticom.ee\/e-pood\/ru\/wp-json\/wp\/v2\/media\/2380952"}],"wp:attachment":[{"href":"https:\/\/horticom.ee\/e-pood\/ru\/wp-json\/wp\/v2\/media?parent=155886"}],"wp:term":[{"taxonomy":"product_cat","embeddable":true,"href":"https:\/\/horticom.ee\/e-pood\/ru\/wp-json\/wp\/v2\/product_cat?post=155886"},{"taxonomy":"product_tag","embeddable":true,"href":"https:\/\/horticom.ee\/e-pood\/ru\/wp-json\/wp\/v2\/product_tag?post=155886"}],"curies":[{"name":"wp","href":"https:\/\/api.w.org\/{rel}","templated":true}]}}