{"id":1604380,"date":"2022-12-08T01:30:39","date_gmt":"2022-12-07T23:30:39","guid":{"rendered":"https:\/\/aednik24.ee\/toode\/rodukasti-konksude-komplekt-universaalne-metall-antratsiit\/"},"modified":"2026-04-08T03:05:28","modified_gmt":"2026-04-08T00:05:28","slug":"rodukasti-konksude-komplekt-universaalne-metall-antratsiit","status":"publish","type":"product","link":"https:\/\/horticom.ee\/e-pood\/ru\/toode\/rodukasti-konksude-komplekt-universaalne-metall-antratsiit\/","title":{"rendered":"R\u00f5dukasti konksude komplekt universaalne B metall antratsiit"},"content":{"rendered":"<p>R\u00f5dukasti konksude komplekt universaalne sobib r\u00f5dukasti kinnitamiseks nii r\u00f5du\u00e4\u00e4rele kui ka seinale. Metallist konksud on tugevad ja vastupidavad ning neid on kiire ja lihtne paigaldada. Konksud kannatavad kuni 25kg raskust ja konksude pikkus on reguleeritav.<\/p>\n","protected":false},"excerpt":{"rendered":"<p>R\u00f5dukasti konksude komplekt universaalne sobib r\u00f5dukasti kinnitamiseks nii r\u00f5du\u00e4\u00e4rele kui ka seinale. Metallist konksud on tugevad ja vastupidavad ning neid on kiire ja lihtne paigaldada. Konksud kannatavad kuni 25kg raskust ja konksude pikkus on reguleeritav.<\/p>\n","protected":false},"featured_media":1604393,"comment_status":"closed","ping_status":"closed","template":"","meta":{"_themeisle_gutenberg_block_has_review":false},"product_cat":[13442],"product_tag":[],"class_list":{"0":"post-1604380","1":"product","2":"type-product","3":"status-publish","4":"has-post-thumbnail","6":"product_cat-rodukasti-konksud","8":"first","9":"instock","10":"sale","11":"shipping-taxable","12":"purchasable","13":"product-type-simple"},"yoast_head":"<!-- This site is optimized with the Yoast SEO plugin v24.0 - https:\/\/yoast.com\/wordpress\/plugins\/seo\/ -->\n<title>R\u00f5dukasti konksude komplekt universaalne metall<\/title>\n<meta name=\"description\" content=\"R\u00f5dukasti konksud r\u00f5du\u00e4\u00e4rele ja seinale. Tugevad metallist konksud kannatavad kuni 25kg, paigaldamine on kiire ja lihtne, pikkus reguleeritav.\" \/>\n<meta name=\"robots\" content=\"index, follow, max-snippet:-1, max-image-preview:large, max-video-preview:-1\" \/>\n<link rel=\"canonical\" href=\"https:\/\/horticom.ee\/e-pood\/toode\/rodukasti-konksude-komplekt-universaalne-metall-antratsiit\/\" \/>\n<meta property=\"og:locale\" content=\"ru_RU\" \/>\n<meta property=\"og:type\" content=\"article\" \/>\n<meta property=\"og:title\" content=\"R\u00f5dukasti konksude komplekt universaalne metall\" \/>\n<meta property=\"og:description\" content=\"R\u00f5dukasti konksud r\u00f5du\u00e4\u00e4rele ja seinale. Tugevad metallist konksud kannatavad kuni 25kg, paigaldamine on kiire ja lihtne, pikkus reguleeritav.\" \/>\n<meta property=\"og:url\" content=\"https:\/\/horticom.ee\/e-pood\/toode\/rodukasti-konksude-komplekt-universaalne-metall-antratsiit\/\" \/>\n<meta property=\"og:site_name\" content=\"Horticom.ee\" \/>\n<meta property=\"article:publisher\" content=\"https:\/\/www.facebook.com\/horticom.ee\/e-pood\" \/>\n<meta property=\"article:modified_time\" content=\"2026-04-08T00:05:28+00:00\" \/>\n<meta property=\"og:image\" content=\"https:\/\/horticom.ee\/e-pood\/wp-content\/uploads\/importedmedia\/product-1604380_0-641066_4.jpg\" \/>\n\t<meta property=\"og:image:width\" content=\"1000\" \/>\n\t<meta property=\"og:image:height\" content=\"896\" \/>\n\t<meta property=\"og:image:type\" content=\"image\/jpeg\" \/>\n<meta name=\"twitter:card\" content=\"summary_large_image\" \/>\n<script type=\"application\/ld+json\" class=\"yoast-schema-graph\">{\"@context\":\"https:\/\/schema.org\",\"@graph\":[{\"@type\":\"WebPage\",\"@id\":\"https:\/\/horticom.ee\/e-pood\/toode\/rodukasti-konksude-komplekt-universaalne-metall-antratsiit\/\",\"url\":\"https:\/\/horticom.ee\/e-pood\/toode\/rodukasti-konksude-komplekt-universaalne-metall-antratsiit\/\",\"name\":\"R\u00f5dukasti konksude komplekt universaalne metall\",\"isPartOf\":{\"@id\":\"https:\/\/horticom.ee\/e-pood\/#website\"},\"primaryImageOfPage\":{\"@id\":\"https:\/\/horticom.ee\/e-pood\/toode\/rodukasti-konksude-komplekt-universaalne-metall-antratsiit\/#primaryimage\"},\"image\":{\"@id\":\"https:\/\/horticom.ee\/e-pood\/toode\/rodukasti-konksude-komplekt-universaalne-metall-antratsiit\/#primaryimage\"},\"thumbnailUrl\":\"https:\/\/horticom.ee\/e-pood\/wp-content\/uploads\/importedmedia\/product-1604380_0-641066_4.jpg\",\"datePublished\":\"2022-12-07T23:30:39+00:00\",\"dateModified\":\"2026-04-08T00:05:28+00:00\",\"description\":\"R\u00f5dukasti konksud r\u00f5du\u00e4\u00e4rele ja seinale. Tugevad metallist konksud kannatavad kuni 25kg, paigaldamine on kiire ja lihtne, pikkus reguleeritav.\",\"breadcrumb\":{\"@id\":\"https:\/\/horticom.ee\/e-pood\/toode\/rodukasti-konksude-komplekt-universaalne-metall-antratsiit\/#breadcrumb\"},\"inLanguage\":\"ru-RU\",\"potentialAction\":[{\"@type\":\"ReadAction\",\"target\":[\"https:\/\/horticom.ee\/e-pood\/toode\/rodukasti-konksude-komplekt-universaalne-metall-antratsiit\/\"]}]},{\"@type\":\"ImageObject\",\"inLanguage\":\"ru-RU\",\"@id\":\"https:\/\/horticom.ee\/e-pood\/toode\/rodukasti-konksude-komplekt-universaalne-metall-antratsiit\/#primaryimage\",\"url\":\"https:\/\/horticom.ee\/e-pood\/wp-content\/uploads\/importedmedia\/product-1604380_0-641066_4.jpg\",\"contentUrl\":\"https:\/\/horticom.ee\/e-pood\/wp-content\/uploads\/importedmedia\/product-1604380_0-641066_4.jpg\",\"width\":1000,\"height\":896,\"caption\":\"R\u00f5dukasti konksude komplekt universaalne metall antratsiit\"},{\"@type\":\"BreadcrumbList\",\"@id\":\"https:\/\/horticom.ee\/e-pood\/toode\/rodukasti-konksude-komplekt-universaalne-metall-antratsiit\/#breadcrumb\",\"itemListElement\":[{\"@type\":\"ListItem\",\"position\":1,\"name\":\"Home\",\"item\":\"https:\/\/horticom.ee\/e-pood\/\"},{\"@type\":\"ListItem\",\"position\":2,\"name\":\"Pood\",\"item\":\"https:\/\/horticom.ee\/e-pood\/pood\/\"},{\"@type\":\"ListItem\",\"position\":3,\"name\":\"R\u00f5dukasti konksude komplekt universaalne B metall antratsiit\"}]},{\"@type\":\"WebSite\",\"@id\":\"https:\/\/horticom.ee\/e-pood\/#website\",\"url\":\"https:\/\/horticom.ee\/e-pood\/\",\"name\":\"Horticom.ee\",\"description\":\"Aianduskaubad ja kodukaubad nii harrastajatele kui professionaalidele\",\"potentialAction\":[{\"@type\":\"SearchAction\",\"target\":{\"@type\":\"EntryPoint\",\"urlTemplate\":\"https:\/\/horticom.ee\/e-pood\/?s={search_term_string}\"},\"query-input\":{\"@type\":\"PropertyValueSpecification\",\"valueRequired\":true,\"valueName\":\"search_term_string\"}}],\"inLanguage\":\"ru-RU\"}]}<\/script>\n<!-- \/ Yoast SEO plugin. -->","yoast_head_json":{"title":"R\u00f5dukasti konksude komplekt universaalne metall","description":"R\u00f5dukasti konksud r\u00f5du\u00e4\u00e4rele ja seinale. Tugevad metallist konksud kannatavad kuni 25kg, paigaldamine on kiire ja lihtne, pikkus reguleeritav.","robots":{"index":"index","follow":"follow","max-snippet":"max-snippet:-1","max-image-preview":"max-image-preview:large","max-video-preview":"max-video-preview:-1"},"canonical":"https:\/\/horticom.ee\/e-pood\/toode\/rodukasti-konksude-komplekt-universaalne-metall-antratsiit\/","og_locale":"ru_RU","og_type":"article","og_title":"R\u00f5dukasti konksude komplekt universaalne metall","og_description":"R\u00f5dukasti konksud r\u00f5du\u00e4\u00e4rele ja seinale. Tugevad metallist konksud kannatavad kuni 25kg, paigaldamine on kiire ja lihtne, pikkus reguleeritav.","og_url":"https:\/\/horticom.ee\/e-pood\/toode\/rodukasti-konksude-komplekt-universaalne-metall-antratsiit\/","og_site_name":"Horticom.ee","article_publisher":"https:\/\/www.facebook.com\/horticom.ee\/e-pood","article_modified_time":"2026-04-08T00:05:28+00:00","og_image":[{"width":1000,"height":896,"url":"https:\/\/horticom.ee\/e-pood\/wp-content\/uploads\/importedmedia\/product-1604380_0-641066_4.jpg","type":"image\/jpeg"}],"twitter_card":"summary_large_image","schema":{"@context":"https:\/\/schema.org","@graph":[{"@type":"WebPage","@id":"https:\/\/horticom.ee\/e-pood\/toode\/rodukasti-konksude-komplekt-universaalne-metall-antratsiit\/","url":"https:\/\/horticom.ee\/e-pood\/toode\/rodukasti-konksude-komplekt-universaalne-metall-antratsiit\/","name":"R\u00f5dukasti konksude komplekt universaalne metall","isPartOf":{"@id":"https:\/\/horticom.ee\/e-pood\/#website"},"primaryImageOfPage":{"@id":"https:\/\/horticom.ee\/e-pood\/toode\/rodukasti-konksude-komplekt-universaalne-metall-antratsiit\/#primaryimage"},"image":{"@id":"https:\/\/horticom.ee\/e-pood\/toode\/rodukasti-konksude-komplekt-universaalne-metall-antratsiit\/#primaryimage"},"thumbnailUrl":"https:\/\/horticom.ee\/e-pood\/wp-content\/uploads\/importedmedia\/product-1604380_0-641066_4.jpg","datePublished":"2022-12-07T23:30:39+00:00","dateModified":"2026-04-08T00:05:28+00:00","description":"R\u00f5dukasti konksud r\u00f5du\u00e4\u00e4rele ja seinale. Tugevad metallist konksud kannatavad kuni 25kg, paigaldamine on kiire ja lihtne, pikkus reguleeritav.","breadcrumb":{"@id":"https:\/\/horticom.ee\/e-pood\/toode\/rodukasti-konksude-komplekt-universaalne-metall-antratsiit\/#breadcrumb"},"inLanguage":"ru-RU","potentialAction":[{"@type":"ReadAction","target":["https:\/\/horticom.ee\/e-pood\/toode\/rodukasti-konksude-komplekt-universaalne-metall-antratsiit\/"]}]},{"@type":"ImageObject","inLanguage":"ru-RU","@id":"https:\/\/horticom.ee\/e-pood\/toode\/rodukasti-konksude-komplekt-universaalne-metall-antratsiit\/#primaryimage","url":"https:\/\/horticom.ee\/e-pood\/wp-content\/uploads\/importedmedia\/product-1604380_0-641066_4.jpg","contentUrl":"https:\/\/horticom.ee\/e-pood\/wp-content\/uploads\/importedmedia\/product-1604380_0-641066_4.jpg","width":1000,"height":896,"caption":"R\u00f5dukasti konksude komplekt universaalne metall antratsiit"},{"@type":"BreadcrumbList","@id":"https:\/\/horticom.ee\/e-pood\/toode\/rodukasti-konksude-komplekt-universaalne-metall-antratsiit\/#breadcrumb","itemListElement":[{"@type":"ListItem","position":1,"name":"Home","item":"https:\/\/horticom.ee\/e-pood\/"},{"@type":"ListItem","position":2,"name":"Pood","item":"https:\/\/horticom.ee\/e-pood\/pood\/"},{"@type":"ListItem","position":3,"name":"R\u00f5dukasti konksude komplekt universaalne B metall antratsiit"}]},{"@type":"WebSite","@id":"https:\/\/horticom.ee\/e-pood\/#website","url":"https:\/\/horticom.ee\/e-pood\/","name":"Horticom.ee","description":"Aianduskaubad ja kodukaubad nii harrastajatele kui professionaalidele","potentialAction":[{"@type":"SearchAction","target":{"@type":"EntryPoint","urlTemplate":"https:\/\/horticom.ee\/e-pood\/?s={search_term_string}"},"query-input":{"@type":"PropertyValueSpecification","valueRequired":true,"valueName":"search_term_string"}}],"inLanguage":"ru-RU"}]}},"_links":{"self":[{"href":"https:\/\/horticom.ee\/e-pood\/ru\/wp-json\/wp\/v2\/product\/1604380","targetHints":{"allow":["GET"]}}],"collection":[{"href":"https:\/\/horticom.ee\/e-pood\/ru\/wp-json\/wp\/v2\/product"}],"about":[{"href":"https:\/\/horticom.ee\/e-pood\/ru\/wp-json\/wp\/v2\/types\/product"}],"replies":[{"embeddable":true,"href":"https:\/\/horticom.ee\/e-pood\/ru\/wp-json\/wp\/v2\/comments?post=1604380"}],"wp:featuredmedia":[{"embeddable":true,"href":"https:\/\/horticom.ee\/e-pood\/ru\/wp-json\/wp\/v2\/media\/1604393"}],"wp:attachment":[{"href":"https:\/\/horticom.ee\/e-pood\/ru\/wp-json\/wp\/v2\/media?parent=1604380"}],"wp:term":[{"taxonomy":"product_cat","embeddable":true,"href":"https:\/\/horticom.ee\/e-pood\/ru\/wp-json\/wp\/v2\/product_cat?post=1604380"},{"taxonomy":"product_tag","embeddable":true,"href":"https:\/\/horticom.ee\/e-pood\/ru\/wp-json\/wp\/v2\/product_tag?post=1604380"}],"curies":[{"name":"wp","href":"https:\/\/api.w.org\/{rel}","templated":true}]}}