{"id":1822618,"date":"2023-05-08T03:02:17","date_gmt":"2023-05-08T00:02:17","guid":{"rendered":"https:\/\/horticom.ee\/e-pood\/toode\/mikrogranuleeritud-hudrogeel-agrecol-10g\/"},"modified":"2026-04-20T18:13:08","modified_gmt":"2026-04-20T15:13:08","slug":"mikrogranuleeritud-hudrogeel-agrecol-10g","status":"publish","type":"product","link":"https:\/\/horticom.ee\/e-pood\/ru\/toode\/mikrogranuleeritud-hudrogeel-agrecol-10g\/","title":{"rendered":"Mikrogranuleeritud h\u00fcdrogeel Agrecol 10g"},"content":{"rendered":"<p>Biolagunev looduslik toode, mis on m\u00f5eldud niiskuse s\u00e4ilitamiseks mullas. Mikrograanulid imavad suure hulga vett, tekitades niimoodi h\u00fcdrogeeli, kust taime juurestik saab veevaesel ajal sobival m\u00e4\u00e4ral niiskust. Toode tagab vee k\u00e4ttesaadavuse koos selles lahustunud toitainetega.<\/p>\n","protected":false},"excerpt":{"rendered":"<p>Biolagunev looduslik toode, mis on m\u00f5eldud niiskuse s\u00e4ilitamiseks mullas. Mikrograanulid imavad suure hulga vett, tekitades niimoodi h\u00fcdrogeeli, kust taime juurestik saab veevaesel ajal sobival m\u00e4\u00e4ral niiskust. Toode tagab vee k\u00e4ttesaadavuse koos selles lahustunud toitainetega.<\/p>\n","protected":false},"featured_media":1824252,"comment_status":"closed","ping_status":"closed","template":"","meta":{"_themeisle_gutenberg_block_has_review":false},"product_cat":[16963,16964,13572],"product_tag":[],"class_list":{"0":"post-1822618","1":"product","2":"type-product","3":"status-publish","4":"has-post-thumbnail","6":"product_cat-roosidele","7":"product_cat-suvelilledele-ja-rodutaimedele","8":"product_cat-vaetised-lilledele","10":"first","11":"instock","12":"shipping-taxable","13":"purchasable","14":"product-type-simple"},"yoast_head":"<!-- This site is optimized with the Yoast SEO plugin v24.0 - https:\/\/yoast.com\/wordpress\/plugins\/seo\/ -->\n<title>Mikrogranuleeritud h\u00fcdrogeel Agrecol 10g - Horticom.ee<\/title>\n<meta name=\"description\" content=\"Mikrogranuleeritud h\u00fcdrogeel on biolagunev looduslik toode, mis on m\u00f5eldud niiskuse s\u00e4ilitamiseks mullas.\" \/>\n<meta name=\"robots\" content=\"index, follow, max-snippet:-1, max-image-preview:large, max-video-preview:-1\" \/>\n<link rel=\"canonical\" href=\"https:\/\/horticom.ee\/e-pood\/toode\/mikrogranuleeritud-hudrogeel-agrecol-10g\/\" \/>\n<meta property=\"og:locale\" content=\"ru_RU\" \/>\n<meta property=\"og:type\" content=\"article\" \/>\n<meta property=\"og:title\" content=\"Mikrogranuleeritud h\u00fcdrogeel Agrecol 10g - Horticom.ee\" \/>\n<meta property=\"og:description\" content=\"Mikrogranuleeritud h\u00fcdrogeel on biolagunev looduslik toode, mis on m\u00f5eldud niiskuse s\u00e4ilitamiseks mullas.\" \/>\n<meta property=\"og:url\" content=\"https:\/\/horticom.ee\/e-pood\/toode\/mikrogranuleeritud-hudrogeel-agrecol-10g\/\" \/>\n<meta property=\"og:site_name\" content=\"Horticom.ee\" \/>\n<meta property=\"article:publisher\" content=\"https:\/\/www.facebook.com\/horticom.ee\/e-pood\" \/>\n<meta property=\"article:modified_time\" content=\"2026-04-20T15:13:08+00:00\" \/>\n<meta property=\"og:image\" content=\"https:\/\/horticom.ee\/e-pood\/wp-content\/uploads\/importedmedia\/product-1822618_0-P74061.jpg\" \/>\n\t<meta property=\"og:image:width\" content=\"1000\" \/>\n\t<meta property=\"og:image:height\" content=\"1419\" \/>\n\t<meta property=\"og:image:type\" content=\"image\/jpeg\" \/>\n<meta name=\"twitter:card\" content=\"summary_large_image\" \/>\n<script type=\"application\/ld+json\" class=\"yoast-schema-graph\">{\"@context\":\"https:\/\/schema.org\",\"@graph\":[{\"@type\":\"WebPage\",\"@id\":\"https:\/\/horticom.ee\/e-pood\/toode\/mikrogranuleeritud-hudrogeel-agrecol-10g\/\",\"url\":\"https:\/\/horticom.ee\/e-pood\/toode\/mikrogranuleeritud-hudrogeel-agrecol-10g\/\",\"name\":\"Mikrogranuleeritud h\u00fcdrogeel Agrecol 10g - Horticom.ee\",\"isPartOf\":{\"@id\":\"https:\/\/horticom.ee\/e-pood\/#website\"},\"primaryImageOfPage\":{\"@id\":\"https:\/\/horticom.ee\/e-pood\/toode\/mikrogranuleeritud-hudrogeel-agrecol-10g\/#primaryimage\"},\"image\":{\"@id\":\"https:\/\/horticom.ee\/e-pood\/toode\/mikrogranuleeritud-hudrogeel-agrecol-10g\/#primaryimage\"},\"thumbnailUrl\":\"https:\/\/horticom.ee\/e-pood\/wp-content\/uploads\/importedmedia\/product-1822618_0-P74061.jpg\",\"datePublished\":\"2023-05-08T00:02:17+00:00\",\"dateModified\":\"2026-04-20T15:13:08+00:00\",\"description\":\"Mikrogranuleeritud h\u00fcdrogeel on biolagunev looduslik toode, mis on m\u00f5eldud niiskuse s\u00e4ilitamiseks mullas.\",\"breadcrumb\":{\"@id\":\"https:\/\/horticom.ee\/e-pood\/toode\/mikrogranuleeritud-hudrogeel-agrecol-10g\/#breadcrumb\"},\"inLanguage\":\"ru-RU\",\"potentialAction\":[{\"@type\":\"ReadAction\",\"target\":[\"https:\/\/horticom.ee\/e-pood\/toode\/mikrogranuleeritud-hudrogeel-agrecol-10g\/\"]}]},{\"@type\":\"ImageObject\",\"inLanguage\":\"ru-RU\",\"@id\":\"https:\/\/horticom.ee\/e-pood\/toode\/mikrogranuleeritud-hudrogeel-agrecol-10g\/#primaryimage\",\"url\":\"https:\/\/horticom.ee\/e-pood\/wp-content\/uploads\/importedmedia\/product-1822618_0-P74061.jpg\",\"contentUrl\":\"https:\/\/horticom.ee\/e-pood\/wp-content\/uploads\/importedmedia\/product-1822618_0-P74061.jpg\",\"width\":1000,\"height\":1419,\"caption\":\"Mikrogranuleeritud h\u00fcdrogeel Agrecol 10g\"},{\"@type\":\"BreadcrumbList\",\"@id\":\"https:\/\/horticom.ee\/e-pood\/toode\/mikrogranuleeritud-hudrogeel-agrecol-10g\/#breadcrumb\",\"itemListElement\":[{\"@type\":\"ListItem\",\"position\":1,\"name\":\"Home\",\"item\":\"https:\/\/horticom.ee\/e-pood\/\"},{\"@type\":\"ListItem\",\"position\":2,\"name\":\"Pood\",\"item\":\"https:\/\/horticom.ee\/e-pood\/pood\/\"},{\"@type\":\"ListItem\",\"position\":3,\"name\":\"Mikrogranuleeritud h\u00fcdrogeel Agrecol 10g\"}]},{\"@type\":\"WebSite\",\"@id\":\"https:\/\/horticom.ee\/e-pood\/#website\",\"url\":\"https:\/\/horticom.ee\/e-pood\/\",\"name\":\"Horticom.ee\",\"description\":\"Aianduskaubad ja kodukaubad nii harrastajatele kui professionaalidele\",\"potentialAction\":[{\"@type\":\"SearchAction\",\"target\":{\"@type\":\"EntryPoint\",\"urlTemplate\":\"https:\/\/horticom.ee\/e-pood\/?s={search_term_string}\"},\"query-input\":{\"@type\":\"PropertyValueSpecification\",\"valueRequired\":true,\"valueName\":\"search_term_string\"}}],\"inLanguage\":\"ru-RU\"}]}<\/script>\n<!-- \/ Yoast SEO plugin. -->","yoast_head_json":{"title":"Mikrogranuleeritud h\u00fcdrogeel Agrecol 10g - Horticom.ee","description":"Mikrogranuleeritud h\u00fcdrogeel on biolagunev looduslik toode, mis on m\u00f5eldud niiskuse s\u00e4ilitamiseks mullas.","robots":{"index":"index","follow":"follow","max-snippet":"max-snippet:-1","max-image-preview":"max-image-preview:large","max-video-preview":"max-video-preview:-1"},"canonical":"https:\/\/horticom.ee\/e-pood\/toode\/mikrogranuleeritud-hudrogeel-agrecol-10g\/","og_locale":"ru_RU","og_type":"article","og_title":"Mikrogranuleeritud h\u00fcdrogeel Agrecol 10g - Horticom.ee","og_description":"Mikrogranuleeritud h\u00fcdrogeel on biolagunev looduslik toode, mis on m\u00f5eldud niiskuse s\u00e4ilitamiseks mullas.","og_url":"https:\/\/horticom.ee\/e-pood\/toode\/mikrogranuleeritud-hudrogeel-agrecol-10g\/","og_site_name":"Horticom.ee","article_publisher":"https:\/\/www.facebook.com\/horticom.ee\/e-pood","article_modified_time":"2026-04-20T15:13:08+00:00","og_image":[{"width":1000,"height":1419,"url":"https:\/\/horticom.ee\/e-pood\/wp-content\/uploads\/importedmedia\/product-1822618_0-P74061.jpg","type":"image\/jpeg"}],"twitter_card":"summary_large_image","schema":{"@context":"https:\/\/schema.org","@graph":[{"@type":"WebPage","@id":"https:\/\/horticom.ee\/e-pood\/toode\/mikrogranuleeritud-hudrogeel-agrecol-10g\/","url":"https:\/\/horticom.ee\/e-pood\/toode\/mikrogranuleeritud-hudrogeel-agrecol-10g\/","name":"Mikrogranuleeritud h\u00fcdrogeel Agrecol 10g - Horticom.ee","isPartOf":{"@id":"https:\/\/horticom.ee\/e-pood\/#website"},"primaryImageOfPage":{"@id":"https:\/\/horticom.ee\/e-pood\/toode\/mikrogranuleeritud-hudrogeel-agrecol-10g\/#primaryimage"},"image":{"@id":"https:\/\/horticom.ee\/e-pood\/toode\/mikrogranuleeritud-hudrogeel-agrecol-10g\/#primaryimage"},"thumbnailUrl":"https:\/\/horticom.ee\/e-pood\/wp-content\/uploads\/importedmedia\/product-1822618_0-P74061.jpg","datePublished":"2023-05-08T00:02:17+00:00","dateModified":"2026-04-20T15:13:08+00:00","description":"Mikrogranuleeritud h\u00fcdrogeel on biolagunev looduslik toode, mis on m\u00f5eldud niiskuse s\u00e4ilitamiseks mullas.","breadcrumb":{"@id":"https:\/\/horticom.ee\/e-pood\/toode\/mikrogranuleeritud-hudrogeel-agrecol-10g\/#breadcrumb"},"inLanguage":"ru-RU","potentialAction":[{"@type":"ReadAction","target":["https:\/\/horticom.ee\/e-pood\/toode\/mikrogranuleeritud-hudrogeel-agrecol-10g\/"]}]},{"@type":"ImageObject","inLanguage":"ru-RU","@id":"https:\/\/horticom.ee\/e-pood\/toode\/mikrogranuleeritud-hudrogeel-agrecol-10g\/#primaryimage","url":"https:\/\/horticom.ee\/e-pood\/wp-content\/uploads\/importedmedia\/product-1822618_0-P74061.jpg","contentUrl":"https:\/\/horticom.ee\/e-pood\/wp-content\/uploads\/importedmedia\/product-1822618_0-P74061.jpg","width":1000,"height":1419,"caption":"Mikrogranuleeritud h\u00fcdrogeel Agrecol 10g"},{"@type":"BreadcrumbList","@id":"https:\/\/horticom.ee\/e-pood\/toode\/mikrogranuleeritud-hudrogeel-agrecol-10g\/#breadcrumb","itemListElement":[{"@type":"ListItem","position":1,"name":"Home","item":"https:\/\/horticom.ee\/e-pood\/"},{"@type":"ListItem","position":2,"name":"Pood","item":"https:\/\/horticom.ee\/e-pood\/pood\/"},{"@type":"ListItem","position":3,"name":"Mikrogranuleeritud h\u00fcdrogeel Agrecol 10g"}]},{"@type":"WebSite","@id":"https:\/\/horticom.ee\/e-pood\/#website","url":"https:\/\/horticom.ee\/e-pood\/","name":"Horticom.ee","description":"Aianduskaubad ja kodukaubad nii harrastajatele kui professionaalidele","potentialAction":[{"@type":"SearchAction","target":{"@type":"EntryPoint","urlTemplate":"https:\/\/horticom.ee\/e-pood\/?s={search_term_string}"},"query-input":{"@type":"PropertyValueSpecification","valueRequired":true,"valueName":"search_term_string"}}],"inLanguage":"ru-RU"}]}},"_links":{"self":[{"href":"https:\/\/horticom.ee\/e-pood\/ru\/wp-json\/wp\/v2\/product\/1822618","targetHints":{"allow":["GET"]}}],"collection":[{"href":"https:\/\/horticom.ee\/e-pood\/ru\/wp-json\/wp\/v2\/product"}],"about":[{"href":"https:\/\/horticom.ee\/e-pood\/ru\/wp-json\/wp\/v2\/types\/product"}],"replies":[{"embeddable":true,"href":"https:\/\/horticom.ee\/e-pood\/ru\/wp-json\/wp\/v2\/comments?post=1822618"}],"wp:featuredmedia":[{"embeddable":true,"href":"https:\/\/horticom.ee\/e-pood\/ru\/wp-json\/wp\/v2\/media\/1824252"}],"wp:attachment":[{"href":"https:\/\/horticom.ee\/e-pood\/ru\/wp-json\/wp\/v2\/media?parent=1822618"}],"wp:term":[{"taxonomy":"product_cat","embeddable":true,"href":"https:\/\/horticom.ee\/e-pood\/ru\/wp-json\/wp\/v2\/product_cat?post=1822618"},{"taxonomy":"product_tag","embeddable":true,"href":"https:\/\/horticom.ee\/e-pood\/ru\/wp-json\/wp\/v2\/product_tag?post=1822618"}],"curies":[{"name":"wp","href":"https:\/\/api.w.org\/{rel}","templated":true}]}}