{"id":1822641,"date":"2023-05-08T03:02:39","date_gmt":"2023-05-08T00:02:39","guid":{"rendered":"https:\/\/horticom.ee\/e-pood\/toode\/perliit-125l-2-6mm\/"},"modified":"2026-04-24T16:01:14","modified_gmt":"2026-04-24T13:01:14","slug":"perliit-125l-2-6mm","status":"publish","type":"product","link":"https:\/\/horticom.ee\/e-pood\/ru\/toode\/perliit-125l-2-6mm\/","title":{"rendered":"Perliit 125L 2-6mm"},"content":{"rendered":"<p>Kerge ja \u00f5hulise struktuuriga looduslik vulkaaniline kivim. Sobib k\u00fclvimulla koostisesse, seemnek\u00fclvide katteks, lillesibulate talviseks s\u00e4ilitamiseks ja kasvupinnase parandamiseks. Optimeerib vee ja \u00f5hutingimusi, tagades taimejuurestiku parema arenemise ning taimekasvu. Sobib mahekasvatusse.<\/p>\n","protected":false},"excerpt":{"rendered":"<p>Kerge ja \u00f5hulise struktuuriga looduslik vulkaaniline kivim. Sobib k\u00fclvimulla koostisesse, seemnek\u00fclvide katteks, lillesibulate talviseks s\u00e4ilitamiseks ja kasvupinnase parandamiseks. Optimeerib vee ja \u00f5hutingimusi, tagades taimejuurestiku parema arenemise ning taimekasvu. Sobib mahekasvatusse.<\/p>\n","protected":false},"featured_media":0,"comment_status":"closed","ping_status":"closed","template":"","meta":{"_themeisle_gutenberg_block_has_review":false},"product_cat":[13569,13647],"product_tag":[],"class_list":{"0":"post-1822641","1":"product","2":"type-product","3":"status-publish","5":"product_cat-mullaparandajad","6":"product_cat-mullaparandusained","8":"first","9":"instock","10":"shipping-taxable","11":"purchasable","12":"product-type-simple"},"yoast_head":"<!-- This site is optimized with the Yoast SEO plugin v24.0 - https:\/\/yoast.com\/wordpress\/plugins\/seo\/ -->\n<title>Perliit 125L 2-6mm - Horticom<\/title>\n<meta name=\"robots\" content=\"index, follow, max-snippet:-1, max-image-preview:large, max-video-preview:-1\" \/>\n<link rel=\"canonical\" href=\"https:\/\/horticom.ee\/e-pood\/toode\/perliit-125l-2-6mm\/\" \/>\n<meta property=\"og:locale\" content=\"ru_RU\" \/>\n<meta property=\"og:type\" content=\"article\" \/>\n<meta property=\"og:title\" content=\"Perliit 125L 2-6mm - Horticom\" \/>\n<meta property=\"og:description\" content=\"Kerge ja \u00f5hulise struktuuriga looduslik vulkaaniline kivim. Sobib k\u00fclvimulla koostisesse, seemnek\u00fclvide katteks, lillesibulate talviseks s\u00e4ilitamiseks ja kasvupinnase parandamiseks. Optimeerib vee ja \u00f5hutingimusi, tagades taimejuurestiku parema arenemise ning taimekasvu. Sobib mahekasvatusse.\" \/>\n<meta property=\"og:url\" content=\"https:\/\/horticom.ee\/e-pood\/toode\/perliit-125l-2-6mm\/\" \/>\n<meta property=\"og:site_name\" content=\"Horticom.ee\" \/>\n<meta property=\"article:publisher\" content=\"https:\/\/www.facebook.com\/horticom.ee\/e-pood\" \/>\n<meta property=\"article:modified_time\" content=\"2026-04-24T13:01:14+00:00\" \/>\n<meta name=\"twitter:card\" content=\"summary_large_image\" \/>\n<script type=\"application\/ld+json\" class=\"yoast-schema-graph\">{\"@context\":\"https:\/\/schema.org\",\"@graph\":[{\"@type\":\"WebPage\",\"@id\":\"https:\/\/horticom.ee\/e-pood\/toode\/perliit-125l-2-6mm\/\",\"url\":\"https:\/\/horticom.ee\/e-pood\/toode\/perliit-125l-2-6mm\/\",\"name\":\"Perliit 125L 2-6mm - Horticom\",\"isPartOf\":{\"@id\":\"https:\/\/horticom.ee\/e-pood\/#website\"},\"datePublished\":\"2023-05-08T00:02:39+00:00\",\"dateModified\":\"2026-04-24T13:01:14+00:00\",\"breadcrumb\":{\"@id\":\"https:\/\/horticom.ee\/e-pood\/toode\/perliit-125l-2-6mm\/#breadcrumb\"},\"inLanguage\":\"ru-RU\",\"potentialAction\":[{\"@type\":\"ReadAction\",\"target\":[\"https:\/\/horticom.ee\/e-pood\/toode\/perliit-125l-2-6mm\/\"]}]},{\"@type\":\"BreadcrumbList\",\"@id\":\"https:\/\/horticom.ee\/e-pood\/toode\/perliit-125l-2-6mm\/#breadcrumb\",\"itemListElement\":[{\"@type\":\"ListItem\",\"position\":1,\"name\":\"Home\",\"item\":\"https:\/\/horticom.ee\/e-pood\/\"},{\"@type\":\"ListItem\",\"position\":2,\"name\":\"Pood\",\"item\":\"https:\/\/horticom.ee\/e-pood\/pood\/\"},{\"@type\":\"ListItem\",\"position\":3,\"name\":\"Perliit 125L 2-6mm\"}]},{\"@type\":\"WebSite\",\"@id\":\"https:\/\/horticom.ee\/e-pood\/#website\",\"url\":\"https:\/\/horticom.ee\/e-pood\/\",\"name\":\"Horticom.ee\",\"description\":\"Aianduskaubad ja kodukaubad nii harrastajatele kui professionaalidele\",\"potentialAction\":[{\"@type\":\"SearchAction\",\"target\":{\"@type\":\"EntryPoint\",\"urlTemplate\":\"https:\/\/horticom.ee\/e-pood\/?s={search_term_string}\"},\"query-input\":{\"@type\":\"PropertyValueSpecification\",\"valueRequired\":true,\"valueName\":\"search_term_string\"}}],\"inLanguage\":\"ru-RU\"}]}<\/script>\n<!-- \/ Yoast SEO plugin. -->","yoast_head_json":{"title":"Perliit 125L 2-6mm - Horticom","robots":{"index":"index","follow":"follow","max-snippet":"max-snippet:-1","max-image-preview":"max-image-preview:large","max-video-preview":"max-video-preview:-1"},"canonical":"https:\/\/horticom.ee\/e-pood\/toode\/perliit-125l-2-6mm\/","og_locale":"ru_RU","og_type":"article","og_title":"Perliit 125L 2-6mm - Horticom","og_description":"Kerge ja \u00f5hulise struktuuriga looduslik vulkaaniline kivim. Sobib k\u00fclvimulla koostisesse, seemnek\u00fclvide katteks, lillesibulate talviseks s\u00e4ilitamiseks ja kasvupinnase parandamiseks. Optimeerib vee ja \u00f5hutingimusi, tagades taimejuurestiku parema arenemise ning taimekasvu. Sobib mahekasvatusse.","og_url":"https:\/\/horticom.ee\/e-pood\/toode\/perliit-125l-2-6mm\/","og_site_name":"Horticom.ee","article_publisher":"https:\/\/www.facebook.com\/horticom.ee\/e-pood","article_modified_time":"2026-04-24T13:01:14+00:00","twitter_card":"summary_large_image","schema":{"@context":"https:\/\/schema.org","@graph":[{"@type":"WebPage","@id":"https:\/\/horticom.ee\/e-pood\/toode\/perliit-125l-2-6mm\/","url":"https:\/\/horticom.ee\/e-pood\/toode\/perliit-125l-2-6mm\/","name":"Perliit 125L 2-6mm - Horticom","isPartOf":{"@id":"https:\/\/horticom.ee\/e-pood\/#website"},"datePublished":"2023-05-08T00:02:39+00:00","dateModified":"2026-04-24T13:01:14+00:00","breadcrumb":{"@id":"https:\/\/horticom.ee\/e-pood\/toode\/perliit-125l-2-6mm\/#breadcrumb"},"inLanguage":"ru-RU","potentialAction":[{"@type":"ReadAction","target":["https:\/\/horticom.ee\/e-pood\/toode\/perliit-125l-2-6mm\/"]}]},{"@type":"BreadcrumbList","@id":"https:\/\/horticom.ee\/e-pood\/toode\/perliit-125l-2-6mm\/#breadcrumb","itemListElement":[{"@type":"ListItem","position":1,"name":"Home","item":"https:\/\/horticom.ee\/e-pood\/"},{"@type":"ListItem","position":2,"name":"Pood","item":"https:\/\/horticom.ee\/e-pood\/pood\/"},{"@type":"ListItem","position":3,"name":"Perliit 125L 2-6mm"}]},{"@type":"WebSite","@id":"https:\/\/horticom.ee\/e-pood\/#website","url":"https:\/\/horticom.ee\/e-pood\/","name":"Horticom.ee","description":"Aianduskaubad ja kodukaubad nii harrastajatele kui professionaalidele","potentialAction":[{"@type":"SearchAction","target":{"@type":"EntryPoint","urlTemplate":"https:\/\/horticom.ee\/e-pood\/?s={search_term_string}"},"query-input":{"@type":"PropertyValueSpecification","valueRequired":true,"valueName":"search_term_string"}}],"inLanguage":"ru-RU"}]}},"_links":{"self":[{"href":"https:\/\/horticom.ee\/e-pood\/ru\/wp-json\/wp\/v2\/product\/1822641","targetHints":{"allow":["GET"]}}],"collection":[{"href":"https:\/\/horticom.ee\/e-pood\/ru\/wp-json\/wp\/v2\/product"}],"about":[{"href":"https:\/\/horticom.ee\/e-pood\/ru\/wp-json\/wp\/v2\/types\/product"}],"replies":[{"embeddable":true,"href":"https:\/\/horticom.ee\/e-pood\/ru\/wp-json\/wp\/v2\/comments?post=1822641"}],"wp:attachment":[{"href":"https:\/\/horticom.ee\/e-pood\/ru\/wp-json\/wp\/v2\/media?parent=1822641"}],"wp:term":[{"taxonomy":"product_cat","embeddable":true,"href":"https:\/\/horticom.ee\/e-pood\/ru\/wp-json\/wp\/v2\/product_cat?post=1822641"},{"taxonomy":"product_tag","embeddable":true,"href":"https:\/\/horticom.ee\/e-pood\/ru\/wp-json\/wp\/v2\/product_tag?post=1822641"}],"curies":[{"name":"wp","href":"https:\/\/api.w.org\/{rel}","templated":true}]}}