{"id":1822649,"date":"2023-05-08T03:02:45","date_gmt":"2023-05-08T00:02:45","guid":{"rendered":"https:\/\/horticom.ee\/e-pood\/toode\/vermikuliit-125l-frakts-2-4mm\/"},"modified":"2026-04-24T03:06:20","modified_gmt":"2026-04-24T00:06:20","slug":"vermikuliit-125l-frakts-2-4mm","status":"publish","type":"product","link":"https:\/\/horticom.ee\/e-pood\/ru\/toode\/vermikuliit-125l-frakts-2-4mm\/","title":{"rendered":"Vermikuliit 125L frakts 2-4mm"},"content":{"rendered":"<p>Vermikuliit on kuumt\u00f6\u00f6deldud loodusliku p\u00e4ritoluga puhas savimineraal. Sobib k\u00fclvimulla koostisesse, seemnek\u00fclvide katmiseks, pistikute juurdumiseks, samuti k\u00f6\u00f6giviljade ja lillesibulate talviseks s\u00e4ilitamiseks. Vermikuliit sobib neutraalset kasvumulda vajavatele taimedele. V\u00f5ib edukalt kasutada ka mahekasvatuses.<\/p>\n","protected":false},"excerpt":{"rendered":"<p>Vermikuliit on kuumt\u00f6\u00f6deldud loodusliku p\u00e4ritoluga puhas savimineraal. Sobib k\u00fclvimulla koostisesse, seemnek\u00fclvide katmiseks, pistikute juurdumiseks, samuti k\u00f6\u00f6giviljade ja lillesibulate talviseks s\u00e4ilitamiseks. Vermikuliit sobib neutraalset kasvumulda vajavatele taimedele. V\u00f5ib edukalt kasutada ka mahekasvatuses.<\/p>\n","protected":false},"featured_media":2361014,"comment_status":"closed","ping_status":"closed","template":"","meta":{"_themeisle_gutenberg_block_has_review":false},"product_cat":[13569,13647],"product_tag":[],"class_list":{"0":"post-1822649","1":"product","2":"type-product","3":"status-publish","4":"has-post-thumbnail","6":"product_cat-mullaparandajad","7":"product_cat-mullaparandusained","9":"first","10":"instock","11":"shipping-taxable","12":"purchasable","13":"product-type-simple"},"yoast_head":"<!-- This site is optimized with the Yoast SEO plugin v24.0 - https:\/\/yoast.com\/wordpress\/plugins\/seo\/ -->\n<title>Vermikuliit 125L frakts 2-4mm - Horticom<\/title>\n<meta name=\"robots\" content=\"index, follow, max-snippet:-1, max-image-preview:large, max-video-preview:-1\" \/>\n<link rel=\"canonical\" href=\"https:\/\/horticom.ee\/e-pood\/toode\/vermikuliit-125l-frakts-2-4mm\/\" \/>\n<meta property=\"og:locale\" content=\"ru_RU\" \/>\n<meta property=\"og:type\" content=\"article\" \/>\n<meta property=\"og:title\" content=\"Vermikuliit 125L frakts 2-4mm - Horticom\" \/>\n<meta property=\"og:description\" content=\"Vermikuliit on kuumt\u00f6\u00f6deldud loodusliku p\u00e4ritoluga puhas savimineraal. Sobib k\u00fclvimulla koostisesse, seemnek\u00fclvide katmiseks, pistikute juurdumiseks, samuti k\u00f6\u00f6giviljade ja lillesibulate talviseks s\u00e4ilitamiseks. Vermikuliit sobib neutraalset kasvumulda vajavatele taimedele. V\u00f5ib edukalt kasutada ka mahekasvatuses.\" \/>\n<meta property=\"og:url\" content=\"https:\/\/horticom.ee\/e-pood\/toode\/vermikuliit-125l-frakts-2-4mm\/\" \/>\n<meta property=\"og:site_name\" content=\"Horticom.ee\" \/>\n<meta property=\"article:publisher\" content=\"https:\/\/www.facebook.com\/horticom.ee\/e-pood\" \/>\n<meta property=\"article:modified_time\" content=\"2026-04-24T00:06:20+00:00\" \/>\n<meta property=\"og:image\" content=\"https:\/\/horticom.ee\/e-pood\/wp-content\/uploads\/importedmedia\/product-1822649_0-4339013.jpg\" \/>\n\t<meta property=\"og:image:width\" content=\"1000\" \/>\n\t<meta property=\"og:image:height\" content=\"1498\" \/>\n\t<meta property=\"og:image:type\" content=\"image\/jpeg\" \/>\n<meta name=\"twitter:card\" content=\"summary_large_image\" \/>\n<meta name=\"twitter:label1\" content=\"\u041f\u0440\u0438\u043c\u0435\u0440\u043d\u043e\u0435 \u0432\u0440\u0435\u043c\u044f \u0434\u043b\u044f \u0447\u0442\u0435\u043d\u0438\u044f\" \/>\n\t<meta name=\"twitter:data1\" content=\"1 \u043c\u0438\u043d\u0443\u0442\u0430\" \/>\n<script type=\"application\/ld+json\" class=\"yoast-schema-graph\">{\"@context\":\"https:\/\/schema.org\",\"@graph\":[{\"@type\":\"WebPage\",\"@id\":\"https:\/\/horticom.ee\/e-pood\/toode\/vermikuliit-125l-frakts-2-4mm\/\",\"url\":\"https:\/\/horticom.ee\/e-pood\/toode\/vermikuliit-125l-frakts-2-4mm\/\",\"name\":\"Vermikuliit 125L frakts 2-4mm - Horticom\",\"isPartOf\":{\"@id\":\"https:\/\/horticom.ee\/e-pood\/#website\"},\"primaryImageOfPage\":{\"@id\":\"https:\/\/horticom.ee\/e-pood\/toode\/vermikuliit-125l-frakts-2-4mm\/#primaryimage\"},\"image\":{\"@id\":\"https:\/\/horticom.ee\/e-pood\/toode\/vermikuliit-125l-frakts-2-4mm\/#primaryimage\"},\"thumbnailUrl\":\"https:\/\/horticom.ee\/e-pood\/wp-content\/uploads\/importedmedia\/product-1822649_0-4339013.jpg\",\"datePublished\":\"2023-05-08T00:02:45+00:00\",\"dateModified\":\"2026-04-24T00:06:20+00:00\",\"breadcrumb\":{\"@id\":\"https:\/\/horticom.ee\/e-pood\/toode\/vermikuliit-125l-frakts-2-4mm\/#breadcrumb\"},\"inLanguage\":\"ru-RU\",\"potentialAction\":[{\"@type\":\"ReadAction\",\"target\":[\"https:\/\/horticom.ee\/e-pood\/toode\/vermikuliit-125l-frakts-2-4mm\/\"]}]},{\"@type\":\"ImageObject\",\"inLanguage\":\"ru-RU\",\"@id\":\"https:\/\/horticom.ee\/e-pood\/toode\/vermikuliit-125l-frakts-2-4mm\/#primaryimage\",\"url\":\"https:\/\/horticom.ee\/e-pood\/wp-content\/uploads\/importedmedia\/product-1822649_0-4339013.jpg\",\"contentUrl\":\"https:\/\/horticom.ee\/e-pood\/wp-content\/uploads\/importedmedia\/product-1822649_0-4339013.jpg\",\"width\":1000,\"height\":1498},{\"@type\":\"BreadcrumbList\",\"@id\":\"https:\/\/horticom.ee\/e-pood\/toode\/vermikuliit-125l-frakts-2-4mm\/#breadcrumb\",\"itemListElement\":[{\"@type\":\"ListItem\",\"position\":1,\"name\":\"Home\",\"item\":\"https:\/\/horticom.ee\/e-pood\/\"},{\"@type\":\"ListItem\",\"position\":2,\"name\":\"Pood\",\"item\":\"https:\/\/horticom.ee\/e-pood\/pood\/\"},{\"@type\":\"ListItem\",\"position\":3,\"name\":\"Vermikuliit 125L frakts 2-4mm\"}]},{\"@type\":\"WebSite\",\"@id\":\"https:\/\/horticom.ee\/e-pood\/#website\",\"url\":\"https:\/\/horticom.ee\/e-pood\/\",\"name\":\"Horticom.ee\",\"description\":\"Aianduskaubad ja kodukaubad nii harrastajatele kui professionaalidele\",\"potentialAction\":[{\"@type\":\"SearchAction\",\"target\":{\"@type\":\"EntryPoint\",\"urlTemplate\":\"https:\/\/horticom.ee\/e-pood\/?s={search_term_string}\"},\"query-input\":{\"@type\":\"PropertyValueSpecification\",\"valueRequired\":true,\"valueName\":\"search_term_string\"}}],\"inLanguage\":\"ru-RU\"}]}<\/script>\n<!-- \/ Yoast SEO plugin. -->","yoast_head_json":{"title":"Vermikuliit 125L frakts 2-4mm - Horticom","robots":{"index":"index","follow":"follow","max-snippet":"max-snippet:-1","max-image-preview":"max-image-preview:large","max-video-preview":"max-video-preview:-1"},"canonical":"https:\/\/horticom.ee\/e-pood\/toode\/vermikuliit-125l-frakts-2-4mm\/","og_locale":"ru_RU","og_type":"article","og_title":"Vermikuliit 125L frakts 2-4mm - Horticom","og_description":"Vermikuliit on kuumt\u00f6\u00f6deldud loodusliku p\u00e4ritoluga puhas savimineraal. Sobib k\u00fclvimulla koostisesse, seemnek\u00fclvide katmiseks, pistikute juurdumiseks, samuti k\u00f6\u00f6giviljade ja lillesibulate talviseks s\u00e4ilitamiseks. Vermikuliit sobib neutraalset kasvumulda vajavatele taimedele. V\u00f5ib edukalt kasutada ka mahekasvatuses.","og_url":"https:\/\/horticom.ee\/e-pood\/toode\/vermikuliit-125l-frakts-2-4mm\/","og_site_name":"Horticom.ee","article_publisher":"https:\/\/www.facebook.com\/horticom.ee\/e-pood","article_modified_time":"2026-04-24T00:06:20+00:00","og_image":[{"width":1000,"height":1498,"url":"https:\/\/horticom.ee\/e-pood\/wp-content\/uploads\/importedmedia\/product-1822649_0-4339013.jpg","type":"image\/jpeg"}],"twitter_card":"summary_large_image","twitter_misc":{"\u041f\u0440\u0438\u043c\u0435\u0440\u043d\u043e\u0435 \u0432\u0440\u0435\u043c\u044f \u0434\u043b\u044f \u0447\u0442\u0435\u043d\u0438\u044f":"1 \u043c\u0438\u043d\u0443\u0442\u0430"},"schema":{"@context":"https:\/\/schema.org","@graph":[{"@type":"WebPage","@id":"https:\/\/horticom.ee\/e-pood\/toode\/vermikuliit-125l-frakts-2-4mm\/","url":"https:\/\/horticom.ee\/e-pood\/toode\/vermikuliit-125l-frakts-2-4mm\/","name":"Vermikuliit 125L frakts 2-4mm - Horticom","isPartOf":{"@id":"https:\/\/horticom.ee\/e-pood\/#website"},"primaryImageOfPage":{"@id":"https:\/\/horticom.ee\/e-pood\/toode\/vermikuliit-125l-frakts-2-4mm\/#primaryimage"},"image":{"@id":"https:\/\/horticom.ee\/e-pood\/toode\/vermikuliit-125l-frakts-2-4mm\/#primaryimage"},"thumbnailUrl":"https:\/\/horticom.ee\/e-pood\/wp-content\/uploads\/importedmedia\/product-1822649_0-4339013.jpg","datePublished":"2023-05-08T00:02:45+00:00","dateModified":"2026-04-24T00:06:20+00:00","breadcrumb":{"@id":"https:\/\/horticom.ee\/e-pood\/toode\/vermikuliit-125l-frakts-2-4mm\/#breadcrumb"},"inLanguage":"ru-RU","potentialAction":[{"@type":"ReadAction","target":["https:\/\/horticom.ee\/e-pood\/toode\/vermikuliit-125l-frakts-2-4mm\/"]}]},{"@type":"ImageObject","inLanguage":"ru-RU","@id":"https:\/\/horticom.ee\/e-pood\/toode\/vermikuliit-125l-frakts-2-4mm\/#primaryimage","url":"https:\/\/horticom.ee\/e-pood\/wp-content\/uploads\/importedmedia\/product-1822649_0-4339013.jpg","contentUrl":"https:\/\/horticom.ee\/e-pood\/wp-content\/uploads\/importedmedia\/product-1822649_0-4339013.jpg","width":1000,"height":1498},{"@type":"BreadcrumbList","@id":"https:\/\/horticom.ee\/e-pood\/toode\/vermikuliit-125l-frakts-2-4mm\/#breadcrumb","itemListElement":[{"@type":"ListItem","position":1,"name":"Home","item":"https:\/\/horticom.ee\/e-pood\/"},{"@type":"ListItem","position":2,"name":"Pood","item":"https:\/\/horticom.ee\/e-pood\/pood\/"},{"@type":"ListItem","position":3,"name":"Vermikuliit 125L frakts 2-4mm"}]},{"@type":"WebSite","@id":"https:\/\/horticom.ee\/e-pood\/#website","url":"https:\/\/horticom.ee\/e-pood\/","name":"Horticom.ee","description":"Aianduskaubad ja kodukaubad nii harrastajatele kui professionaalidele","potentialAction":[{"@type":"SearchAction","target":{"@type":"EntryPoint","urlTemplate":"https:\/\/horticom.ee\/e-pood\/?s={search_term_string}"},"query-input":{"@type":"PropertyValueSpecification","valueRequired":true,"valueName":"search_term_string"}}],"inLanguage":"ru-RU"}]}},"_links":{"self":[{"href":"https:\/\/horticom.ee\/e-pood\/ru\/wp-json\/wp\/v2\/product\/1822649","targetHints":{"allow":["GET"]}}],"collection":[{"href":"https:\/\/horticom.ee\/e-pood\/ru\/wp-json\/wp\/v2\/product"}],"about":[{"href":"https:\/\/horticom.ee\/e-pood\/ru\/wp-json\/wp\/v2\/types\/product"}],"replies":[{"embeddable":true,"href":"https:\/\/horticom.ee\/e-pood\/ru\/wp-json\/wp\/v2\/comments?post=1822649"}],"wp:featuredmedia":[{"embeddable":true,"href":"https:\/\/horticom.ee\/e-pood\/ru\/wp-json\/wp\/v2\/media\/2361014"}],"wp:attachment":[{"href":"https:\/\/horticom.ee\/e-pood\/ru\/wp-json\/wp\/v2\/media?parent=1822649"}],"wp:term":[{"taxonomy":"product_cat","embeddable":true,"href":"https:\/\/horticom.ee\/e-pood\/ru\/wp-json\/wp\/v2\/product_cat?post=1822649"},{"taxonomy":"product_tag","embeddable":true,"href":"https:\/\/horticom.ee\/e-pood\/ru\/wp-json\/wp\/v2\/product_tag?post=1822649"}],"curies":[{"name":"wp","href":"https:\/\/api.w.org\/{rel}","templated":true}]}}