{"id":1822655,"date":"2023-05-08T03:02:50","date_gmt":"2023-05-08T00:02:50","guid":{"rendered":"https:\/\/horticom.ee\/e-pood\/toode\/vurtspaprika-cayenne-15g-a\/"},"modified":"2026-05-03T03:06:04","modified_gmt":"2026-05-03T00:06:04","slug":"vurtspaprika-cayenne-15g-a","status":"publish","type":"product","link":"https:\/\/horticom.ee\/e-pood\/ru\/toode\/vurtspaprika-cayenne-15g-a\/","title":{"rendered":"V\u00fcrtspaprika Cayenne 0,5g A"},"content":{"rendered":"<p>V\u00fcrtspaprika Cayenne on keskvarajane sort, istutusest saagi alguseni l\u00e4heb umbes 70 p\u00e4eva. K\u00f5rgus 45-72 cm. Tulised piprad keskmisest rohelisest s\u00fcgavpunaseni. Teravatipuline?. Toitude maitsestamiseks v\u00e4rskelt, kuivatatult helvestena, pulbrina. K\u00f5ige suuremat saaki annavad nad kasvuhoones, kuid on v\u00e4ga efektsed ka potitaimena terrassil v\u00f5i aknalaual. Vajavad soojust, valgust ja toitaineterikast mulda. J\u00e4rsu temperatuurimuutuse puhul v\u00f5ivad \u00f5ied maha visata. T\u0161illid peaksid saama valgust 12-14 tundi p\u00e4evas.<\/p>\n","protected":false},"excerpt":{"rendered":"<p>V\u00fcrtspaprika Cayenne on keskvarajane sort, istutusest saagi alguseni l\u00e4heb umbes 70 p\u00e4eva. K\u00f5rgus 45-72 cm. Tulised piprad keskmisest rohelisest s\u00fcgavpunaseni. Teravatipuline?. Toitude maitsestamiseks v\u00e4rskelt, kuivatatult helvestena, pulbrina. K\u00f5ige suuremat saaki annavad nad kasvuhoones, kuid on v\u00e4ga efektsed ka potitaimena terrassil v\u00f5i aknalaual. Vajavad soojust, valgust ja toitaineterikast mulda. J\u00e4rsu temperatuurimuutuse puhul v\u00f5ivad \u00f5ied maha visata. [&hellip;]<\/p>\n","protected":false},"featured_media":2382662,"comment_status":"closed","ping_status":"closed","template":"","meta":{"_themeisle_gutenberg_block_has_review":false},"product_cat":[13489],"product_tag":[],"class_list":{"0":"post-1822655","1":"product","2":"type-product","3":"status-publish","4":"has-post-thumbnail","6":"product_cat-paprika-kibepipar","8":"first","9":"instock","10":"shipping-taxable","11":"purchasable","12":"product-type-simple"},"yoast_head":"<!-- This site is optimized with the Yoast SEO plugin v24.0 - https:\/\/yoast.com\/wordpress\/plugins\/seo\/ -->\n<title>V\u00fcrtspaprika Cayenne 0,5g A - Horticom<\/title>\n<meta name=\"robots\" content=\"index, follow, max-snippet:-1, max-image-preview:large, max-video-preview:-1\" \/>\n<link rel=\"canonical\" href=\"https:\/\/horticom.ee\/e-pood\/toode\/vurtspaprika-cayenne-15g-a\/\" \/>\n<meta property=\"og:locale\" content=\"ru_RU\" \/>\n<meta property=\"og:type\" content=\"article\" \/>\n<meta property=\"og:title\" content=\"V\u00fcrtspaprika Cayenne 0,5g A - Horticom\" \/>\n<meta property=\"og:description\" content=\"V\u00fcrtspaprika Cayenne on keskvarajane sort, istutusest saagi alguseni l\u00e4heb umbes 70 p\u00e4eva. K\u00f5rgus 45-72 cm. Tulised piprad keskmisest rohelisest s\u00fcgavpunaseni. Teravatipuline?. Toitude maitsestamiseks v\u00e4rskelt, kuivatatult helvestena, pulbrina. K\u00f5ige suuremat saaki annavad nad kasvuhoones, kuid on v\u00e4ga efektsed ka potitaimena terrassil v\u00f5i aknalaual. Vajavad soojust, valgust ja toitaineterikast mulda. J\u00e4rsu temperatuurimuutuse puhul v\u00f5ivad \u00f5ied maha visata. [&hellip;]\" \/>\n<meta property=\"og:url\" content=\"https:\/\/horticom.ee\/e-pood\/toode\/vurtspaprika-cayenne-15g-a\/\" \/>\n<meta property=\"og:site_name\" content=\"Horticom.ee\" \/>\n<meta property=\"article:publisher\" content=\"https:\/\/www.facebook.com\/horticom.ee\/e-pood\" \/>\n<meta property=\"article:modified_time\" content=\"2026-05-03T00:06:04+00:00\" \/>\n<meta property=\"og:image\" content=\"https:\/\/horticom.ee\/e-pood\/wp-content\/uploads\/importedmedia\/product-1822655_0-1402450.jpg\" \/>\n\t<meta property=\"og:image:width\" content=\"1000\" \/>\n\t<meta property=\"og:image:height\" content=\"1583\" \/>\n\t<meta property=\"og:image:type\" content=\"image\/jpeg\" \/>\n<meta name=\"twitter:card\" content=\"summary_large_image\" \/>\n<script type=\"application\/ld+json\" class=\"yoast-schema-graph\">{\"@context\":\"https:\/\/schema.org\",\"@graph\":[{\"@type\":\"WebPage\",\"@id\":\"https:\/\/horticom.ee\/e-pood\/toode\/vurtspaprika-cayenne-15g-a\/\",\"url\":\"https:\/\/horticom.ee\/e-pood\/toode\/vurtspaprika-cayenne-15g-a\/\",\"name\":\"V\u00fcrtspaprika Cayenne 0,5g A - Horticom\",\"isPartOf\":{\"@id\":\"https:\/\/horticom.ee\/e-pood\/#website\"},\"primaryImageOfPage\":{\"@id\":\"https:\/\/horticom.ee\/e-pood\/toode\/vurtspaprika-cayenne-15g-a\/#primaryimage\"},\"image\":{\"@id\":\"https:\/\/horticom.ee\/e-pood\/toode\/vurtspaprika-cayenne-15g-a\/#primaryimage\"},\"thumbnailUrl\":\"https:\/\/horticom.ee\/e-pood\/wp-content\/uploads\/importedmedia\/product-1822655_0-1402450.jpg\",\"datePublished\":\"2023-05-08T00:02:50+00:00\",\"dateModified\":\"2026-05-03T00:06:04+00:00\",\"breadcrumb\":{\"@id\":\"https:\/\/horticom.ee\/e-pood\/toode\/vurtspaprika-cayenne-15g-a\/#breadcrumb\"},\"inLanguage\":\"ru-RU\",\"potentialAction\":[{\"@type\":\"ReadAction\",\"target\":[\"https:\/\/horticom.ee\/e-pood\/toode\/vurtspaprika-cayenne-15g-a\/\"]}]},{\"@type\":\"ImageObject\",\"inLanguage\":\"ru-RU\",\"@id\":\"https:\/\/horticom.ee\/e-pood\/toode\/vurtspaprika-cayenne-15g-a\/#primaryimage\",\"url\":\"https:\/\/horticom.ee\/e-pood\/wp-content\/uploads\/importedmedia\/product-1822655_0-1402450.jpg\",\"contentUrl\":\"https:\/\/horticom.ee\/e-pood\/wp-content\/uploads\/importedmedia\/product-1822655_0-1402450.jpg\",\"width\":1000,\"height\":1583},{\"@type\":\"BreadcrumbList\",\"@id\":\"https:\/\/horticom.ee\/e-pood\/toode\/vurtspaprika-cayenne-15g-a\/#breadcrumb\",\"itemListElement\":[{\"@type\":\"ListItem\",\"position\":1,\"name\":\"Home\",\"item\":\"https:\/\/horticom.ee\/e-pood\/\"},{\"@type\":\"ListItem\",\"position\":2,\"name\":\"Pood\",\"item\":\"https:\/\/horticom.ee\/e-pood\/pood\/\"},{\"@type\":\"ListItem\",\"position\":3,\"name\":\"V\u00fcrtspaprika Cayenne 0,5g A\"}]},{\"@type\":\"WebSite\",\"@id\":\"https:\/\/horticom.ee\/e-pood\/#website\",\"url\":\"https:\/\/horticom.ee\/e-pood\/\",\"name\":\"Horticom.ee\",\"description\":\"Aianduskaubad ja kodukaubad nii harrastajatele kui professionaalidele\",\"potentialAction\":[{\"@type\":\"SearchAction\",\"target\":{\"@type\":\"EntryPoint\",\"urlTemplate\":\"https:\/\/horticom.ee\/e-pood\/?s={search_term_string}\"},\"query-input\":{\"@type\":\"PropertyValueSpecification\",\"valueRequired\":true,\"valueName\":\"search_term_string\"}}],\"inLanguage\":\"ru-RU\"}]}<\/script>\n<!-- \/ Yoast SEO plugin. -->","yoast_head_json":{"title":"V\u00fcrtspaprika Cayenne 0,5g A - Horticom","robots":{"index":"index","follow":"follow","max-snippet":"max-snippet:-1","max-image-preview":"max-image-preview:large","max-video-preview":"max-video-preview:-1"},"canonical":"https:\/\/horticom.ee\/e-pood\/toode\/vurtspaprika-cayenne-15g-a\/","og_locale":"ru_RU","og_type":"article","og_title":"V\u00fcrtspaprika Cayenne 0,5g A - Horticom","og_description":"V\u00fcrtspaprika Cayenne on keskvarajane sort, istutusest saagi alguseni l\u00e4heb umbes 70 p\u00e4eva. K\u00f5rgus 45-72 cm. Tulised piprad keskmisest rohelisest s\u00fcgavpunaseni. Teravatipuline?. Toitude maitsestamiseks v\u00e4rskelt, kuivatatult helvestena, pulbrina. K\u00f5ige suuremat saaki annavad nad kasvuhoones, kuid on v\u00e4ga efektsed ka potitaimena terrassil v\u00f5i aknalaual. Vajavad soojust, valgust ja toitaineterikast mulda. J\u00e4rsu temperatuurimuutuse puhul v\u00f5ivad \u00f5ied maha visata. [&hellip;]","og_url":"https:\/\/horticom.ee\/e-pood\/toode\/vurtspaprika-cayenne-15g-a\/","og_site_name":"Horticom.ee","article_publisher":"https:\/\/www.facebook.com\/horticom.ee\/e-pood","article_modified_time":"2026-05-03T00:06:04+00:00","og_image":[{"width":1000,"height":1583,"url":"https:\/\/horticom.ee\/e-pood\/wp-content\/uploads\/importedmedia\/product-1822655_0-1402450.jpg","type":"image\/jpeg"}],"twitter_card":"summary_large_image","schema":{"@context":"https:\/\/schema.org","@graph":[{"@type":"WebPage","@id":"https:\/\/horticom.ee\/e-pood\/toode\/vurtspaprika-cayenne-15g-a\/","url":"https:\/\/horticom.ee\/e-pood\/toode\/vurtspaprika-cayenne-15g-a\/","name":"V\u00fcrtspaprika Cayenne 0,5g A - Horticom","isPartOf":{"@id":"https:\/\/horticom.ee\/e-pood\/#website"},"primaryImageOfPage":{"@id":"https:\/\/horticom.ee\/e-pood\/toode\/vurtspaprika-cayenne-15g-a\/#primaryimage"},"image":{"@id":"https:\/\/horticom.ee\/e-pood\/toode\/vurtspaprika-cayenne-15g-a\/#primaryimage"},"thumbnailUrl":"https:\/\/horticom.ee\/e-pood\/wp-content\/uploads\/importedmedia\/product-1822655_0-1402450.jpg","datePublished":"2023-05-08T00:02:50+00:00","dateModified":"2026-05-03T00:06:04+00:00","breadcrumb":{"@id":"https:\/\/horticom.ee\/e-pood\/toode\/vurtspaprika-cayenne-15g-a\/#breadcrumb"},"inLanguage":"ru-RU","potentialAction":[{"@type":"ReadAction","target":["https:\/\/horticom.ee\/e-pood\/toode\/vurtspaprika-cayenne-15g-a\/"]}]},{"@type":"ImageObject","inLanguage":"ru-RU","@id":"https:\/\/horticom.ee\/e-pood\/toode\/vurtspaprika-cayenne-15g-a\/#primaryimage","url":"https:\/\/horticom.ee\/e-pood\/wp-content\/uploads\/importedmedia\/product-1822655_0-1402450.jpg","contentUrl":"https:\/\/horticom.ee\/e-pood\/wp-content\/uploads\/importedmedia\/product-1822655_0-1402450.jpg","width":1000,"height":1583},{"@type":"BreadcrumbList","@id":"https:\/\/horticom.ee\/e-pood\/toode\/vurtspaprika-cayenne-15g-a\/#breadcrumb","itemListElement":[{"@type":"ListItem","position":1,"name":"Home","item":"https:\/\/horticom.ee\/e-pood\/"},{"@type":"ListItem","position":2,"name":"Pood","item":"https:\/\/horticom.ee\/e-pood\/pood\/"},{"@type":"ListItem","position":3,"name":"V\u00fcrtspaprika Cayenne 0,5g A"}]},{"@type":"WebSite","@id":"https:\/\/horticom.ee\/e-pood\/#website","url":"https:\/\/horticom.ee\/e-pood\/","name":"Horticom.ee","description":"Aianduskaubad ja kodukaubad nii harrastajatele kui professionaalidele","potentialAction":[{"@type":"SearchAction","target":{"@type":"EntryPoint","urlTemplate":"https:\/\/horticom.ee\/e-pood\/?s={search_term_string}"},"query-input":{"@type":"PropertyValueSpecification","valueRequired":true,"valueName":"search_term_string"}}],"inLanguage":"ru-RU"}]}},"_links":{"self":[{"href":"https:\/\/horticom.ee\/e-pood\/ru\/wp-json\/wp\/v2\/product\/1822655","targetHints":{"allow":["GET"]}}],"collection":[{"href":"https:\/\/horticom.ee\/e-pood\/ru\/wp-json\/wp\/v2\/product"}],"about":[{"href":"https:\/\/horticom.ee\/e-pood\/ru\/wp-json\/wp\/v2\/types\/product"}],"replies":[{"embeddable":true,"href":"https:\/\/horticom.ee\/e-pood\/ru\/wp-json\/wp\/v2\/comments?post=1822655"}],"wp:featuredmedia":[{"embeddable":true,"href":"https:\/\/horticom.ee\/e-pood\/ru\/wp-json\/wp\/v2\/media\/2382662"}],"wp:attachment":[{"href":"https:\/\/horticom.ee\/e-pood\/ru\/wp-json\/wp\/v2\/media?parent=1822655"}],"wp:term":[{"taxonomy":"product_cat","embeddable":true,"href":"https:\/\/horticom.ee\/e-pood\/ru\/wp-json\/wp\/v2\/product_cat?post=1822655"},{"taxonomy":"product_tag","embeddable":true,"href":"https:\/\/horticom.ee\/e-pood\/ru\/wp-json\/wp\/v2\/product_tag?post=1822655"}],"curies":[{"name":"wp","href":"https:\/\/api.w.org\/{rel}","templated":true}]}}