{"id":1822731,"date":"2023-05-08T03:04:00","date_gmt":"2023-05-08T00:04:00","guid":{"rendered":"https:\/\/horticom.ee\/e-pood\/toode\/toitelahus-oitsvatele-taimedele-agrecol-5-x-30ml-sp\/"},"modified":"2026-05-02T03:09:15","modified_gmt":"2026-05-02T00:09:15","slug":"toitelahus-oitsvatele-taimedele-agrecol-5-x-30ml-sp","status":"publish","type":"product","link":"https:\/\/horticom.ee\/e-pood\/ru\/toode\/toitelahus-oitsvatele-taimedele-agrecol-5-x-30ml-sp\/","title":{"rendered":"Toitelahus \u00f5itsvatele taimedele Agrecol 5 x 30ml"},"content":{"rendered":"<p>Toitelahus, mida on lihtne ja mugav kasutada. V\u00e4etis on loodud just \u00f5itsvatele taimedele ning tagab rikkaliku \u00f5itsemise. Florum Strong on erilise, v\u00e4ga innovatiivse koostisega toitelahus k\u00f5ikide \u00f5itsvate taimede v\u00e4etamiseks. Asjatundlik, esteetiline ja kasutusvalmis pakend lihtsustab toote kasutamist. Toitelahus toimib kuni 4 n\u00e4dalat.<\/p>\n","protected":false},"excerpt":{"rendered":"<p>Toitelahus, mida on lihtne ja mugav kasutada. V\u00e4etis on loodud just \u00f5itsvatele taimedele ning tagab rikkaliku \u00f5itsemise. Florum Strong on erilise, v\u00e4ga innovatiivse koostisega toitelahus k\u00f5ikide \u00f5itsvate taimede v\u00e4etamiseks. Asjatundlik, esteetiline ja kasutusvalmis pakend lihtsustab toote kasutamist. Toitelahus toimib kuni 4 n\u00e4dalat.<\/p>\n","protected":false},"featured_media":2380890,"comment_status":"closed","ping_status":"closed","template":"","meta":{"_themeisle_gutenberg_block_has_review":false},"product_cat":[16964,16968],"product_tag":[],"class_list":{"0":"post-1822731","1":"product","2":"type-product","3":"status-publish","4":"has-post-thumbnail","6":"product_cat-suvelilledele-ja-rodutaimedele","7":"product_cat-toataimedele","9":"first","10":"instock","11":"shipping-taxable","12":"purchasable","13":"product-type-simple"},"yoast_head":"<!-- This site is optimized with the Yoast SEO plugin v24.0 - https:\/\/yoast.com\/wordpress\/plugins\/seo\/ -->\n<title>Toitelahus \u00f5itsvatele taimedele Agrecol 5 x 30ml - Horticom<\/title>\n<meta name=\"robots\" content=\"index, follow, max-snippet:-1, max-image-preview:large, max-video-preview:-1\" \/>\n<link rel=\"canonical\" href=\"https:\/\/horticom.ee\/e-pood\/toode\/toitelahus-oitsvatele-taimedele-agrecol-5-x-30ml-sp\/\" \/>\n<meta property=\"og:locale\" content=\"ru_RU\" \/>\n<meta property=\"og:type\" content=\"article\" \/>\n<meta property=\"og:title\" content=\"Toitelahus \u00f5itsvatele taimedele Agrecol 5 x 30ml - Horticom\" \/>\n<meta property=\"og:description\" content=\"Toitelahus, mida on lihtne ja mugav kasutada. V\u00e4etis on loodud just \u00f5itsvatele taimedele ning tagab rikkaliku \u00f5itsemise. Florum Strong on erilise, v\u00e4ga innovatiivse koostisega toitelahus k\u00f5ikide \u00f5itsvate taimede v\u00e4etamiseks. Asjatundlik, esteetiline ja kasutusvalmis pakend lihtsustab toote kasutamist. Toitelahus toimib kuni 4 n\u00e4dalat.\" \/>\n<meta property=\"og:url\" content=\"https:\/\/horticom.ee\/e-pood\/toode\/toitelahus-oitsvatele-taimedele-agrecol-5-x-30ml-sp\/\" \/>\n<meta property=\"og:site_name\" content=\"Horticom.ee\" \/>\n<meta property=\"article:publisher\" content=\"https:\/\/www.facebook.com\/horticom.ee\/e-pood\" \/>\n<meta property=\"article:modified_time\" content=\"2026-05-02T00:09:15+00:00\" \/>\n<meta property=\"og:image\" content=\"https:\/\/horticom.ee\/e-pood\/wp-content\/uploads\/importedmedia\/product-1822731_0-107352.jpg\" \/>\n\t<meta property=\"og:image:width\" content=\"999\" \/>\n\t<meta property=\"og:image:height\" content=\"1099\" \/>\n\t<meta property=\"og:image:type\" content=\"image\/jpeg\" \/>\n<meta name=\"twitter:card\" content=\"summary_large_image\" \/>\n<script type=\"application\/ld+json\" class=\"yoast-schema-graph\">{\"@context\":\"https:\/\/schema.org\",\"@graph\":[{\"@type\":\"WebPage\",\"@id\":\"https:\/\/horticom.ee\/e-pood\/toode\/toitelahus-oitsvatele-taimedele-agrecol-5-x-30ml-sp\/\",\"url\":\"https:\/\/horticom.ee\/e-pood\/toode\/toitelahus-oitsvatele-taimedele-agrecol-5-x-30ml-sp\/\",\"name\":\"Toitelahus \u00f5itsvatele taimedele Agrecol 5 x 30ml - Horticom\",\"isPartOf\":{\"@id\":\"https:\/\/horticom.ee\/e-pood\/#website\"},\"primaryImageOfPage\":{\"@id\":\"https:\/\/horticom.ee\/e-pood\/toode\/toitelahus-oitsvatele-taimedele-agrecol-5-x-30ml-sp\/#primaryimage\"},\"image\":{\"@id\":\"https:\/\/horticom.ee\/e-pood\/toode\/toitelahus-oitsvatele-taimedele-agrecol-5-x-30ml-sp\/#primaryimage\"},\"thumbnailUrl\":\"https:\/\/horticom.ee\/e-pood\/wp-content\/uploads\/importedmedia\/product-1822731_0-107352.jpg\",\"datePublished\":\"2023-05-08T00:04:00+00:00\",\"dateModified\":\"2026-05-02T00:09:15+00:00\",\"breadcrumb\":{\"@id\":\"https:\/\/horticom.ee\/e-pood\/toode\/toitelahus-oitsvatele-taimedele-agrecol-5-x-30ml-sp\/#breadcrumb\"},\"inLanguage\":\"ru-RU\",\"potentialAction\":[{\"@type\":\"ReadAction\",\"target\":[\"https:\/\/horticom.ee\/e-pood\/toode\/toitelahus-oitsvatele-taimedele-agrecol-5-x-30ml-sp\/\"]}]},{\"@type\":\"ImageObject\",\"inLanguage\":\"ru-RU\",\"@id\":\"https:\/\/horticom.ee\/e-pood\/toode\/toitelahus-oitsvatele-taimedele-agrecol-5-x-30ml-sp\/#primaryimage\",\"url\":\"https:\/\/horticom.ee\/e-pood\/wp-content\/uploads\/importedmedia\/product-1822731_0-107352.jpg\",\"contentUrl\":\"https:\/\/horticom.ee\/e-pood\/wp-content\/uploads\/importedmedia\/product-1822731_0-107352.jpg\",\"width\":999,\"height\":1099},{\"@type\":\"BreadcrumbList\",\"@id\":\"https:\/\/horticom.ee\/e-pood\/toode\/toitelahus-oitsvatele-taimedele-agrecol-5-x-30ml-sp\/#breadcrumb\",\"itemListElement\":[{\"@type\":\"ListItem\",\"position\":1,\"name\":\"Home\",\"item\":\"https:\/\/horticom.ee\/e-pood\/\"},{\"@type\":\"ListItem\",\"position\":2,\"name\":\"Pood\",\"item\":\"https:\/\/horticom.ee\/e-pood\/pood\/\"},{\"@type\":\"ListItem\",\"position\":3,\"name\":\"Toitelahus \u00f5itsvatele taimedele Agrecol 5 x 30ml\"}]},{\"@type\":\"WebSite\",\"@id\":\"https:\/\/horticom.ee\/e-pood\/#website\",\"url\":\"https:\/\/horticom.ee\/e-pood\/\",\"name\":\"Horticom.ee\",\"description\":\"Aianduskaubad ja kodukaubad nii harrastajatele kui professionaalidele\",\"potentialAction\":[{\"@type\":\"SearchAction\",\"target\":{\"@type\":\"EntryPoint\",\"urlTemplate\":\"https:\/\/horticom.ee\/e-pood\/?s={search_term_string}\"},\"query-input\":{\"@type\":\"PropertyValueSpecification\",\"valueRequired\":true,\"valueName\":\"search_term_string\"}}],\"inLanguage\":\"ru-RU\"}]}<\/script>\n<!-- \/ Yoast SEO plugin. -->","yoast_head_json":{"title":"Toitelahus \u00f5itsvatele taimedele Agrecol 5 x 30ml - Horticom","robots":{"index":"index","follow":"follow","max-snippet":"max-snippet:-1","max-image-preview":"max-image-preview:large","max-video-preview":"max-video-preview:-1"},"canonical":"https:\/\/horticom.ee\/e-pood\/toode\/toitelahus-oitsvatele-taimedele-agrecol-5-x-30ml-sp\/","og_locale":"ru_RU","og_type":"article","og_title":"Toitelahus \u00f5itsvatele taimedele Agrecol 5 x 30ml - Horticom","og_description":"Toitelahus, mida on lihtne ja mugav kasutada. V\u00e4etis on loodud just \u00f5itsvatele taimedele ning tagab rikkaliku \u00f5itsemise. Florum Strong on erilise, v\u00e4ga innovatiivse koostisega toitelahus k\u00f5ikide \u00f5itsvate taimede v\u00e4etamiseks. Asjatundlik, esteetiline ja kasutusvalmis pakend lihtsustab toote kasutamist. Toitelahus toimib kuni 4 n\u00e4dalat.","og_url":"https:\/\/horticom.ee\/e-pood\/toode\/toitelahus-oitsvatele-taimedele-agrecol-5-x-30ml-sp\/","og_site_name":"Horticom.ee","article_publisher":"https:\/\/www.facebook.com\/horticom.ee\/e-pood","article_modified_time":"2026-05-02T00:09:15+00:00","og_image":[{"width":999,"height":1099,"url":"https:\/\/horticom.ee\/e-pood\/wp-content\/uploads\/importedmedia\/product-1822731_0-107352.jpg","type":"image\/jpeg"}],"twitter_card":"summary_large_image","schema":{"@context":"https:\/\/schema.org","@graph":[{"@type":"WebPage","@id":"https:\/\/horticom.ee\/e-pood\/toode\/toitelahus-oitsvatele-taimedele-agrecol-5-x-30ml-sp\/","url":"https:\/\/horticom.ee\/e-pood\/toode\/toitelahus-oitsvatele-taimedele-agrecol-5-x-30ml-sp\/","name":"Toitelahus \u00f5itsvatele taimedele Agrecol 5 x 30ml - Horticom","isPartOf":{"@id":"https:\/\/horticom.ee\/e-pood\/#website"},"primaryImageOfPage":{"@id":"https:\/\/horticom.ee\/e-pood\/toode\/toitelahus-oitsvatele-taimedele-agrecol-5-x-30ml-sp\/#primaryimage"},"image":{"@id":"https:\/\/horticom.ee\/e-pood\/toode\/toitelahus-oitsvatele-taimedele-agrecol-5-x-30ml-sp\/#primaryimage"},"thumbnailUrl":"https:\/\/horticom.ee\/e-pood\/wp-content\/uploads\/importedmedia\/product-1822731_0-107352.jpg","datePublished":"2023-05-08T00:04:00+00:00","dateModified":"2026-05-02T00:09:15+00:00","breadcrumb":{"@id":"https:\/\/horticom.ee\/e-pood\/toode\/toitelahus-oitsvatele-taimedele-agrecol-5-x-30ml-sp\/#breadcrumb"},"inLanguage":"ru-RU","potentialAction":[{"@type":"ReadAction","target":["https:\/\/horticom.ee\/e-pood\/toode\/toitelahus-oitsvatele-taimedele-agrecol-5-x-30ml-sp\/"]}]},{"@type":"ImageObject","inLanguage":"ru-RU","@id":"https:\/\/horticom.ee\/e-pood\/toode\/toitelahus-oitsvatele-taimedele-agrecol-5-x-30ml-sp\/#primaryimage","url":"https:\/\/horticom.ee\/e-pood\/wp-content\/uploads\/importedmedia\/product-1822731_0-107352.jpg","contentUrl":"https:\/\/horticom.ee\/e-pood\/wp-content\/uploads\/importedmedia\/product-1822731_0-107352.jpg","width":999,"height":1099},{"@type":"BreadcrumbList","@id":"https:\/\/horticom.ee\/e-pood\/toode\/toitelahus-oitsvatele-taimedele-agrecol-5-x-30ml-sp\/#breadcrumb","itemListElement":[{"@type":"ListItem","position":1,"name":"Home","item":"https:\/\/horticom.ee\/e-pood\/"},{"@type":"ListItem","position":2,"name":"Pood","item":"https:\/\/horticom.ee\/e-pood\/pood\/"},{"@type":"ListItem","position":3,"name":"Toitelahus \u00f5itsvatele taimedele Agrecol 5 x 30ml"}]},{"@type":"WebSite","@id":"https:\/\/horticom.ee\/e-pood\/#website","url":"https:\/\/horticom.ee\/e-pood\/","name":"Horticom.ee","description":"Aianduskaubad ja kodukaubad nii harrastajatele kui professionaalidele","potentialAction":[{"@type":"SearchAction","target":{"@type":"EntryPoint","urlTemplate":"https:\/\/horticom.ee\/e-pood\/?s={search_term_string}"},"query-input":{"@type":"PropertyValueSpecification","valueRequired":true,"valueName":"search_term_string"}}],"inLanguage":"ru-RU"}]}},"_links":{"self":[{"href":"https:\/\/horticom.ee\/e-pood\/ru\/wp-json\/wp\/v2\/product\/1822731","targetHints":{"allow":["GET"]}}],"collection":[{"href":"https:\/\/horticom.ee\/e-pood\/ru\/wp-json\/wp\/v2\/product"}],"about":[{"href":"https:\/\/horticom.ee\/e-pood\/ru\/wp-json\/wp\/v2\/types\/product"}],"replies":[{"embeddable":true,"href":"https:\/\/horticom.ee\/e-pood\/ru\/wp-json\/wp\/v2\/comments?post=1822731"}],"wp:featuredmedia":[{"embeddable":true,"href":"https:\/\/horticom.ee\/e-pood\/ru\/wp-json\/wp\/v2\/media\/2380890"}],"wp:attachment":[{"href":"https:\/\/horticom.ee\/e-pood\/ru\/wp-json\/wp\/v2\/media?parent=1822731"}],"wp:term":[{"taxonomy":"product_cat","embeddable":true,"href":"https:\/\/horticom.ee\/e-pood\/ru\/wp-json\/wp\/v2\/product_cat?post=1822731"},{"taxonomy":"product_tag","embeddable":true,"href":"https:\/\/horticom.ee\/e-pood\/ru\/wp-json\/wp\/v2\/product_tag?post=1822731"}],"curies":[{"name":"wp","href":"https:\/\/api.w.org\/{rel}","templated":true}]}}