{"id":1822855,"date":"2023-05-08T03:05:55","date_gmt":"2023-05-08T00:05:55","guid":{"rendered":"https:\/\/horticom.ee\/e-pood\/toode\/vedru-kaaridele-st-822-855-sp\/"},"modified":"2026-05-04T03:10:58","modified_gmt":"2026-05-04T00:10:58","slug":"vedru-kaaridele-st-822-855-sp","status":"publish","type":"product","link":"https:\/\/horticom.ee\/e-pood\/ru\/toode\/vedru-kaaridele-st-822-855-sp\/","title":{"rendered":"Vedru k\u00e4\u00e4ridele ST 822\/855"},"content":{"rendered":"<p>Vedru k\u00e4\u00e4ridele ST 822\/855<\/p>\n","protected":false},"excerpt":{"rendered":"<p>Vedru k\u00e4\u00e4ridele ST 822\/855<\/p>\n","protected":false},"featured_media":2319085,"comment_status":"closed","ping_status":"closed","template":"","meta":{"_themeisle_gutenberg_block_has_review":false},"product_cat":[18563,13678],"product_tag":[],"class_list":{"0":"post-1822855","1":"product","2":"type-product","3":"status-publish","4":"has-post-thumbnail","6":"product_cat-lopumuugitooted","7":"product_cat-lilleseade-abivahendid","9":"first","10":"instock","11":"shipping-taxable","12":"purchasable","13":"product-type-simple"},"yoast_head":"<!-- This site is optimized with the Yoast SEO plugin v24.0 - https:\/\/yoast.com\/wordpress\/plugins\/seo\/ -->\n<title>Vedru k\u00e4\u00e4ridele ST 822\/855 - Horticom.ee\/e-pood<\/title>\n<meta name=\"description\" content=\"Vaheta oma ST 822\/855 k\u00e4\u00e4ride vedru h\u00f5lpsalt. Kvaliteetne vedru tagab k\u00e4\u00e4ride t\u00f5husa ja pikaajalise t\u00f6\u00f6v\u00f5ime.\" \/>\n<meta name=\"robots\" content=\"index, follow, max-snippet:-1, max-image-preview:large, max-video-preview:-1\" \/>\n<link rel=\"canonical\" href=\"https:\/\/horticom.ee\/e-pood\/toode\/vedru-kaaridele-st-822-855-sp\/\" \/>\n<meta property=\"og:locale\" content=\"ru_RU\" \/>\n<meta property=\"og:type\" content=\"article\" \/>\n<meta property=\"og:title\" content=\"Vedru k\u00e4\u00e4ridele ST 822\/855 - Horticom.ee\/e-pood\" \/>\n<meta property=\"og:description\" content=\"Vaheta oma ST 822\/855 k\u00e4\u00e4ride vedru h\u00f5lpsalt. Kvaliteetne vedru tagab k\u00e4\u00e4ride t\u00f5husa ja pikaajalise t\u00f6\u00f6v\u00f5ime.\" \/>\n<meta property=\"og:url\" content=\"https:\/\/horticom.ee\/e-pood\/toode\/vedru-kaaridele-st-822-855-sp\/\" \/>\n<meta property=\"og:site_name\" content=\"Horticom.ee\" \/>\n<meta property=\"article:publisher\" content=\"https:\/\/www.facebook.com\/horticom.ee\/e-pood\" \/>\n<meta property=\"article:modified_time\" content=\"2026-05-04T00:10:58+00:00\" \/>\n<meta property=\"og:image\" content=\"https:\/\/horticom.ee\/e-pood\/wp-content\/uploads\/importedmedia\/product-1822855_0-62591LVA.jpg\" \/>\n\t<meta property=\"og:image:width\" content=\"1000\" \/>\n\t<meta property=\"og:image:height\" content=\"1000\" \/>\n\t<meta property=\"og:image:type\" content=\"image\/jpeg\" \/>\n<meta name=\"twitter:card\" content=\"summary_large_image\" \/>\n<script type=\"application\/ld+json\" class=\"yoast-schema-graph\">{\"@context\":\"https:\/\/schema.org\",\"@graph\":[{\"@type\":\"WebPage\",\"@id\":\"https:\/\/horticom.ee\/e-pood\/toode\/vedru-kaaridele-st-822-855-sp\/\",\"url\":\"https:\/\/horticom.ee\/e-pood\/toode\/vedru-kaaridele-st-822-855-sp\/\",\"name\":\"Vedru k\u00e4\u00e4ridele ST 822\/855 - Horticom.ee\/e-pood\",\"isPartOf\":{\"@id\":\"https:\/\/horticom.ee\/e-pood\/#website\"},\"primaryImageOfPage\":{\"@id\":\"https:\/\/horticom.ee\/e-pood\/toode\/vedru-kaaridele-st-822-855-sp\/#primaryimage\"},\"image\":{\"@id\":\"https:\/\/horticom.ee\/e-pood\/toode\/vedru-kaaridele-st-822-855-sp\/#primaryimage\"},\"thumbnailUrl\":\"https:\/\/horticom.ee\/e-pood\/wp-content\/uploads\/importedmedia\/product-1822855_0-62591LVA.jpg\",\"datePublished\":\"2023-05-08T00:05:55+00:00\",\"dateModified\":\"2026-05-04T00:10:58+00:00\",\"description\":\"Vaheta oma ST 822\/855 k\u00e4\u00e4ride vedru h\u00f5lpsalt. Kvaliteetne vedru tagab k\u00e4\u00e4ride t\u00f5husa ja pikaajalise t\u00f6\u00f6v\u00f5ime.\",\"breadcrumb\":{\"@id\":\"https:\/\/horticom.ee\/e-pood\/toode\/vedru-kaaridele-st-822-855-sp\/#breadcrumb\"},\"inLanguage\":\"ru-RU\",\"potentialAction\":[{\"@type\":\"ReadAction\",\"target\":[\"https:\/\/horticom.ee\/e-pood\/toode\/vedru-kaaridele-st-822-855-sp\/\"]}]},{\"@type\":\"ImageObject\",\"inLanguage\":\"ru-RU\",\"@id\":\"https:\/\/horticom.ee\/e-pood\/toode\/vedru-kaaridele-st-822-855-sp\/#primaryimage\",\"url\":\"https:\/\/horticom.ee\/e-pood\/wp-content\/uploads\/importedmedia\/product-1822855_0-62591LVA.jpg\",\"contentUrl\":\"https:\/\/horticom.ee\/e-pood\/wp-content\/uploads\/importedmedia\/product-1822855_0-62591LVA.jpg\",\"width\":1000,\"height\":1000},{\"@type\":\"BreadcrumbList\",\"@id\":\"https:\/\/horticom.ee\/e-pood\/toode\/vedru-kaaridele-st-822-855-sp\/#breadcrumb\",\"itemListElement\":[{\"@type\":\"ListItem\",\"position\":1,\"name\":\"Home\",\"item\":\"https:\/\/horticom.ee\/e-pood\/\"},{\"@type\":\"ListItem\",\"position\":2,\"name\":\"Pood\",\"item\":\"https:\/\/horticom.ee\/e-pood\/pood\/\"},{\"@type\":\"ListItem\",\"position\":3,\"name\":\"Vedru k\u00e4\u00e4ridele ST 822\/855\"}]},{\"@type\":\"WebSite\",\"@id\":\"https:\/\/horticom.ee\/e-pood\/#website\",\"url\":\"https:\/\/horticom.ee\/e-pood\/\",\"name\":\"Horticom.ee\",\"description\":\"Aianduskaubad ja kodukaubad nii harrastajatele kui professionaalidele\",\"potentialAction\":[{\"@type\":\"SearchAction\",\"target\":{\"@type\":\"EntryPoint\",\"urlTemplate\":\"https:\/\/horticom.ee\/e-pood\/?s={search_term_string}\"},\"query-input\":{\"@type\":\"PropertyValueSpecification\",\"valueRequired\":true,\"valueName\":\"search_term_string\"}}],\"inLanguage\":\"ru-RU\"}]}<\/script>\n<!-- \/ Yoast SEO plugin. -->","yoast_head_json":{"title":"Vedru k\u00e4\u00e4ridele ST 822\/855 - Horticom.ee\/e-pood","description":"Vaheta oma ST 822\/855 k\u00e4\u00e4ride vedru h\u00f5lpsalt. Kvaliteetne vedru tagab k\u00e4\u00e4ride t\u00f5husa ja pikaajalise t\u00f6\u00f6v\u00f5ime.","robots":{"index":"index","follow":"follow","max-snippet":"max-snippet:-1","max-image-preview":"max-image-preview:large","max-video-preview":"max-video-preview:-1"},"canonical":"https:\/\/horticom.ee\/e-pood\/toode\/vedru-kaaridele-st-822-855-sp\/","og_locale":"ru_RU","og_type":"article","og_title":"Vedru k\u00e4\u00e4ridele ST 822\/855 - Horticom.ee\/e-pood","og_description":"Vaheta oma ST 822\/855 k\u00e4\u00e4ride vedru h\u00f5lpsalt. Kvaliteetne vedru tagab k\u00e4\u00e4ride t\u00f5husa ja pikaajalise t\u00f6\u00f6v\u00f5ime.","og_url":"https:\/\/horticom.ee\/e-pood\/toode\/vedru-kaaridele-st-822-855-sp\/","og_site_name":"Horticom.ee","article_publisher":"https:\/\/www.facebook.com\/horticom.ee\/e-pood","article_modified_time":"2026-05-04T00:10:58+00:00","og_image":[{"width":1000,"height":1000,"url":"https:\/\/horticom.ee\/e-pood\/wp-content\/uploads\/importedmedia\/product-1822855_0-62591LVA.jpg","type":"image\/jpeg"}],"twitter_card":"summary_large_image","schema":{"@context":"https:\/\/schema.org","@graph":[{"@type":"WebPage","@id":"https:\/\/horticom.ee\/e-pood\/toode\/vedru-kaaridele-st-822-855-sp\/","url":"https:\/\/horticom.ee\/e-pood\/toode\/vedru-kaaridele-st-822-855-sp\/","name":"Vedru k\u00e4\u00e4ridele ST 822\/855 - Horticom.ee\/e-pood","isPartOf":{"@id":"https:\/\/horticom.ee\/e-pood\/#website"},"primaryImageOfPage":{"@id":"https:\/\/horticom.ee\/e-pood\/toode\/vedru-kaaridele-st-822-855-sp\/#primaryimage"},"image":{"@id":"https:\/\/horticom.ee\/e-pood\/toode\/vedru-kaaridele-st-822-855-sp\/#primaryimage"},"thumbnailUrl":"https:\/\/horticom.ee\/e-pood\/wp-content\/uploads\/importedmedia\/product-1822855_0-62591LVA.jpg","datePublished":"2023-05-08T00:05:55+00:00","dateModified":"2026-05-04T00:10:58+00:00","description":"Vaheta oma ST 822\/855 k\u00e4\u00e4ride vedru h\u00f5lpsalt. Kvaliteetne vedru tagab k\u00e4\u00e4ride t\u00f5husa ja pikaajalise t\u00f6\u00f6v\u00f5ime.","breadcrumb":{"@id":"https:\/\/horticom.ee\/e-pood\/toode\/vedru-kaaridele-st-822-855-sp\/#breadcrumb"},"inLanguage":"ru-RU","potentialAction":[{"@type":"ReadAction","target":["https:\/\/horticom.ee\/e-pood\/toode\/vedru-kaaridele-st-822-855-sp\/"]}]},{"@type":"ImageObject","inLanguage":"ru-RU","@id":"https:\/\/horticom.ee\/e-pood\/toode\/vedru-kaaridele-st-822-855-sp\/#primaryimage","url":"https:\/\/horticom.ee\/e-pood\/wp-content\/uploads\/importedmedia\/product-1822855_0-62591LVA.jpg","contentUrl":"https:\/\/horticom.ee\/e-pood\/wp-content\/uploads\/importedmedia\/product-1822855_0-62591LVA.jpg","width":1000,"height":1000},{"@type":"BreadcrumbList","@id":"https:\/\/horticom.ee\/e-pood\/toode\/vedru-kaaridele-st-822-855-sp\/#breadcrumb","itemListElement":[{"@type":"ListItem","position":1,"name":"Home","item":"https:\/\/horticom.ee\/e-pood\/"},{"@type":"ListItem","position":2,"name":"Pood","item":"https:\/\/horticom.ee\/e-pood\/pood\/"},{"@type":"ListItem","position":3,"name":"Vedru k\u00e4\u00e4ridele ST 822\/855"}]},{"@type":"WebSite","@id":"https:\/\/horticom.ee\/e-pood\/#website","url":"https:\/\/horticom.ee\/e-pood\/","name":"Horticom.ee","description":"Aianduskaubad ja kodukaubad nii harrastajatele kui professionaalidele","potentialAction":[{"@type":"SearchAction","target":{"@type":"EntryPoint","urlTemplate":"https:\/\/horticom.ee\/e-pood\/?s={search_term_string}"},"query-input":{"@type":"PropertyValueSpecification","valueRequired":true,"valueName":"search_term_string"}}],"inLanguage":"ru-RU"}]}},"_links":{"self":[{"href":"https:\/\/horticom.ee\/e-pood\/ru\/wp-json\/wp\/v2\/product\/1822855","targetHints":{"allow":["GET"]}}],"collection":[{"href":"https:\/\/horticom.ee\/e-pood\/ru\/wp-json\/wp\/v2\/product"}],"about":[{"href":"https:\/\/horticom.ee\/e-pood\/ru\/wp-json\/wp\/v2\/types\/product"}],"replies":[{"embeddable":true,"href":"https:\/\/horticom.ee\/e-pood\/ru\/wp-json\/wp\/v2\/comments?post=1822855"}],"wp:featuredmedia":[{"embeddable":true,"href":"https:\/\/horticom.ee\/e-pood\/ru\/wp-json\/wp\/v2\/media\/2319085"}],"wp:attachment":[{"href":"https:\/\/horticom.ee\/e-pood\/ru\/wp-json\/wp\/v2\/media?parent=1822855"}],"wp:term":[{"taxonomy":"product_cat","embeddable":true,"href":"https:\/\/horticom.ee\/e-pood\/ru\/wp-json\/wp\/v2\/product_cat?post=1822855"},{"taxonomy":"product_tag","embeddable":true,"href":"https:\/\/horticom.ee\/e-pood\/ru\/wp-json\/wp\/v2\/product_tag?post=1822855"}],"curies":[{"name":"wp","href":"https:\/\/api.w.org\/{rel}","templated":true}]}}