{"id":1822905,"date":"2023-05-08T03:06:44","date_gmt":"2023-05-08T00:06:44","guid":{"rendered":"https:\/\/horticom.ee\/e-pood\/toode\/hernes-wolf-pisum-sativum-l-patrim\/"},"modified":"2026-04-08T15:01:24","modified_gmt":"2026-04-08T12:01:24","slug":"hernes-wolf-pisum-sativum-l-patrim","status":"publish","type":"product","link":"https:\/\/horticom.ee\/e-pood\/ru\/toode\/hernes-wolf-pisum-sativum-l-patrim\/","title":{"rendered":"Hernes Wolf-Pisum sativum L. Patrim"},"content":{"rendered":"<p>Hernes Wolf on hiline sort, 80cm k\u00f5rgune l\u00fcditavate herneste sort. Kaun pikkusega 7-8cm, kaunas suured helerohelised magusad terad (7-8 tk.), neid v\u00f5ib kasutada v\u00e4rsketena, konserveerida, k\u00fclmutada. K\u00f5ige paremini kasvab keskmise raskusega, \u00f5hku ja vett l\u00e4bilaskvas pinnases. Peale idanemist kannatab k\u00fclma kuni \u20134 C kraadini.<\/p>\n","protected":false},"excerpt":{"rendered":"<p>Hernes Wolf on hiline sort, 80cm k\u00f5rgune l\u00fcditavate herneste sort. Kaun pikkusega 7-8cm, kaunas suured helerohelised magusad terad (7-8 tk.), neid v\u00f5ib kasutada v\u00e4rsketena, konserveerida, k\u00fclmutada. K\u00f5ige paremini kasvab keskmise raskusega, \u00f5hku ja vett l\u00e4bilaskvas pinnases. Peale idanemist kannatab k\u00fclma kuni \u20134 C kraadini.<\/p>\n","protected":false},"featured_media":2063523,"comment_status":"closed","ping_status":"closed","template":"","meta":{"_themeisle_gutenberg_block_has_review":false},"product_cat":[13496],"product_tag":[],"class_list":{"0":"post-1822905","1":"product","2":"type-product","3":"status-publish","4":"has-post-thumbnail","6":"product_cat-hernes","8":"first","9":"instock","10":"shipping-taxable","11":"purchasable","12":"product-type-simple"},"yoast_head":"<!-- This site is optimized with the Yoast SEO plugin v24.0 - https:\/\/yoast.com\/wordpress\/plugins\/seo\/ -->\n<title>Hernes Wolf-Pisum sativum L. Patrim - Horticom.ee\/e-pood<\/title>\n<meta name=\"description\" content=\"Hernes Wolf on hiline sort, 80cm k\u00f5rgune l\u00fcditavate herneste sort. Kaun pikkusega 7-8cm, kaunas suured helerohelised magusad terad.\" \/>\n<meta name=\"robots\" content=\"index, follow, max-snippet:-1, max-image-preview:large, max-video-preview:-1\" \/>\n<link rel=\"canonical\" href=\"https:\/\/horticom.ee\/e-pood\/toode\/hernes-wolf-pisum-sativum-l-patrim\/\" \/>\n<meta property=\"og:locale\" content=\"ru_RU\" \/>\n<meta property=\"og:type\" content=\"article\" \/>\n<meta property=\"og:title\" content=\"Hernes Wolf-Pisum sativum L. Patrim - Horticom.ee\/e-pood\" \/>\n<meta property=\"og:description\" content=\"Hernes Wolf on hiline sort, 80cm k\u00f5rgune l\u00fcditavate herneste sort. Kaun pikkusega 7-8cm, kaunas suured helerohelised magusad terad.\" \/>\n<meta property=\"og:url\" content=\"https:\/\/horticom.ee\/e-pood\/toode\/hernes-wolf-pisum-sativum-l-patrim\/\" \/>\n<meta property=\"og:site_name\" content=\"Horticom.ee\" \/>\n<meta property=\"article:publisher\" content=\"https:\/\/www.facebook.com\/horticom.ee\/e-pood\" \/>\n<meta property=\"article:modified_time\" content=\"2026-04-08T12:01:24+00:00\" \/>\n<meta property=\"og:image\" content=\"https:\/\/horticom.ee\/e-pood\/wp-content\/uploads\/importedmedia\/product-1822905_0-LA11420.jpg\" \/>\n\t<meta property=\"og:image:width\" content=\"999\" \/>\n\t<meta property=\"og:image:height\" content=\"1068\" \/>\n\t<meta property=\"og:image:type\" content=\"image\/jpeg\" \/>\n<meta name=\"twitter:card\" content=\"summary_large_image\" \/>\n<script type=\"application\/ld+json\" class=\"yoast-schema-graph\">{\"@context\":\"https:\/\/schema.org\",\"@graph\":[{\"@type\":\"WebPage\",\"@id\":\"https:\/\/horticom.ee\/e-pood\/toode\/hernes-wolf-pisum-sativum-l-patrim\/\",\"url\":\"https:\/\/horticom.ee\/e-pood\/toode\/hernes-wolf-pisum-sativum-l-patrim\/\",\"name\":\"Hernes Wolf-Pisum sativum L. Patrim - Horticom.ee\/e-pood\",\"isPartOf\":{\"@id\":\"https:\/\/horticom.ee\/e-pood\/#website\"},\"primaryImageOfPage\":{\"@id\":\"https:\/\/horticom.ee\/e-pood\/toode\/hernes-wolf-pisum-sativum-l-patrim\/#primaryimage\"},\"image\":{\"@id\":\"https:\/\/horticom.ee\/e-pood\/toode\/hernes-wolf-pisum-sativum-l-patrim\/#primaryimage\"},\"thumbnailUrl\":\"https:\/\/horticom.ee\/e-pood\/wp-content\/uploads\/importedmedia\/product-1822905_0-LA11420.jpg\",\"datePublished\":\"2023-05-08T00:06:44+00:00\",\"dateModified\":\"2026-04-08T12:01:24+00:00\",\"description\":\"Hernes Wolf on hiline sort, 80cm k\u00f5rgune l\u00fcditavate herneste sort. Kaun pikkusega 7-8cm, kaunas suured helerohelised magusad terad.\",\"breadcrumb\":{\"@id\":\"https:\/\/horticom.ee\/e-pood\/toode\/hernes-wolf-pisum-sativum-l-patrim\/#breadcrumb\"},\"inLanguage\":\"ru-RU\",\"potentialAction\":[{\"@type\":\"ReadAction\",\"target\":[\"https:\/\/horticom.ee\/e-pood\/toode\/hernes-wolf-pisum-sativum-l-patrim\/\"]}]},{\"@type\":\"ImageObject\",\"inLanguage\":\"ru-RU\",\"@id\":\"https:\/\/horticom.ee\/e-pood\/toode\/hernes-wolf-pisum-sativum-l-patrim\/#primaryimage\",\"url\":\"https:\/\/horticom.ee\/e-pood\/wp-content\/uploads\/importedmedia\/product-1822905_0-LA11420.jpg\",\"contentUrl\":\"https:\/\/horticom.ee\/e-pood\/wp-content\/uploads\/importedmedia\/product-1822905_0-LA11420.jpg\",\"width\":999,\"height\":1068,\"caption\":\"Hernes Wolf-Pisum sativum L. Patrim\"},{\"@type\":\"BreadcrumbList\",\"@id\":\"https:\/\/horticom.ee\/e-pood\/toode\/hernes-wolf-pisum-sativum-l-patrim\/#breadcrumb\",\"itemListElement\":[{\"@type\":\"ListItem\",\"position\":1,\"name\":\"Home\",\"item\":\"https:\/\/horticom.ee\/e-pood\/\"},{\"@type\":\"ListItem\",\"position\":2,\"name\":\"Pood\",\"item\":\"https:\/\/horticom.ee\/e-pood\/pood\/\"},{\"@type\":\"ListItem\",\"position\":3,\"name\":\"Hernes Wolf-Pisum sativum L. Patrim\"}]},{\"@type\":\"WebSite\",\"@id\":\"https:\/\/horticom.ee\/e-pood\/#website\",\"url\":\"https:\/\/horticom.ee\/e-pood\/\",\"name\":\"Horticom.ee\",\"description\":\"Aianduskaubad ja kodukaubad nii harrastajatele kui professionaalidele\",\"potentialAction\":[{\"@type\":\"SearchAction\",\"target\":{\"@type\":\"EntryPoint\",\"urlTemplate\":\"https:\/\/horticom.ee\/e-pood\/?s={search_term_string}\"},\"query-input\":{\"@type\":\"PropertyValueSpecification\",\"valueRequired\":true,\"valueName\":\"search_term_string\"}}],\"inLanguage\":\"ru-RU\"}]}<\/script>\n<!-- \/ Yoast SEO plugin. -->","yoast_head_json":{"title":"Hernes Wolf-Pisum sativum L. Patrim - Horticom.ee\/e-pood","description":"Hernes Wolf on hiline sort, 80cm k\u00f5rgune l\u00fcditavate herneste sort. Kaun pikkusega 7-8cm, kaunas suured helerohelised magusad terad.","robots":{"index":"index","follow":"follow","max-snippet":"max-snippet:-1","max-image-preview":"max-image-preview:large","max-video-preview":"max-video-preview:-1"},"canonical":"https:\/\/horticom.ee\/e-pood\/toode\/hernes-wolf-pisum-sativum-l-patrim\/","og_locale":"ru_RU","og_type":"article","og_title":"Hernes Wolf-Pisum sativum L. Patrim - Horticom.ee\/e-pood","og_description":"Hernes Wolf on hiline sort, 80cm k\u00f5rgune l\u00fcditavate herneste sort. Kaun pikkusega 7-8cm, kaunas suured helerohelised magusad terad.","og_url":"https:\/\/horticom.ee\/e-pood\/toode\/hernes-wolf-pisum-sativum-l-patrim\/","og_site_name":"Horticom.ee","article_publisher":"https:\/\/www.facebook.com\/horticom.ee\/e-pood","article_modified_time":"2026-04-08T12:01:24+00:00","og_image":[{"width":999,"height":1068,"url":"https:\/\/horticom.ee\/e-pood\/wp-content\/uploads\/importedmedia\/product-1822905_0-LA11420.jpg","type":"image\/jpeg"}],"twitter_card":"summary_large_image","schema":{"@context":"https:\/\/schema.org","@graph":[{"@type":"WebPage","@id":"https:\/\/horticom.ee\/e-pood\/toode\/hernes-wolf-pisum-sativum-l-patrim\/","url":"https:\/\/horticom.ee\/e-pood\/toode\/hernes-wolf-pisum-sativum-l-patrim\/","name":"Hernes Wolf-Pisum sativum L. Patrim - Horticom.ee\/e-pood","isPartOf":{"@id":"https:\/\/horticom.ee\/e-pood\/#website"},"primaryImageOfPage":{"@id":"https:\/\/horticom.ee\/e-pood\/toode\/hernes-wolf-pisum-sativum-l-patrim\/#primaryimage"},"image":{"@id":"https:\/\/horticom.ee\/e-pood\/toode\/hernes-wolf-pisum-sativum-l-patrim\/#primaryimage"},"thumbnailUrl":"https:\/\/horticom.ee\/e-pood\/wp-content\/uploads\/importedmedia\/product-1822905_0-LA11420.jpg","datePublished":"2023-05-08T00:06:44+00:00","dateModified":"2026-04-08T12:01:24+00:00","description":"Hernes Wolf on hiline sort, 80cm k\u00f5rgune l\u00fcditavate herneste sort. Kaun pikkusega 7-8cm, kaunas suured helerohelised magusad terad.","breadcrumb":{"@id":"https:\/\/horticom.ee\/e-pood\/toode\/hernes-wolf-pisum-sativum-l-patrim\/#breadcrumb"},"inLanguage":"ru-RU","potentialAction":[{"@type":"ReadAction","target":["https:\/\/horticom.ee\/e-pood\/toode\/hernes-wolf-pisum-sativum-l-patrim\/"]}]},{"@type":"ImageObject","inLanguage":"ru-RU","@id":"https:\/\/horticom.ee\/e-pood\/toode\/hernes-wolf-pisum-sativum-l-patrim\/#primaryimage","url":"https:\/\/horticom.ee\/e-pood\/wp-content\/uploads\/importedmedia\/product-1822905_0-LA11420.jpg","contentUrl":"https:\/\/horticom.ee\/e-pood\/wp-content\/uploads\/importedmedia\/product-1822905_0-LA11420.jpg","width":999,"height":1068,"caption":"Hernes Wolf-Pisum sativum L. Patrim"},{"@type":"BreadcrumbList","@id":"https:\/\/horticom.ee\/e-pood\/toode\/hernes-wolf-pisum-sativum-l-patrim\/#breadcrumb","itemListElement":[{"@type":"ListItem","position":1,"name":"Home","item":"https:\/\/horticom.ee\/e-pood\/"},{"@type":"ListItem","position":2,"name":"Pood","item":"https:\/\/horticom.ee\/e-pood\/pood\/"},{"@type":"ListItem","position":3,"name":"Hernes Wolf-Pisum sativum L. Patrim"}]},{"@type":"WebSite","@id":"https:\/\/horticom.ee\/e-pood\/#website","url":"https:\/\/horticom.ee\/e-pood\/","name":"Horticom.ee","description":"Aianduskaubad ja kodukaubad nii harrastajatele kui professionaalidele","potentialAction":[{"@type":"SearchAction","target":{"@type":"EntryPoint","urlTemplate":"https:\/\/horticom.ee\/e-pood\/?s={search_term_string}"},"query-input":{"@type":"PropertyValueSpecification","valueRequired":true,"valueName":"search_term_string"}}],"inLanguage":"ru-RU"}]}},"_links":{"self":[{"href":"https:\/\/horticom.ee\/e-pood\/ru\/wp-json\/wp\/v2\/product\/1822905","targetHints":{"allow":["GET"]}}],"collection":[{"href":"https:\/\/horticom.ee\/e-pood\/ru\/wp-json\/wp\/v2\/product"}],"about":[{"href":"https:\/\/horticom.ee\/e-pood\/ru\/wp-json\/wp\/v2\/types\/product"}],"replies":[{"embeddable":true,"href":"https:\/\/horticom.ee\/e-pood\/ru\/wp-json\/wp\/v2\/comments?post=1822905"}],"wp:featuredmedia":[{"embeddable":true,"href":"https:\/\/horticom.ee\/e-pood\/ru\/wp-json\/wp\/v2\/media\/2063523"}],"wp:attachment":[{"href":"https:\/\/horticom.ee\/e-pood\/ru\/wp-json\/wp\/v2\/media?parent=1822905"}],"wp:term":[{"taxonomy":"product_cat","embeddable":true,"href":"https:\/\/horticom.ee\/e-pood\/ru\/wp-json\/wp\/v2\/product_cat?post=1822905"},{"taxonomy":"product_tag","embeddable":true,"href":"https:\/\/horticom.ee\/e-pood\/ru\/wp-json\/wp\/v2\/product_tag?post=1822905"}],"curies":[{"name":"wp","href":"https:\/\/api.w.org\/{rel}","templated":true}]}}